{"id":2665,"date":"2024-06-17T05:52:25","date_gmt":"2024-06-17T05:52:25","guid":{"rendered":"https:\/\/www.metalwireforms.com\/?post_type=product&#038;p=2665"},"modified":"2024-06-17T06:01:48","modified_gmt":"2024-06-17T06:01:48","slug":"custom-creative-metal-paper-clip-box-set-for-office-school","status":"publish","type":"product","link":"https:\/\/www.metalwireforms.com\/pt\/produto\/custom-creative-metal-paper-clip-box-set-for-office-school","title":{"rendered":"Conjunto de caixa de clipe de metal criativo personalizado para escrit\u00f3rio e escola"},"content":{"rendered":"<p><img fetchpriority=\"high\" decoding=\"async\" class=\"alignnone size-full wp-image-2663\" src=\"https:\/\/www.metalwireforms.com\/wp-content\/uploads\/2024\/06\/\u4e94\u91d17.jpg\" alt=\"\" width=\"1500\" height=\"1500\" srcset=\"https:\/\/www.metalwireforms.com\/wp-content\/uploads\/2024\/06\/\u4e94\u91d17.jpg 1500w, https:\/\/www.metalwireforms.com\/wp-content\/uploads\/2024\/06\/\u4e94\u91d17-300x300.jpg 300w, https:\/\/www.metalwireforms.com\/wp-content\/uploads\/2024\/06\/\u4e94\u91d17-1024x1024.jpg 1024w, https:\/\/www.metalwireforms.com\/wp-content\/uploads\/2024\/06\/\u4e94\u91d17-150x150.jpg 150w, https:\/\/www.metalwireforms.com\/wp-content\/uploads\/2024\/06\/\u4e94\u91d17-768x768.jpg 768w, https:\/\/www.metalwireforms.com\/wp-content\/uploads\/2024\/06\/\u4e94\u91d17-12x12.jpg 12w, https:\/\/www.metalwireforms.com\/wp-content\/uploads\/2024\/06\/\u4e94\u91d17-600x600.jpg 600w, https:\/\/www.metalwireforms.com\/wp-content\/uploads\/2024\/06\/\u4e94\u91d17-100x100.jpg 100w\" sizes=\"(max-width: 1500px) 100vw, 1500px\" \/><img decoding=\"async\" class=\"size-full wp-image-2212\" src=\"https:\/\/www.metalwireforms.com\/wp-content\/uploads\/2022\/08\/Christmas-paper-clip-5.jpg\" alt=\"Clipe de papel de Natal (5)\" width=\"1000\" height=\"563\" srcset=\"https:\/\/www.metalwireforms.com\/wp-content\/uploads\/2022\/08\/Christmas-paper-clip-5.jpg 1000w, https:\/\/www.metalwireforms.com\/wp-content\/uploads\/2022\/08\/Christmas-paper-clip-5-300x169.jpg 300w, https:\/\/www.metalwireforms.com\/wp-content\/uploads\/2022\/08\/Christmas-paper-clip-5-150x84.jpg 150w, https:\/\/www.metalwireforms.com\/wp-content\/uploads\/2022\/08\/Christmas-paper-clip-5-768x432.jpg 768w, https:\/\/www.metalwireforms.com\/wp-content\/uploads\/2022\/08\/Christmas-paper-clip-5-18x10.jpg 18w, https:\/\/www.metalwireforms.com\/wp-content\/uploads\/2022\/08\/Christmas-paper-clip-5-800x450.jpg 800w, https:\/\/www.metalwireforms.com\/wp-content\/uploads\/2022\/08\/Christmas-paper-clip-5-600x338.jpg 600w\" sizes=\"(max-width: 1000px) 100vw, 1000px\" \/><\/p>\n<h3>Personalizado<\/h3>\n<p>1. Os clientes fornecem desenhos ou fotos de clipes de papel personalizados para ilustrar as necessidades, e n\u00f3s tamb\u00e9m podemos fornecer desenhos de projeto.<span data-spm-anchor-id=\"a2700.details.0.i50.29848da6U6gQMa\">Materiais de alta qualidade: esses clipes de papel em forma de palma s\u00e3o bonitos, requintados e dur\u00e1veis. Eles n\u00e3o enferrujam nem se quebram facilmente e podem ser usados por muito tempo. N\u00e3o desbotam facilmente, t\u00eam design simples, mas s\u00e3o muito bonitos e fortes o suficiente para prender bem o papel.<\/span><br \/>\n2. Quando o desenho do desenho do clipe de papel personalizado n\u00e3o \u00e9 problema, se for um pedido grande, o cliente paga a taxa de amostra, n\u00f3s fazemos a amostra e a enviamos para o cliente.<br \/>\n3. Ap\u00f3s a confirma\u00e7\u00e3o das amostras de clipes de papel personalizados, assinamos um contrato de produ\u00e7\u00e3o a granel com o cliente, e nossa empresa providenciar\u00e1 a produ\u00e7\u00e3o a granel depois que o cliente pagar o dep\u00f3sito.<br \/>\n4. Ap\u00f3s a conclus\u00e3o da produ\u00e7\u00e3o a granel de clipes de papel personalizados, tirar fotos ou enviar amostras do produto a granel ao cliente para confirma\u00e7\u00e3o, ou o cliente pode inspecionar a mercadoria pessoalmente.<br \/>\n5. Depois de pagar o saldo, nossa empresa providenciar\u00e1 a entrega. Ele \u00e9 composto por fios de a\u00e7o simples. Ser\u00e1 mais interessante fazer a papelada com ele.<\/p>\n<div><\/div>\n<div><\/div>\n<h3>Aplica\u00e7\u00e3o<\/h3>\n<p>1. clipes de papel com formato personalizado clipe de papel para planejador ou marcadores de p\u00e1gina para uso pessoal e escolar no escrit\u00f3rio2Use clipes de papel criativos como pequenos presentes e envie uma caixa de clipes de papel criativos entre colegas de trabalho ou de classe no momento certo, o que \u00e9 muito criativo.<br \/>\n3. Use clipes de papel criativos como marcadores de p\u00e1gina e use v\u00e1rias formas criativas para ajustar seu humor de leitura.<br \/>\n4. Use clipes de papel criativos como acess\u00f3rios de bricolagem e anexe um clipe de papel criativo ao seu trabalho pessoal de bricolagem para torn\u00e1-lo exclusivo.<br \/>\n5. Use o clipe de papel criativo como decora\u00e7\u00e3o de cart\u00e3o de felicita\u00e7\u00f5es. Em seu cart\u00e3o de felicita\u00e7\u00f5es, prenda um clipe de papel criativo, e seu cart\u00e3o de felicita\u00e7\u00f5es ser\u00e1 \u00fanico.<br \/>\n6. Use clipes de papel criativos como material de escrit\u00f3rio, use-os em situa\u00e7\u00f5es de escrit\u00f3rio, embeleze seus documentos e fa\u00e7a com que as pessoas se sintam bem.<br \/>\n7. Use clipes de papel criativos como itens promocionais de propaganda, publicidade corporativa, souvenirs de turistas locais etc.<\/p>","protected":false},"excerpt":{"rendered":"<p>O clipe de papel \u00e9 fabricado pela nossa m\u00e1quina de dobragem de clipe de papel, \u00e9 feito de material de fio de a\u00e7o galvanizado, clipes de papel com formato personalizado, clipe de papel para planejador ou marcadores de uso pessoal e escolar para escrit\u00f3rio, que s\u00e3o dur\u00e1veis, de cores vivas, com formato simples e elegante e com grande praticidade. Os clipes de papel personalizados e criativos podem ser usados em v\u00e1rios cen\u00e1rios, como classifica\u00e7\u00e3o de dados, gerenciamento de escrit\u00f3rio, classifica\u00e7\u00e3o de documentos, etc., tornando seu escrit\u00f3rio ou estudo mais eficiente e colorido.<\/p>","protected":false},"featured_media":2208,"template":"","meta":{"ocean_post_layout":"","ocean_both_sidebars_style":"","ocean_both_sidebars_content_width":0,"ocean_both_sidebars_sidebars_width":0,"ocean_sidebar":"0","ocean_second_sidebar":"0","ocean_disable_margins":"enable","ocean_add_body_class":"","ocean_shortcode_before_top_bar":"","ocean_shortcode_after_top_bar":"","ocean_shortcode_before_header":"","ocean_shortcode_after_header":"","ocean_has_shortcode":"","ocean_shortcode_after_title":"","ocean_shortcode_before_footer_widgets":"","ocean_shortcode_after_footer_widgets":"","ocean_shortcode_before_footer_bottom":"","ocean_shortcode_after_footer_bottom":"","ocean_display_top_bar":"default","ocean_display_header":"default","ocean_header_style":"","ocean_center_header_left_menu":"0","ocean_custom_header_template":"0","ocean_custom_logo":0,"ocean_custom_retina_logo":0,"ocean_custom_logo_max_width":0,"ocean_custom_logo_tablet_max_width":0,"ocean_custom_logo_mobile_max_width":0,"ocean_custom_logo_max_height":0,"ocean_custom_logo_tablet_max_height":0,"ocean_custom_logo_mobile_max_height":0,"ocean_header_custom_menu":"0","ocean_menu_typo_font_family":"0","ocean_menu_typo_font_subset":"","ocean_menu_typo_font_size":0,"ocean_menu_typo_font_size_tablet":0,"ocean_menu_typo_font_size_mobile":0,"ocean_menu_typo_font_size_unit":"px","ocean_menu_typo_font_weight":"","ocean_menu_typo_font_weight_tablet":"","ocean_menu_typo_font_weight_mobile":"","ocean_menu_typo_transform":"","ocean_menu_typo_transform_tablet":"","ocean_menu_typo_transform_mobile":"","ocean_menu_typo_line_height":0,"ocean_menu_typo_line_height_tablet":0,"ocean_menu_typo_line_height_mobile":0,"ocean_menu_typo_line_height_unit":"","ocean_menu_typo_spacing":0,"ocean_menu_typo_spacing_tablet":0,"ocean_menu_typo_spacing_mobile":0,"ocean_menu_typo_spacing_unit":"","ocean_menu_link_color":"","ocean_menu_link_color_hover":"","ocean_menu_link_color_active":"","ocean_menu_link_background":"","ocean_menu_link_hover_background":"","ocean_menu_link_active_background":"","ocean_menu_social_links_bg":"","ocean_menu_social_hover_links_bg":"","ocean_menu_social_links_color":"","ocean_menu_social_hover_links_color":"","ocean_disable_title":"default","ocean_disable_heading":"default","ocean_post_title":"","ocean_post_subheading":"","ocean_post_title_style":"","ocean_post_title_background_color":"","ocean_post_title_background":0,"ocean_post_title_bg_image_position":"","ocean_post_title_bg_image_attachment":"","ocean_post_title_bg_image_repeat":"","ocean_post_title_bg_image_size":"","ocean_post_title_height":0,"ocean_post_title_bg_overlay":0.5,"ocean_post_title_bg_overlay_color":"","ocean_disable_breadcrumbs":"default","ocean_breadcrumbs_color":"","ocean_breadcrumbs_separator_color":"","ocean_breadcrumbs_links_color":"","ocean_breadcrumbs_links_hover_color":"","ocean_display_footer_widgets":"default","ocean_display_footer_bottom":"default","ocean_custom_footer_template":"0","ofc_meta_disable_footer_callout":"","ofc_meta_callout_button_url":"","ofc_meta_callout_button_txt":"","ofc_meta_callout_text":"","osh_disable_topbar_sticky":"default","osh_disable_header_sticky":"default","osh_sticky_header_style":"default","osh_sticky_header_effect":"","osh_custom_sticky_logo":0,"osh_custom_retina_sticky_logo":0,"osh_custom_sticky_logo_height":0,"osh_background_color":"","osh_links_color":"","osh_links_hover_color":"","osh_links_active_color":"","osh_links_bg_color":"","osh_links_hover_bg_color":"","osh_links_active_bg_color":"","osh_menu_social_links_color":"","osh_menu_social_hover_links_color":""},"product_brand":[],"product_cat":[152,145],"product_tag":[183,184,177],"class_list":{"0":"post-2665","1":"product","2":"type-product","3":"status-publish","4":"has-post-thumbnail","6":"product_cat-custom-paper-clips","7":"product_cat-custom-wire-fasteners","8":"product_tag-christmas-paper-clip","9":"product_tag-creative-paper-clip","10":"product_tag-custom-paper-clip","12":"entry","13":"has-media","15":"first","16":"instock","17":"shipping-taxable","18":"product-type-external","19":"col","20":"span_1_of_3","21":"owp-content-center","22":"owp-thumbs-layout-horizontal","23":"owp-btn-very-big","24":"owp-tabs-layout-horizontal","25":"circle-sale"},"_links":{"self":[{"href":"https:\/\/www.metalwireforms.com\/pt\/wp-json\/wp\/v2\/product\/2665","targetHints":{"allow":["GET"]}}],"collection":[{"href":"https:\/\/www.metalwireforms.com\/pt\/wp-json\/wp\/v2\/product"}],"about":[{"href":"https:\/\/www.metalwireforms.com\/pt\/wp-json\/wp\/v2\/types\/product"}],"version-history":[{"count":1,"href":"https:\/\/www.metalwireforms.com\/pt\/wp-json\/wp\/v2\/product\/2665\/revisions"}],"predecessor-version":[{"id":2666,"href":"https:\/\/www.metalwireforms.com\/pt\/wp-json\/wp\/v2\/product\/2665\/revisions\/2666"}],"wp:featuredmedia":[{"embeddable":true,"href":"https:\/\/www.metalwireforms.com\/pt\/wp-json\/wp\/v2\/media\/2208"}],"wp:attachment":[{"href":"https:\/\/www.metalwireforms.com\/pt\/wp-json\/wp\/v2\/media?parent=2665"}],"wp:term":[{"taxonomy":"product_brand","embeddable":true,"href":"https:\/\/www.metalwireforms.com\/pt\/wp-json\/wp\/v2\/product_brand?post=2665"},{"taxonomy":"product_cat","embeddable":true,"href":"https:\/\/www.metalwireforms.com\/pt\/wp-json\/wp\/v2\/product_cat?post=2665"},{"taxonomy":"product_tag","embeddable":true,"href":"https:\/\/www.metalwireforms.com\/pt\/wp-json\/wp\/v2\/product_tag?post=2665"}],"curies":[{"name":"wp","href":"https:\/\/api.w.org\/{rel}","templated":true}]}}