{"id":2506,"date":"2022-12-02T09:19:09","date_gmt":"2022-12-02T09:19:09","guid":{"rendered":"https:\/\/www.metalwireforms.com\/?post_type=product&#038;p=2506"},"modified":"2022-12-02T09:27:31","modified_gmt":"2022-12-02T09:27:31","slug":"custom-metal-wire-crafts-stainless-wire-forming-parts","status":"publish","type":"product","link":"https:\/\/www.metalwireforms.com\/pt\/produto\/custom-metal-wire-crafts-stainless-wire-forming-parts","title":{"rendered":"Artesanato em arame met\u00e1lico sob encomenda Pe\u00e7as de conforma\u00e7\u00e3o em arame inoxid\u00e1vel"},"content":{"rendered":"<figure id=\"attachment_2489\" aria-describedby=\"caption-attachment-2489\" style=\"width: 1000px\" class=\"wp-caption alignnone\"><img fetchpriority=\"high\" decoding=\"async\" class=\"size-full wp-image-2489\" src=\"https:\/\/www.metalwireforms.com\/wp-content\/uploads\/2022\/11\/Wire-Forming-Crafts-5.jpg\" alt=\"Artesanatos de Conforma\u00e7\u00e3o de Arame (5)\" width=\"1000\" height=\"563\" srcset=\"https:\/\/www.metalwireforms.com\/wp-content\/uploads\/2022\/11\/Wire-Forming-Crafts-5.jpg 1000w, https:\/\/www.metalwireforms.com\/wp-content\/uploads\/2022\/11\/Wire-Forming-Crafts-5-300x169.jpg 300w, https:\/\/www.metalwireforms.com\/wp-content\/uploads\/2022\/11\/Wire-Forming-Crafts-5-150x84.jpg 150w, https:\/\/www.metalwireforms.com\/wp-content\/uploads\/2022\/11\/Wire-Forming-Crafts-5-768x432.jpg 768w, https:\/\/www.metalwireforms.com\/wp-content\/uploads\/2022\/11\/Wire-Forming-Crafts-5-18x10.jpg 18w, https:\/\/www.metalwireforms.com\/wp-content\/uploads\/2022\/11\/Wire-Forming-Crafts-5-800x450.jpg 800w, https:\/\/www.metalwireforms.com\/wp-content\/uploads\/2022\/11\/Wire-Forming-Crafts-5-600x338.jpg 600w\" sizes=\"(max-width: 1000px) 100vw, 1000px\" \/><figcaption id=\"caption-attachment-2489\" class=\"wp-caption-text\">Artesanatos de Conforma\u00e7\u00e3o de Arame (5)<\/figcaption><\/figure>\n<h3>Destaque<\/h3>\n<p>Os artes\u00e3os de arame met\u00e1lico s\u00e3o feitos de materiais de alta qualidade, rigorosamente fabricados, resistentes a altas temperaturas e oxida\u00e7\u00e3o, e podem ser mantidos em boas condi\u00e7\u00f5es por um longo per\u00edodo de tempo.<br \/>\nO fio de a\u00e7o tem bom desempenho no tratamento de superf\u00edcie, estrutura est\u00e1vel, cor brilhante, n\u00e3o \u00e9 f\u00e1cil de enferrujar, e parece liso.<br \/>\nExistem v\u00e1rios tipos de artesanato de arame, e eles suportam a personaliza\u00e7\u00e3o. Bem-vindo ao processo e \u00e0 personaliza\u00e7\u00e3o com desenhos e amostras.<br \/>\nMelhoramos constantemente o equipamento de produ\u00e7\u00e3o para garantir a boa qualidade do produto, baixos custos de produ\u00e7\u00e3o, entrega r\u00e1pida, e fornecemos aos clientes servi\u00e7os atenciosos. Todos os nossos produtos atendem aos padr\u00f5es internacionais de qualidade e s\u00e3o amplamente elogiados em v\u00e1rios mercados em todo o mundo.<\/p>\n<h3>Vantagens<\/h3>\n<p>Somos uma empresa especializada na forma\u00e7\u00e3o de produtos de fio met\u00e1lico, tubo de ferro e a\u00e7o inoxid\u00e1vel. Podemos produzir componentes de solda tais como lumin\u00e1rias, suportes para display, produtos \u00e0 prova de explos\u00e3o, suportes para cotovelos, rel\u00f3gios de ferro, prateleiras, cestas de frutas, cabides para j\u00f3ias, e v\u00e1rios produtos de metal tais como dispositivos de alimenta\u00e7\u00e3o de estampagem, suportes em forma de U, suportes dobr\u00e1veis. A f\u00e1brica pode implementar v\u00e1rios processos de produ\u00e7\u00e3o, tais como dobra, flex\u00e3o, puncionamento, cabe\u00e7alho, solda em linha, solda por arco de arg\u00f4nio, solda por pontos e solda de prote\u00e7\u00e3o.<\/p>","protected":false},"excerpt":{"rendered":"<p>Para produtos n\u00e3o padronizados que formam arames, os clientes precisam nos fornecer desenhos ou amostras de produtos. O tempo para fazer as amostras \u00e9 determinado com base na dificuldade do processo de produ\u00e7\u00e3o de seus desenhos. Se for simples, geralmente podemos fazer amostras dentro de 2 dias, de acordo com suas exig\u00eancias.<\/p>","protected":false},"featured_media":2512,"template":"","meta":{"ocean_post_layout":"","ocean_both_sidebars_style":"","ocean_both_sidebars_content_width":0,"ocean_both_sidebars_sidebars_width":0,"ocean_sidebar":"0","ocean_second_sidebar":"0","ocean_disable_margins":"enable","ocean_add_body_class":"","ocean_shortcode_before_top_bar":"","ocean_shortcode_after_top_bar":"","ocean_shortcode_before_header":"","ocean_shortcode_after_header":"","ocean_has_shortcode":"","ocean_shortcode_after_title":"","ocean_shortcode_before_footer_widgets":"","ocean_shortcode_after_footer_widgets":"","ocean_shortcode_before_footer_bottom":"","ocean_shortcode_after_footer_bottom":"","ocean_display_top_bar":"default","ocean_display_header":"default","ocean_header_style":"","ocean_center_header_left_menu":"0","ocean_custom_header_template":"0","ocean_custom_logo":0,"ocean_custom_retina_logo":0,"ocean_custom_logo_max_width":0,"ocean_custom_logo_tablet_max_width":0,"ocean_custom_logo_mobile_max_width":0,"ocean_custom_logo_max_height":0,"ocean_custom_logo_tablet_max_height":0,"ocean_custom_logo_mobile_max_height":0,"ocean_header_custom_menu":"0","ocean_menu_typo_font_family":"0","ocean_menu_typo_font_subset":"","ocean_menu_typo_font_size":0,"ocean_menu_typo_font_size_tablet":0,"ocean_menu_typo_font_size_mobile":0,"ocean_menu_typo_font_size_unit":"px","ocean_menu_typo_font_weight":"","ocean_menu_typo_font_weight_tablet":"","ocean_menu_typo_font_weight_mobile":"","ocean_menu_typo_transform":"","ocean_menu_typo_transform_tablet":"","ocean_menu_typo_transform_mobile":"","ocean_menu_typo_line_height":0,"ocean_menu_typo_line_height_tablet":0,"ocean_menu_typo_line_height_mobile":0,"ocean_menu_typo_line_height_unit":"","ocean_menu_typo_spacing":0,"ocean_menu_typo_spacing_tablet":0,"ocean_menu_typo_spacing_mobile":0,"ocean_menu_typo_spacing_unit":"","ocean_menu_link_color":"","ocean_menu_link_color_hover":"","ocean_menu_link_color_active":"","ocean_menu_link_background":"","ocean_menu_link_hover_background":"","ocean_menu_link_active_background":"","ocean_menu_social_links_bg":"","ocean_menu_social_hover_links_bg":"","ocean_menu_social_links_color":"","ocean_menu_social_hover_links_color":"","ocean_disable_title":"default","ocean_disable_heading":"default","ocean_post_title":"","ocean_post_subheading":"","ocean_post_title_style":"","ocean_post_title_background_color":"","ocean_post_title_background":0,"ocean_post_title_bg_image_position":"","ocean_post_title_bg_image_attachment":"","ocean_post_title_bg_image_repeat":"","ocean_post_title_bg_image_size":"","ocean_post_title_height":0,"ocean_post_title_bg_overlay":0.5,"ocean_post_title_bg_overlay_color":"","ocean_disable_breadcrumbs":"default","ocean_breadcrumbs_color":"","ocean_breadcrumbs_separator_color":"","ocean_breadcrumbs_links_color":"","ocean_breadcrumbs_links_hover_color":"","ocean_display_footer_widgets":"default","ocean_display_footer_bottom":"default","ocean_custom_footer_template":"0","ofc_meta_disable_footer_callout":"","ofc_meta_callout_button_url":"","ofc_meta_callout_button_txt":"","ofc_meta_callout_text":"","osh_disable_topbar_sticky":"default","osh_disable_header_sticky":"default","osh_sticky_header_style":"default","osh_sticky_header_effect":"","osh_custom_sticky_logo":0,"osh_custom_retina_sticky_logo":0,"osh_custom_sticky_logo_height":0,"osh_background_color":"","osh_links_color":"","osh_links_hover_color":"","osh_links_active_color":"","osh_links_bg_color":"","osh_links_hover_bg_color":"","osh_links_active_bg_color":"","osh_menu_social_links_color":"","osh_menu_social_hover_links_color":""},"product_brand":[],"product_cat":[147,156],"product_tag":[213,101,102],"class_list":{"0":"post-2506","1":"product","2":"type-product","3":"status-publish","4":"has-post-thumbnail","6":"product_cat-custom-wire-forms","7":"product_cat-wire-forming-crafts","8":"product_tag-steel-wire-crafts","9":"product_tag-wire-bending","10":"product_tag-wire-forming","12":"entry","13":"has-media","15":"first","16":"instock","17":"shipping-taxable","18":"product-type-external","19":"col","20":"span_1_of_3","21":"owp-content-center","22":"owp-thumbs-layout-horizontal","23":"owp-btn-very-big","24":"owp-tabs-layout-horizontal","25":"circle-sale"},"_links":{"self":[{"href":"https:\/\/www.metalwireforms.com\/pt\/wp-json\/wp\/v2\/product\/2506","targetHints":{"allow":["GET"]}}],"collection":[{"href":"https:\/\/www.metalwireforms.com\/pt\/wp-json\/wp\/v2\/product"}],"about":[{"href":"https:\/\/www.metalwireforms.com\/pt\/wp-json\/wp\/v2\/types\/product"}],"version-history":[{"count":3,"href":"https:\/\/www.metalwireforms.com\/pt\/wp-json\/wp\/v2\/product\/2506\/revisions"}],"predecessor-version":[{"id":2513,"href":"https:\/\/www.metalwireforms.com\/pt\/wp-json\/wp\/v2\/product\/2506\/revisions\/2513"}],"wp:featuredmedia":[{"embeddable":true,"href":"https:\/\/www.metalwireforms.com\/pt\/wp-json\/wp\/v2\/media\/2512"}],"wp:attachment":[{"href":"https:\/\/www.metalwireforms.com\/pt\/wp-json\/wp\/v2\/media?parent=2506"}],"wp:term":[{"taxonomy":"product_brand","embeddable":true,"href":"https:\/\/www.metalwireforms.com\/pt\/wp-json\/wp\/v2\/product_brand?post=2506"},{"taxonomy":"product_cat","embeddable":true,"href":"https:\/\/www.metalwireforms.com\/pt\/wp-json\/wp\/v2\/product_cat?post=2506"},{"taxonomy":"product_tag","embeddable":true,"href":"https:\/\/www.metalwireforms.com\/pt\/wp-json\/wp\/v2\/product_tag?post=2506"}],"curies":[{"name":"wp","href":"https:\/\/api.w.org\/{rel}","templated":true}]}}