{"id":2500,"date":"2022-11-28T08:49:45","date_gmt":"2022-11-28T08:49:45","guid":{"rendered":"https:\/\/www.metalwireforms.com\/?post_type=product&#038;p=2500"},"modified":"2022-11-28T08:53:36","modified_gmt":"2022-11-28T08:53:36","slug":"custom-steel-bracket-wire-forming-bending-spring-clip","status":"publish","type":"product","link":"https:\/\/www.metalwireforms.com\/pt\/produto\/custom-steel-bracket-wire-forming-bending-spring-clip","title":{"rendered":"Clip de Mola de Mola para Dobramento de Suportes de A\u00e7o Personalizados"},"content":{"rendered":"<figure id=\"attachment_2413\" aria-describedby=\"caption-attachment-2413\" style=\"width: 1000px\" class=\"wp-caption alignnone\"><img fetchpriority=\"high\" decoding=\"async\" class=\"size-full wp-image-2413\" src=\"https:\/\/www.metalwireforms.com\/wp-content\/uploads\/2022\/10\/Electrophoretic-spring-8.jpg\" alt=\"Mola eletrofor\u00e9tica (8)\" width=\"1000\" height=\"563\" srcset=\"https:\/\/www.metalwireforms.com\/wp-content\/uploads\/2022\/10\/Electrophoretic-spring-8.jpg 1000w, https:\/\/www.metalwireforms.com\/wp-content\/uploads\/2022\/10\/Electrophoretic-spring-8-300x169.jpg 300w, https:\/\/www.metalwireforms.com\/wp-content\/uploads\/2022\/10\/Electrophoretic-spring-8-150x84.jpg 150w, https:\/\/www.metalwireforms.com\/wp-content\/uploads\/2022\/10\/Electrophoretic-spring-8-768x432.jpg 768w, https:\/\/www.metalwireforms.com\/wp-content\/uploads\/2022\/10\/Electrophoretic-spring-8-18x10.jpg 18w, https:\/\/www.metalwireforms.com\/wp-content\/uploads\/2022\/10\/Electrophoretic-spring-8-800x450.jpg 800w, https:\/\/www.metalwireforms.com\/wp-content\/uploads\/2022\/10\/Electrophoretic-spring-8-600x338.jpg 600w\" sizes=\"(max-width: 1000px) 100vw, 1000px\" \/><figcaption id=\"caption-attachment-2413\" class=\"wp-caption-text\">Mola eletrofor\u00e9tica (8)<\/figcaption><\/figure>\n<h3>Destaque<\/h3>\n<p>1. Material: arame de a\u00e7o inoxid\u00e1vel, arame de mola, arame de ferro, a\u00e7o mola, a\u00e7o carbono, barra redonda, etc.<br \/>\n2. Tamanho: A m\u00e1quina pode produzir arame de a\u00e7o ou barra redonda com di\u00e2metro de 0,1-30mm, e desenhos ou amostras n\u00e3o padronizados podem ser personalizados.<br \/>\n3. Tratamento de superf\u00edcie: galvanoplastia, polimento, eletroforese, pulveriza\u00e7\u00e3o de pl\u00e1stico, etc.<br \/>\n4. Quantidade m\u00ednima de pedidos: ilimitada, com uma capacidade anual de 10 milh\u00f5es.<br \/>\n5. M\u00e1quinas de processamento: m\u00e1quina de molas, prensa de molas, m\u00e1quina ferramenta CNC, pun\u00e7\u00e3o, m\u00e1quina formadora de arames, solda por arco de arg\u00f4nio, etc.<br \/>\n6. Uso: artesanato, brinquedos, eletr\u00f4nica, equipamentos esportivos e de fitness, autom\u00f3veis, ganchos de suporte de cozinha e banheiro, acess\u00f3rios de ferragens, moldes, artigos de uso di\u00e1rio, utens\u00edlios, etc.<\/p>\n<h3>Vantagens<\/h3>\n<p>Usamos dobradeira avan\u00e7ada de fio para a produ\u00e7\u00e3o. A m\u00e1quina formadora de fio CNC adota um projeto sem came, com velocidade de ajuste r\u00e1pido, alta precis\u00e3o e boa estabilidade. A m\u00e1quina dobradeira adota servo motor Panasonic japon\u00eas e motor redutor Ross alem\u00e3o. A m\u00e1quina curvadora de fio adota suporte el\u00e9trico, que tem alta capacidade de suporte, entrega de fio mais est\u00e1vel e depura\u00e7\u00e3o mais conveniente. O computador industrial da m\u00e1quina tem uma interface chinesa e inglesa, que \u00e9 f\u00e1cil de operar. Um estudante do ensino m\u00e9dio sem qualquer experi\u00eancia de opera\u00e7\u00e3o pode programar e trocar dinheiro independentemente ap\u00f3s apenas 4 horas de aprendizagem.<br \/>\nCom atualiza\u00e7\u00e3o t\u00e9cnica e fun\u00e7\u00f5es completas, a m\u00e1quina pode completar as dificuldades t\u00e9cnicas que as dobradeiras de fio CNC comuns e as m\u00e1quinas de molas n\u00e3o podem completar. Ela \u00e9 aplic\u00e1vel \u00e0 produ\u00e7\u00e3o de arame met\u00e1lico, molas de dupla tens\u00e3o, molas retas, molas de forma especial e autope\u00e7as, e outras dobradeiras artesanais dif\u00edceis.<\/p>","protected":false},"excerpt":{"rendered":"<p>Somos excelentes na produ\u00e7\u00e3o de a\u00e7o inoxid\u00e1vel dif\u00edcil e outros produtos de estampagem e alongamento de metais. Os produtos de ferragens formadoras de fios produzidos por nossa f\u00e1brica s\u00e3o amplamente utilizados em autom\u00f3veis, m\u00e1quinas, refrigera\u00e7\u00e3o, navios, locomotivas, aeroespacial, controle de voz, ilumina\u00e7\u00e3o, comunica\u00e7\u00f5es, presentes, eletr\u00f4nicos, brinquedos, casa, seguran\u00e7a, equipamentos de pesca, j\u00f3ias, fotoel\u00e9tricos, eletrodom\u00e9sticos, instrumenta\u00e7\u00e3o, pesquisa militar sensorial e outros campos.<\/p>","protected":false},"featured_media":2501,"template":"","meta":{"ocean_post_layout":"","ocean_both_sidebars_style":"","ocean_both_sidebars_content_width":0,"ocean_both_sidebars_sidebars_width":0,"ocean_sidebar":"0","ocean_second_sidebar":"0","ocean_disable_margins":"enable","ocean_add_body_class":"","ocean_shortcode_before_top_bar":"","ocean_shortcode_after_top_bar":"","ocean_shortcode_before_header":"","ocean_shortcode_after_header":"","ocean_has_shortcode":"","ocean_shortcode_after_title":"","ocean_shortcode_before_footer_widgets":"","ocean_shortcode_after_footer_widgets":"","ocean_shortcode_before_footer_bottom":"","ocean_shortcode_after_footer_bottom":"","ocean_display_top_bar":"default","ocean_display_header":"default","ocean_header_style":"","ocean_center_header_left_menu":"0","ocean_custom_header_template":"0","ocean_custom_logo":0,"ocean_custom_retina_logo":0,"ocean_custom_logo_max_width":0,"ocean_custom_logo_tablet_max_width":0,"ocean_custom_logo_mobile_max_width":0,"ocean_custom_logo_max_height":0,"ocean_custom_logo_tablet_max_height":0,"ocean_custom_logo_mobile_max_height":0,"ocean_header_custom_menu":"0","ocean_menu_typo_font_family":"0","ocean_menu_typo_font_subset":"","ocean_menu_typo_font_size":0,"ocean_menu_typo_font_size_tablet":0,"ocean_menu_typo_font_size_mobile":0,"ocean_menu_typo_font_size_unit":"px","ocean_menu_typo_font_weight":"","ocean_menu_typo_font_weight_tablet":"","ocean_menu_typo_font_weight_mobile":"","ocean_menu_typo_transform":"","ocean_menu_typo_transform_tablet":"","ocean_menu_typo_transform_mobile":"","ocean_menu_typo_line_height":0,"ocean_menu_typo_line_height_tablet":0,"ocean_menu_typo_line_height_mobile":0,"ocean_menu_typo_line_height_unit":"","ocean_menu_typo_spacing":0,"ocean_menu_typo_spacing_tablet":0,"ocean_menu_typo_spacing_mobile":0,"ocean_menu_typo_spacing_unit":"","ocean_menu_link_color":"","ocean_menu_link_color_hover":"","ocean_menu_link_color_active":"","ocean_menu_link_background":"","ocean_menu_link_hover_background":"","ocean_menu_link_active_background":"","ocean_menu_social_links_bg":"","ocean_menu_social_hover_links_bg":"","ocean_menu_social_links_color":"","ocean_menu_social_hover_links_color":"","ocean_disable_title":"default","ocean_disable_heading":"default","ocean_post_title":"","ocean_post_subheading":"","ocean_post_title_style":"","ocean_post_title_background_color":"","ocean_post_title_background":0,"ocean_post_title_bg_image_position":"","ocean_post_title_bg_image_attachment":"","ocean_post_title_bg_image_repeat":"","ocean_post_title_bg_image_size":"","ocean_post_title_height":0,"ocean_post_title_bg_overlay":0.5,"ocean_post_title_bg_overlay_color":"","ocean_disable_breadcrumbs":"default","ocean_breadcrumbs_color":"","ocean_breadcrumbs_separator_color":"","ocean_breadcrumbs_links_color":"","ocean_breadcrumbs_links_hover_color":"","ocean_display_footer_widgets":"default","ocean_display_footer_bottom":"default","ocean_custom_footer_template":"0","ofc_meta_disable_footer_callout":"","ofc_meta_callout_button_url":"","ofc_meta_callout_button_txt":"","ofc_meta_callout_text":"","osh_disable_topbar_sticky":"default","osh_disable_header_sticky":"default","osh_sticky_header_style":"default","osh_sticky_header_effect":"","osh_custom_sticky_logo":0,"osh_custom_retina_sticky_logo":0,"osh_custom_sticky_logo_height":0,"osh_background_color":"","osh_links_color":"","osh_links_hover_color":"","osh_links_active_color":"","osh_links_bg_color":"","osh_links_hover_bg_color":"","osh_links_active_bg_color":"","osh_menu_social_links_color":"","osh_menu_social_hover_links_color":""},"product_brand":[],"product_cat":[147,35],"product_tag":[114,211,212],"class_list":{"0":"post-2500","1":"product","2":"type-product","3":"status-publish","4":"has-post-thumbnail","6":"product_cat-custom-wire-forms","7":"product_cat-custom-wire-brackets","8":"product_tag-spring-clip","9":"product_tag-wire-forming-bracket","10":"product_tag-wire-steel-bracket","12":"entry","13":"has-media","15":"first","16":"instock","17":"shipping-taxable","18":"product-type-external","19":"col","20":"span_1_of_3","21":"owp-content-center","22":"owp-thumbs-layout-horizontal","23":"owp-btn-very-big","24":"owp-tabs-layout-horizontal","25":"circle-sale"},"_links":{"self":[{"href":"https:\/\/www.metalwireforms.com\/pt\/wp-json\/wp\/v2\/product\/2500","targetHints":{"allow":["GET"]}}],"collection":[{"href":"https:\/\/www.metalwireforms.com\/pt\/wp-json\/wp\/v2\/product"}],"about":[{"href":"https:\/\/www.metalwireforms.com\/pt\/wp-json\/wp\/v2\/types\/product"}],"version-history":[{"count":1,"href":"https:\/\/www.metalwireforms.com\/pt\/wp-json\/wp\/v2\/product\/2500\/revisions"}],"predecessor-version":[{"id":2505,"href":"https:\/\/www.metalwireforms.com\/pt\/wp-json\/wp\/v2\/product\/2500\/revisions\/2505"}],"wp:featuredmedia":[{"embeddable":true,"href":"https:\/\/www.metalwireforms.com\/pt\/wp-json\/wp\/v2\/media\/2501"}],"wp:attachment":[{"href":"https:\/\/www.metalwireforms.com\/pt\/wp-json\/wp\/v2\/media?parent=2500"}],"wp:term":[{"taxonomy":"product_brand","embeddable":true,"href":"https:\/\/www.metalwireforms.com\/pt\/wp-json\/wp\/v2\/product_brand?post=2500"},{"taxonomy":"product_cat","embeddable":true,"href":"https:\/\/www.metalwireforms.com\/pt\/wp-json\/wp\/v2\/product_cat?post=2500"},{"taxonomy":"product_tag","embeddable":true,"href":"https:\/\/www.metalwireforms.com\/pt\/wp-json\/wp\/v2\/product_tag?post=2500"}],"curies":[{"name":"wp","href":"https:\/\/api.w.org\/{rel}","templated":true}]}}