{"id":2493,"date":"2022-11-25T09:23:08","date_gmt":"2022-11-25T09:23:08","guid":{"rendered":"https:\/\/www.metalwireforms.com\/?post_type=product&#038;p=2493"},"modified":"2022-11-25T09:29:57","modified_gmt":"2022-11-25T09:29:57","slug":"custom-wire-forming-bracket-ss-wire-forms-for-industrial","status":"publish","type":"product","link":"https:\/\/www.metalwireforms.com\/pt\/produto\/custom-wire-forming-bracket-ss-wire-forms-for-industrial","title":{"rendered":"Suporte formador de arame personalizado Formul\u00e1rios de arame SS para ind\u00fastria"},"content":{"rendered":"<figure id=\"attachment_2494\" aria-describedby=\"caption-attachment-2494\" style=\"width: 1000px\" class=\"wp-caption alignnone\"><img fetchpriority=\"high\" decoding=\"async\" class=\"size-full wp-image-2494\" src=\"https:\/\/www.metalwireforms.com\/wp-content\/uploads\/2022\/11\/Custom-Wire-Forms-1.jpg\" alt=\"Formas de arame personalizadas (1)\" width=\"1000\" height=\"562\" srcset=\"https:\/\/www.metalwireforms.com\/wp-content\/uploads\/2022\/11\/Custom-Wire-Forms-1.jpg 1000w, https:\/\/www.metalwireforms.com\/wp-content\/uploads\/2022\/11\/Custom-Wire-Forms-1-300x169.jpg 300w, https:\/\/www.metalwireforms.com\/wp-content\/uploads\/2022\/11\/Custom-Wire-Forms-1-150x84.jpg 150w, https:\/\/www.metalwireforms.com\/wp-content\/uploads\/2022\/11\/Custom-Wire-Forms-1-768x432.jpg 768w, https:\/\/www.metalwireforms.com\/wp-content\/uploads\/2022\/11\/Custom-Wire-Forms-1-18x10.jpg 18w, https:\/\/www.metalwireforms.com\/wp-content\/uploads\/2022\/11\/Custom-Wire-Forms-1-800x450.jpg 800w, https:\/\/www.metalwireforms.com\/wp-content\/uploads\/2022\/11\/Custom-Wire-Forms-1-600x337.jpg 600w\" sizes=\"(max-width: 1000px) 100vw, 1000px\" \/><figcaption id=\"caption-attachment-2494\" class=\"wp-caption-text\">Formas de arame personalizadas (1)<\/figcaption><\/figure>\n<h3>Destaque<\/h3>\n<p>As pe\u00e7as de dobragem de arame s\u00e3o produzidas pela m\u00e1quina de dobragem CNC, com dimens\u00f5es precisas e n\u00e3o s\u00e3o f\u00e1ceis de deformar.<br \/>\nAs pe\u00e7as de conforma\u00e7\u00e3o de arame s\u00e3o feitas de materiais de alta resist\u00eancia, com alta resist\u00eancia e boa elasticidade.<br \/>\nA textura geral das pe\u00e7as dobradas \u00e9 boa, n\u00e3o \u00e9 f\u00e1cil de desgastar, n\u00e3o \u00e9 f\u00e1cil de corroer, n\u00e3o \u00e9 f\u00e1cil de enferrujar e o tempo de uso \u00e9 longo.<br \/>\nO hardware de forma\u00e7\u00e3o de arame tem bom desempenho e padr\u00e3o de qualidade confi\u00e1vel ap\u00f3s o tratamento t\u00e9rmico de alta temperatura.<br \/>\nOs produtos s\u00e3o amplamente utilizados em fixadores industriais, no setor de energia nova de pe\u00e7as de navios, no setor petroqu\u00edmico, em fixadores para decora\u00e7\u00e3o de edif\u00edcios e no setor eletr\u00f4nico.<\/p>\n<h3>Vantagens<\/h3>\n<p>1. A Xinsheng \u00e9 uma f\u00e1brica com mais de dez anos de experi\u00eancia. Ela produz formas de arame met\u00e1lico a partir de mat\u00e9rias-primas por meio da personaliza\u00e7\u00e3o da m\u00e1quina.<br \/>\n2. Temos um grande n\u00famero de produtos padr\u00e3o convencionais em estoque, e a produ\u00e7\u00e3o em massa reduz os custos.<br \/>\n3. Nossa f\u00e1brica possui uma avan\u00e7ada m\u00e1quina de molas CNC e uma m\u00e1quina de dobragem de fios CNC, que podem operar automaticamente em todo o processo, com alta efici\u00eancia e baixo custo.<br \/>\n4. Temos uma coopera\u00e7\u00e3o de longo prazo com v\u00e1rios fornecedores de materiais para reduzir ainda mais o custo das mat\u00e9rias-primas.<br \/>\n5. Nossa f\u00e1brica sempre adere ao conceito de pequenos lucros, faturamento r\u00e1pido e coopera\u00e7\u00e3o em que todos saem ganhando. O atendimento ao cliente e o desempenho de custo s\u00e3o nossas vantagens.<\/p>","protected":false},"excerpt":{"rendered":"<p>Tratamento de superf\u00edcie de forma\u00e7\u00e3o de fios: zinco branco, zinco azul, zinco colorido, zinco preto, \u00f3xido preto, n\u00edquel preto, cromo, revestimento de ouro, revestimento de cobre, eletroforese preta, pintura.<\/p>","protected":false},"featured_media":2496,"template":"","meta":{"ocean_post_layout":"","ocean_both_sidebars_style":"","ocean_both_sidebars_content_width":0,"ocean_both_sidebars_sidebars_width":0,"ocean_sidebar":"0","ocean_second_sidebar":"0","ocean_disable_margins":"enable","ocean_add_body_class":"","ocean_shortcode_before_top_bar":"","ocean_shortcode_after_top_bar":"","ocean_shortcode_before_header":"","ocean_shortcode_after_header":"","ocean_has_shortcode":"","ocean_shortcode_after_title":"","ocean_shortcode_before_footer_widgets":"","ocean_shortcode_after_footer_widgets":"","ocean_shortcode_before_footer_bottom":"","ocean_shortcode_after_footer_bottom":"","ocean_display_top_bar":"default","ocean_display_header":"default","ocean_header_style":"","ocean_center_header_left_menu":"0","ocean_custom_header_template":"0","ocean_custom_logo":0,"ocean_custom_retina_logo":0,"ocean_custom_logo_max_width":0,"ocean_custom_logo_tablet_max_width":0,"ocean_custom_logo_mobile_max_width":0,"ocean_custom_logo_max_height":0,"ocean_custom_logo_tablet_max_height":0,"ocean_custom_logo_mobile_max_height":0,"ocean_header_custom_menu":"0","ocean_menu_typo_font_family":"0","ocean_menu_typo_font_subset":"","ocean_menu_typo_font_size":0,"ocean_menu_typo_font_size_tablet":0,"ocean_menu_typo_font_size_mobile":0,"ocean_menu_typo_font_size_unit":"px","ocean_menu_typo_font_weight":"","ocean_menu_typo_font_weight_tablet":"","ocean_menu_typo_font_weight_mobile":"","ocean_menu_typo_transform":"","ocean_menu_typo_transform_tablet":"","ocean_menu_typo_transform_mobile":"","ocean_menu_typo_line_height":0,"ocean_menu_typo_line_height_tablet":0,"ocean_menu_typo_line_height_mobile":0,"ocean_menu_typo_line_height_unit":"","ocean_menu_typo_spacing":0,"ocean_menu_typo_spacing_tablet":0,"ocean_menu_typo_spacing_mobile":0,"ocean_menu_typo_spacing_unit":"","ocean_menu_link_color":"","ocean_menu_link_color_hover":"","ocean_menu_link_color_active":"","ocean_menu_link_background":"","ocean_menu_link_hover_background":"","ocean_menu_link_active_background":"","ocean_menu_social_links_bg":"","ocean_menu_social_hover_links_bg":"","ocean_menu_social_links_color":"","ocean_menu_social_hover_links_color":"","ocean_disable_title":"default","ocean_disable_heading":"default","ocean_post_title":"","ocean_post_subheading":"","ocean_post_title_style":"","ocean_post_title_background_color":"","ocean_post_title_background":0,"ocean_post_title_bg_image_position":"","ocean_post_title_bg_image_attachment":"","ocean_post_title_bg_image_repeat":"","ocean_post_title_bg_image_size":"","ocean_post_title_height":0,"ocean_post_title_bg_overlay":0.5,"ocean_post_title_bg_overlay_color":"","ocean_disable_breadcrumbs":"default","ocean_breadcrumbs_color":"","ocean_breadcrumbs_separator_color":"","ocean_breadcrumbs_links_color":"","ocean_breadcrumbs_links_hover_color":"","ocean_display_footer_widgets":"default","ocean_display_footer_bottom":"default","ocean_custom_footer_template":"0","ofc_meta_disable_footer_callout":"","ofc_meta_callout_button_url":"","ofc_meta_callout_button_txt":"","ofc_meta_callout_text":"","osh_disable_topbar_sticky":"default","osh_disable_header_sticky":"default","osh_sticky_header_style":"default","osh_sticky_header_effect":"","osh_custom_sticky_logo":0,"osh_custom_retina_sticky_logo":0,"osh_custom_sticky_logo_height":0,"osh_background_color":"","osh_links_color":"","osh_links_hover_color":"","osh_links_active_color":"","osh_links_bg_color":"","osh_links_hover_bg_color":"","osh_links_active_bg_color":"","osh_menu_social_links_color":"","osh_menu_social_hover_links_color":""},"product_brand":[],"product_cat":[147,35],"product_tag":[101,211,100],"class_list":{"0":"post-2493","1":"product","2":"type-product","3":"status-publish","4":"has-post-thumbnail","6":"product_cat-custom-wire-forms","7":"product_cat-custom-wire-brackets","8":"product_tag-wire-bending","9":"product_tag-wire-forming-bracket","10":"product_tag-wire-forms","12":"entry","13":"has-media","15":"first","16":"instock","17":"shipping-taxable","18":"product-type-external","19":"col","20":"span_1_of_3","21":"owp-content-center","22":"owp-thumbs-layout-horizontal","23":"owp-btn-very-big","24":"owp-tabs-layout-horizontal","25":"circle-sale"},"_links":{"self":[{"href":"https:\/\/www.metalwireforms.com\/pt\/wp-json\/wp\/v2\/product\/2493","targetHints":{"allow":["GET"]}}],"collection":[{"href":"https:\/\/www.metalwireforms.com\/pt\/wp-json\/wp\/v2\/product"}],"about":[{"href":"https:\/\/www.metalwireforms.com\/pt\/wp-json\/wp\/v2\/types\/product"}],"version-history":[{"count":1,"href":"https:\/\/www.metalwireforms.com\/pt\/wp-json\/wp\/v2\/product\/2493\/revisions"}],"predecessor-version":[{"id":2498,"href":"https:\/\/www.metalwireforms.com\/pt\/wp-json\/wp\/v2\/product\/2493\/revisions\/2498"}],"wp:featuredmedia":[{"embeddable":true,"href":"https:\/\/www.metalwireforms.com\/pt\/wp-json\/wp\/v2\/media\/2496"}],"wp:attachment":[{"href":"https:\/\/www.metalwireforms.com\/pt\/wp-json\/wp\/v2\/media?parent=2493"}],"wp:term":[{"taxonomy":"product_brand","embeddable":true,"href":"https:\/\/www.metalwireforms.com\/pt\/wp-json\/wp\/v2\/product_brand?post=2493"},{"taxonomy":"product_cat","embeddable":true,"href":"https:\/\/www.metalwireforms.com\/pt\/wp-json\/wp\/v2\/product_cat?post=2493"},{"taxonomy":"product_tag","embeddable":true,"href":"https:\/\/www.metalwireforms.com\/pt\/wp-json\/wp\/v2\/product_tag?post=2493"}],"curies":[{"name":"wp","href":"https:\/\/api.w.org\/{rel}","templated":true}]}}