{"id":2477,"date":"2022-11-21T08:45:15","date_gmt":"2022-11-21T08:45:15","guid":{"rendered":"https:\/\/www.metalwireforms.com\/?post_type=product&#038;p=2477"},"modified":"2022-11-21T09:03:24","modified_gmt":"2022-11-21T09:03:24","slug":"0-06-12mm-wire-diameter-steel-wire-bracket-customization","status":"publish","type":"product","link":"https:\/\/www.metalwireforms.com\/pt\/produto\/0-06-12mm-wire-diameter-steel-wire-bracket-customization","title":{"rendered":"Di\u00e2metro do arame de 0,06-12mm Personaliza\u00e7\u00e3o do suporte de arame de a\u00e7o"},"content":{"rendered":"<figure id=\"attachment_2482\" aria-describedby=\"caption-attachment-2482\" style=\"width: 1000px\" class=\"wp-caption alignnone\"><img fetchpriority=\"high\" decoding=\"async\" class=\"size-full wp-image-2482\" src=\"https:\/\/www.metalwireforms.com\/wp-content\/uploads\/2022\/11\/Custom-Wire-Brackets-8.jpg\" alt=\"Suportes de arame personalizados (8)\" width=\"1000\" height=\"563\" srcset=\"https:\/\/www.metalwireforms.com\/wp-content\/uploads\/2022\/11\/Custom-Wire-Brackets-8.jpg 1000w, https:\/\/www.metalwireforms.com\/wp-content\/uploads\/2022\/11\/Custom-Wire-Brackets-8-300x169.jpg 300w, https:\/\/www.metalwireforms.com\/wp-content\/uploads\/2022\/11\/Custom-Wire-Brackets-8-150x84.jpg 150w, https:\/\/www.metalwireforms.com\/wp-content\/uploads\/2022\/11\/Custom-Wire-Brackets-8-768x432.jpg 768w, https:\/\/www.metalwireforms.com\/wp-content\/uploads\/2022\/11\/Custom-Wire-Brackets-8-18x10.jpg 18w, https:\/\/www.metalwireforms.com\/wp-content\/uploads\/2022\/11\/Custom-Wire-Brackets-8-800x450.jpg 800w, https:\/\/www.metalwireforms.com\/wp-content\/uploads\/2022\/11\/Custom-Wire-Brackets-8-600x338.jpg 600w\" sizes=\"(max-width: 1000px) 100vw, 1000px\" \/><figcaption id=\"caption-attachment-2482\" class=\"wp-caption-text\">Suportes de arame personalizados (8)<\/figcaption><\/figure>\n<h3>Destaque<\/h3>\n<p>Especializada em projetar, fabricar e dobrar todos os tipos de molas met\u00e1licas, molas de forma especial, arames de ferro e arames de a\u00e7o. Por exemplo, mola de a\u00e7o inoxid\u00e1vel, mola de ilumina\u00e7\u00e3o de l\u00e2mpada, mola de compress\u00e3o, mola de tens\u00e3o, mola de brinquedo, mola artesanal, mola de antena, mola de carro, mola de clipe, mola el\u00e9trica, mola de chave, mola de controle remoto, mola de bicicleta, fivela de mola, mola de tens\u00e3o, mola de dupla ranhura de tens\u00e3o.<br \/>\nH\u00e1 tamb\u00e9m pe\u00e7as de torneamento, pe\u00e7as de torno autom\u00e1tico, pe\u00e7as de torno CNC, pe\u00e7as de torno de precis\u00e3o e artesanato em metal. Os tipos de gancho incluem gancho de ferro, gancho de a\u00e7o inoxid\u00e1vel, gancho com rosca, gancho com ponto de interroga\u00e7\u00e3o, gancho com \u00edm\u00e3, gancho de ventosa, gancho de bulbo, gancho de casa, gancho de parede, gancho de parede, gancho de cinta, gancho de cinta, gancho de tri\u00e2ngulo, gancho de almofada, gancho de linha dupla, gancho mar\u00edtimo, gancho de carro, etc.<\/p>\n<h3>Aplica\u00e7\u00e3o<\/h3>\n<p>Os produtos de hardware produzidos por nossa f\u00e1brica s\u00e3o amplamente utilizados em autom\u00f3veis, m\u00e1quinas, refrigera\u00e7\u00e3o, navios, locomotivas, aeroespacial, controle de voz, ilumina\u00e7\u00e3o, comunica\u00e7\u00f5es, presentes, eletr\u00f4nicos, brinquedos, casa, seguran\u00e7a, equipamentos de pesca, j\u00f3ias, fotoel\u00e9tricos, eletrodom\u00e9sticos, instrumenta\u00e7\u00e3o, pesquisa militar sensorial e outros campos.<br \/>\nTemos forte capacidade de produ\u00e7\u00e3o e processamento, equipamentos de processamento de estampagem, equipamentos de usinagem, m\u00e1quinas de molas, m\u00e1quinas de molas de computador, tornos autom\u00e1ticos, m\u00e1quinas de estiramento hidr\u00e1ulico, etc., para atender \u00e0s necessidades de diferentes processos de produ\u00e7\u00e3o. Tamb\u00e9m estabelecemos muitos parceiros est\u00e1veis e de longo prazo no tratamento t\u00e9rmico do produto, tratamento de superf\u00edcie e outros aspectos, e a qualidade est\u00e1 em conformidade com as normas nacionais internacionais.<\/p>","protected":false},"excerpt":{"rendered":"<p>Materiais comuns: a\u00e7o mola, a\u00e7o mangan\u00eas, corda de piano, a\u00e7o inoxid\u00e1vel. Materiais incomuns: fio de a\u00e7o temperado, fio de lat\u00e3o, fio de cobre branco, fio de cobre ber\u00edlio, fio de cobre estanhado, fio de cobre fosforoso, fio galvanizado, fio plano. Tratamento de superf\u00edcie: zinco branco, zinco azul, zinco colorido, zinco preto, \u00f3xido preto, n\u00edquel preto, cromo, revestimento de ouro, revestimento de cobre, eletroforese preta, pintura.<\/p>","protected":false},"featured_media":2481,"template":"","meta":{"ocean_post_layout":"","ocean_both_sidebars_style":"","ocean_both_sidebars_content_width":0,"ocean_both_sidebars_sidebars_width":0,"ocean_sidebar":"0","ocean_second_sidebar":"0","ocean_disable_margins":"enable","ocean_add_body_class":"","ocean_shortcode_before_top_bar":"","ocean_shortcode_after_top_bar":"","ocean_shortcode_before_header":"","ocean_shortcode_after_header":"","ocean_has_shortcode":"","ocean_shortcode_after_title":"","ocean_shortcode_before_footer_widgets":"","ocean_shortcode_after_footer_widgets":"","ocean_shortcode_before_footer_bottom":"","ocean_shortcode_after_footer_bottom":"","ocean_display_top_bar":"default","ocean_display_header":"default","ocean_header_style":"","ocean_center_header_left_menu":"0","ocean_custom_header_template":"0","ocean_custom_logo":0,"ocean_custom_retina_logo":0,"ocean_custom_logo_max_width":0,"ocean_custom_logo_tablet_max_width":0,"ocean_custom_logo_mobile_max_width":0,"ocean_custom_logo_max_height":0,"ocean_custom_logo_tablet_max_height":0,"ocean_custom_logo_mobile_max_height":0,"ocean_header_custom_menu":"0","ocean_menu_typo_font_family":"0","ocean_menu_typo_font_subset":"","ocean_menu_typo_font_size":0,"ocean_menu_typo_font_size_tablet":0,"ocean_menu_typo_font_size_mobile":0,"ocean_menu_typo_font_size_unit":"px","ocean_menu_typo_font_weight":"","ocean_menu_typo_font_weight_tablet":"","ocean_menu_typo_font_weight_mobile":"","ocean_menu_typo_transform":"","ocean_menu_typo_transform_tablet":"","ocean_menu_typo_transform_mobile":"","ocean_menu_typo_line_height":0,"ocean_menu_typo_line_height_tablet":0,"ocean_menu_typo_line_height_mobile":0,"ocean_menu_typo_line_height_unit":"","ocean_menu_typo_spacing":0,"ocean_menu_typo_spacing_tablet":0,"ocean_menu_typo_spacing_mobile":0,"ocean_menu_typo_spacing_unit":"","ocean_menu_link_color":"","ocean_menu_link_color_hover":"","ocean_menu_link_color_active":"","ocean_menu_link_background":"","ocean_menu_link_hover_background":"","ocean_menu_link_active_background":"","ocean_menu_social_links_bg":"","ocean_menu_social_hover_links_bg":"","ocean_menu_social_links_color":"","ocean_menu_social_hover_links_color":"","ocean_disable_title":"default","ocean_disable_heading":"default","ocean_post_title":"","ocean_post_subheading":"","ocean_post_title_style":"","ocean_post_title_background_color":"","ocean_post_title_background":0,"ocean_post_title_bg_image_position":"","ocean_post_title_bg_image_attachment":"","ocean_post_title_bg_image_repeat":"","ocean_post_title_bg_image_size":"","ocean_post_title_height":0,"ocean_post_title_bg_overlay":0.5,"ocean_post_title_bg_overlay_color":"","ocean_disable_breadcrumbs":"default","ocean_breadcrumbs_color":"","ocean_breadcrumbs_separator_color":"","ocean_breadcrumbs_links_color":"","ocean_breadcrumbs_links_hover_color":"","ocean_display_footer_widgets":"default","ocean_display_footer_bottom":"default","ocean_custom_footer_template":"0","ofc_meta_disable_footer_callout":"","ofc_meta_callout_button_url":"","ofc_meta_callout_button_txt":"","ofc_meta_callout_text":"","osh_disable_topbar_sticky":"default","osh_disable_header_sticky":"default","osh_sticky_header_style":"default","osh_sticky_header_effect":"","osh_custom_sticky_logo":0,"osh_custom_retina_sticky_logo":0,"osh_custom_sticky_logo_height":0,"osh_background_color":"","osh_links_color":"","osh_links_hover_color":"","osh_links_active_color":"","osh_links_bg_color":"","osh_links_hover_bg_color":"","osh_links_active_bg_color":"","osh_menu_social_links_color":"","osh_menu_social_hover_links_color":""},"product_brand":[],"product_cat":[147,35],"product_tag":[210,209,102],"class_list":{"0":"post-2477","1":"product","2":"type-product","3":"status-publish","4":"has-post-thumbnail","6":"product_cat-custom-wire-forms","7":"product_cat-custom-wire-brackets","8":"product_tag-steel-wire-bending","9":"product_tag-steel-wire-support","10":"product_tag-wire-forming","12":"entry","13":"has-media","15":"first","16":"instock","17":"shipping-taxable","18":"product-type-external","19":"col","20":"span_1_of_3","21":"owp-content-center","22":"owp-thumbs-layout-horizontal","23":"owp-btn-very-big","24":"owp-tabs-layout-horizontal","25":"circle-sale"},"_links":{"self":[{"href":"https:\/\/www.metalwireforms.com\/pt\/wp-json\/wp\/v2\/product\/2477","targetHints":{"allow":["GET"]}}],"collection":[{"href":"https:\/\/www.metalwireforms.com\/pt\/wp-json\/wp\/v2\/product"}],"about":[{"href":"https:\/\/www.metalwireforms.com\/pt\/wp-json\/wp\/v2\/types\/product"}],"version-history":[{"count":1,"href":"https:\/\/www.metalwireforms.com\/pt\/wp-json\/wp\/v2\/product\/2477\/revisions"}],"predecessor-version":[{"id":2483,"href":"https:\/\/www.metalwireforms.com\/pt\/wp-json\/wp\/v2\/product\/2477\/revisions\/2483"}],"wp:featuredmedia":[{"embeddable":true,"href":"https:\/\/www.metalwireforms.com\/pt\/wp-json\/wp\/v2\/media\/2481"}],"wp:attachment":[{"href":"https:\/\/www.metalwireforms.com\/pt\/wp-json\/wp\/v2\/media?parent=2477"}],"wp:term":[{"taxonomy":"product_brand","embeddable":true,"href":"https:\/\/www.metalwireforms.com\/pt\/wp-json\/wp\/v2\/product_brand?post=2477"},{"taxonomy":"product_cat","embeddable":true,"href":"https:\/\/www.metalwireforms.com\/pt\/wp-json\/wp\/v2\/product_cat?post=2477"},{"taxonomy":"product_tag","embeddable":true,"href":"https:\/\/www.metalwireforms.com\/pt\/wp-json\/wp\/v2\/product_tag?post=2477"}],"curies":[{"name":"wp","href":"https:\/\/api.w.org\/{rel}","templated":true}]}}