{"id":2442,"date":"2022-10-27T03:40:01","date_gmt":"2022-10-27T03:40:01","guid":{"rendered":"https:\/\/www.metalwireforms.com\/?post_type=product&#038;p=2442"},"modified":"2022-10-27T03:43:32","modified_gmt":"2022-10-27T03:43:32","slug":"custom-mass-production-of-creative-pen-point-paper-clips","status":"publish","type":"product","link":"https:\/\/www.metalwireforms.com\/pt\/produto\/custom-mass-production-of-creative-pen-point-paper-clips","title":{"rendered":"Produ\u00e7\u00e3o em massa na f\u00e1brica de clipes criativos de papel de ponta de caneta"},"content":{"rendered":"<p>Um clipe de papel \u00e9 um peda\u00e7o de papel feito dobrando um fio met\u00e1lico para frente e para tr\u00e1s. O clipe de papel parece ser a mais simples de todas as inven\u00e7\u00f5es. Nada mais \u00e9 do que um pequeno peda\u00e7o de arame dobrado com papel. Mas o clipe de papel passou por muitos desenhos repetidos antes de ser feito com a forma que usamos hoje.<\/p>\n<figure id=\"attachment_2175\" aria-describedby=\"caption-attachment-2175\" style=\"width: 1000px\" class=\"wp-caption alignnone\"><img fetchpriority=\"high\" decoding=\"async\" class=\"size-full wp-image-2175\" src=\"https:\/\/www.metalwireforms.com\/wp-content\/uploads\/2022\/08\/musical-note-paper-clip-8.jpg\" alt=\"clipe de papel de nota musical (8)\" width=\"1000\" height=\"563\" srcset=\"https:\/\/www.metalwireforms.com\/wp-content\/uploads\/2022\/08\/musical-note-paper-clip-8.jpg 1000w, https:\/\/www.metalwireforms.com\/wp-content\/uploads\/2022\/08\/musical-note-paper-clip-8-300x169.jpg 300w, https:\/\/www.metalwireforms.com\/wp-content\/uploads\/2022\/08\/musical-note-paper-clip-8-150x84.jpg 150w, https:\/\/www.metalwireforms.com\/wp-content\/uploads\/2022\/08\/musical-note-paper-clip-8-768x432.jpg 768w, https:\/\/www.metalwireforms.com\/wp-content\/uploads\/2022\/08\/musical-note-paper-clip-8-18x10.jpg 18w, https:\/\/www.metalwireforms.com\/wp-content\/uploads\/2022\/08\/musical-note-paper-clip-8-800x450.jpg 800w, https:\/\/www.metalwireforms.com\/wp-content\/uploads\/2022\/08\/musical-note-paper-clip-8-600x338.jpg 600w\" sizes=\"(max-width: 1000px) 100vw, 1000px\" \/><figcaption id=\"caption-attachment-2175\" class=\"wp-caption-text\">clipe de papel de nota musical (8)<\/figcaption><\/figure>\n<h3>Destaque<\/h3>\n<p>O clipe de papel parece ser a mais simples de todas as inven\u00e7\u00f5es. \u00c9 apenas um pequeno peda\u00e7o de arame dobrado com clipes de papel. Mas o clipe de papel foi repetidamente projetado antes de ser feito com a forma que usamos hoje. Ap\u00f3s um longo per\u00edodo de desenvolvimento e produ\u00e7\u00e3o, temos d\u00fazias de equipamentos de produ\u00e7\u00e3o totalmente autom\u00e1ticos de fio de metal CNC e linha de produ\u00e7\u00e3o de estampagem de metal, para que possamos projetar e produzir clipes de papel de qualquer forma de acordo com os desenhos ou exig\u00eancias dos clientes.<\/p>\n<h3>Vantagem<\/h3>\n<p>Clipes de papel s\u00e3o muito comuns em escrit\u00f3rios. Al\u00e9m de ser usado para cortar arquivos, tamb\u00e9m foi usado para fazer cortinas de portas nos primeiros anos. Na verdade, al\u00e9m de poder cortar arquivos, o clipe de papel tem muitos usos ap\u00f3s uma pequena modifica\u00e7\u00e3o.<br \/>\nQuando voc\u00ea precisar fazer uma pausa na leitura, basta tirar um clipe para fixar a p\u00e1gina como uma marca e ele pode ser usado como um marcador de p\u00e1gina.<br \/>\nQuando voc\u00ea viaja para fora com sua mochila, \u00e0s vezes voc\u00ea se preocupa que o z\u00edper de sua mochila seja puxado aberto. Aperte os dois z\u00edperes de sua mochila junto com um clipe de papel para evitar que o z\u00edper de sua mochila seja aberto sem que voc\u00ea o saiba.<br \/>\nQuando o fecho \u00e9 quebrado, ou \u00e9 muito pequeno para ser usado, coloque um clipe de papel nele. Ser\u00e1 muito conveniente usar este m\u00e9todo para puxar o z\u00edper.<\/p>","protected":false},"excerpt":{"rendered":"<p>Atrav\u00e9s de nossos esfor\u00e7os, desenvolvemos com sucesso um novo tipo de papelaria com estilo inovador e apar\u00eancia encantadora, clipes de papel criativos. Os clipes de papel criativos s\u00e3o feitos de v\u00e1rios materiais, cores brilhantes, formas vivas, que s\u00e3o ao mesmo tempo pr\u00e1ticas e bonitas, e t\u00eam valor de cole\u00e7\u00e3o definido, quebrando completamente a imagem mon\u00f3tona dos clipes de papel tradicionais.<\/p>","protected":false},"featured_media":2444,"template":"","meta":{"ocean_post_layout":"","ocean_both_sidebars_style":"","ocean_both_sidebars_content_width":0,"ocean_both_sidebars_sidebars_width":0,"ocean_sidebar":"0","ocean_second_sidebar":"0","ocean_disable_margins":"enable","ocean_add_body_class":"","ocean_shortcode_before_top_bar":"","ocean_shortcode_after_top_bar":"","ocean_shortcode_before_header":"","ocean_shortcode_after_header":"","ocean_has_shortcode":"","ocean_shortcode_after_title":"","ocean_shortcode_before_footer_widgets":"","ocean_shortcode_after_footer_widgets":"","ocean_shortcode_before_footer_bottom":"","ocean_shortcode_after_footer_bottom":"","ocean_display_top_bar":"default","ocean_display_header":"default","ocean_header_style":"","ocean_center_header_left_menu":"0","ocean_custom_header_template":"0","ocean_custom_logo":0,"ocean_custom_retina_logo":0,"ocean_custom_logo_max_width":0,"ocean_custom_logo_tablet_max_width":0,"ocean_custom_logo_mobile_max_width":0,"ocean_custom_logo_max_height":0,"ocean_custom_logo_tablet_max_height":0,"ocean_custom_logo_mobile_max_height":0,"ocean_header_custom_menu":"0","ocean_menu_typo_font_family":"0","ocean_menu_typo_font_subset":"","ocean_menu_typo_font_size":0,"ocean_menu_typo_font_size_tablet":0,"ocean_menu_typo_font_size_mobile":0,"ocean_menu_typo_font_size_unit":"px","ocean_menu_typo_font_weight":"","ocean_menu_typo_font_weight_tablet":"","ocean_menu_typo_font_weight_mobile":"","ocean_menu_typo_transform":"","ocean_menu_typo_transform_tablet":"","ocean_menu_typo_transform_mobile":"","ocean_menu_typo_line_height":0,"ocean_menu_typo_line_height_tablet":0,"ocean_menu_typo_line_height_mobile":0,"ocean_menu_typo_line_height_unit":"","ocean_menu_typo_spacing":0,"ocean_menu_typo_spacing_tablet":0,"ocean_menu_typo_spacing_mobile":0,"ocean_menu_typo_spacing_unit":"","ocean_menu_link_color":"","ocean_menu_link_color_hover":"","ocean_menu_link_color_active":"","ocean_menu_link_background":"","ocean_menu_link_hover_background":"","ocean_menu_link_active_background":"","ocean_menu_social_links_bg":"","ocean_menu_social_hover_links_bg":"","ocean_menu_social_links_color":"","ocean_menu_social_hover_links_color":"","ocean_disable_title":"default","ocean_disable_heading":"default","ocean_post_title":"","ocean_post_subheading":"","ocean_post_title_style":"","ocean_post_title_background_color":"","ocean_post_title_background":0,"ocean_post_title_bg_image_position":"","ocean_post_title_bg_image_attachment":"","ocean_post_title_bg_image_repeat":"","ocean_post_title_bg_image_size":"","ocean_post_title_height":0,"ocean_post_title_bg_overlay":0.5,"ocean_post_title_bg_overlay_color":"","ocean_disable_breadcrumbs":"default","ocean_breadcrumbs_color":"","ocean_breadcrumbs_separator_color":"","ocean_breadcrumbs_links_color":"","ocean_breadcrumbs_links_hover_color":"","ocean_display_footer_widgets":"default","ocean_display_footer_bottom":"default","ocean_custom_footer_template":"0","ofc_meta_disable_footer_callout":"","ofc_meta_callout_button_url":"","ofc_meta_callout_button_txt":"","ofc_meta_callout_text":"","osh_disable_topbar_sticky":"default","osh_disable_header_sticky":"default","osh_sticky_header_style":"default","osh_sticky_header_effect":"","osh_custom_sticky_logo":0,"osh_custom_retina_sticky_logo":0,"osh_custom_sticky_logo_height":0,"osh_background_color":"","osh_links_color":"","osh_links_hover_color":"","osh_links_active_color":"","osh_links_bg_color":"","osh_links_hover_bg_color":"","osh_links_active_bg_color":"","osh_menu_social_links_color":"","osh_menu_social_hover_links_color":""},"product_brand":[],"product_cat":[152,145],"product_tag":[177,109,203],"class_list":{"0":"post-2442","1":"product","2":"type-product","3":"status-publish","4":"has-post-thumbnail","6":"product_cat-custom-paper-clips","7":"product_cat-custom-wire-fasteners","8":"product_tag-custom-paper-clip","9":"product_tag-paper-clip","10":"product_tag-paper-clip-factory","12":"entry","13":"has-media","15":"first","16":"instock","17":"shipping-taxable","18":"product-type-external","19":"col","20":"span_1_of_3","21":"owp-content-center","22":"owp-thumbs-layout-horizontal","23":"owp-btn-very-big","24":"owp-tabs-layout-horizontal","25":"circle-sale"},"_links":{"self":[{"href":"https:\/\/www.metalwireforms.com\/pt\/wp-json\/wp\/v2\/product\/2442","targetHints":{"allow":["GET"]}}],"collection":[{"href":"https:\/\/www.metalwireforms.com\/pt\/wp-json\/wp\/v2\/product"}],"about":[{"href":"https:\/\/www.metalwireforms.com\/pt\/wp-json\/wp\/v2\/types\/product"}],"version-history":[{"count":1,"href":"https:\/\/www.metalwireforms.com\/pt\/wp-json\/wp\/v2\/product\/2442\/revisions"}],"predecessor-version":[{"id":2447,"href":"https:\/\/www.metalwireforms.com\/pt\/wp-json\/wp\/v2\/product\/2442\/revisions\/2447"}],"wp:featuredmedia":[{"embeddable":true,"href":"https:\/\/www.metalwireforms.com\/pt\/wp-json\/wp\/v2\/media\/2444"}],"wp:attachment":[{"href":"https:\/\/www.metalwireforms.com\/pt\/wp-json\/wp\/v2\/media?parent=2442"}],"wp:term":[{"taxonomy":"product_brand","embeddable":true,"href":"https:\/\/www.metalwireforms.com\/pt\/wp-json\/wp\/v2\/product_brand?post=2442"},{"taxonomy":"product_cat","embeddable":true,"href":"https:\/\/www.metalwireforms.com\/pt\/wp-json\/wp\/v2\/product_cat?post=2442"},{"taxonomy":"product_tag","embeddable":true,"href":"https:\/\/www.metalwireforms.com\/pt\/wp-json\/wp\/v2\/product_tag?post=2442"}],"curies":[{"name":"wp","href":"https:\/\/api.w.org\/{rel}","templated":true}]}}