{"id":2433,"date":"2022-10-26T08:04:24","date_gmt":"2022-10-26T08:04:24","guid":{"rendered":"https:\/\/www.metalwireforms.com\/?post_type=product&#038;p=2433"},"modified":"2022-10-26T08:32:00","modified_gmt":"2022-10-26T08:32:00","slug":"factory-customized-production-of-stainless-wire-bracket","status":"publish","type":"product","link":"https:\/\/www.metalwireforms.com\/pt\/produto\/factory-customized-production-of-stainless-wire-bracket","title":{"rendered":"Produ\u00e7\u00e3o personalizada em f\u00e1brica de suporte de arame inoxid\u00e1vel"},"content":{"rendered":"<figure id=\"attachment_2434\" aria-describedby=\"caption-attachment-2434\" style=\"width: 900px\" class=\"wp-caption alignnone\"><img fetchpriority=\"high\" decoding=\"async\" class=\"size-full wp-image-2434\" src=\"https:\/\/www.metalwireforms.com\/wp-content\/uploads\/2022\/10\/stainless-wire-bending-1.jpg\" alt=\"dobramento de fio inoxid\u00e1vel (1)\" width=\"900\" height=\"506\" srcset=\"https:\/\/www.metalwireforms.com\/wp-content\/uploads\/2022\/10\/stainless-wire-bending-1.jpg 900w, https:\/\/www.metalwireforms.com\/wp-content\/uploads\/2022\/10\/stainless-wire-bending-1-300x169.jpg 300w, https:\/\/www.metalwireforms.com\/wp-content\/uploads\/2022\/10\/stainless-wire-bending-1-150x84.jpg 150w, https:\/\/www.metalwireforms.com\/wp-content\/uploads\/2022\/10\/stainless-wire-bending-1-768x432.jpg 768w, https:\/\/www.metalwireforms.com\/wp-content\/uploads\/2022\/10\/stainless-wire-bending-1-18x10.jpg 18w, https:\/\/www.metalwireforms.com\/wp-content\/uploads\/2022\/10\/stainless-wire-bending-1-800x450.jpg 800w, https:\/\/www.metalwireforms.com\/wp-content\/uploads\/2022\/10\/stainless-wire-bending-1-600x337.jpg 600w\" sizes=\"(max-width: 900px) 100vw, 900px\" \/><figcaption id=\"caption-attachment-2434\" class=\"wp-caption-text\">dobramento de fio inoxid\u00e1vel (1)<\/figcaption><\/figure>\n<h3>Destaque<\/h3>\n<p>O suporte met\u00e1lico \u00e9 feito de fio de a\u00e7o oval, resistente \u00e0 fadiga, alta dureza, resistente \u00e0 corros\u00e3o, el\u00e1stico, est\u00e1vel, n\u00e3o f\u00e1cil de corroer, n\u00e3o f\u00e1cil de enferrujar, e tem forte resist\u00eancia \u00e0 oxida\u00e7\u00e3o em ambiente \u00famido.<br \/>\nA apar\u00eancia do suporte \u00e9 livre de buracos de areia e manchas negras, e a superf\u00edcie \u00e9 lisa e sem rebarbas. Possui alta dureza e resist\u00eancia ao desgaste. J\u00e1 foram realizados mais de 23 milh\u00f5es de testes de fadiga com resist\u00eancia \u00e0 tra\u00e7\u00e3o ultra-alta.<br \/>\nA toler\u00e2ncia dos produtos acabados \u00e9 pequena, e \u00e9 completada com base nos desenhos dos clientes. A especifica\u00e7\u00e3o, tamanho, espessura, forma e tamanho podem ser personalizados de forma flex\u00edvel.<br \/>\nA fim de evitar a redu\u00e7\u00e3o do produto, a quebra e outros fen\u00f4menos, e o processo \u00e9 maduro, controlamos rigorosamente cada processo para fornecer aos clientes produtos excelentes.<br \/>\nOs principais procedimentos de processamento s\u00e3o dobra de molas, tratamento t\u00e9rmico, retifica\u00e7\u00e3o de extremidades de molas, polimento e fortalecimento de molas, t\u00eampera a baixa temperatura e preven\u00e7\u00e3o de ferrugem.<\/p>\n<h3>Aplica\u00e7\u00e3o<\/h3>\n<p>A f\u00e1brica conta com muitos especialistas em tecnologia de fabrica\u00e7\u00e3o de molas, que podem personalizar e produzir v\u00e1rias molas de precis\u00e3o, de formato especial e dif\u00edceis para os clientes. Ao mesmo tempo, fornecemos aos clientes v\u00e1rias solu\u00e7\u00f5es de molas de alta qualidade e econ\u00f4micas, tais como mola de press\u00e3o, mola de tens\u00e3o, mola de tor\u00e7\u00e3o, mola de molde, mola retangular, mola de suspens\u00e3o e v\u00e1rias molas de a\u00e7o inoxid\u00e1vel. Fornecemos tamb\u00e9m todos os tipos de pinos, ganchos e suportes de metal. Os produtos s\u00e3o amplamente utilizados em fixadores industriais, pe\u00e7as para navios, nova ind\u00fastria de energia, ind\u00fastria petroqu\u00edmica, fixadores para decora\u00e7\u00e3o de edif\u00edcios e ind\u00fastria eletr\u00f4nica.<\/p>","protected":false},"excerpt":{"rendered":"<p>Nossos principais equipamentos de produ\u00e7\u00e3o incluem m\u00e1quina para molas CNC, m\u00e1quina para molas 520 computador, m\u00e1quina de compress\u00e3o de molas CNC, m\u00e1quina para molas de tor\u00e7\u00e3o CNC, m\u00e1quina de tra\u00e7\u00e3o de molas CNC, m\u00e1quina de compress\u00e3o mec\u00e2nica de molas, m\u00e1quina de dobra hidr\u00e1ulica, m\u00e1quina de dobra 3D, m\u00e1quina de encurvamento, dinam\u00f4metro, forno de t\u00eampera de alta temperatura, etc.<\/p>","protected":false},"featured_media":2435,"template":"","meta":{"ocean_post_layout":"","ocean_both_sidebars_style":"","ocean_both_sidebars_content_width":0,"ocean_both_sidebars_sidebars_width":0,"ocean_sidebar":"0","ocean_second_sidebar":"0","ocean_disable_margins":"enable","ocean_add_body_class":"","ocean_shortcode_before_top_bar":"","ocean_shortcode_after_top_bar":"","ocean_shortcode_before_header":"","ocean_shortcode_after_header":"","ocean_has_shortcode":"","ocean_shortcode_after_title":"","ocean_shortcode_before_footer_widgets":"","ocean_shortcode_after_footer_widgets":"","ocean_shortcode_before_footer_bottom":"","ocean_shortcode_after_footer_bottom":"","ocean_display_top_bar":"default","ocean_display_header":"default","ocean_header_style":"","ocean_center_header_left_menu":"0","ocean_custom_header_template":"0","ocean_custom_logo":0,"ocean_custom_retina_logo":0,"ocean_custom_logo_max_width":0,"ocean_custom_logo_tablet_max_width":0,"ocean_custom_logo_mobile_max_width":0,"ocean_custom_logo_max_height":0,"ocean_custom_logo_tablet_max_height":0,"ocean_custom_logo_mobile_max_height":0,"ocean_header_custom_menu":"0","ocean_menu_typo_font_family":"0","ocean_menu_typo_font_subset":"","ocean_menu_typo_font_size":0,"ocean_menu_typo_font_size_tablet":0,"ocean_menu_typo_font_size_mobile":0,"ocean_menu_typo_font_size_unit":"px","ocean_menu_typo_font_weight":"","ocean_menu_typo_font_weight_tablet":"","ocean_menu_typo_font_weight_mobile":"","ocean_menu_typo_transform":"","ocean_menu_typo_transform_tablet":"","ocean_menu_typo_transform_mobile":"","ocean_menu_typo_line_height":0,"ocean_menu_typo_line_height_tablet":0,"ocean_menu_typo_line_height_mobile":0,"ocean_menu_typo_line_height_unit":"","ocean_menu_typo_spacing":0,"ocean_menu_typo_spacing_tablet":0,"ocean_menu_typo_spacing_mobile":0,"ocean_menu_typo_spacing_unit":"","ocean_menu_link_color":"","ocean_menu_link_color_hover":"","ocean_menu_link_color_active":"","ocean_menu_link_background":"","ocean_menu_link_hover_background":"","ocean_menu_link_active_background":"","ocean_menu_social_links_bg":"","ocean_menu_social_hover_links_bg":"","ocean_menu_social_links_color":"","ocean_menu_social_hover_links_color":"","ocean_disable_title":"default","ocean_disable_heading":"default","ocean_post_title":"","ocean_post_subheading":"","ocean_post_title_style":"","ocean_post_title_background_color":"","ocean_post_title_background":0,"ocean_post_title_bg_image_position":"","ocean_post_title_bg_image_attachment":"","ocean_post_title_bg_image_repeat":"","ocean_post_title_bg_image_size":"","ocean_post_title_height":0,"ocean_post_title_bg_overlay":0.5,"ocean_post_title_bg_overlay_color":"","ocean_disable_breadcrumbs":"default","ocean_breadcrumbs_color":"","ocean_breadcrumbs_separator_color":"","ocean_breadcrumbs_links_color":"","ocean_breadcrumbs_links_hover_color":"","ocean_display_footer_widgets":"default","ocean_display_footer_bottom":"default","ocean_custom_footer_template":"0","ofc_meta_disable_footer_callout":"","ofc_meta_callout_button_url":"","ofc_meta_callout_button_txt":"","ofc_meta_callout_text":"","osh_disable_topbar_sticky":"default","osh_disable_header_sticky":"default","osh_sticky_header_style":"default","osh_sticky_header_effect":"","osh_custom_sticky_logo":0,"osh_custom_retina_sticky_logo":0,"osh_custom_sticky_logo_height":0,"osh_background_color":"","osh_links_color":"","osh_links_hover_color":"","osh_links_active_color":"","osh_links_bg_color":"","osh_links_hover_bg_color":"","osh_links_active_bg_color":"","osh_menu_social_links_color":"","osh_menu_social_hover_links_color":""},"product_brand":[],"product_cat":[147,35],"product_tag":[201,202,176],"class_list":{"0":"post-2433","1":"product","2":"type-product","3":"status-publish","4":"has-post-thumbnail","6":"product_cat-custom-wire-forms","7":"product_cat-custom-wire-brackets","8":"product_tag-custom-wire-bracket","9":"product_tag-stainless-wire-forms","10":"product_tag-steel-wire-bracket","12":"entry","13":"has-media","15":"first","16":"instock","17":"shipping-taxable","18":"product-type-external","19":"col","20":"span_1_of_3","21":"owp-content-center","22":"owp-thumbs-layout-horizontal","23":"owp-btn-very-big","24":"owp-tabs-layout-horizontal","25":"circle-sale"},"_links":{"self":[{"href":"https:\/\/www.metalwireforms.com\/pt\/wp-json\/wp\/v2\/product\/2433","targetHints":{"allow":["GET"]}}],"collection":[{"href":"https:\/\/www.metalwireforms.com\/pt\/wp-json\/wp\/v2\/product"}],"about":[{"href":"https:\/\/www.metalwireforms.com\/pt\/wp-json\/wp\/v2\/types\/product"}],"version-history":[{"count":2,"href":"https:\/\/www.metalwireforms.com\/pt\/wp-json\/wp\/v2\/product\/2433\/revisions"}],"predecessor-version":[{"id":2440,"href":"https:\/\/www.metalwireforms.com\/pt\/wp-json\/wp\/v2\/product\/2433\/revisions\/2440"}],"wp:featuredmedia":[{"embeddable":true,"href":"https:\/\/www.metalwireforms.com\/pt\/wp-json\/wp\/v2\/media\/2435"}],"wp:attachment":[{"href":"https:\/\/www.metalwireforms.com\/pt\/wp-json\/wp\/v2\/media?parent=2433"}],"wp:term":[{"taxonomy":"product_brand","embeddable":true,"href":"https:\/\/www.metalwireforms.com\/pt\/wp-json\/wp\/v2\/product_brand?post=2433"},{"taxonomy":"product_cat","embeddable":true,"href":"https:\/\/www.metalwireforms.com\/pt\/wp-json\/wp\/v2\/product_cat?post=2433"},{"taxonomy":"product_tag","embeddable":true,"href":"https:\/\/www.metalwireforms.com\/pt\/wp-json\/wp\/v2\/product_tag?post=2433"}],"curies":[{"name":"wp","href":"https:\/\/api.w.org\/{rel}","templated":true}]}}