{"id":2411,"date":"2022-10-22T07:33:37","date_gmt":"2022-10-22T07:33:37","guid":{"rendered":"https:\/\/www.metalwireforms.com\/?post_type=product&#038;p=2411"},"modified":"2022-12-12T08:49:10","modified_gmt":"2022-12-12T08:49:10","slug":"factory-customized-electrophoresis-compression-spring","status":"publish","type":"product","link":"https:\/\/www.metalwireforms.com\/pt\/produto\/factory-customized-electrophoresis-compression-spring","title":{"rendered":"Mola de compress\u00e3o eletroforese personalizada de f\u00e1brica"},"content":{"rendered":"<figure id=\"attachment_2413\" aria-describedby=\"caption-attachment-2413\" style=\"width: 1000px\" class=\"wp-caption alignnone\"><img fetchpriority=\"high\" decoding=\"async\" class=\"size-full wp-image-2413\" src=\"https:\/\/www.metalwireforms.com\/wp-content\/uploads\/2022\/10\/Electrophoretic-spring-8.jpg\" alt=\"Mola eletrofor\u00e9tica (8)\" width=\"1000\" height=\"563\" srcset=\"https:\/\/www.metalwireforms.com\/wp-content\/uploads\/2022\/10\/Electrophoretic-spring-8.jpg 1000w, https:\/\/www.metalwireforms.com\/wp-content\/uploads\/2022\/10\/Electrophoretic-spring-8-300x169.jpg 300w, https:\/\/www.metalwireforms.com\/wp-content\/uploads\/2022\/10\/Electrophoretic-spring-8-150x84.jpg 150w, https:\/\/www.metalwireforms.com\/wp-content\/uploads\/2022\/10\/Electrophoretic-spring-8-768x432.jpg 768w, https:\/\/www.metalwireforms.com\/wp-content\/uploads\/2022\/10\/Electrophoretic-spring-8-18x10.jpg 18w, https:\/\/www.metalwireforms.com\/wp-content\/uploads\/2022\/10\/Electrophoretic-spring-8-800x450.jpg 800w, https:\/\/www.metalwireforms.com\/wp-content\/uploads\/2022\/10\/Electrophoretic-spring-8-600x338.jpg 600w\" sizes=\"(max-width: 1000px) 100vw, 1000px\" \/><figcaption id=\"caption-attachment-2413\" class=\"wp-caption-text\">Mola eletrofor\u00e9tica (8)<\/figcaption><\/figure>\n<h3>Destaque<\/h3>\n<p>1. Controlar o movimento das m\u00e1quinas, como a mola da v\u00e1lvula no motor de combust\u00e3o interna, a mola de controle na embreagem, etc.<br \/>\n2. Absorver vibra\u00e7\u00f5es e energia de impacto, tais como a mola amortecedora sob o vag\u00e3o, vag\u00e3o de trem, mola absorvente de vibra\u00e7\u00e3o no acoplamento.<br \/>\n3. Armazenar e produzir energia como energia, tais como mola do rel\u00f3gio, mola da pistola, etc.<br \/>\n4. Utilizado como elemento de medi\u00e7\u00e3o de for\u00e7a, como dispositivo de medi\u00e7\u00e3o de for\u00e7a, mola em escala, etc. A carga e deforma\u00e7\u00e3o da mola \u00e9 chamada de rigidez da mola, quanto maior a rigidez, mais dura a mola.<\/p>\n<h3>Material<\/h3>\n<p>1. Molas de a\u00e7o carbono e a\u00e7o liga adicionam principalmente silicone, mangan\u00eas, cromo, van\u00e1dio, molibd\u00eanio e outros elementos met\u00e1licos ao fio de a\u00e7o para aumentar a elasticidade e o limite de fadiga da mola e torn\u00e1-la resistente ao impacto.<br \/>\n2. As molas de a\u00e7o inoxid\u00e1vel s\u00e3o feitas principalmente de v\u00e1rios tipos de a\u00e7o inoxid\u00e1vel e s\u00e3o utilizadas principalmente em locais propensos \u00e0 corros\u00e3o e altas temperaturas.<br \/>\n3. As molas de liga de cobre s\u00e3o feitas principalmente de lat\u00e3o, cobre fosforoso, cobre ber\u00edlio, etc. Elas s\u00e3o menos el\u00e1sticas que o a\u00e7o, mas possuem forte resist\u00eancia \u00e0 corros\u00e3o. S\u00e3o geralmente usadas em molas de m\u00e1quinas qu\u00edmicas, e podem ser usadas nas ind\u00fastrias el\u00e9trica e aliment\u00edcia devido \u00e0 rela\u00e7\u00e3o n\u00e3o magn\u00e9tica.<\/p>","protected":false},"excerpt":{"rendered":"<p>Temos uma rica experi\u00eancia na personaliza\u00e7\u00e3o de molas de compress\u00e3o, molas de tor\u00e7\u00e3o, molas de tens\u00e3o, molas de forma especial e micro-molas.<br \/>\nBom em projetar programas est\u00e1veis de produ\u00e7\u00e3o em massa, bom em resolver problemas de processo, problemas de produ\u00e7\u00e3o em massa. A empresa possui dezenas de conjuntos de equipamentos, mais de dez anos de experi\u00eancia em produ\u00e7\u00e3o.<\/p>","protected":false},"featured_media":2415,"template":"","meta":{"ocean_post_layout":"","ocean_both_sidebars_style":"","ocean_both_sidebars_content_width":0,"ocean_both_sidebars_sidebars_width":0,"ocean_sidebar":"0","ocean_second_sidebar":"0","ocean_disable_margins":"enable","ocean_add_body_class":"","ocean_shortcode_before_top_bar":"","ocean_shortcode_after_top_bar":"","ocean_shortcode_before_header":"","ocean_shortcode_after_header":"","ocean_has_shortcode":"","ocean_shortcode_after_title":"","ocean_shortcode_before_footer_widgets":"","ocean_shortcode_after_footer_widgets":"","ocean_shortcode_before_footer_bottom":"","ocean_shortcode_after_footer_bottom":"","ocean_display_top_bar":"default","ocean_display_header":"default","ocean_header_style":"","ocean_center_header_left_menu":"0","ocean_custom_header_template":"0","ocean_custom_logo":0,"ocean_custom_retina_logo":0,"ocean_custom_logo_max_width":0,"ocean_custom_logo_tablet_max_width":0,"ocean_custom_logo_mobile_max_width":0,"ocean_custom_logo_max_height":0,"ocean_custom_logo_tablet_max_height":0,"ocean_custom_logo_mobile_max_height":0,"ocean_header_custom_menu":"0","ocean_menu_typo_font_family":"0","ocean_menu_typo_font_subset":"","ocean_menu_typo_font_size":0,"ocean_menu_typo_font_size_tablet":0,"ocean_menu_typo_font_size_mobile":0,"ocean_menu_typo_font_size_unit":"px","ocean_menu_typo_font_weight":"","ocean_menu_typo_font_weight_tablet":"","ocean_menu_typo_font_weight_mobile":"","ocean_menu_typo_transform":"","ocean_menu_typo_transform_tablet":"","ocean_menu_typo_transform_mobile":"","ocean_menu_typo_line_height":0,"ocean_menu_typo_line_height_tablet":0,"ocean_menu_typo_line_height_mobile":0,"ocean_menu_typo_line_height_unit":"","ocean_menu_typo_spacing":0,"ocean_menu_typo_spacing_tablet":0,"ocean_menu_typo_spacing_mobile":0,"ocean_menu_typo_spacing_unit":"","ocean_menu_link_color":"","ocean_menu_link_color_hover":"","ocean_menu_link_color_active":"","ocean_menu_link_background":"","ocean_menu_link_hover_background":"","ocean_menu_link_active_background":"","ocean_menu_social_links_bg":"","ocean_menu_social_hover_links_bg":"","ocean_menu_social_links_color":"","ocean_menu_social_hover_links_color":"","ocean_disable_title":"default","ocean_disable_heading":"default","ocean_post_title":"","ocean_post_subheading":"","ocean_post_title_style":"","ocean_post_title_background_color":"","ocean_post_title_background":0,"ocean_post_title_bg_image_position":"","ocean_post_title_bg_image_attachment":"","ocean_post_title_bg_image_repeat":"","ocean_post_title_bg_image_size":"","ocean_post_title_height":0,"ocean_post_title_bg_overlay":0.5,"ocean_post_title_bg_overlay_color":"","ocean_disable_breadcrumbs":"default","ocean_breadcrumbs_color":"","ocean_breadcrumbs_separator_color":"","ocean_breadcrumbs_links_color":"","ocean_breadcrumbs_links_hover_color":"","ocean_display_footer_widgets":"default","ocean_display_footer_bottom":"default","ocean_custom_footer_template":"0","ofc_meta_disable_footer_callout":"","ofc_meta_callout_button_url":"","ofc_meta_callout_button_txt":"","ofc_meta_callout_text":"","osh_disable_topbar_sticky":"default","osh_disable_header_sticky":"default","osh_sticky_header_style":"default","osh_sticky_header_effect":"","osh_custom_sticky_logo":0,"osh_custom_retina_sticky_logo":0,"osh_custom_sticky_logo_height":0,"osh_background_color":"","osh_links_color":"","osh_links_hover_color":"","osh_links_active_color":"","osh_links_bg_color":"","osh_links_hover_bg_color":"","osh_links_active_bg_color":"","osh_menu_social_links_color":"","osh_menu_social_hover_links_color":""},"product_brand":[],"product_cat":[144,25],"product_tag":[98,179,198],"class_list":{"0":"post-2411","1":"product","2":"type-product","3":"status-publish","4":"has-post-thumbnail","6":"product_cat-custom-springs","7":"product_cat-custom-compression-springs","8":"product_tag-compression-spring","9":"product_tag-customized-spring","10":"product_tag-electrophoretic-spring","12":"entry","13":"has-media","15":"first","16":"instock","17":"shipping-taxable","18":"product-type-external","19":"col","20":"span_1_of_3","21":"owp-content-center","22":"owp-thumbs-layout-horizontal","23":"owp-btn-very-big","24":"owp-tabs-layout-horizontal","25":"circle-sale"},"_links":{"self":[{"href":"https:\/\/www.metalwireforms.com\/pt\/wp-json\/wp\/v2\/product\/2411","targetHints":{"allow":["GET"]}}],"collection":[{"href":"https:\/\/www.metalwireforms.com\/pt\/wp-json\/wp\/v2\/product"}],"about":[{"href":"https:\/\/www.metalwireforms.com\/pt\/wp-json\/wp\/v2\/types\/product"}],"version-history":[{"count":1,"href":"https:\/\/www.metalwireforms.com\/pt\/wp-json\/wp\/v2\/product\/2411\/revisions"}],"predecessor-version":[{"id":2418,"href":"https:\/\/www.metalwireforms.com\/pt\/wp-json\/wp\/v2\/product\/2411\/revisions\/2418"}],"wp:featuredmedia":[{"embeddable":true,"href":"https:\/\/www.metalwireforms.com\/pt\/wp-json\/wp\/v2\/media\/2415"}],"wp:attachment":[{"href":"https:\/\/www.metalwireforms.com\/pt\/wp-json\/wp\/v2\/media?parent=2411"}],"wp:term":[{"taxonomy":"product_brand","embeddable":true,"href":"https:\/\/www.metalwireforms.com\/pt\/wp-json\/wp\/v2\/product_brand?post=2411"},{"taxonomy":"product_cat","embeddable":true,"href":"https:\/\/www.metalwireforms.com\/pt\/wp-json\/wp\/v2\/product_cat?post=2411"},{"taxonomy":"product_tag","embeddable":true,"href":"https:\/\/www.metalwireforms.com\/pt\/wp-json\/wp\/v2\/product_tag?post=2411"}],"curies":[{"name":"wp","href":"https:\/\/api.w.org\/{rel}","templated":true}]}}