{"id":2395,"date":"2022-10-21T09:27:05","date_gmt":"2022-10-21T09:27:05","guid":{"rendered":"https:\/\/www.metalwireforms.com\/?post_type=product&#038;p=2395"},"modified":"2022-10-21T09:53:08","modified_gmt":"2022-10-21T09:53:08","slug":"electroplated-water-drop-paperclip-factory-wholesale","status":"publish","type":"product","link":"https:\/\/www.metalwireforms.com\/pt\/produto\/electroplated-water-drop-paperclip-factory-wholesale","title":{"rendered":"F\u00e1brica de grampos de papel com gotas de \u00e1gua galv\u00e2nicos"},"content":{"rendered":"<figure id=\"attachment_2398\" aria-describedby=\"caption-attachment-2398\" style=\"width: 900px\" class=\"wp-caption alignnone\"><img fetchpriority=\"high\" decoding=\"async\" class=\"size-full wp-image-2398\" src=\"https:\/\/www.metalwireforms.com\/wp-content\/uploads\/2022\/10\/Droplet-paper-clip-2.jpg\" alt=\"Clipe de papel gota-a-gota (2)\" width=\"900\" height=\"506\" srcset=\"https:\/\/www.metalwireforms.com\/wp-content\/uploads\/2022\/10\/Droplet-paper-clip-2.jpg 900w, https:\/\/www.metalwireforms.com\/wp-content\/uploads\/2022\/10\/Droplet-paper-clip-2-300x169.jpg 300w, https:\/\/www.metalwireforms.com\/wp-content\/uploads\/2022\/10\/Droplet-paper-clip-2-150x84.jpg 150w, https:\/\/www.metalwireforms.com\/wp-content\/uploads\/2022\/10\/Droplet-paper-clip-2-768x432.jpg 768w, https:\/\/www.metalwireforms.com\/wp-content\/uploads\/2022\/10\/Droplet-paper-clip-2-18x10.jpg 18w, https:\/\/www.metalwireforms.com\/wp-content\/uploads\/2022\/10\/Droplet-paper-clip-2-800x450.jpg 800w, https:\/\/www.metalwireforms.com\/wp-content\/uploads\/2022\/10\/Droplet-paper-clip-2-600x337.jpg 600w\" sizes=\"(max-width: 900px) 100vw, 900px\" \/><figcaption id=\"caption-attachment-2398\" class=\"wp-caption-text\">Clipe de papel gota-a-gota (2)<\/figcaption><\/figure>\n<h3>Personalizado<\/h3>\n<p>O clipe de papel personalizado \u00e9 um processo de moldagem de uma pe\u00e7a, e o desenho em forma de gota \u00e9 formado a partir de fio de a\u00e7o galvanizado.<br \/>\nOs clipes de papel s\u00e3o adequados para escrit\u00f3rio, escola, coleta e classifica\u00e7\u00e3o de artigos de papelaria, etc.<br \/>\nOs m\u00e9todos de embalagem de clipes de papel com gota d'\u00e1gua podem ser diversos, podem ser caixas pl\u00e1sticas, caixas de ferro, sacos pl\u00e1sticos transparentes, etc.<br \/>\nO material do clipe de papel \u00e9 fio de a\u00e7o galvanizado, que n\u00e3o \u00e9 f\u00e1cil de desbotar, cor brilhante, n\u00e3o \u00e9 f\u00e1cil de enferrujar, e uma variedade de cores s\u00e3o opcionais.<br \/>\nPode ser usado material de arame de a\u00e7o de alta qualidade para molas, e o clipe de papel \u00e9 mais dur\u00e1vel e n\u00e3o \u00e9 f\u00e1cil de deformar.<\/p>\n<figure id=\"attachment_2399\" aria-describedby=\"caption-attachment-2399\" style=\"width: 900px\" class=\"wp-caption alignnone\"><img decoding=\"async\" class=\"size-full wp-image-2399\" src=\"https:\/\/www.metalwireforms.com\/wp-content\/uploads\/2022\/10\/Droplet-paper-clip-1.jpg\" alt=\"Clipe de papel gota-a-gota (1)\" width=\"900\" height=\"600\" \/><figcaption id=\"caption-attachment-2399\" class=\"wp-caption-text\">Clipe de papel gota-a-gota (1)<\/figcaption><\/figure>\n<h3>Aplica\u00e7\u00e3o<\/h3>\n<p>A forma \u00fanica e os materiais de alta qualidade do clipe de papel gota d'\u00e1gua fazem com que ele tenha uma gama mais ampla de adaptabilidade. Ele pode ser usado infinitamente tanto no estudo quanto no escrit\u00f3rio. As cores do clipe de \u00e1gua s\u00e3o dourado, preto, prata, verde, roxo, rosa dourado, azul, colorido, etc. As especifica\u00e7\u00f5es do grampo de papel gota d'\u00e1gua s\u00e3o pequenas, grandes e super grandes, e os di\u00e2metros do fio s\u00e3o 0,8 mm, 1,0 mm e 1,2 mm, respectivamente.<\/p>\n<figure id=\"attachment_2401\" aria-describedby=\"caption-attachment-2401\" style=\"width: 900px\" class=\"wp-caption alignnone\"><img decoding=\"async\" class=\"size-full wp-image-2401\" src=\"https:\/\/www.metalwireforms.com\/wp-content\/uploads\/2022\/10\/Droplet-paper-clip-4.jpg\" alt=\"Clipe de papel gota-a-gota (4)\" width=\"900\" height=\"600\" srcset=\"https:\/\/www.metalwireforms.com\/wp-content\/uploads\/2022\/10\/Droplet-paper-clip-4.jpg 900w, https:\/\/www.metalwireforms.com\/wp-content\/uploads\/2022\/10\/Droplet-paper-clip-4-300x200.jpg 300w, https:\/\/www.metalwireforms.com\/wp-content\/uploads\/2022\/10\/Droplet-paper-clip-4-150x100.jpg 150w, https:\/\/www.metalwireforms.com\/wp-content\/uploads\/2022\/10\/Droplet-paper-clip-4-768x512.jpg 768w, https:\/\/www.metalwireforms.com\/wp-content\/uploads\/2022\/10\/Droplet-paper-clip-4-18x12.jpg 18w, https:\/\/www.metalwireforms.com\/wp-content\/uploads\/2022\/10\/Droplet-paper-clip-4-600x400.jpg 600w\" sizes=\"(max-width: 900px) 100vw, 900px\" \/><figcaption id=\"caption-attachment-2401\" class=\"wp-caption-text\">Clipe de papel gota-a-gota (4)<\/figcaption><\/figure>\n<p>Os clipes de papel s\u00e3o comumente usados em v\u00e1rios tipos de materiais:<br \/>\n(1) Tipo econ\u00f4mico: Linha sobremoldada de PET<br \/>\n(2) Alta qualidade e pequena quantidade de tipo de cor fixa: fio de ferro + processo de cozimento de tinta<br \/>\n(3) Cor de metal de alta qualidade: fio de ferro + processo de galvanoplastia de cor<br \/>\n(4) Tipo de tend\u00eancia atual: fio de ferro + galvanoplastia dourada \/ galvanoplastia dourada rosa \/ galvanoplastia colorida deslumbrante<br \/>\n(5) Tipo de circula\u00e7\u00e3o cl\u00e1ssica: fio de ferro + cor n\u00edquel galv\u00e2nico \/ preto ferro galv\u00e2nico \/ bronze galv\u00e2nico<\/p>\n<figure id=\"attachment_2400\" aria-describedby=\"caption-attachment-2400\" style=\"width: 900px\" class=\"wp-caption alignnone\"><img loading=\"lazy\" decoding=\"async\" class=\"size-full wp-image-2400\" src=\"https:\/\/www.metalwireforms.com\/wp-content\/uploads\/2022\/10\/Droplet-paper-clip-3.jpg\" alt=\"Clipe de papel gota-a-gota (3)\" width=\"900\" height=\"506\" srcset=\"https:\/\/www.metalwireforms.com\/wp-content\/uploads\/2022\/10\/Droplet-paper-clip-3.jpg 900w, https:\/\/www.metalwireforms.com\/wp-content\/uploads\/2022\/10\/Droplet-paper-clip-3-300x169.jpg 300w, https:\/\/www.metalwireforms.com\/wp-content\/uploads\/2022\/10\/Droplet-paper-clip-3-150x84.jpg 150w, https:\/\/www.metalwireforms.com\/wp-content\/uploads\/2022\/10\/Droplet-paper-clip-3-768x432.jpg 768w, https:\/\/www.metalwireforms.com\/wp-content\/uploads\/2022\/10\/Droplet-paper-clip-3-18x10.jpg 18w, https:\/\/www.metalwireforms.com\/wp-content\/uploads\/2022\/10\/Droplet-paper-clip-3-800x450.jpg 800w, https:\/\/www.metalwireforms.com\/wp-content\/uploads\/2022\/10\/Droplet-paper-clip-3-600x337.jpg 600w\" sizes=\"(max-width: 900px) 100vw, 900px\" \/><figcaption id=\"caption-attachment-2400\" class=\"wp-caption-text\">Clipe de papel gota-a-gota (3)<\/figcaption><\/figure>","protected":false},"excerpt":{"rendered":"<p>Xinsheng \u00e9 especializada na produ\u00e7\u00e3o de produtos formadores de arame de a\u00e7o, principalmente incluindo v\u00e1rias molas, clipes para papel, clipes de cauda longa, clipes para papel, fivelas de arame, etc. A empresa possui uma variedade de m\u00e1quinas formadoras de arame e equipes t\u00e9cnicas profissionais para garantir a m\u00e1xima variedade de necessidades personalizadas dos clientes.<\/p>","protected":false},"featured_media":2405,"template":"","meta":{"ocean_post_layout":"","ocean_both_sidebars_style":"","ocean_both_sidebars_content_width":0,"ocean_both_sidebars_sidebars_width":0,"ocean_sidebar":"0","ocean_second_sidebar":"0","ocean_disable_margins":"enable","ocean_add_body_class":"","ocean_shortcode_before_top_bar":"","ocean_shortcode_after_top_bar":"","ocean_shortcode_before_header":"","ocean_shortcode_after_header":"","ocean_has_shortcode":"","ocean_shortcode_after_title":"","ocean_shortcode_before_footer_widgets":"","ocean_shortcode_after_footer_widgets":"","ocean_shortcode_before_footer_bottom":"","ocean_shortcode_after_footer_bottom":"","ocean_display_top_bar":"default","ocean_display_header":"default","ocean_header_style":"","ocean_center_header_left_menu":"0","ocean_custom_header_template":"0","ocean_custom_logo":0,"ocean_custom_retina_logo":0,"ocean_custom_logo_max_width":0,"ocean_custom_logo_tablet_max_width":0,"ocean_custom_logo_mobile_max_width":0,"ocean_custom_logo_max_height":0,"ocean_custom_logo_tablet_max_height":0,"ocean_custom_logo_mobile_max_height":0,"ocean_header_custom_menu":"0","ocean_menu_typo_font_family":"0","ocean_menu_typo_font_subset":"","ocean_menu_typo_font_size":0,"ocean_menu_typo_font_size_tablet":0,"ocean_menu_typo_font_size_mobile":0,"ocean_menu_typo_font_size_unit":"px","ocean_menu_typo_font_weight":"","ocean_menu_typo_font_weight_tablet":"","ocean_menu_typo_font_weight_mobile":"","ocean_menu_typo_transform":"","ocean_menu_typo_transform_tablet":"","ocean_menu_typo_transform_mobile":"","ocean_menu_typo_line_height":0,"ocean_menu_typo_line_height_tablet":0,"ocean_menu_typo_line_height_mobile":0,"ocean_menu_typo_line_height_unit":"","ocean_menu_typo_spacing":0,"ocean_menu_typo_spacing_tablet":0,"ocean_menu_typo_spacing_mobile":0,"ocean_menu_typo_spacing_unit":"","ocean_menu_link_color":"","ocean_menu_link_color_hover":"","ocean_menu_link_color_active":"","ocean_menu_link_background":"","ocean_menu_link_hover_background":"","ocean_menu_link_active_background":"","ocean_menu_social_links_bg":"","ocean_menu_social_hover_links_bg":"","ocean_menu_social_links_color":"","ocean_menu_social_hover_links_color":"","ocean_disable_title":"default","ocean_disable_heading":"default","ocean_post_title":"","ocean_post_subheading":"","ocean_post_title_style":"","ocean_post_title_background_color":"","ocean_post_title_background":0,"ocean_post_title_bg_image_position":"","ocean_post_title_bg_image_attachment":"","ocean_post_title_bg_image_repeat":"","ocean_post_title_bg_image_size":"","ocean_post_title_height":0,"ocean_post_title_bg_overlay":0.5,"ocean_post_title_bg_overlay_color":"","ocean_disable_breadcrumbs":"default","ocean_breadcrumbs_color":"","ocean_breadcrumbs_separator_color":"","ocean_breadcrumbs_links_color":"","ocean_breadcrumbs_links_hover_color":"","ocean_display_footer_widgets":"default","ocean_display_footer_bottom":"default","ocean_custom_footer_template":"0","ofc_meta_disable_footer_callout":"","ofc_meta_callout_button_url":"","ofc_meta_callout_button_txt":"","ofc_meta_callout_text":"","osh_disable_topbar_sticky":"default","osh_disable_header_sticky":"default","osh_sticky_header_style":"default","osh_sticky_header_effect":"","osh_custom_sticky_logo":0,"osh_custom_retina_sticky_logo":0,"osh_custom_sticky_logo_height":0,"osh_background_color":"","osh_links_color":"","osh_links_hover_color":"","osh_links_active_color":"","osh_links_bg_color":"","osh_links_hover_bg_color":"","osh_links_active_bg_color":"","osh_menu_social_links_color":"","osh_menu_social_hover_links_color":""},"product_brand":[],"product_cat":[152,145],"product_tag":[184,177,197],"class_list":{"0":"post-2395","1":"product","2":"type-product","3":"status-publish","4":"has-post-thumbnail","6":"product_cat-custom-paper-clips","7":"product_cat-custom-wire-fasteners","8":"product_tag-creative-paper-clip","9":"product_tag-custom-paper-clip","10":"product_tag-water-drop-paper-clip","12":"entry","13":"has-media","15":"first","16":"instock","17":"shipping-taxable","18":"product-type-external","19":"col","20":"span_1_of_3","21":"owp-content-center","22":"owp-thumbs-layout-horizontal","23":"owp-btn-very-big","24":"owp-tabs-layout-horizontal","25":"circle-sale"},"_links":{"self":[{"href":"https:\/\/www.metalwireforms.com\/pt\/wp-json\/wp\/v2\/product\/2395","targetHints":{"allow":["GET"]}}],"collection":[{"href":"https:\/\/www.metalwireforms.com\/pt\/wp-json\/wp\/v2\/product"}],"about":[{"href":"https:\/\/www.metalwireforms.com\/pt\/wp-json\/wp\/v2\/types\/product"}],"version-history":[{"count":2,"href":"https:\/\/www.metalwireforms.com\/pt\/wp-json\/wp\/v2\/product\/2395\/revisions"}],"predecessor-version":[{"id":2407,"href":"https:\/\/www.metalwireforms.com\/pt\/wp-json\/wp\/v2\/product\/2395\/revisions\/2407"}],"wp:featuredmedia":[{"embeddable":true,"href":"https:\/\/www.metalwireforms.com\/pt\/wp-json\/wp\/v2\/media\/2405"}],"wp:attachment":[{"href":"https:\/\/www.metalwireforms.com\/pt\/wp-json\/wp\/v2\/media?parent=2395"}],"wp:term":[{"taxonomy":"product_brand","embeddable":true,"href":"https:\/\/www.metalwireforms.com\/pt\/wp-json\/wp\/v2\/product_brand?post=2395"},{"taxonomy":"product_cat","embeddable":true,"href":"https:\/\/www.metalwireforms.com\/pt\/wp-json\/wp\/v2\/product_cat?post=2395"},{"taxonomy":"product_tag","embeddable":true,"href":"https:\/\/www.metalwireforms.com\/pt\/wp-json\/wp\/v2\/product_tag?post=2395"}],"curies":[{"name":"wp","href":"https:\/\/api.w.org\/{rel}","templated":true}]}}