{"id":2349,"date":"2022-09-07T02:33:42","date_gmt":"2022-09-07T02:33:42","guid":{"rendered":"https:\/\/www.metalwireforms.com\/?post_type=product&#038;p=2349"},"modified":"2022-09-12T07:30:50","modified_gmt":"2022-09-12T07:30:50","slug":"custom-galvanized-r-shaped-pin-stainless-steel-spring-pin","status":"publish","type":"product","link":"https:\/\/www.metalwireforms.com\/pt\/produto\/custom-galvanized-r-shaped-pin-stainless-steel-spring-pin","title":{"rendered":"Pino personalizado em forma de R Galvanizado Pino de mola em a\u00e7o inoxid\u00e1vel"},"content":{"rendered":"<figure id=\"attachment_2355\" aria-describedby=\"caption-attachment-2355\" style=\"width: 800px\" class=\"wp-caption alignnone\"><img fetchpriority=\"high\" decoding=\"async\" class=\"size-full wp-image-2355\" src=\"https:\/\/www.metalwireforms.com\/wp-content\/uploads\/2022\/09\/R-shaped-pin-6.jpg\" alt=\"Pino em forma de R (6)\" width=\"800\" height=\"894\" srcset=\"https:\/\/www.metalwireforms.com\/wp-content\/uploads\/2022\/09\/R-shaped-pin-6.jpg 800w, https:\/\/www.metalwireforms.com\/wp-content\/uploads\/2022\/09\/R-shaped-pin-6-268x300.jpg 268w, https:\/\/www.metalwireforms.com\/wp-content\/uploads\/2022\/09\/R-shaped-pin-6-134x150.jpg 134w, https:\/\/www.metalwireforms.com\/wp-content\/uploads\/2022\/09\/R-shaped-pin-6-768x858.jpg 768w, https:\/\/www.metalwireforms.com\/wp-content\/uploads\/2022\/09\/R-shaped-pin-6-11x12.jpg 11w, https:\/\/www.metalwireforms.com\/wp-content\/uploads\/2022\/09\/R-shaped-pin-6-600x671.jpg 600w\" sizes=\"(max-width: 800px) 100vw, 800px\" \/><figcaption id=\"caption-attachment-2355\" class=\"wp-caption-text\">Pino em forma de R (6)<\/figcaption><\/figure>\n<h3>Destaque<\/h3>\n<p>1. Material do pino R: arame de a\u00e7o inoxid\u00e1vel, arame de mola, arame de ferro, a\u00e7o mola, a\u00e7o carbono, etc.<br \/>\n2. Tamanho dos pinos do tipo R: A m\u00e1quina pode produzir pinos com um di\u00e2metro de fio de 0,5-8mm, e os clientes podem fornecer desenhos ou amostras para personaliza\u00e7\u00e3o.<br \/>\n3. Tratamento de superf\u00edcie de pinos do tipo R: galvanoplastia, desengorduramento, etc.<br \/>\n4. Quantidade m\u00ednima de pedidos: quantidade ilimitada, capacidade de produ\u00e7\u00e3o anual \u00e9 de 10 milh\u00f5es.<br \/>\n5. M\u00e1quinas de processamento: m\u00e1quinas de molas, tornos CNC, m\u00e1quinas-ferramentas CNC, perfuratrizes, soldagem por arco de arg\u00f4nio, furadeiras, laminadoras de rosca, etc.<br \/>\n6. O uso de pinos do tipo R: artesanato, brinquedos, eletr\u00f4nicos, acess\u00f3rios de ferragens, moldes, acess\u00f3rios, fixadores, etc.<\/p>\n<h3>Vantagem<\/h3>\n<p>1. A sele\u00e7\u00e3o do material do contrapino \u00e9 rigorosa, n\u00e3o \u00e9 f\u00e1cil de usar, e o tempo de uso \u00e9 longo.<br \/>\n2. O processo de contrapino \u00e9 rigoroso, a estrutura \u00e9 est\u00e1vel, n\u00e3o h\u00e1 rebarbas ap\u00f3s o polimento, a for\u00e7a \u00e9 uniforme, e a superf\u00edcie \u00e9 lisa.<br \/>\n3. A qualidade do pino fendido \u00e9 firme, o processamento \u00e9 delicado e a apar\u00eancia \u00e9 bela.<br \/>\n4. Os pinos de contrapino s\u00e3o produzidos de acordo com os padr\u00f5es da ind\u00fastria, com v\u00e1rias especifica\u00e7\u00f5es convencionais, e tamb\u00e9m podem ser personalizados de acordo com as necessidades do cliente.<\/p>","protected":false},"excerpt":{"rendered":"<p>O pino tipo R, tamb\u00e9m conhecido como contrapino como parte mec\u00e2nica, \u00e9 usado principalmente para evitar o afrouxamento ap\u00f3s a conex\u00e3o roscada. Depois que a porca for apertada, insira o contrapino no furo na cauda do parafuso, e puxe a extremidade do contrapino para evitar a rota\u00e7\u00e3o relativa da porca e do parafuso. O contrapino \u00e9 uma esp\u00e9cie de ferragem met\u00e1lica, comumente conhecida como pino de mola.<\/p>","protected":false},"featured_media":2353,"template":"","meta":{"ocean_post_layout":"","ocean_both_sidebars_style":"","ocean_both_sidebars_content_width":0,"ocean_both_sidebars_sidebars_width":0,"ocean_sidebar":"0","ocean_second_sidebar":"0","ocean_disable_margins":"enable","ocean_add_body_class":"","ocean_shortcode_before_top_bar":"","ocean_shortcode_after_top_bar":"","ocean_shortcode_before_header":"","ocean_shortcode_after_header":"","ocean_has_shortcode":"","ocean_shortcode_after_title":"","ocean_shortcode_before_footer_widgets":"","ocean_shortcode_after_footer_widgets":"","ocean_shortcode_before_footer_bottom":"","ocean_shortcode_after_footer_bottom":"","ocean_display_top_bar":"default","ocean_display_header":"default","ocean_header_style":"","ocean_center_header_left_menu":"0","ocean_custom_header_template":"0","ocean_custom_logo":0,"ocean_custom_retina_logo":0,"ocean_custom_logo_max_width":0,"ocean_custom_logo_tablet_max_width":0,"ocean_custom_logo_mobile_max_width":0,"ocean_custom_logo_max_height":0,"ocean_custom_logo_tablet_max_height":0,"ocean_custom_logo_mobile_max_height":0,"ocean_header_custom_menu":"0","ocean_menu_typo_font_family":"0","ocean_menu_typo_font_subset":"","ocean_menu_typo_font_size":0,"ocean_menu_typo_font_size_tablet":0,"ocean_menu_typo_font_size_mobile":0,"ocean_menu_typo_font_size_unit":"px","ocean_menu_typo_font_weight":"","ocean_menu_typo_font_weight_tablet":"","ocean_menu_typo_font_weight_mobile":"","ocean_menu_typo_transform":"","ocean_menu_typo_transform_tablet":"","ocean_menu_typo_transform_mobile":"","ocean_menu_typo_line_height":0,"ocean_menu_typo_line_height_tablet":0,"ocean_menu_typo_line_height_mobile":0,"ocean_menu_typo_line_height_unit":"","ocean_menu_typo_spacing":0,"ocean_menu_typo_spacing_tablet":0,"ocean_menu_typo_spacing_mobile":0,"ocean_menu_typo_spacing_unit":"","ocean_menu_link_color":"","ocean_menu_link_color_hover":"","ocean_menu_link_color_active":"","ocean_menu_link_background":"","ocean_menu_link_hover_background":"","ocean_menu_link_active_background":"","ocean_menu_social_links_bg":"","ocean_menu_social_hover_links_bg":"","ocean_menu_social_links_color":"","ocean_menu_social_hover_links_color":"","ocean_disable_title":"default","ocean_disable_heading":"default","ocean_post_title":"","ocean_post_subheading":"","ocean_post_title_style":"","ocean_post_title_background_color":"","ocean_post_title_background":0,"ocean_post_title_bg_image_position":"","ocean_post_title_bg_image_attachment":"","ocean_post_title_bg_image_repeat":"","ocean_post_title_bg_image_size":"","ocean_post_title_height":0,"ocean_post_title_bg_overlay":0.5,"ocean_post_title_bg_overlay_color":"","ocean_disable_breadcrumbs":"default","ocean_breadcrumbs_color":"","ocean_breadcrumbs_separator_color":"","ocean_breadcrumbs_links_color":"","ocean_breadcrumbs_links_hover_color":"","ocean_display_footer_widgets":"default","ocean_display_footer_bottom":"default","ocean_custom_footer_template":"0","ofc_meta_disable_footer_callout":"","ofc_meta_callout_button_url":"","ofc_meta_callout_button_txt":"","ofc_meta_callout_text":"","osh_disable_topbar_sticky":"default","osh_disable_header_sticky":"default","osh_sticky_header_style":"default","osh_sticky_header_effect":"","osh_custom_sticky_logo":0,"osh_custom_retina_sticky_logo":0,"osh_custom_sticky_logo_height":0,"osh_background_color":"","osh_links_color":"","osh_links_hover_color":"","osh_links_active_color":"","osh_links_bg_color":"","osh_links_hover_bg_color":"","osh_links_active_bg_color":"","osh_menu_social_links_color":"","osh_menu_social_hover_links_color":""},"product_brand":[],"product_cat":[145,155],"product_tag":[192,194,193],"class_list":{"0":"post-2349","1":"product","2":"type-product","3":"status-publish","4":"has-post-thumbnail","6":"product_cat-custom-wire-fasteners","7":"product_cat-custom-cotter-pins","8":"product_tag-custom-binder","9":"product_tag-dovetail-clips","10":"product_tag-long-tail-clips","12":"entry","13":"has-media","15":"first","16":"instock","17":"shipping-taxable","18":"product-type-external","19":"col","20":"span_1_of_3","21":"owp-content-center","22":"owp-thumbs-layout-horizontal","23":"owp-btn-very-big","24":"owp-tabs-layout-horizontal","25":"circle-sale"},"_links":{"self":[{"href":"https:\/\/www.metalwireforms.com\/pt\/wp-json\/wp\/v2\/product\/2349","targetHints":{"allow":["GET"]}}],"collection":[{"href":"https:\/\/www.metalwireforms.com\/pt\/wp-json\/wp\/v2\/product"}],"about":[{"href":"https:\/\/www.metalwireforms.com\/pt\/wp-json\/wp\/v2\/types\/product"}],"version-history":[{"count":1,"href":"https:\/\/www.metalwireforms.com\/pt\/wp-json\/wp\/v2\/product\/2349\/revisions"}],"predecessor-version":[{"id":2356,"href":"https:\/\/www.metalwireforms.com\/pt\/wp-json\/wp\/v2\/product\/2349\/revisions\/2356"}],"wp:featuredmedia":[{"embeddable":true,"href":"https:\/\/www.metalwireforms.com\/pt\/wp-json\/wp\/v2\/media\/2353"}],"wp:attachment":[{"href":"https:\/\/www.metalwireforms.com\/pt\/wp-json\/wp\/v2\/media?parent=2349"}],"wp:term":[{"taxonomy":"product_brand","embeddable":true,"href":"https:\/\/www.metalwireforms.com\/pt\/wp-json\/wp\/v2\/product_brand?post=2349"},{"taxonomy":"product_cat","embeddable":true,"href":"https:\/\/www.metalwireforms.com\/pt\/wp-json\/wp\/v2\/product_cat?post=2349"},{"taxonomy":"product_tag","embeddable":true,"href":"https:\/\/www.metalwireforms.com\/pt\/wp-json\/wp\/v2\/product_tag?post=2349"}],"curies":[{"name":"wp","href":"https:\/\/api.w.org\/{rel}","templated":true}]}}