{"id":2312,"date":"2022-08-30T09:41:26","date_gmt":"2022-08-30T09:41:26","guid":{"rendered":"https:\/\/www.metalwireforms.com\/?post_type=product&#038;p=2312"},"modified":"2022-08-30T09:52:28","modified_gmt":"2022-08-30T09:52:28","slug":"custom-galvanized-steel-sheet-pp-packing-strapping-clips","status":"publish","type":"product","link":"https:\/\/www.metalwireforms.com\/pt\/produto\/custom-galvanized-steel-sheet-pp-packing-strapping-clips","title":{"rendered":"Folha de A\u00e7o Galvanizado Personalizado Clipes de Cintas de Embalagem PP"},"content":{"rendered":"<figure id=\"attachment_2313\" aria-describedby=\"caption-attachment-2313\" style=\"width: 1000px\" class=\"wp-caption alignnone\"><img fetchpriority=\"high\" decoding=\"async\" class=\"size-full wp-image-2313\" src=\"https:\/\/www.metalwireforms.com\/wp-content\/uploads\/2022\/08\/PP-strapping-clip-1.jpg\" alt=\"Clip de cintagem PP (1)\" width=\"1000\" height=\"563\" srcset=\"https:\/\/www.metalwireforms.com\/wp-content\/uploads\/2022\/08\/PP-strapping-clip-1.jpg 1000w, https:\/\/www.metalwireforms.com\/wp-content\/uploads\/2022\/08\/PP-strapping-clip-1-300x169.jpg 300w, https:\/\/www.metalwireforms.com\/wp-content\/uploads\/2022\/08\/PP-strapping-clip-1-150x84.jpg 150w, https:\/\/www.metalwireforms.com\/wp-content\/uploads\/2022\/08\/PP-strapping-clip-1-768x432.jpg 768w, https:\/\/www.metalwireforms.com\/wp-content\/uploads\/2022\/08\/PP-strapping-clip-1-18x10.jpg 18w, https:\/\/www.metalwireforms.com\/wp-content\/uploads\/2022\/08\/PP-strapping-clip-1-800x450.jpg 800w, https:\/\/www.metalwireforms.com\/wp-content\/uploads\/2022\/08\/PP-strapping-clip-1-600x338.jpg 600w\" sizes=\"(max-width: 1000px) 100vw, 1000px\" \/><figcaption id=\"caption-attachment-2313\" class=\"wp-caption-text\">Clip de cintagem PP (1)<\/figcaption><\/figure>\n<h3>Destaque<\/h3>\n<p>1. O grampo de cintagem PP \u00e9 feito de material de alta qualidade, feito de chapa de a\u00e7o e galvanizado na superf\u00edcie, o que pode evitar a ferrugem em um determinado ambiente.<br \/>\n2. A apar\u00eancia do grampo de cintagem \u00e9 bonita, resistente \u00e0 corros\u00e3o e tem boa ductilidade. A superf\u00edcie da placa \u00e9 plana, galvanizada uniformemente, e a cor \u00e9 brilhante e bonita.<br \/>\n3. A for\u00e7a de fixa\u00e7\u00e3o da veda\u00e7\u00e3o por cintas \u00e9 forte, a superf\u00edcie geral lisa \u00e9 livre de tinta, e n\u00e3o \u00e9 f\u00e1cil de escorregar. O efeito \u00e9 excelente quando usado com a esteira de embalagem.<br \/>\n4. O selo de cintagem personalizado \u00e9 amplamente utilizado e adequado para embalagens PP em geral no mercado. \u00c9 usado com cinta de embalagem PP abaixo de 2,0mm.<\/p>\n<h3>Vantagem<\/h3>\n<p>1. Temos nossa pr\u00f3pria oficina de produ\u00e7\u00e3o e montagem de cintas PP e clipes de cintas PP, com equipamento completo e tecnologia requintada.<br \/>\n2. H\u00e1 uma equipe t\u00e9cnica profissional, capaz de projetar e personalizar clipes de cinta de embalagem, pessoal profissional de servi\u00e7o p\u00f3s-venda e um rigoroso sistema de controle de qualidade.<br \/>\n3. Todas as mat\u00e9rias primas utilizadas para o grampo de cinta de embalagem s\u00e3o rigorosamente selecionadas pela qualidade, apenas para fornecer grampos de cintagem de maior qualidade.<br \/>\n4. Temos muitos anos de experi\u00eancia na produ\u00e7\u00e3o e processamento de clipes de cinta de embalagem. Cooperamos com muitos prestadores de servi\u00e7os. Os clipes para cinta de embalagem suportam personaliza\u00e7\u00e3o especial e produ\u00e7\u00e3o em massa.<\/p>","protected":false},"excerpt":{"rendered":"<p>Os grampos de cintas PP s\u00e3o amplamente utilizados para encaderna\u00e7\u00e3o e fixa\u00e7\u00e3o de produtos de tijolos, madeira, metal, papel, mercadorias, constru\u00e7\u00e3o, pedra, t\u00eaxtil, ferragens, m\u00f3veis, caixa de madeira, a\u00e7o, pedra, fio de a\u00e7o, solda, lingote de alum\u00ednio, embalagens de lingote de zinco e outras ind\u00fastrias.<\/p>","protected":false},"featured_media":2319,"template":"","meta":{"ocean_post_layout":"","ocean_both_sidebars_style":"","ocean_both_sidebars_content_width":0,"ocean_both_sidebars_sidebars_width":0,"ocean_sidebar":"0","ocean_second_sidebar":"0","ocean_disable_margins":"enable","ocean_add_body_class":"","ocean_shortcode_before_top_bar":"","ocean_shortcode_after_top_bar":"","ocean_shortcode_before_header":"","ocean_shortcode_after_header":"","ocean_has_shortcode":"","ocean_shortcode_after_title":"","ocean_shortcode_before_footer_widgets":"","ocean_shortcode_after_footer_widgets":"","ocean_shortcode_before_footer_bottom":"","ocean_shortcode_after_footer_bottom":"","ocean_display_top_bar":"default","ocean_display_header":"default","ocean_header_style":"","ocean_center_header_left_menu":"0","ocean_custom_header_template":"0","ocean_custom_logo":0,"ocean_custom_retina_logo":0,"ocean_custom_logo_max_width":0,"ocean_custom_logo_tablet_max_width":0,"ocean_custom_logo_mobile_max_width":0,"ocean_custom_logo_max_height":0,"ocean_custom_logo_tablet_max_height":0,"ocean_custom_logo_mobile_max_height":0,"ocean_header_custom_menu":"0","ocean_menu_typo_font_family":"0","ocean_menu_typo_font_subset":"","ocean_menu_typo_font_size":0,"ocean_menu_typo_font_size_tablet":0,"ocean_menu_typo_font_size_mobile":0,"ocean_menu_typo_font_size_unit":"px","ocean_menu_typo_font_weight":"","ocean_menu_typo_font_weight_tablet":"","ocean_menu_typo_font_weight_mobile":"","ocean_menu_typo_transform":"","ocean_menu_typo_transform_tablet":"","ocean_menu_typo_transform_mobile":"","ocean_menu_typo_line_height":0,"ocean_menu_typo_line_height_tablet":0,"ocean_menu_typo_line_height_mobile":0,"ocean_menu_typo_line_height_unit":"","ocean_menu_typo_spacing":0,"ocean_menu_typo_spacing_tablet":0,"ocean_menu_typo_spacing_mobile":0,"ocean_menu_typo_spacing_unit":"","ocean_menu_link_color":"","ocean_menu_link_color_hover":"","ocean_menu_link_color_active":"","ocean_menu_link_background":"","ocean_menu_link_hover_background":"","ocean_menu_link_active_background":"","ocean_menu_social_links_bg":"","ocean_menu_social_hover_links_bg":"","ocean_menu_social_links_color":"","ocean_menu_social_hover_links_color":"","ocean_disable_title":"default","ocean_disable_heading":"default","ocean_post_title":"","ocean_post_subheading":"","ocean_post_title_style":"","ocean_post_title_background_color":"","ocean_post_title_background":0,"ocean_post_title_bg_image_position":"","ocean_post_title_bg_image_attachment":"","ocean_post_title_bg_image_repeat":"","ocean_post_title_bg_image_size":"","ocean_post_title_height":0,"ocean_post_title_bg_overlay":0.5,"ocean_post_title_bg_overlay_color":"","ocean_disable_breadcrumbs":"default","ocean_breadcrumbs_color":"","ocean_breadcrumbs_separator_color":"","ocean_breadcrumbs_links_color":"","ocean_breadcrumbs_links_hover_color":"","ocean_display_footer_widgets":"default","ocean_display_footer_bottom":"default","ocean_custom_footer_template":"0","ofc_meta_disable_footer_callout":"","ofc_meta_callout_button_url":"","ofc_meta_callout_button_txt":"","ofc_meta_callout_text":"","osh_disable_topbar_sticky":"default","osh_disable_header_sticky":"default","osh_sticky_header_style":"default","osh_sticky_header_effect":"","osh_custom_sticky_logo":0,"osh_custom_retina_sticky_logo":0,"osh_custom_sticky_logo_height":0,"osh_background_color":"","osh_links_color":"","osh_links_hover_color":"","osh_links_active_color":"","osh_links_bg_color":"","osh_links_hover_bg_color":"","osh_links_active_bg_color":"","osh_menu_social_links_color":"","osh_menu_social_hover_links_color":""},"product_brand":[],"product_cat":[145,34],"product_tag":[187,188,189],"class_list":{"0":"post-2312","1":"product","2":"type-product","3":"status-publish","4":"has-post-thumbnail","6":"product_cat-custom-wire-fasteners","7":"product_cat-custom-other-clips","8":"product_tag-custom-strapping-clip","9":"product_tag-custom-strapping-seal","10":"product_tag-packaging-clip","12":"entry","13":"has-media","15":"first","16":"instock","17":"shipping-taxable","18":"product-type-external","19":"col","20":"span_1_of_3","21":"owp-content-center","22":"owp-thumbs-layout-horizontal","23":"owp-btn-very-big","24":"owp-tabs-layout-horizontal","25":"circle-sale"},"_links":{"self":[{"href":"https:\/\/www.metalwireforms.com\/pt\/wp-json\/wp\/v2\/product\/2312","targetHints":{"allow":["GET"]}}],"collection":[{"href":"https:\/\/www.metalwireforms.com\/pt\/wp-json\/wp\/v2\/product"}],"about":[{"href":"https:\/\/www.metalwireforms.com\/pt\/wp-json\/wp\/v2\/types\/product"}],"version-history":[{"count":1,"href":"https:\/\/www.metalwireforms.com\/pt\/wp-json\/wp\/v2\/product\/2312\/revisions"}],"predecessor-version":[{"id":2318,"href":"https:\/\/www.metalwireforms.com\/pt\/wp-json\/wp\/v2\/product\/2312\/revisions\/2318"}],"wp:featuredmedia":[{"embeddable":true,"href":"https:\/\/www.metalwireforms.com\/pt\/wp-json\/wp\/v2\/media\/2319"}],"wp:attachment":[{"href":"https:\/\/www.metalwireforms.com\/pt\/wp-json\/wp\/v2\/media?parent=2312"}],"wp:term":[{"taxonomy":"product_brand","embeddable":true,"href":"https:\/\/www.metalwireforms.com\/pt\/wp-json\/wp\/v2\/product_brand?post=2312"},{"taxonomy":"product_cat","embeddable":true,"href":"https:\/\/www.metalwireforms.com\/pt\/wp-json\/wp\/v2\/product_cat?post=2312"},{"taxonomy":"product_tag","embeddable":true,"href":"https:\/\/www.metalwireforms.com\/pt\/wp-json\/wp\/v2\/product_tag?post=2312"}],"curies":[{"name":"wp","href":"https:\/\/api.w.org\/{rel}","templated":true}]}}