{"id":2191,"date":"2022-08-20T09:30:51","date_gmt":"2022-08-20T09:30:51","guid":{"rendered":"https:\/\/www.metalwireforms.com\/?post_type=product&#038;p=2191"},"modified":"2022-12-12T08:49:38","modified_gmt":"2022-12-12T08:49:38","slug":"custom-large-wire-diameter-mechanical-compression-spring","status":"publish","type":"product","link":"https:\/\/www.metalwireforms.com\/pt\/produto\/custom-large-wire-diameter-mechanical-compression-spring","title":{"rendered":"Mola de compress\u00e3o mec\u00e2nica com grande di\u00e2metro de arame sob encomenda"},"content":{"rendered":"<figure id=\"attachment_2192\" aria-describedby=\"caption-attachment-2192\" style=\"width: 1000px\" class=\"wp-caption alignnone\"><img fetchpriority=\"high\" decoding=\"async\" class=\"size-full wp-image-2192\" src=\"https:\/\/www.metalwireforms.com\/wp-content\/uploads\/2022\/08\/CNC-spring-making-machine.jpg\" alt=\"M\u00e1quina para fabrica\u00e7\u00e3o de molas CNC\" width=\"1000\" height=\"562\" srcset=\"https:\/\/www.metalwireforms.com\/wp-content\/uploads\/2022\/08\/CNC-spring-making-machine.jpg 1000w, https:\/\/www.metalwireforms.com\/wp-content\/uploads\/2022\/08\/CNC-spring-making-machine-300x169.jpg 300w, https:\/\/www.metalwireforms.com\/wp-content\/uploads\/2022\/08\/CNC-spring-making-machine-150x84.jpg 150w, https:\/\/www.metalwireforms.com\/wp-content\/uploads\/2022\/08\/CNC-spring-making-machine-768x432.jpg 768w, https:\/\/www.metalwireforms.com\/wp-content\/uploads\/2022\/08\/CNC-spring-making-machine-18x10.jpg 18w, https:\/\/www.metalwireforms.com\/wp-content\/uploads\/2022\/08\/CNC-spring-making-machine-800x450.jpg 800w, https:\/\/www.metalwireforms.com\/wp-content\/uploads\/2022\/08\/CNC-spring-making-machine-600x337.jpg 600w\" sizes=\"(max-width: 1000px) 100vw, 1000px\" \/><figcaption id=\"caption-attachment-2192\" class=\"wp-caption-text\">M\u00e1quina para fabrica\u00e7\u00e3o de molas CNC<\/figcaption><\/figure>\n<h3>Destaque<\/h3>\n<p>1. A mola de compress\u00e3o de a\u00e7o inoxid\u00e1vel tem boa elasticidade, forte resist\u00eancia \u00e0 fadiga e boa resist\u00eancia \u00e0 corros\u00e3o<br \/>\n2. A mola de compress\u00e3o em a\u00e7o mola \u00e9 resistente ao desgaste e dur\u00e1vel, com superf\u00edcie lisa, boa elasticidade e forte resist\u00eancia \u00e0 fadiga.<br \/>\n3. A diferen\u00e7a entre molas de a\u00e7o inoxid\u00e1vel e molas de a\u00e7o mola: o a\u00e7o inoxid\u00e1vel \u00e9 \u00e0 prova de ferrugem, macio, adequado para aplica\u00e7\u00f5es el\u00e1sticas de baixa resist\u00eancia, e tem elasticidade mais fraca e duradoura. O a\u00e7o para molas n\u00e3o \u00e9 \u00e0 prova de ferrugem, e o material \u00e9 duro. \u00c9 adequado para aplica\u00e7\u00f5es el\u00e1sticas de alta resist\u00eancia e tem uma elasticidade de longa dura\u00e7\u00e3o.<br \/>\n4. Podemos aplicar v\u00e1rios tratamentos de superf\u00edcie \u00e0 mola de compress\u00e3o para tornar a superf\u00edcie da mola firme, melhorar sua elasticidade e prolongar sua vida \u00fatil.<\/p>\n<h3>Aplica\u00e7\u00e3o<\/h3>\n<p>Molas de compress\u00e3o personalizadas s\u00e3o amplamente utilizadas e s\u00e3o adequadas para tipos comuns de ferragens, bicicletas, ve\u00edculos el\u00e9tricos, motocicletas, autom\u00f3veis, navios, v\u00e1lvulas, aparelhos el\u00e9tricos, interruptores, brinquedos, interruptores eletr\u00f4nicos, autope\u00e7as e outras ind\u00fastrias. Elas tamb\u00e9m s\u00e3o adequadas para alimentos, embalagens, equipamentos m\u00e9dicos, prote\u00e7\u00e3o ambiental, aeroespacial, etc. Nossa f\u00e1brica obteve a certifica\u00e7\u00e3o do sistema de qualidade IS9001, e o equipamento de teste de mola de compress\u00e3o est\u00e1 completo, como: projetor, m\u00e1quina de teste de tor\u00e7\u00e3o, m\u00e1quina de teste de tens\u00e3o de compress\u00e3o, m\u00e1quina de teste de spray salino, m\u00e1quina de teste de vida \u00fatil, etc. A taxa de rendimento \u00e9 controlada acima de 99,8%.<\/p>","protected":false},"excerpt":{"rendered":"<p>As molas de compress\u00e3o est\u00e3o dispon\u00edveis em muitos materiais e designs diferentes para diferentes ambientes e aplica\u00e7\u00f5es. Podemos alcan\u00e7ar uma variedade quase infinita de molas de compress\u00e3o ajustando o di\u00e2metro externo, o di\u00e2metro do fio, o comprimento e o passo da mola. Nossas molas de compress\u00e3o padr\u00e3o t\u00eam di\u00e2metros de arame variando de 0,2mm a 3mm, e as molas de compress\u00e3o personalizadas t\u00eam di\u00e2metros de arame variando de 0,08mm a 8,00mm.<\/p>","protected":false},"featured_media":2187,"template":"","meta":{"ocean_post_layout":"","ocean_both_sidebars_style":"","ocean_both_sidebars_content_width":0,"ocean_both_sidebars_sidebars_width":0,"ocean_sidebar":"0","ocean_second_sidebar":"0","ocean_disable_margins":"enable","ocean_add_body_class":"","ocean_shortcode_before_top_bar":"","ocean_shortcode_after_top_bar":"","ocean_shortcode_before_header":"","ocean_shortcode_after_header":"","ocean_has_shortcode":"","ocean_shortcode_after_title":"","ocean_shortcode_before_footer_widgets":"","ocean_shortcode_after_footer_widgets":"","ocean_shortcode_before_footer_bottom":"","ocean_shortcode_after_footer_bottom":"","ocean_display_top_bar":"default","ocean_display_header":"default","ocean_header_style":"","ocean_center_header_left_menu":"0","ocean_custom_header_template":"0","ocean_custom_logo":0,"ocean_custom_retina_logo":0,"ocean_custom_logo_max_width":0,"ocean_custom_logo_tablet_max_width":0,"ocean_custom_logo_mobile_max_width":0,"ocean_custom_logo_max_height":0,"ocean_custom_logo_tablet_max_height":0,"ocean_custom_logo_mobile_max_height":0,"ocean_header_custom_menu":"0","ocean_menu_typo_font_family":"0","ocean_menu_typo_font_subset":"","ocean_menu_typo_font_size":0,"ocean_menu_typo_font_size_tablet":0,"ocean_menu_typo_font_size_mobile":0,"ocean_menu_typo_font_size_unit":"px","ocean_menu_typo_font_weight":"","ocean_menu_typo_font_weight_tablet":"","ocean_menu_typo_font_weight_mobile":"","ocean_menu_typo_transform":"","ocean_menu_typo_transform_tablet":"","ocean_menu_typo_transform_mobile":"","ocean_menu_typo_line_height":0,"ocean_menu_typo_line_height_tablet":0,"ocean_menu_typo_line_height_mobile":0,"ocean_menu_typo_line_height_unit":"","ocean_menu_typo_spacing":0,"ocean_menu_typo_spacing_tablet":0,"ocean_menu_typo_spacing_mobile":0,"ocean_menu_typo_spacing_unit":"","ocean_menu_link_color":"","ocean_menu_link_color_hover":"","ocean_menu_link_color_active":"","ocean_menu_link_background":"","ocean_menu_link_hover_background":"","ocean_menu_link_active_background":"","ocean_menu_social_links_bg":"","ocean_menu_social_hover_links_bg":"","ocean_menu_social_links_color":"","ocean_menu_social_hover_links_color":"","ocean_disable_title":"default","ocean_disable_heading":"default","ocean_post_title":"","ocean_post_subheading":"","ocean_post_title_style":"","ocean_post_title_background_color":"","ocean_post_title_background":0,"ocean_post_title_bg_image_position":"","ocean_post_title_bg_image_attachment":"","ocean_post_title_bg_image_repeat":"","ocean_post_title_bg_image_size":"","ocean_post_title_height":0,"ocean_post_title_bg_overlay":0.5,"ocean_post_title_bg_overlay_color":"","ocean_disable_breadcrumbs":"default","ocean_breadcrumbs_color":"","ocean_breadcrumbs_separator_color":"","ocean_breadcrumbs_links_color":"","ocean_breadcrumbs_links_hover_color":"","ocean_display_footer_widgets":"default","ocean_display_footer_bottom":"default","ocean_custom_footer_template":"0","ofc_meta_disable_footer_callout":"","ofc_meta_callout_button_url":"","ofc_meta_callout_button_txt":"","ofc_meta_callout_text":"","osh_disable_topbar_sticky":"default","osh_disable_header_sticky":"default","osh_sticky_header_style":"default","osh_sticky_header_effect":"","osh_custom_sticky_logo":0,"osh_custom_retina_sticky_logo":0,"osh_custom_sticky_logo_height":0,"osh_background_color":"","osh_links_color":"","osh_links_hover_color":"","osh_links_active_color":"","osh_links_bg_color":"","osh_links_hover_bg_color":"","osh_links_active_bg_color":"","osh_menu_social_links_color":"","osh_menu_social_hover_links_color":""},"product_brand":[],"product_cat":[144,25],"product_tag":[98,179,180],"class_list":{"0":"post-2191","1":"product","2":"type-product","3":"status-publish","4":"has-post-thumbnail","6":"product_cat-custom-springs","7":"product_cat-custom-compression-springs","8":"product_tag-compression-spring","9":"product_tag-customized-spring","10":"product_tag-large-compression-spring","12":"entry","13":"has-media","15":"first","16":"instock","17":"shipping-taxable","18":"product-type-external","19":"col","20":"span_1_of_3","21":"owp-content-center","22":"owp-thumbs-layout-horizontal","23":"owp-btn-very-big","24":"owp-tabs-layout-horizontal","25":"circle-sale"},"_links":{"self":[{"href":"https:\/\/www.metalwireforms.com\/pt\/wp-json\/wp\/v2\/product\/2191","targetHints":{"allow":["GET"]}}],"collection":[{"href":"https:\/\/www.metalwireforms.com\/pt\/wp-json\/wp\/v2\/product"}],"about":[{"href":"https:\/\/www.metalwireforms.com\/pt\/wp-json\/wp\/v2\/types\/product"}],"version-history":[{"count":2,"href":"https:\/\/www.metalwireforms.com\/pt\/wp-json\/wp\/v2\/product\/2191\/revisions"}],"predecessor-version":[{"id":2194,"href":"https:\/\/www.metalwireforms.com\/pt\/wp-json\/wp\/v2\/product\/2191\/revisions\/2194"}],"wp:featuredmedia":[{"embeddable":true,"href":"https:\/\/www.metalwireforms.com\/pt\/wp-json\/wp\/v2\/media\/2187"}],"wp:attachment":[{"href":"https:\/\/www.metalwireforms.com\/pt\/wp-json\/wp\/v2\/media?parent=2191"}],"wp:term":[{"taxonomy":"product_brand","embeddable":true,"href":"https:\/\/www.metalwireforms.com\/pt\/wp-json\/wp\/v2\/product_brand?post=2191"},{"taxonomy":"product_cat","embeddable":true,"href":"https:\/\/www.metalwireforms.com\/pt\/wp-json\/wp\/v2\/product_cat?post=2191"},{"taxonomy":"product_tag","embeddable":true,"href":"https:\/\/www.metalwireforms.com\/pt\/wp-json\/wp\/v2\/product_tag?post=2191"}],"curies":[{"name":"wp","href":"https:\/\/api.w.org\/{rel}","templated":true}]}}