{"id":2183,"date":"2022-08-19T09:30:21","date_gmt":"2022-08-19T09:30:21","guid":{"rendered":"https:\/\/www.metalwireforms.com\/?post_type=product&#038;p=2183"},"modified":"2022-08-19T09:35:16","modified_gmt":"2022-08-19T09:35:16","slug":"custom-creative-colorful-musical-special-shaped-paper-clip","status":"publish","type":"product","link":"https:\/\/www.metalwireforms.com\/pt\/produto\/custom-creative-colorful-musical-special-shaped-paper-clip","title":{"rendered":"Personalizado Criativo Musical Colorido Clip de papel em forma especial"},"content":{"rendered":"<p>Um clipe de papel \u00e9 um peda\u00e7o de papel feito dobrando um fio met\u00e1lico para frente e para tr\u00e1s. O clipe de papel parece ser a mais simples de todas as inven\u00e7\u00f5es. Nada mais \u00e9 do que um pequeno peda\u00e7o de arame dobrado com papel. Mas o clipe de papel passou por muitos desenhos repetidos antes de ser feito com a forma que usamos hoje.<\/p>\n<figure id=\"attachment_2175\" aria-describedby=\"caption-attachment-2175\" style=\"width: 1000px\" class=\"wp-caption alignnone\"><img fetchpriority=\"high\" decoding=\"async\" class=\"size-full wp-image-2175\" src=\"https:\/\/www.metalwireforms.com\/wp-content\/uploads\/2022\/08\/musical-note-paper-clip-8.jpg\" alt=\"clipe de papel de nota musical (8)\" width=\"1000\" height=\"563\" srcset=\"https:\/\/www.metalwireforms.com\/wp-content\/uploads\/2022\/08\/musical-note-paper-clip-8.jpg 1000w, https:\/\/www.metalwireforms.com\/wp-content\/uploads\/2022\/08\/musical-note-paper-clip-8-300x169.jpg 300w, https:\/\/www.metalwireforms.com\/wp-content\/uploads\/2022\/08\/musical-note-paper-clip-8-150x84.jpg 150w, https:\/\/www.metalwireforms.com\/wp-content\/uploads\/2022\/08\/musical-note-paper-clip-8-768x432.jpg 768w, https:\/\/www.metalwireforms.com\/wp-content\/uploads\/2022\/08\/musical-note-paper-clip-8-18x10.jpg 18w, https:\/\/www.metalwireforms.com\/wp-content\/uploads\/2022\/08\/musical-note-paper-clip-8-800x450.jpg 800w, https:\/\/www.metalwireforms.com\/wp-content\/uploads\/2022\/08\/musical-note-paper-clip-8-600x338.jpg 600w\" sizes=\"(max-width: 1000px) 100vw, 1000px\" \/><figcaption id=\"caption-attachment-2175\" class=\"wp-caption-text\">clipe de papel de nota musical (8)<\/figcaption><\/figure>\n<h3>Destaque<\/h3>\n<p>1. O formato do clipe de papel \u00e9 bonito e real, e a forma do pr\u00f3prio cliente pode ser personalizada, incluindo tamanho, cor e material.<br \/>\n2. Voc\u00ea pode especificar a embalagem que os h\u00f3spedes gostam.<br \/>\n3. Os materiais utilizados no produto s\u00e3o ecologicamente corretos e n\u00e3o t\u00f3xicos, de acordo com a norma de exporta\u00e7\u00e3o da UE.<br \/>\n4. Lindos clipes de papel trazem aos usu\u00e1rios uma atmosfera relaxada e agrad\u00e1vel de aprendizagem ou de escrit\u00f3rio.<br \/>\n5. Os clipes de papel s\u00e3o utilizados principalmente para perif\u00e9ricos de papelaria e produtos de apoio a cadernos, presentes de papelaria.<\/p>\n<h3>Vantagem<\/h3>\n<p>1. Parte dos clipes de papel personalizados s\u00e3o feitos de arame de ferro ou a\u00e7o carbono. O tratamento de superf\u00edcie inclui revestimento pl\u00e1stico PVC, revestimento pl\u00e1stico PET, galvanoplastia de n\u00edquel, galvanoplastia colorida, tinta de cozimento, etc. \u00c9 ecologicamente correto e pode passar no teste de prote\u00e7\u00e3o ambiental europeu e americano EN71.<br \/>\n2. O tamanho do clipe de papel personalizado pode ser personalizado, que precisa ser determinado de acordo com a demanda e a capacidade de produ\u00e7\u00e3o da m\u00e1quina. E para a forma, s\u00f3 voc\u00ea n\u00e3o pode pensar, n\u00e3o h\u00e1 nada que n\u00e3o possamos fazer.<br \/>\n3. Documentos originais tais como AI\/CDR\/PDF devem ser fornecidos para o esbo\u00e7o do projeto de clipes de papel personalizados. Se n\u00e3o houver um desenho original, devem ser fornecidas fotos claras.<br \/>\n4. As embalagens convencionais de clipes de papel incluem conjuntos de cart\u00f5es de papel, caixas coloridas, caixas PP, caixas pl\u00e1sticas PS, caixas de ferro, caixas push-pull, etc.<\/p>","protected":false},"excerpt":{"rendered":"<p>Somos especializados na produ\u00e7\u00e3o de clipes para papel, marcadores publicit\u00e1rios, clipes de cauda longa, clipes de ferro forjado, porta-recibos, porta-cart\u00f5es de visita em metal, marcadores em a\u00e7o inoxid\u00e1vel, ganchos de metal, molas de formato especial, clipes para tubos, grampos, etc. A empresa tem quase 10 anos de experi\u00eancia em produ\u00e7\u00e3o. Pre\u00e7o acess\u00edvel, qualidade garantida.<\/p>","protected":false},"featured_media":2181,"template":"","meta":{"ocean_post_layout":"","ocean_both_sidebars_style":"","ocean_both_sidebars_content_width":0,"ocean_both_sidebars_sidebars_width":0,"ocean_sidebar":"0","ocean_second_sidebar":"0","ocean_disable_margins":"enable","ocean_add_body_class":"","ocean_shortcode_before_top_bar":"","ocean_shortcode_after_top_bar":"","ocean_shortcode_before_header":"","ocean_shortcode_after_header":"","ocean_has_shortcode":"","ocean_shortcode_after_title":"","ocean_shortcode_before_footer_widgets":"","ocean_shortcode_after_footer_widgets":"","ocean_shortcode_before_footer_bottom":"","ocean_shortcode_after_footer_bottom":"","ocean_display_top_bar":"default","ocean_display_header":"default","ocean_header_style":"","ocean_center_header_left_menu":"0","ocean_custom_header_template":"0","ocean_custom_logo":0,"ocean_custom_retina_logo":0,"ocean_custom_logo_max_width":0,"ocean_custom_logo_tablet_max_width":0,"ocean_custom_logo_mobile_max_width":0,"ocean_custom_logo_max_height":0,"ocean_custom_logo_tablet_max_height":0,"ocean_custom_logo_mobile_max_height":0,"ocean_header_custom_menu":"0","ocean_menu_typo_font_family":"0","ocean_menu_typo_font_subset":"","ocean_menu_typo_font_size":0,"ocean_menu_typo_font_size_tablet":0,"ocean_menu_typo_font_size_mobile":0,"ocean_menu_typo_font_size_unit":"px","ocean_menu_typo_font_weight":"","ocean_menu_typo_font_weight_tablet":"","ocean_menu_typo_font_weight_mobile":"","ocean_menu_typo_transform":"","ocean_menu_typo_transform_tablet":"","ocean_menu_typo_transform_mobile":"","ocean_menu_typo_line_height":0,"ocean_menu_typo_line_height_tablet":0,"ocean_menu_typo_line_height_mobile":0,"ocean_menu_typo_line_height_unit":"","ocean_menu_typo_spacing":0,"ocean_menu_typo_spacing_tablet":0,"ocean_menu_typo_spacing_mobile":0,"ocean_menu_typo_spacing_unit":"","ocean_menu_link_color":"","ocean_menu_link_color_hover":"","ocean_menu_link_color_active":"","ocean_menu_link_background":"","ocean_menu_link_hover_background":"","ocean_menu_link_active_background":"","ocean_menu_social_links_bg":"","ocean_menu_social_hover_links_bg":"","ocean_menu_social_links_color":"","ocean_menu_social_hover_links_color":"","ocean_disable_title":"default","ocean_disable_heading":"default","ocean_post_title":"","ocean_post_subheading":"","ocean_post_title_style":"","ocean_post_title_background_color":"","ocean_post_title_background":0,"ocean_post_title_bg_image_position":"","ocean_post_title_bg_image_attachment":"","ocean_post_title_bg_image_repeat":"","ocean_post_title_bg_image_size":"","ocean_post_title_height":0,"ocean_post_title_bg_overlay":0.5,"ocean_post_title_bg_overlay_color":"","ocean_disable_breadcrumbs":"default","ocean_breadcrumbs_color":"","ocean_breadcrumbs_separator_color":"","ocean_breadcrumbs_links_color":"","ocean_breadcrumbs_links_hover_color":"","ocean_display_footer_widgets":"default","ocean_display_footer_bottom":"default","ocean_custom_footer_template":"0","ofc_meta_disable_footer_callout":"","ofc_meta_callout_button_url":"","ofc_meta_callout_button_txt":"","ofc_meta_callout_text":"","osh_disable_topbar_sticky":"default","osh_disable_header_sticky":"default","osh_sticky_header_style":"default","osh_sticky_header_effect":"","osh_custom_sticky_logo":0,"osh_custom_retina_sticky_logo":0,"osh_custom_sticky_logo_height":0,"osh_background_color":"","osh_links_color":"","osh_links_hover_color":"","osh_links_active_color":"","osh_links_bg_color":"","osh_links_hover_bg_color":"","osh_links_active_bg_color":"","osh_menu_social_links_color":"","osh_menu_social_hover_links_color":""},"product_brand":[],"product_cat":[145,152],"product_tag":[177,109,178],"class_list":{"0":"post-2183","1":"product","2":"type-product","3":"status-publish","4":"has-post-thumbnail","6":"product_cat-custom-wire-fasteners","7":"product_cat-custom-paper-clips","8":"product_tag-custom-paper-clip","9":"product_tag-paper-clip","10":"product_tag-paper-clip-design","12":"entry","13":"has-media","15":"first","16":"instock","17":"shipping-taxable","18":"product-type-external","19":"col","20":"span_1_of_3","21":"owp-content-center","22":"owp-thumbs-layout-horizontal","23":"owp-btn-very-big","24":"owp-tabs-layout-horizontal","25":"circle-sale"},"_links":{"self":[{"href":"https:\/\/www.metalwireforms.com\/pt\/wp-json\/wp\/v2\/product\/2183","targetHints":{"allow":["GET"]}}],"collection":[{"href":"https:\/\/www.metalwireforms.com\/pt\/wp-json\/wp\/v2\/product"}],"about":[{"href":"https:\/\/www.metalwireforms.com\/pt\/wp-json\/wp\/v2\/types\/product"}],"version-history":[{"count":2,"href":"https:\/\/www.metalwireforms.com\/pt\/wp-json\/wp\/v2\/product\/2183\/revisions"}],"predecessor-version":[{"id":2185,"href":"https:\/\/www.metalwireforms.com\/pt\/wp-json\/wp\/v2\/product\/2183\/revisions\/2185"}],"wp:featuredmedia":[{"embeddable":true,"href":"https:\/\/www.metalwireforms.com\/pt\/wp-json\/wp\/v2\/media\/2181"}],"wp:attachment":[{"href":"https:\/\/www.metalwireforms.com\/pt\/wp-json\/wp\/v2\/media?parent=2183"}],"wp:term":[{"taxonomy":"product_brand","embeddable":true,"href":"https:\/\/www.metalwireforms.com\/pt\/wp-json\/wp\/v2\/product_brand?post=2183"},{"taxonomy":"product_cat","embeddable":true,"href":"https:\/\/www.metalwireforms.com\/pt\/wp-json\/wp\/v2\/product_cat?post=2183"},{"taxonomy":"product_tag","embeddable":true,"href":"https:\/\/www.metalwireforms.com\/pt\/wp-json\/wp\/v2\/product_tag?post=2183"}],"curies":[{"name":"wp","href":"https:\/\/api.w.org\/{rel}","templated":true}]}}