{"id":2164,"date":"2022-08-17T09:28:04","date_gmt":"2022-08-17T09:28:04","guid":{"rendered":"https:\/\/www.metalwireforms.com\/?post_type=product&#038;p=2164"},"modified":"2022-12-12T08:48:39","modified_gmt":"2022-12-12T08:48:39","slug":"customized-3d-stainless-steel-wire-bracket-forming-bending","status":"publish","type":"product","link":"https:\/\/www.metalwireforms.com\/pt\/produto\/customized-3d-stainless-steel-wire-bracket-forming-bending","title":{"rendered":"Dobragem personalizada de suportes de arame de a\u00e7o inoxid\u00e1vel 3D"},"content":{"rendered":"<figure id=\"attachment_1929\" aria-describedby=\"caption-attachment-1929\" style=\"width: 960px\" class=\"wp-caption alignnone\"><img fetchpriority=\"high\" decoding=\"async\" class=\"size-full wp-image-1929\" src=\"https:\/\/www.metalwireforms.com\/wp-content\/uploads\/2021\/11\/wire-bending.jpg\" alt=\"dobramento de fios\" width=\"960\" height=\"800\" srcset=\"https:\/\/www.metalwireforms.com\/wp-content\/uploads\/2021\/11\/wire-bending.jpg 960w, https:\/\/www.metalwireforms.com\/wp-content\/uploads\/2021\/11\/wire-bending-300x250.jpg 300w, https:\/\/www.metalwireforms.com\/wp-content\/uploads\/2021\/11\/wire-bending-150x125.jpg 150w, https:\/\/www.metalwireforms.com\/wp-content\/uploads\/2021\/11\/wire-bending-768x640.jpg 768w, https:\/\/www.metalwireforms.com\/wp-content\/uploads\/2021\/11\/wire-bending-14x12.jpg 14w, https:\/\/www.metalwireforms.com\/wp-content\/uploads\/2021\/11\/wire-bending-600x500.jpg 600w\" sizes=\"(max-width: 960px) 100vw, 960px\" \/><figcaption id=\"caption-attachment-1929\" class=\"wp-caption-text\">dobramento de fios<\/figcaption><\/figure>\n<h3>Destaque<\/h3>\n<p>1. Material: arame de a\u00e7o inoxid\u00e1vel, arame de ferro, arame de ferro, arame de cobre, arame de mola, arame de mola, arame de a\u00e7o carbono, etc.<br \/>\n2. Categoria: dobra de fio de a\u00e7o, dobra de fio de ferro, dobra de fio de a\u00e7o inoxid\u00e1vel, forma\u00e7\u00e3o de mola, aro de fio de a\u00e7o inoxid\u00e1vel, bra\u00e7adeira de fio de a\u00e7o, aro de fio duplo, pino R, suporte de gancho de chapa plana, gancho, cabide de spray.<br \/>\n3. Tamanho: di\u00e2metro do fio 0,08-12,0MM, pode ser personalizado.<br \/>\n4. Superf\u00edcie: Pode ser personalizada de acordo com diferentes necessidades, tais como zincagem, niquelagem, cromagem, etc., ou pintura de panifica\u00e7\u00e3o ou revestimento pl\u00e1stico, etc.<\/p>\n<h3>Aplica\u00e7\u00e3o<\/h3>\n<p>Artesanato, brinquedos, eletr\u00f4nicos, equipamentos esportivos e de fitness, autom\u00f3veis, acess\u00f3rios de ferragens, decora\u00e7\u00e3o, pingentes multifuncionais, acess\u00f3rios de cozinha, acess\u00f3rios de banheiro dom\u00e9stico, moldes, lumin\u00e1rias, etc.<\/p>","protected":false},"excerpt":{"rendered":"<p>A produ\u00e7\u00e3o de suportes de fio de a\u00e7o \u00e9 feita de materiais de alta qualidade, que podem atingir superf\u00edcie lisa, dureza e tenacidade confi\u00e1veis e estrutura est\u00e1vel, que pode quase atender \u00e0s necessidades personalizadas de todos os clientes. Em segundo lugar, o suporte \u00e9 uniformemente tensionado, tem forte resist\u00eancia \u00e0 press\u00e3o, n\u00e3o \u00e9 f\u00e1cil de deformar, n\u00e3o \u00e9 f\u00e1cil de encurtar e quebrar, e pode passar por v\u00e1rios testes, conforme necess\u00e1rio, e \u00e9 adequado para v\u00e1rias ind\u00fastrias ou equipamentos.<\/p>","protected":false},"featured_media":2158,"template":"","meta":{"ocean_post_layout":"","ocean_both_sidebars_style":"","ocean_both_sidebars_content_width":0,"ocean_both_sidebars_sidebars_width":0,"ocean_sidebar":"0","ocean_second_sidebar":"0","ocean_disable_margins":"enable","ocean_add_body_class":"","ocean_shortcode_before_top_bar":"","ocean_shortcode_after_top_bar":"","ocean_shortcode_before_header":"","ocean_shortcode_after_header":"","ocean_has_shortcode":"","ocean_shortcode_after_title":"","ocean_shortcode_before_footer_widgets":"","ocean_shortcode_after_footer_widgets":"","ocean_shortcode_before_footer_bottom":"","ocean_shortcode_after_footer_bottom":"","ocean_display_top_bar":"default","ocean_display_header":"default","ocean_header_style":"","ocean_center_header_left_menu":"0","ocean_custom_header_template":"0","ocean_custom_logo":0,"ocean_custom_retina_logo":0,"ocean_custom_logo_max_width":0,"ocean_custom_logo_tablet_max_width":0,"ocean_custom_logo_mobile_max_width":0,"ocean_custom_logo_max_height":0,"ocean_custom_logo_tablet_max_height":0,"ocean_custom_logo_mobile_max_height":0,"ocean_header_custom_menu":"0","ocean_menu_typo_font_family":"0","ocean_menu_typo_font_subset":"","ocean_menu_typo_font_size":0,"ocean_menu_typo_font_size_tablet":0,"ocean_menu_typo_font_size_mobile":0,"ocean_menu_typo_font_size_unit":"px","ocean_menu_typo_font_weight":"","ocean_menu_typo_font_weight_tablet":"","ocean_menu_typo_font_weight_mobile":"","ocean_menu_typo_transform":"","ocean_menu_typo_transform_tablet":"","ocean_menu_typo_transform_mobile":"","ocean_menu_typo_line_height":0,"ocean_menu_typo_line_height_tablet":0,"ocean_menu_typo_line_height_mobile":0,"ocean_menu_typo_line_height_unit":"","ocean_menu_typo_spacing":0,"ocean_menu_typo_spacing_tablet":0,"ocean_menu_typo_spacing_mobile":0,"ocean_menu_typo_spacing_unit":"","ocean_menu_link_color":"","ocean_menu_link_color_hover":"","ocean_menu_link_color_active":"","ocean_menu_link_background":"","ocean_menu_link_hover_background":"","ocean_menu_link_active_background":"","ocean_menu_social_links_bg":"","ocean_menu_social_hover_links_bg":"","ocean_menu_social_links_color":"","ocean_menu_social_hover_links_color":"","ocean_disable_title":"default","ocean_disable_heading":"default","ocean_post_title":"","ocean_post_subheading":"","ocean_post_title_style":"","ocean_post_title_background_color":"","ocean_post_title_background":0,"ocean_post_title_bg_image_position":"","ocean_post_title_bg_image_attachment":"","ocean_post_title_bg_image_repeat":"","ocean_post_title_bg_image_size":"","ocean_post_title_height":0,"ocean_post_title_bg_overlay":0.5,"ocean_post_title_bg_overlay_color":"","ocean_disable_breadcrumbs":"default","ocean_breadcrumbs_color":"","ocean_breadcrumbs_separator_color":"","ocean_breadcrumbs_links_color":"","ocean_breadcrumbs_links_hover_color":"","ocean_display_footer_widgets":"default","ocean_display_footer_bottom":"default","ocean_custom_footer_template":"0","ofc_meta_disable_footer_callout":"","ofc_meta_callout_button_url":"","ofc_meta_callout_button_txt":"","ofc_meta_callout_text":"","osh_disable_topbar_sticky":"default","osh_disable_header_sticky":"default","osh_sticky_header_style":"default","osh_sticky_header_effect":"","osh_custom_sticky_logo":0,"osh_custom_retina_sticky_logo":0,"osh_custom_sticky_logo_height":0,"osh_background_color":"","osh_links_color":"","osh_links_hover_color":"","osh_links_active_color":"","osh_links_bg_color":"","osh_links_hover_bg_color":"","osh_links_active_bg_color":"","osh_menu_social_links_color":"","osh_menu_social_hover_links_color":""},"product_brand":[],"product_cat":[147,35],"product_tag":[174,175,176],"class_list":{"0":"post-2164","1":"product","2":"type-product","3":"status-publish","4":"has-post-thumbnail","6":"product_cat-custom-wire-forms","7":"product_cat-custom-wire-brackets","8":"product_tag-bracket-customization","9":"product_tag-keyboard-bracket","10":"product_tag-steel-wire-bracket","12":"entry","13":"has-media","15":"first","16":"instock","17":"featured","18":"shipping-taxable","19":"product-type-external","20":"col","21":"span_1_of_3","22":"owp-content-center","23":"owp-thumbs-layout-horizontal","24":"owp-btn-very-big","25":"owp-tabs-layout-horizontal","26":"circle-sale"},"_links":{"self":[{"href":"https:\/\/www.metalwireforms.com\/pt\/wp-json\/wp\/v2\/product\/2164","targetHints":{"allow":["GET"]}}],"collection":[{"href":"https:\/\/www.metalwireforms.com\/pt\/wp-json\/wp\/v2\/product"}],"about":[{"href":"https:\/\/www.metalwireforms.com\/pt\/wp-json\/wp\/v2\/types\/product"}],"version-history":[{"count":1,"href":"https:\/\/www.metalwireforms.com\/pt\/wp-json\/wp\/v2\/product\/2164\/revisions"}],"predecessor-version":[{"id":2165,"href":"https:\/\/www.metalwireforms.com\/pt\/wp-json\/wp\/v2\/product\/2164\/revisions\/2165"}],"wp:featuredmedia":[{"embeddable":true,"href":"https:\/\/www.metalwireforms.com\/pt\/wp-json\/wp\/v2\/media\/2158"}],"wp:attachment":[{"href":"https:\/\/www.metalwireforms.com\/pt\/wp-json\/wp\/v2\/media?parent=2164"}],"wp:term":[{"taxonomy":"product_brand","embeddable":true,"href":"https:\/\/www.metalwireforms.com\/pt\/wp-json\/wp\/v2\/product_brand?post=2164"},{"taxonomy":"product_cat","embeddable":true,"href":"https:\/\/www.metalwireforms.com\/pt\/wp-json\/wp\/v2\/product_cat?post=2164"},{"taxonomy":"product_tag","embeddable":true,"href":"https:\/\/www.metalwireforms.com\/pt\/wp-json\/wp\/v2\/product_tag?post=2164"}],"curies":[{"name":"wp","href":"https:\/\/api.w.org\/{rel}","templated":true}]}}