{"id":2037,"date":"2022-07-29T09:39:16","date_gmt":"2022-07-29T09:39:16","guid":{"rendered":"https:\/\/www.metalwireforms.com\/?post_type=product&#038;p=2037"},"modified":"2022-12-12T08:49:55","modified_gmt":"2022-12-12T08:49:55","slug":"factory-customized-0-03-10mm-oversized-scroll-spring","status":"publish","type":"product","link":"https:\/\/www.metalwireforms.com\/pt\/produto\/factory-customized-0-03-10mm-oversized-scroll-spring","title":{"rendered":"Mola de rolagem de 0,03-10mm sob medida para f\u00e1brica"},"content":{"rendered":"<figure id=\"attachment_2038\" aria-describedby=\"caption-attachment-2038\" style=\"width: 1000px\" class=\"wp-caption alignnone\"><img fetchpriority=\"high\" decoding=\"async\" class=\"size-full wp-image-2038\" src=\"https:\/\/www.metalwireforms.com\/wp-content\/uploads\/2022\/07\/big-Spiral-spring-6.jpg\" alt=\"grande mola espiral (6)\" width=\"1000\" height=\"562\" srcset=\"https:\/\/www.metalwireforms.com\/wp-content\/uploads\/2022\/07\/big-Spiral-spring-6.jpg 1000w, https:\/\/www.metalwireforms.com\/wp-content\/uploads\/2022\/07\/big-Spiral-spring-6-300x169.jpg 300w, https:\/\/www.metalwireforms.com\/wp-content\/uploads\/2022\/07\/big-Spiral-spring-6-150x84.jpg 150w, https:\/\/www.metalwireforms.com\/wp-content\/uploads\/2022\/07\/big-Spiral-spring-6-768x432.jpg 768w, https:\/\/www.metalwireforms.com\/wp-content\/uploads\/2022\/07\/big-Spiral-spring-6-18x10.jpg 18w, https:\/\/www.metalwireforms.com\/wp-content\/uploads\/2022\/07\/big-Spiral-spring-6-800x450.jpg 800w, https:\/\/www.metalwireforms.com\/wp-content\/uploads\/2022\/07\/big-Spiral-spring-6-600x337.jpg 600w\" sizes=\"(max-width: 1000px) 100vw, 1000px\" \/><figcaption id=\"caption-attachment-2038\" class=\"wp-caption-text\">grande mola espiral (6)<\/figcaption><\/figure>\n<h3><strong>Destaque<\/strong><\/h3>\n<p>Processo de tratamento de superf\u00edcie com molas espirais: zincagem branca, zincagem azul, zincagem colorida, zincagem preta, \u00f3xido preto, n\u00edquel, n\u00edquel preto, cromagem, douramento, revestimento de prata, preto eletrofor\u00e9tico, Dacromet (teste de pulveriza\u00e7\u00e3o salina por mais de 500 horas).<br \/>\nMateriais das molas espirais: a\u00e7o inoxid\u00e1vel, a\u00e7o mola, a\u00e7o carbono, a\u00e7o piano, bronze fosforoso.<br \/>\nEquipamento de produ\u00e7\u00e3o de molas espirais: M\u00e1quina autom\u00e1tica CNC para molas formadoras de computador e equipamento de teste computadorizado, m\u00e1quina para molas de computador, m\u00e1quina para molas de compress\u00e3o computadorizada, m\u00e1quina para molas de tor\u00e7\u00e3o computadorizada, m\u00e1quina para molas de compress\u00e3o comum, m\u00e1quina para perfura\u00e7\u00e3o de bot\u00f5es, instrumento de medi\u00e7\u00e3o de for\u00e7a, forno de t\u00eampera de alta temperatura.<\/p>\n<h3>Aplica\u00e7\u00e3o<\/h3>\n<p>A mola espiral \u00e9 uma mola em forma de bobina feita de um material em tiras de a\u00e7o. Em diferentes ind\u00fastrias, a mola em forma de rolo tamb\u00e9m \u00e9 chamada diferentemente. Agora existem muitas molas diferentes que s\u00e3o chamadas de molas scroll. Por exemplo, uma mola de levantamento tamb\u00e9m \u00e9 chamada de mola scroll, que \u00e9 baseada na forma da mola. Os produtos s\u00e3o usados principalmente em v\u00e1rios aparelhos el\u00e9tricos, produtos eletr\u00f4nicos, computadores, comunica\u00e7\u00f5es, brinquedos, ilumina\u00e7\u00e3o, cortinas, prateleiras, equipamentos de instrumenta\u00e7\u00e3o, equipamentos mec\u00e2nicos, acess\u00f3rios para autom\u00f3veis e motocicletas, constru\u00e7\u00e3o e instala\u00e7\u00e3o e outras ind\u00fastrias.<\/p>","protected":false},"excerpt":{"rendered":"<p>Podemos produzir v\u00e1rios tipos de molas de alta precis\u00e3o, molas espirais, molas de extens\u00e3o, molas de tor\u00e7\u00e3o, molas de compress\u00e3o, palhetas anisotr\u00f3picas, estilha\u00e7os, rel\u00f3gio, ferragens e outros acess\u00f3rios de 0,08mm a 12mm de di\u00e2metro de arame, e podemos projet\u00e1-las e fabric\u00e1-las de acordo com as exig\u00eancias dos clientes.<\/p>","protected":false},"featured_media":2040,"template":"","meta":{"ocean_post_layout":"","ocean_both_sidebars_style":"","ocean_both_sidebars_content_width":0,"ocean_both_sidebars_sidebars_width":0,"ocean_sidebar":"0","ocean_second_sidebar":"0","ocean_disable_margins":"enable","ocean_add_body_class":"","ocean_shortcode_before_top_bar":"","ocean_shortcode_after_top_bar":"","ocean_shortcode_before_header":"","ocean_shortcode_after_header":"","ocean_has_shortcode":"","ocean_shortcode_after_title":"","ocean_shortcode_before_footer_widgets":"","ocean_shortcode_after_footer_widgets":"","ocean_shortcode_before_footer_bottom":"","ocean_shortcode_after_footer_bottom":"","ocean_display_top_bar":"default","ocean_display_header":"default","ocean_header_style":"","ocean_center_header_left_menu":"0","ocean_custom_header_template":"0","ocean_custom_logo":0,"ocean_custom_retina_logo":0,"ocean_custom_logo_max_width":0,"ocean_custom_logo_tablet_max_width":0,"ocean_custom_logo_mobile_max_width":0,"ocean_custom_logo_max_height":0,"ocean_custom_logo_tablet_max_height":0,"ocean_custom_logo_mobile_max_height":0,"ocean_header_custom_menu":"0","ocean_menu_typo_font_family":"0","ocean_menu_typo_font_subset":"","ocean_menu_typo_font_size":0,"ocean_menu_typo_font_size_tablet":0,"ocean_menu_typo_font_size_mobile":0,"ocean_menu_typo_font_size_unit":"px","ocean_menu_typo_font_weight":"","ocean_menu_typo_font_weight_tablet":"","ocean_menu_typo_font_weight_mobile":"","ocean_menu_typo_transform":"","ocean_menu_typo_transform_tablet":"","ocean_menu_typo_transform_mobile":"","ocean_menu_typo_line_height":0,"ocean_menu_typo_line_height_tablet":0,"ocean_menu_typo_line_height_mobile":0,"ocean_menu_typo_line_height_unit":"","ocean_menu_typo_spacing":0,"ocean_menu_typo_spacing_tablet":0,"ocean_menu_typo_spacing_mobile":0,"ocean_menu_typo_spacing_unit":"","ocean_menu_link_color":"","ocean_menu_link_color_hover":"","ocean_menu_link_color_active":"","ocean_menu_link_background":"","ocean_menu_link_hover_background":"","ocean_menu_link_active_background":"","ocean_menu_social_links_bg":"","ocean_menu_social_hover_links_bg":"","ocean_menu_social_links_color":"","ocean_menu_social_hover_links_color":"","ocean_disable_title":"default","ocean_disable_heading":"default","ocean_post_title":"","ocean_post_subheading":"","ocean_post_title_style":"","ocean_post_title_background_color":"","ocean_post_title_background":0,"ocean_post_title_bg_image_position":"","ocean_post_title_bg_image_attachment":"","ocean_post_title_bg_image_repeat":"","ocean_post_title_bg_image_size":"","ocean_post_title_height":0,"ocean_post_title_bg_overlay":0.5,"ocean_post_title_bg_overlay_color":"","ocean_disable_breadcrumbs":"default","ocean_breadcrumbs_color":"","ocean_breadcrumbs_separator_color":"","ocean_breadcrumbs_links_color":"","ocean_breadcrumbs_links_hover_color":"","ocean_display_footer_widgets":"default","ocean_display_footer_bottom":"default","ocean_custom_footer_template":"0","ofc_meta_disable_footer_callout":"","ofc_meta_callout_button_url":"","ofc_meta_callout_button_txt":"","ofc_meta_callout_text":"","osh_disable_topbar_sticky":"default","osh_disable_header_sticky":"default","osh_sticky_header_style":"default","osh_sticky_header_effect":"","osh_custom_sticky_logo":0,"osh_custom_retina_sticky_logo":0,"osh_custom_sticky_logo_height":0,"osh_background_color":"","osh_links_color":"","osh_links_hover_color":"","osh_links_active_color":"","osh_links_bg_color":"","osh_links_hover_bg_color":"","osh_links_active_bg_color":"","osh_menu_social_links_color":"","osh_menu_social_hover_links_color":""},"product_brand":[],"product_cat":[144,148],"product_tag":[118,164,163],"class_list":{"0":"post-2037","1":"product","2":"type-product","3":"status-publish","4":"has-post-thumbnail","6":"product_cat-custom-springs","7":"product_cat-custom-spiral-springs","8":"product_tag-coil-spring","9":"product_tag-custom-spring","10":"product_tag-spiral-spring","12":"entry","13":"has-media","15":"first","16":"instock","17":"shipping-taxable","18":"product-type-external","19":"col","20":"span_1_of_3","21":"owp-content-center","22":"owp-thumbs-layout-horizontal","23":"owp-btn-very-big","24":"owp-tabs-layout-horizontal","25":"circle-sale"},"_links":{"self":[{"href":"https:\/\/www.metalwireforms.com\/pt\/wp-json\/wp\/v2\/product\/2037","targetHints":{"allow":["GET"]}}],"collection":[{"href":"https:\/\/www.metalwireforms.com\/pt\/wp-json\/wp\/v2\/product"}],"about":[{"href":"https:\/\/www.metalwireforms.com\/pt\/wp-json\/wp\/v2\/types\/product"}],"version-history":[{"count":1,"href":"https:\/\/www.metalwireforms.com\/pt\/wp-json\/wp\/v2\/product\/2037\/revisions"}],"predecessor-version":[{"id":2042,"href":"https:\/\/www.metalwireforms.com\/pt\/wp-json\/wp\/v2\/product\/2037\/revisions\/2042"}],"wp:featuredmedia":[{"embeddable":true,"href":"https:\/\/www.metalwireforms.com\/pt\/wp-json\/wp\/v2\/media\/2040"}],"wp:attachment":[{"href":"https:\/\/www.metalwireforms.com\/pt\/wp-json\/wp\/v2\/media?parent=2037"}],"wp:term":[{"taxonomy":"product_brand","embeddable":true,"href":"https:\/\/www.metalwireforms.com\/pt\/wp-json\/wp\/v2\/product_brand?post=2037"},{"taxonomy":"product_cat","embeddable":true,"href":"https:\/\/www.metalwireforms.com\/pt\/wp-json\/wp\/v2\/product_cat?post=2037"},{"taxonomy":"product_tag","embeddable":true,"href":"https:\/\/www.metalwireforms.com\/pt\/wp-json\/wp\/v2\/product_tag?post=2037"}],"curies":[{"name":"wp","href":"https:\/\/api.w.org\/{rel}","templated":true}]}}