{"id":1948,"date":"2021-11-09T03:31:40","date_gmt":"2021-11-09T03:31:40","guid":{"rendered":"https:\/\/www.xsmetalforming.com\/?post_type=product&#038;p=1948"},"modified":"2022-07-25T02:54:40","modified_gmt":"2022-07-25T02:54:40","slug":"custom-stainless-steel-aluminum-metal-hanger-hook","status":"publish","type":"product","link":"https:\/\/www.metalwireforms.com\/pt\/produto\/custom-stainless-steel-aluminum-metal-hanger-hook","title":{"rendered":"Gancho de metal de alum\u00ednio de a\u00e7o inoxid\u00e1vel personalizado"},"content":{"rendered":"<p>A f\u00e1brica de Xinsheng suporta o processamento e personaliza\u00e7\u00e3o de ganchos met\u00e1licos. Temos v\u00e1rias m\u00e1quinas de ganchos de cabides com alto rendimento e qualidade de produ\u00e7\u00e3o est\u00e1vel. A m\u00e1quina pode ser totalmente autom\u00e1tica: alimenta\u00e7\u00e3o, estiragem, corte, dobra, dobra, produto acabado. Di\u00e2metro do fio de suporte, fio de ferro: 2,0-4,5mm, fio de a\u00e7o inoxid\u00e1vel: 1,5-3,5mm.<\/p>\n<figure id=\"attachment_1953\" aria-describedby=\"caption-attachment-1953\" style=\"width: 960px\" class=\"wp-caption alignnone\"><img fetchpriority=\"high\" decoding=\"async\" class=\"size-full wp-image-1953\" src=\"https:\/\/www.metalwireforms.com\/wp-content\/uploads\/2021\/11\/hanger-hook.jpg\" alt=\"gancho de cabide\" width=\"960\" height=\"512\" srcset=\"https:\/\/www.metalwireforms.com\/wp-content\/uploads\/2021\/11\/hanger-hook.jpg 960w, https:\/\/www.metalwireforms.com\/wp-content\/uploads\/2021\/11\/hanger-hook-300x160.jpg 300w, https:\/\/www.metalwireforms.com\/wp-content\/uploads\/2021\/11\/hanger-hook-150x80.jpg 150w, https:\/\/www.metalwireforms.com\/wp-content\/uploads\/2021\/11\/hanger-hook-768x410.jpg 768w, https:\/\/www.metalwireforms.com\/wp-content\/uploads\/2021\/11\/hanger-hook-18x10.jpg 18w, https:\/\/www.metalwireforms.com\/wp-content\/uploads\/2021\/11\/hanger-hook-600x320.jpg 600w\" sizes=\"(max-width: 960px) 100vw, 960px\" \/><figcaption id=\"caption-attachment-1953\" class=\"wp-caption-text\">gancho de cabide<\/figcaption><\/figure>\n<h3>Destaque<\/h3>\n<p>H\u00e1 muitas cores a escolher, tais como cromo, ouro, metal de arma, ouro rosa, preto e assim por diante. Muitas formas est\u00e3o dispon\u00edveis para uso em cabides de madeira ou de pl\u00e1stico.<\/p>\n<h3>Sobre n\u00f3s<\/h3>\n<p>1. Somos um fabricante de ganchos para cabides e temos nossa pr\u00f3pria f\u00e1brica com licen\u00e7a de exporta\u00e7\u00e3o. Prometemos fornecer a voc\u00ea pre\u00e7os competitivos \u00e0 sa\u00edda da f\u00e1brica.<br \/>\n2. Temos a honra de lhe fornecer amostras. Novos clientes precisam pagar pelos custos de entrega expressa, as amostras s\u00e3o fornecidas a voc\u00ea gratuitamente, esta taxa ser\u00e1 deduzida do pagamento da encomenda formal.<br \/>\n3. O servi\u00e7o OEM \u00e9 aceit\u00e1vel, podemos fornecer produtos personalizados. \u00c9 melhor enviar o produto original para n\u00f3s.<br \/>\n4. Todas as mat\u00e9rias primas que utilizamos s\u00e3o ecologicamente corretas. Os trabalhadores qualificados prestam aten\u00e7\u00e3o a cada detalhe no processo de produ\u00e7\u00e3o e embalagem. O departamento de controle de qualidade \u00e9 especificamente respons\u00e1vel pela inspe\u00e7\u00e3o de qualidade de cada processo.<\/p>","protected":false},"excerpt":{"rendered":"<p>Produ\u00e7\u00e3o personalizada de ferragens para cabides, ganchos para cabides, ganchos para ferragens, acess\u00f3rios para cabides.<\/p>","protected":false},"featured_media":1949,"template":"","meta":{"ocean_post_layout":"","ocean_both_sidebars_style":"","ocean_both_sidebars_content_width":0,"ocean_both_sidebars_sidebars_width":0,"ocean_sidebar":"0","ocean_second_sidebar":"0","ocean_disable_margins":"enable","ocean_add_body_class":"","ocean_shortcode_before_top_bar":"","ocean_shortcode_after_top_bar":"","ocean_shortcode_before_header":"","ocean_shortcode_after_header":"","ocean_has_shortcode":"","ocean_shortcode_after_title":"","ocean_shortcode_before_footer_widgets":"","ocean_shortcode_after_footer_widgets":"","ocean_shortcode_before_footer_bottom":"","ocean_shortcode_after_footer_bottom":"","ocean_display_top_bar":"default","ocean_display_header":"default","ocean_header_style":"","ocean_center_header_left_menu":"0","ocean_custom_header_template":"0","ocean_custom_logo":0,"ocean_custom_retina_logo":0,"ocean_custom_logo_max_width":0,"ocean_custom_logo_tablet_max_width":0,"ocean_custom_logo_mobile_max_width":0,"ocean_custom_logo_max_height":0,"ocean_custom_logo_tablet_max_height":0,"ocean_custom_logo_mobile_max_height":0,"ocean_header_custom_menu":"0","ocean_menu_typo_font_family":"0","ocean_menu_typo_font_subset":"","ocean_menu_typo_font_size":0,"ocean_menu_typo_font_size_tablet":0,"ocean_menu_typo_font_size_mobile":0,"ocean_menu_typo_font_size_unit":"px","ocean_menu_typo_font_weight":"","ocean_menu_typo_font_weight_tablet":"","ocean_menu_typo_font_weight_mobile":"","ocean_menu_typo_transform":"","ocean_menu_typo_transform_tablet":"","ocean_menu_typo_transform_mobile":"","ocean_menu_typo_line_height":0,"ocean_menu_typo_line_height_tablet":0,"ocean_menu_typo_line_height_mobile":0,"ocean_menu_typo_line_height_unit":"","ocean_menu_typo_spacing":0,"ocean_menu_typo_spacing_tablet":0,"ocean_menu_typo_spacing_mobile":0,"ocean_menu_typo_spacing_unit":"","ocean_menu_link_color":"","ocean_menu_link_color_hover":"","ocean_menu_link_color_active":"","ocean_menu_link_background":"","ocean_menu_link_hover_background":"","ocean_menu_link_active_background":"","ocean_menu_social_links_bg":"","ocean_menu_social_hover_links_bg":"","ocean_menu_social_links_color":"","ocean_menu_social_hover_links_color":"","ocean_disable_title":"default","ocean_disable_heading":"default","ocean_post_title":"","ocean_post_subheading":"","ocean_post_title_style":"","ocean_post_title_background_color":"","ocean_post_title_background":0,"ocean_post_title_bg_image_position":"","ocean_post_title_bg_image_attachment":"","ocean_post_title_bg_image_repeat":"","ocean_post_title_bg_image_size":"","ocean_post_title_height":0,"ocean_post_title_bg_overlay":0.5,"ocean_post_title_bg_overlay_color":"","ocean_disable_breadcrumbs":"default","ocean_breadcrumbs_color":"","ocean_breadcrumbs_separator_color":"","ocean_breadcrumbs_links_color":"","ocean_breadcrumbs_links_hover_color":"","ocean_display_footer_widgets":"default","ocean_display_footer_bottom":"default","ocean_custom_footer_template":"0","ofc_meta_disable_footer_callout":"","ofc_meta_callout_button_url":"","ofc_meta_callout_button_txt":"","ofc_meta_callout_text":"","osh_disable_topbar_sticky":"default","osh_disable_header_sticky":"default","osh_sticky_header_style":"default","osh_sticky_header_effect":"","osh_custom_sticky_logo":0,"osh_custom_retina_sticky_logo":0,"osh_custom_sticky_logo_height":0,"osh_background_color":"","osh_links_color":"","osh_links_hover_color":"","osh_links_active_color":"","osh_links_bg_color":"","osh_links_hover_bg_color":"","osh_links_active_bg_color":"","osh_menu_social_links_color":"","osh_menu_social_hover_links_color":""},"product_brand":[],"product_cat":[147,31],"product_tag":[136,137,108,138],"class_list":{"0":"post-1948","1":"product","2":"type-product","3":"status-publish","4":"has-post-thumbnail","6":"product_cat-custom-wire-forms","7":"product_cat-custom-wire-hooks","8":"product_tag-hanger-hook","9":"product_tag-hardware-hook","10":"product_tag-metal-hook","11":"product_tag-stainless-steel-hook","13":"entry","14":"has-media","16":"first","17":"instock","18":"shipping-taxable","19":"product-type-external","20":"col","21":"span_1_of_3","22":"owp-content-center","23":"owp-thumbs-layout-horizontal","24":"owp-btn-very-big","25":"owp-tabs-layout-horizontal","26":"circle-sale"},"_links":{"self":[{"href":"https:\/\/www.metalwireforms.com\/pt\/wp-json\/wp\/v2\/product\/1948","targetHints":{"allow":["GET"]}}],"collection":[{"href":"https:\/\/www.metalwireforms.com\/pt\/wp-json\/wp\/v2\/product"}],"about":[{"href":"https:\/\/www.metalwireforms.com\/pt\/wp-json\/wp\/v2\/types\/product"}],"version-history":[{"count":1,"href":"https:\/\/www.metalwireforms.com\/pt\/wp-json\/wp\/v2\/product\/1948\/revisions"}],"predecessor-version":[{"id":1954,"href":"https:\/\/www.metalwireforms.com\/pt\/wp-json\/wp\/v2\/product\/1948\/revisions\/1954"}],"wp:featuredmedia":[{"embeddable":true,"href":"https:\/\/www.metalwireforms.com\/pt\/wp-json\/wp\/v2\/media\/1949"}],"wp:attachment":[{"href":"https:\/\/www.metalwireforms.com\/pt\/wp-json\/wp\/v2\/media?parent=1948"}],"wp:term":[{"taxonomy":"product_brand","embeddable":true,"href":"https:\/\/www.metalwireforms.com\/pt\/wp-json\/wp\/v2\/product_brand?post=1948"},{"taxonomy":"product_cat","embeddable":true,"href":"https:\/\/www.metalwireforms.com\/pt\/wp-json\/wp\/v2\/product_cat?post=1948"},{"taxonomy":"product_tag","embeddable":true,"href":"https:\/\/www.metalwireforms.com\/pt\/wp-json\/wp\/v2\/product_tag?post=1948"}],"curies":[{"name":"wp","href":"https:\/\/api.w.org\/{rel}","templated":true}]}}