{"id":1940,"date":"2021-11-09T01:31:05","date_gmt":"2021-11-09T01:31:05","guid":{"rendered":"https:\/\/www.xsmetalforming.com\/?post_type=product&#038;p=1940"},"modified":"2022-07-25T02:54:35","modified_gmt":"2022-07-25T02:54:35","slug":"custom-stainless-steel-galvanized-spring-wire-pipe-clamp","status":"publish","type":"product","link":"https:\/\/www.metalwireforms.com\/pt\/produto\/custom-stainless-steel-galvanized-spring-wire-pipe-clamp","title":{"rendered":"Abra\u00e7adeira para tubos de a\u00e7o inoxid\u00e1vel galvanizado por molas"},"content":{"rendered":"<p>A abra\u00e7adeira de tubo \u00e9 uma abra\u00e7adeira de mola, tamb\u00e9m chamada de abra\u00e7adeira de mola para mangueira. Xinsheng Factory \u00e9 um fabricante que pode personalizar as abra\u00e7adeiras de tubos. Usamos v\u00e1rias m\u00e1quinas de molas CNC para completar a produ\u00e7\u00e3o automatizada. Al\u00e9m das abra\u00e7adeiras para tubos, nossa f\u00e1brica tamb\u00e9m pode personalizar v\u00e1rias abra\u00e7adeiras met\u00e1licas de dobra de arame e abra\u00e7adeiras de mola.<\/p>\n<figure id=\"attachment_1945\" aria-describedby=\"caption-attachment-1945\" style=\"width: 960px\" class=\"wp-caption alignnone\"><img fetchpriority=\"high\" decoding=\"async\" class=\"size-full wp-image-1945\" src=\"https:\/\/www.metalwireforms.com\/wp-content\/uploads\/2021\/11\/pipe-clip.jpg\" alt=\"clipe para tubo\" width=\"960\" height=\"494\" srcset=\"https:\/\/www.metalwireforms.com\/wp-content\/uploads\/2021\/11\/pipe-clip.jpg 960w, https:\/\/www.metalwireforms.com\/wp-content\/uploads\/2021\/11\/pipe-clip-300x154.jpg 300w, https:\/\/www.metalwireforms.com\/wp-content\/uploads\/2021\/11\/pipe-clip-150x77.jpg 150w, https:\/\/www.metalwireforms.com\/wp-content\/uploads\/2021\/11\/pipe-clip-768x395.jpg 768w, https:\/\/www.metalwireforms.com\/wp-content\/uploads\/2021\/11\/pipe-clip-18x9.jpg 18w, https:\/\/www.metalwireforms.com\/wp-content\/uploads\/2021\/11\/pipe-clip-600x309.jpg 600w\" sizes=\"(max-width: 960px) 100vw, 960px\" \/><figcaption id=\"caption-attachment-1945\" class=\"wp-caption-text\">clipe para tubo<\/figcaption><\/figure>\n<h3>Destaque<\/h3>\n<p>processo de personaliza\u00e7\u00e3o da abra\u00e7adeira de tubos: De acordo com os desenhos ou amostras fornecidos pelo cliente, ela \u00e9 personalizada de acordo com o material, tamanho e exig\u00eancias de tratamento de superf\u00edcie do cliente. Geralmente, usa-se a\u00e7o inoxid\u00e1vel, a\u00e7o mola, a\u00e7o 65MN. O processo de tratamento de superf\u00edcie \u00e9 dividido em zincagem colorida ou zincagem azul e branca. As duas voltas do grampo da mola s\u00e3o apertadas e n\u00e3o s\u00e3o f\u00e1ceis de soltar e deformar.<\/p>\n<h3>Aplica\u00e7\u00e3o<\/h3>\n<p>As abra\u00e7adeiras de tubos s\u00e3o amplamente utilizadas na conex\u00e3o de tubos de combust\u00edvel, tubos de sa\u00edda de m\u00e1quinas de lavar, tubos purificadores, mangueiras de torneira, mangueiras de borracha e outras conex\u00f5es de tubos.<\/p>","protected":false},"excerpt":{"rendered":"<p>Fita de mola em la\u00e7o de a\u00e7o zincado para servi\u00e7o pesado tipo la\u00e7o de zinco para mangueira de combust\u00edvel com abra\u00e7adeira de arame duplo autofixante.<\/p>","protected":false},"featured_media":1941,"template":"","meta":{"ocean_post_layout":"","ocean_both_sidebars_style":"","ocean_both_sidebars_content_width":0,"ocean_both_sidebars_sidebars_width":0,"ocean_sidebar":"0","ocean_second_sidebar":"0","ocean_disable_margins":"enable","ocean_add_body_class":"","ocean_shortcode_before_top_bar":"","ocean_shortcode_after_top_bar":"","ocean_shortcode_before_header":"","ocean_shortcode_after_header":"","ocean_has_shortcode":"","ocean_shortcode_after_title":"","ocean_shortcode_before_footer_widgets":"","ocean_shortcode_after_footer_widgets":"","ocean_shortcode_before_footer_bottom":"","ocean_shortcode_after_footer_bottom":"","ocean_display_top_bar":"default","ocean_display_header":"default","ocean_header_style":"","ocean_center_header_left_menu":"0","ocean_custom_header_template":"0","ocean_custom_logo":0,"ocean_custom_retina_logo":0,"ocean_custom_logo_max_width":0,"ocean_custom_logo_tablet_max_width":0,"ocean_custom_logo_mobile_max_width":0,"ocean_custom_logo_max_height":0,"ocean_custom_logo_tablet_max_height":0,"ocean_custom_logo_mobile_max_height":0,"ocean_header_custom_menu":"0","ocean_menu_typo_font_family":"0","ocean_menu_typo_font_subset":"","ocean_menu_typo_font_size":0,"ocean_menu_typo_font_size_tablet":0,"ocean_menu_typo_font_size_mobile":0,"ocean_menu_typo_font_size_unit":"px","ocean_menu_typo_font_weight":"","ocean_menu_typo_font_weight_tablet":"","ocean_menu_typo_font_weight_mobile":"","ocean_menu_typo_transform":"","ocean_menu_typo_transform_tablet":"","ocean_menu_typo_transform_mobile":"","ocean_menu_typo_line_height":0,"ocean_menu_typo_line_height_tablet":0,"ocean_menu_typo_line_height_mobile":0,"ocean_menu_typo_line_height_unit":"","ocean_menu_typo_spacing":0,"ocean_menu_typo_spacing_tablet":0,"ocean_menu_typo_spacing_mobile":0,"ocean_menu_typo_spacing_unit":"","ocean_menu_link_color":"","ocean_menu_link_color_hover":"","ocean_menu_link_color_active":"","ocean_menu_link_background":"","ocean_menu_link_hover_background":"","ocean_menu_link_active_background":"","ocean_menu_social_links_bg":"","ocean_menu_social_hover_links_bg":"","ocean_menu_social_links_color":"","ocean_menu_social_hover_links_color":"","ocean_disable_title":"default","ocean_disable_heading":"default","ocean_post_title":"","ocean_post_subheading":"","ocean_post_title_style":"","ocean_post_title_background_color":"","ocean_post_title_background":0,"ocean_post_title_bg_image_position":"","ocean_post_title_bg_image_attachment":"","ocean_post_title_bg_image_repeat":"","ocean_post_title_bg_image_size":"","ocean_post_title_height":0,"ocean_post_title_bg_overlay":0.5,"ocean_post_title_bg_overlay_color":"","ocean_disable_breadcrumbs":"default","ocean_breadcrumbs_color":"","ocean_breadcrumbs_separator_color":"","ocean_breadcrumbs_links_color":"","ocean_breadcrumbs_links_hover_color":"","ocean_display_footer_widgets":"default","ocean_display_footer_bottom":"default","ocean_custom_footer_template":"0","ofc_meta_disable_footer_callout":"","ofc_meta_callout_button_url":"","ofc_meta_callout_button_txt":"","ofc_meta_callout_text":"","osh_disable_topbar_sticky":"default","osh_disable_header_sticky":"default","osh_sticky_header_style":"default","osh_sticky_header_effect":"","osh_custom_sticky_logo":0,"osh_custom_retina_sticky_logo":0,"osh_custom_sticky_logo_height":0,"osh_background_color":"","osh_links_color":"","osh_links_hover_color":"","osh_links_active_color":"","osh_links_bg_color":"","osh_links_hover_bg_color":"","osh_links_active_bg_color":"","osh_menu_social_links_color":"","osh_menu_social_hover_links_color":""},"product_brand":[],"product_cat":[34,145],"product_tag":[134,135,133,114],"class_list":{"0":"post-1940","1":"product","2":"type-product","3":"status-publish","4":"has-post-thumbnail","6":"product_cat-custom-other-clips","7":"product_cat-custom-wire-fasteners","8":"product_tag-hose-clamp","9":"product_tag-hose-clip","10":"product_tag-pipe-clamp","11":"product_tag-spring-clip","13":"entry","14":"has-media","16":"first","17":"instock","18":"shipping-taxable","19":"product-type-external","20":"col","21":"span_1_of_3","22":"owp-content-center","23":"owp-thumbs-layout-horizontal","24":"owp-btn-very-big","25":"owp-tabs-layout-horizontal","26":"circle-sale"},"_links":{"self":[{"href":"https:\/\/www.metalwireforms.com\/pt\/wp-json\/wp\/v2\/product\/1940","targetHints":{"allow":["GET"]}}],"collection":[{"href":"https:\/\/www.metalwireforms.com\/pt\/wp-json\/wp\/v2\/product"}],"about":[{"href":"https:\/\/www.metalwireforms.com\/pt\/wp-json\/wp\/v2\/types\/product"}],"version-history":[{"count":2,"href":"https:\/\/www.metalwireforms.com\/pt\/wp-json\/wp\/v2\/product\/1940\/revisions"}],"predecessor-version":[{"id":1947,"href":"https:\/\/www.metalwireforms.com\/pt\/wp-json\/wp\/v2\/product\/1940\/revisions\/1947"}],"wp:featuredmedia":[{"embeddable":true,"href":"https:\/\/www.metalwireforms.com\/pt\/wp-json\/wp\/v2\/media\/1941"}],"wp:attachment":[{"href":"https:\/\/www.metalwireforms.com\/pt\/wp-json\/wp\/v2\/media?parent=1940"}],"wp:term":[{"taxonomy":"product_brand","embeddable":true,"href":"https:\/\/www.metalwireforms.com\/pt\/wp-json\/wp\/v2\/product_brand?post=1940"},{"taxonomy":"product_cat","embeddable":true,"href":"https:\/\/www.metalwireforms.com\/pt\/wp-json\/wp\/v2\/product_cat?post=1940"},{"taxonomy":"product_tag","embeddable":true,"href":"https:\/\/www.metalwireforms.com\/pt\/wp-json\/wp\/v2\/product_tag?post=1940"}],"curies":[{"name":"wp","href":"https:\/\/api.w.org\/{rel}","templated":true}]}}