{"id":1923,"date":"2021-11-05T01:19:29","date_gmt":"2021-11-05T01:19:29","guid":{"rendered":"https:\/\/www.xsmetalforming.com\/?post_type=product&#038;p=1923"},"modified":"2022-07-25T02:54:25","modified_gmt":"2022-07-25T02:54:25","slug":"customized-processing-services-for-wire-bending-forming-parts","status":"publish","type":"product","link":"https:\/\/www.metalwireforms.com\/pt\/produto\/customized-processing-services-for-wire-bending-forming-parts","title":{"rendered":"Servi\u00e7os de processamento personalizados para pe\u00e7as de conforma\u00e7\u00e3o de dobra de arame"},"content":{"rendered":"<p>Os servi\u00e7os de processamento e dobra de fios met\u00e1licos, de acordo com as necessidades do cliente, desenhos, amostras, a\u00e7o inoxid\u00e1vel, fio de ferro e outros fios podem ser endireitados, calandrados, cortados, dobrados e processados nas ferragens que voc\u00ea precisa. Ele pode ser processado em forma plana ou tridimensional. Temos muitos equipamentos de produ\u00e7\u00e3o, tais como CNC tridimensional <a href=\"https:\/\/www.buckleforming.com\/\">m\u00e1quina de dobra de fio<\/a>s, tornos CNC de m\u00faltiplos eixos, e m\u00e1quinas de molas CNC.<\/p>\n<figure id=\"attachment_1929\" aria-describedby=\"caption-attachment-1929\" style=\"width: 960px\" class=\"wp-caption alignnone\"><img fetchpriority=\"high\" decoding=\"async\" class=\"size-full wp-image-1929\" src=\"https:\/\/www.metalwireforms.com\/wp-content\/uploads\/2021\/11\/wire-bending.jpg\" alt=\"dobramento de fios\" width=\"960\" height=\"800\" srcset=\"https:\/\/www.metalwireforms.com\/wp-content\/uploads\/2021\/11\/wire-bending.jpg 960w, https:\/\/www.metalwireforms.com\/wp-content\/uploads\/2021\/11\/wire-bending-300x250.jpg 300w, https:\/\/www.metalwireforms.com\/wp-content\/uploads\/2021\/11\/wire-bending-150x125.jpg 150w, https:\/\/www.metalwireforms.com\/wp-content\/uploads\/2021\/11\/wire-bending-768x640.jpg 768w, https:\/\/www.metalwireforms.com\/wp-content\/uploads\/2021\/11\/wire-bending-14x12.jpg 14w, https:\/\/www.metalwireforms.com\/wp-content\/uploads\/2021\/11\/wire-bending-600x500.jpg 600w\" sizes=\"(max-width: 960px) 100vw, 960px\" \/><figcaption id=\"caption-attachment-1929\" class=\"wp-caption-text\">dobramento de fios<\/figcaption><\/figure>\n<h3>Destaque<\/h3>\n<p>Pedido em pequenas quantidades, mais f\u00e1cil de usar. 3 dias de prova, velocidade r\u00e1pida e alta qualidade. A produ\u00e7\u00e3o mensal \u00e9 grande e a capacidade de produ\u00e7\u00e3o \u00e9 forte. V\u00e1rias especifica\u00e7\u00f5es e fabrica\u00e7\u00e3o artesanal completa.<\/p>\n<h3>Aplica\u00e7\u00e3o<\/h3>\n<p>Acess\u00f3rios de prateleiras de supermercado personalizados, pendentes de prateleiras de supermercado, acess\u00f3rios de ferragens para cozinha e banheiro, cestas de armazenamento de lou\u00e7a de mesa, cabos para caldeir\u00f5es, prateleiras de armazenamento de vinho, acess\u00f3rios para assentos de m\u00f3veis, acess\u00f3rios para arame do carro, ganchos para tubo de escapamento do carro, suportes para arame do assento do carro, acess\u00f3rios para ferragens di\u00e1rias, redes de ventiladores, travas para caixas de ferramentas, acess\u00f3rios para ferramentas de jardim, etc.<\/p>","protected":false},"excerpt":{"rendered":"<p>Nossa f\u00e1brica tem 10 anos de experi\u00eancia em servi\u00e7os de dobra e processamento de fios, e conquistou a confian\u00e7a de muitos clientes de boa reputa\u00e7\u00e3o.<\/p>","protected":false},"featured_media":1927,"template":"","meta":{"ocean_post_layout":"","ocean_both_sidebars_style":"","ocean_both_sidebars_content_width":0,"ocean_both_sidebars_sidebars_width":0,"ocean_sidebar":"0","ocean_second_sidebar":"0","ocean_disable_margins":"enable","ocean_add_body_class":"","ocean_shortcode_before_top_bar":"","ocean_shortcode_after_top_bar":"","ocean_shortcode_before_header":"","ocean_shortcode_after_header":"","ocean_has_shortcode":"","ocean_shortcode_after_title":"","ocean_shortcode_before_footer_widgets":"","ocean_shortcode_after_footer_widgets":"","ocean_shortcode_before_footer_bottom":"","ocean_shortcode_after_footer_bottom":"","ocean_display_top_bar":"default","ocean_display_header":"default","ocean_header_style":"","ocean_center_header_left_menu":"0","ocean_custom_header_template":"0","ocean_custom_logo":0,"ocean_custom_retina_logo":0,"ocean_custom_logo_max_width":0,"ocean_custom_logo_tablet_max_width":0,"ocean_custom_logo_mobile_max_width":0,"ocean_custom_logo_max_height":0,"ocean_custom_logo_tablet_max_height":0,"ocean_custom_logo_mobile_max_height":0,"ocean_header_custom_menu":"0","ocean_menu_typo_font_family":"0","ocean_menu_typo_font_subset":"","ocean_menu_typo_font_size":0,"ocean_menu_typo_font_size_tablet":0,"ocean_menu_typo_font_size_mobile":0,"ocean_menu_typo_font_size_unit":"px","ocean_menu_typo_font_weight":"","ocean_menu_typo_font_weight_tablet":"","ocean_menu_typo_font_weight_mobile":"","ocean_menu_typo_transform":"","ocean_menu_typo_transform_tablet":"","ocean_menu_typo_transform_mobile":"","ocean_menu_typo_line_height":0,"ocean_menu_typo_line_height_tablet":0,"ocean_menu_typo_line_height_mobile":0,"ocean_menu_typo_line_height_unit":"","ocean_menu_typo_spacing":0,"ocean_menu_typo_spacing_tablet":0,"ocean_menu_typo_spacing_mobile":0,"ocean_menu_typo_spacing_unit":"","ocean_menu_link_color":"","ocean_menu_link_color_hover":"","ocean_menu_link_color_active":"","ocean_menu_link_background":"","ocean_menu_link_hover_background":"","ocean_menu_link_active_background":"","ocean_menu_social_links_bg":"","ocean_menu_social_hover_links_bg":"","ocean_menu_social_links_color":"","ocean_menu_social_hover_links_color":"","ocean_disable_title":"default","ocean_disable_heading":"default","ocean_post_title":"","ocean_post_subheading":"","ocean_post_title_style":"","ocean_post_title_background_color":"","ocean_post_title_background":0,"ocean_post_title_bg_image_position":"","ocean_post_title_bg_image_attachment":"","ocean_post_title_bg_image_repeat":"","ocean_post_title_bg_image_size":"","ocean_post_title_height":0,"ocean_post_title_bg_overlay":0.5,"ocean_post_title_bg_overlay_color":"","ocean_disable_breadcrumbs":"default","ocean_breadcrumbs_color":"","ocean_breadcrumbs_separator_color":"","ocean_breadcrumbs_links_color":"","ocean_breadcrumbs_links_hover_color":"","ocean_display_footer_widgets":"default","ocean_display_footer_bottom":"default","ocean_custom_footer_template":"0","ofc_meta_disable_footer_callout":"","ofc_meta_callout_button_url":"","ofc_meta_callout_button_txt":"","ofc_meta_callout_text":"","osh_disable_topbar_sticky":"default","osh_disable_header_sticky":"default","osh_sticky_header_style":"default","osh_sticky_header_effect":"","osh_custom_sticky_logo":0,"osh_custom_retina_sticky_logo":0,"osh_custom_sticky_logo_height":0,"osh_background_color":"","osh_links_color":"","osh_links_hover_color":"","osh_links_active_color":"","osh_links_bg_color":"","osh_links_hover_bg_color":"","osh_links_active_bg_color":"","osh_menu_social_links_color":"","osh_menu_social_hover_links_color":""},"product_brand":[],"product_cat":[35,147],"product_tag":[101,130,102],"class_list":{"0":"post-1923","1":"product","2":"type-product","3":"status-publish","4":"has-post-thumbnail","6":"product_cat-custom-wire-brackets","7":"product_cat-custom-wire-forms","8":"product_tag-wire-bending","9":"product_tag-wire-bending-service","10":"product_tag-wire-forming","12":"entry","13":"has-media","15":"first","16":"instock","17":"shipping-taxable","18":"product-type-external","19":"col","20":"span_1_of_3","21":"owp-content-center","22":"owp-thumbs-layout-horizontal","23":"owp-btn-very-big","24":"owp-tabs-layout-horizontal","25":"circle-sale"},"_links":{"self":[{"href":"https:\/\/www.metalwireforms.com\/pt\/wp-json\/wp\/v2\/product\/1923","targetHints":{"allow":["GET"]}}],"collection":[{"href":"https:\/\/www.metalwireforms.com\/pt\/wp-json\/wp\/v2\/product"}],"about":[{"href":"https:\/\/www.metalwireforms.com\/pt\/wp-json\/wp\/v2\/types\/product"}],"version-history":[{"count":1,"href":"https:\/\/www.metalwireforms.com\/pt\/wp-json\/wp\/v2\/product\/1923\/revisions"}],"predecessor-version":[{"id":1930,"href":"https:\/\/www.metalwireforms.com\/pt\/wp-json\/wp\/v2\/product\/1923\/revisions\/1930"}],"wp:featuredmedia":[{"embeddable":true,"href":"https:\/\/www.metalwireforms.com\/pt\/wp-json\/wp\/v2\/media\/1927"}],"wp:attachment":[{"href":"https:\/\/www.metalwireforms.com\/pt\/wp-json\/wp\/v2\/media?parent=1923"}],"wp:term":[{"taxonomy":"product_brand","embeddable":true,"href":"https:\/\/www.metalwireforms.com\/pt\/wp-json\/wp\/v2\/product_brand?post=1923"},{"taxonomy":"product_cat","embeddable":true,"href":"https:\/\/www.metalwireforms.com\/pt\/wp-json\/wp\/v2\/product_cat?post=1923"},{"taxonomy":"product_tag","embeddable":true,"href":"https:\/\/www.metalwireforms.com\/pt\/wp-json\/wp\/v2\/product_tag?post=1923"}],"curies":[{"name":"wp","href":"https:\/\/api.w.org\/{rel}","templated":true}]}}