{"id":1916,"date":"2021-11-03T09:29:24","date_gmt":"2021-11-03T09:29:24","guid":{"rendered":"https:\/\/www.xsmetalforming.com\/?post_type=product&#038;p=1916"},"modified":"2022-07-22T09:34:20","modified_gmt":"2022-07-22T09:34:20","slug":"customized-manganese-steel-coil-compression-mold-die-spring","status":"publish","type":"product","link":"https:\/\/www.metalwireforms.com\/pt\/produto\/customized-manganese-steel-coil-compression-mold-die-spring","title":{"rendered":"Mola de moldagem por compress\u00e3o em bobina de a\u00e7o mangan\u00eas personalizada"},"content":{"rendered":"<p>As molas do molde incluem: molas de molde padr\u00e3o japon\u00eas, padr\u00e3o europeu, padr\u00e3o alem\u00e3o, padr\u00e3o americano, e molas de poliuretano. Normalmente, molas de molde se referem a molas de molde retangulares.<\/p>\n<figure id=\"attachment_1921\" aria-describedby=\"caption-attachment-1921\" style=\"width: 960px\" class=\"wp-caption alignnone\"><img fetchpriority=\"high\" decoding=\"async\" class=\"size-full wp-image-1921\" src=\"https:\/\/www.metalwireforms.com\/wp-content\/uploads\/2021\/11\/mold-spring.jpg\" alt=\"mola do molde\" width=\"960\" height=\"745\" srcset=\"https:\/\/www.metalwireforms.com\/wp-content\/uploads\/2021\/11\/mold-spring.jpg 960w, https:\/\/www.metalwireforms.com\/wp-content\/uploads\/2021\/11\/mold-spring-300x233.jpg 300w, https:\/\/www.metalwireforms.com\/wp-content\/uploads\/2021\/11\/mold-spring-150x116.jpg 150w, https:\/\/www.metalwireforms.com\/wp-content\/uploads\/2021\/11\/mold-spring-768x596.jpg 768w, https:\/\/www.metalwireforms.com\/wp-content\/uploads\/2021\/11\/mold-spring-15x12.jpg 15w, https:\/\/www.metalwireforms.com\/wp-content\/uploads\/2021\/11\/mold-spring-600x466.jpg 600w\" sizes=\"(max-width: 960px) 100vw, 960px\" \/><figcaption id=\"caption-attachment-1921\" class=\"wp-caption-text\">mola do molde<\/figcaption><\/figure>\n<h3>Destaque<\/h3>\n<p>A mola do molde \u00e9 feita de material de a\u00e7o-liga importado, que tem as caracter\u00edsticas de resist\u00eancia a altas temperaturas, resist\u00eancia \u00e0 fadiga e boa tenacidade. A mola \u00e9 resistente a altas temperaturas at\u00e9 280 graus. Projetada por engenheiros profissionais, ela possui uma se\u00e7\u00e3o transversal retangular com cantos arredondados, o que faz uso razo\u00e1vel do espa\u00e7o. Este processo pode reduzir a concentra\u00e7\u00e3o de tens\u00e3o da mola durante a extrus\u00e3o de alta velocidade e o ricochete. Ap\u00f3s mais de tr\u00eas vezes o tratamento com forte press\u00e3o, a tens\u00e3o interna antes do uso \u00e9 eliminada e a deforma\u00e7\u00e3o, encurtamento e fratura da mola s\u00e3o evitados. A superf\u00edcie da mola foi refor\u00e7ada, o que pode tornar a estrutura da superf\u00edcie forte, melhorar a for\u00e7a do ponto de concentra\u00e7\u00e3o de tens\u00e3o e prolongar a vida \u00fatil da mola.<\/p>\n<h3>Aplica\u00e7\u00e3o<\/h3>\n<p>As molas de molde s\u00e3o amplamente utilizadas em moldes de estampagem, moldes de fundi\u00e7\u00e3o sob press\u00e3o, moldes de pl\u00e1stico e outros equipamentos mec\u00e2nicos de precis\u00e3o de movimento el\u00e1stico, autom\u00f3veis e outros campos.<\/p>","protected":false},"excerpt":{"rendered":"<p>As molas de molde s\u00e3o amplamente utilizadas em moldes de estampagem, moldes de fundi\u00e7\u00e3o sob press\u00e3o, moldes de pl\u00e1stico e outros equipamentos mec\u00e2nicos de precis\u00e3o de movimento el\u00e1stico, autom\u00f3veis e outros campos.<\/p>","protected":false},"featured_media":1917,"template":"","meta":{"ocean_post_layout":"","ocean_both_sidebars_style":"","ocean_both_sidebars_content_width":0,"ocean_both_sidebars_sidebars_width":0,"ocean_sidebar":"","ocean_second_sidebar":"","ocean_disable_margins":"enable","ocean_add_body_class":"","ocean_shortcode_before_top_bar":"","ocean_shortcode_after_top_bar":"","ocean_shortcode_before_header":"","ocean_shortcode_after_header":"","ocean_has_shortcode":"","ocean_shortcode_after_title":"","ocean_shortcode_before_footer_widgets":"","ocean_shortcode_after_footer_widgets":"","ocean_shortcode_before_footer_bottom":"","ocean_shortcode_after_footer_bottom":"","ocean_display_top_bar":"default","ocean_display_header":"default","ocean_header_style":"","ocean_center_header_left_menu":"","ocean_custom_header_template":"","ocean_custom_logo":0,"ocean_custom_retina_logo":0,"ocean_custom_logo_max_width":0,"ocean_custom_logo_tablet_max_width":0,"ocean_custom_logo_mobile_max_width":0,"ocean_custom_logo_max_height":0,"ocean_custom_logo_tablet_max_height":0,"ocean_custom_logo_mobile_max_height":0,"ocean_header_custom_menu":"","ocean_menu_typo_font_family":"","ocean_menu_typo_font_subset":"","ocean_menu_typo_font_size":0,"ocean_menu_typo_font_size_tablet":0,"ocean_menu_typo_font_size_mobile":0,"ocean_menu_typo_font_size_unit":"px","ocean_menu_typo_font_weight":"","ocean_menu_typo_font_weight_tablet":"","ocean_menu_typo_font_weight_mobile":"","ocean_menu_typo_transform":"","ocean_menu_typo_transform_tablet":"","ocean_menu_typo_transform_mobile":"","ocean_menu_typo_line_height":0,"ocean_menu_typo_line_height_tablet":0,"ocean_menu_typo_line_height_mobile":0,"ocean_menu_typo_line_height_unit":"","ocean_menu_typo_spacing":0,"ocean_menu_typo_spacing_tablet":0,"ocean_menu_typo_spacing_mobile":0,"ocean_menu_typo_spacing_unit":"","ocean_menu_link_color":"","ocean_menu_link_color_hover":"","ocean_menu_link_color_active":"","ocean_menu_link_background":"","ocean_menu_link_hover_background":"","ocean_menu_link_active_background":"","ocean_menu_social_links_bg":"","ocean_menu_social_hover_links_bg":"","ocean_menu_social_links_color":"","ocean_menu_social_hover_links_color":"","ocean_disable_title":"default","ocean_disable_heading":"default","ocean_post_title":"","ocean_post_subheading":"","ocean_post_title_style":"","ocean_post_title_background_color":"","ocean_post_title_background":0,"ocean_post_title_bg_image_position":"","ocean_post_title_bg_image_attachment":"","ocean_post_title_bg_image_repeat":"","ocean_post_title_bg_image_size":"","ocean_post_title_height":0,"ocean_post_title_bg_overlay":0.5,"ocean_post_title_bg_overlay_color":"","ocean_disable_breadcrumbs":"default","ocean_breadcrumbs_color":"","ocean_breadcrumbs_separator_color":"","ocean_breadcrumbs_links_color":"","ocean_breadcrumbs_links_hover_color":"","ocean_display_footer_widgets":"default","ocean_display_footer_bottom":"default","ocean_custom_footer_template":"","ofc_meta_disable_footer_callout":"","ofc_meta_callout_button_url":"","ofc_meta_callout_button_txt":"","ofc_meta_callout_text":"","osh_disable_topbar_sticky":"default","osh_disable_header_sticky":"default","osh_sticky_header_style":"default","osh_sticky_header_effect":"","osh_custom_sticky_logo":0,"osh_custom_retina_sticky_logo":0,"osh_custom_sticky_logo_height":0,"osh_background_color":"","osh_links_color":"","osh_links_hover_color":"","osh_links_active_color":"","osh_links_bg_color":"","osh_links_hover_bg_color":"","osh_links_active_bg_color":"","osh_menu_social_links_color":"","osh_menu_social_hover_links_color":""},"product_brand":[],"product_cat":[144,25],"product_tag":[129,128],"class_list":{"0":"post-1916","1":"product","2":"type-product","3":"status-publish","4":"has-post-thumbnail","6":"product_cat-custom-springs","7":"product_cat-custom-compression-springs","8":"product_tag-die-spring","9":"product_tag-mold-spring","11":"entry","12":"has-media","14":"first","15":"instock","16":"shipping-taxable","17":"product-type-external","18":"col","19":"span_1_of_3","20":"owp-content-center","21":"owp-thumbs-layout-horizontal","22":"owp-btn-very-big","23":"owp-tabs-layout-horizontal","24":"circle-sale"},"_links":{"self":[{"href":"https:\/\/www.metalwireforms.com\/pt\/wp-json\/wp\/v2\/product\/1916","targetHints":{"allow":["GET"]}}],"collection":[{"href":"https:\/\/www.metalwireforms.com\/pt\/wp-json\/wp\/v2\/product"}],"about":[{"href":"https:\/\/www.metalwireforms.com\/pt\/wp-json\/wp\/v2\/types\/product"}],"version-history":[{"count":1,"href":"https:\/\/www.metalwireforms.com\/pt\/wp-json\/wp\/v2\/product\/1916\/revisions"}],"predecessor-version":[{"id":1922,"href":"https:\/\/www.metalwireforms.com\/pt\/wp-json\/wp\/v2\/product\/1916\/revisions\/1922"}],"wp:featuredmedia":[{"embeddable":true,"href":"https:\/\/www.metalwireforms.com\/pt\/wp-json\/wp\/v2\/media\/1917"}],"wp:attachment":[{"href":"https:\/\/www.metalwireforms.com\/pt\/wp-json\/wp\/v2\/media?parent=1916"}],"wp:term":[{"taxonomy":"product_brand","embeddable":true,"href":"https:\/\/www.metalwireforms.com\/pt\/wp-json\/wp\/v2\/product_brand?post=1916"},{"taxonomy":"product_cat","embeddable":true,"href":"https:\/\/www.metalwireforms.com\/pt\/wp-json\/wp\/v2\/product_cat?post=1916"},{"taxonomy":"product_tag","embeddable":true,"href":"https:\/\/www.metalwireforms.com\/pt\/wp-json\/wp\/v2\/product_tag?post=1916"}],"curies":[{"name":"wp","href":"https:\/\/api.w.org\/{rel}","templated":true}]}}