{"id":1831,"date":"2021-10-26T08:26:59","date_gmt":"2021-10-26T08:26:59","guid":{"rendered":"https:\/\/www.xsmetalforming.com\/?post_type=product&#038;p=1831"},"modified":"2022-07-25T02:53:46","modified_gmt":"2022-07-25T02:53:46","slug":"custom-button-switch-induction-touch-spring","status":"publish","type":"product","link":"https:\/\/www.metalwireforms.com\/pt\/produto\/custom-button-switch-induction-touch-spring","title":{"rendered":"Mola de Toque de Bot\u00e3o de Indu\u00e7\u00e3o Personalizada"},"content":{"rendered":"<p>Mola de toque refere-se a um bot\u00e3o especial de mola dedicado a aparelhos el\u00e9tricos capacitivos e de tela de toque de chip \u00fanico. As molas de toque tamb\u00e9m s\u00e3o chamadas de molas sens\u00edveis ao toque, molas de bot\u00e3o e molas de contato. \u00c9 uma alternativa robusta de sensoriamento capacitivo aos tradicionais interruptores mec\u00e2nicos. O bot\u00e3o de toque retr\u00e1til \u00e9 usado, e o produto de controle do bot\u00e3o de toque pode ser realizado sem mudar o molde da concha, e a sensibilidade ao toque \u00e9 muito boa.<\/p>\n<figure id=\"attachment_1836\" aria-describedby=\"caption-attachment-1836\" style=\"width: 961px\" class=\"wp-caption alignnone\"><img fetchpriority=\"high\" decoding=\"async\" class=\"size-full wp-image-1836\" src=\"https:\/\/www.metalwireforms.com\/wp-content\/uploads\/2021\/10\/touch-spring.jpg\" alt=\"mola de toque\" width=\"961\" height=\"693\" srcset=\"https:\/\/www.metalwireforms.com\/wp-content\/uploads\/2021\/10\/touch-spring.jpg 961w, https:\/\/www.metalwireforms.com\/wp-content\/uploads\/2021\/10\/touch-spring-300x216.jpg 300w, https:\/\/www.metalwireforms.com\/wp-content\/uploads\/2021\/10\/touch-spring-150x108.jpg 150w, https:\/\/www.metalwireforms.com\/wp-content\/uploads\/2021\/10\/touch-spring-768x554.jpg 768w, https:\/\/www.metalwireforms.com\/wp-content\/uploads\/2021\/10\/touch-spring-18x12.jpg 18w, https:\/\/www.metalwireforms.com\/wp-content\/uploads\/2021\/10\/touch-spring-600x433.jpg 600w\" sizes=\"(max-width: 961px) 100vw, 961px\" \/><figcaption id=\"caption-attachment-1836\" class=\"wp-caption-text\">mola de toque<\/figcaption><\/figure>\n<h3>Destaque<\/h3>\n<p>Os materiais de produto comumente utilizados s\u00e3o: corda de a\u00e7o carbono para piano, corda de a\u00e7o de baixo carbono, a\u00e7o de alto carbono, corda de a\u00e7o mangan\u00eas, corda de n\u00edquel, 60SizMNA, corda de a\u00e7o inoxid\u00e1vel para molas e outros materiais. Os revestimentos de superf\u00edcie comuns s\u00e3o os seguintes: n\u00edquel ecol\u00f3gico, K branco sem n\u00edquel, ouro reto, ouro de fundo, prata, bronze verde, prata antiga, etc.<\/p>\n<h3>Aplica\u00e7\u00e3o<\/h3>\n<p>Adequado para fog\u00e3o de indu\u00e7\u00e3o, forno de convec\u00e7\u00e3o, assadeira el\u00e9trica, arm\u00e1rio de desinfec\u00e7\u00e3o, exaustor, aquecedor de \u00e1gua, ventilador de aquecimento, m\u00e1quina de lavar legumes, contador de moedas, massageador, forno el\u00e9trico, arm\u00e1rio eletr\u00f4nico de vinho, dispensador de \u00e1gua e uma s\u00e9rie de pequenos eletrodom\u00e9sticos de alto n\u00edvel de toque inteligente.<\/p>","protected":false},"excerpt":{"rendered":"<p>Mola de toque refere-se a um bot\u00e3o especial de mola dedicado a aparelhos el\u00e9tricos capacitivos e de tela de toque de chip \u00fanico. As molas de toque tamb\u00e9m s\u00e3o chamadas de molas sens\u00edveis ao toque, molas de bot\u00e3o e molas de contato.<\/p>","protected":false},"featured_media":1832,"template":"","meta":{"ocean_post_layout":"","ocean_both_sidebars_style":"","ocean_both_sidebars_content_width":0,"ocean_both_sidebars_sidebars_width":0,"ocean_sidebar":"0","ocean_second_sidebar":"0","ocean_disable_margins":"enable","ocean_add_body_class":"","ocean_shortcode_before_top_bar":"","ocean_shortcode_after_top_bar":"","ocean_shortcode_before_header":"","ocean_shortcode_after_header":"","ocean_has_shortcode":"","ocean_shortcode_after_title":"","ocean_shortcode_before_footer_widgets":"","ocean_shortcode_after_footer_widgets":"","ocean_shortcode_before_footer_bottom":"","ocean_shortcode_after_footer_bottom":"","ocean_display_top_bar":"default","ocean_display_header":"default","ocean_header_style":"","ocean_center_header_left_menu":"0","ocean_custom_header_template":"0","ocean_custom_logo":0,"ocean_custom_retina_logo":0,"ocean_custom_logo_max_width":0,"ocean_custom_logo_tablet_max_width":0,"ocean_custom_logo_mobile_max_width":0,"ocean_custom_logo_max_height":0,"ocean_custom_logo_tablet_max_height":0,"ocean_custom_logo_mobile_max_height":0,"ocean_header_custom_menu":"0","ocean_menu_typo_font_family":"0","ocean_menu_typo_font_subset":"","ocean_menu_typo_font_size":0,"ocean_menu_typo_font_size_tablet":0,"ocean_menu_typo_font_size_mobile":0,"ocean_menu_typo_font_size_unit":"px","ocean_menu_typo_font_weight":"","ocean_menu_typo_font_weight_tablet":"","ocean_menu_typo_font_weight_mobile":"","ocean_menu_typo_transform":"","ocean_menu_typo_transform_tablet":"","ocean_menu_typo_transform_mobile":"","ocean_menu_typo_line_height":0,"ocean_menu_typo_line_height_tablet":0,"ocean_menu_typo_line_height_mobile":0,"ocean_menu_typo_line_height_unit":"","ocean_menu_typo_spacing":0,"ocean_menu_typo_spacing_tablet":0,"ocean_menu_typo_spacing_mobile":0,"ocean_menu_typo_spacing_unit":"","ocean_menu_link_color":"","ocean_menu_link_color_hover":"","ocean_menu_link_color_active":"","ocean_menu_link_background":"","ocean_menu_link_hover_background":"","ocean_menu_link_active_background":"","ocean_menu_social_links_bg":"","ocean_menu_social_hover_links_bg":"","ocean_menu_social_links_color":"","ocean_menu_social_hover_links_color":"","ocean_disable_title":"default","ocean_disable_heading":"default","ocean_post_title":"","ocean_post_subheading":"","ocean_post_title_style":"","ocean_post_title_background_color":"","ocean_post_title_background":0,"ocean_post_title_bg_image_position":"","ocean_post_title_bg_image_attachment":"","ocean_post_title_bg_image_repeat":"","ocean_post_title_bg_image_size":"","ocean_post_title_height":0,"ocean_post_title_bg_overlay":0.5,"ocean_post_title_bg_overlay_color":"","ocean_disable_breadcrumbs":"default","ocean_breadcrumbs_color":"","ocean_breadcrumbs_separator_color":"","ocean_breadcrumbs_links_color":"","ocean_breadcrumbs_links_hover_color":"","ocean_display_footer_widgets":"default","ocean_display_footer_bottom":"default","ocean_custom_footer_template":"0","ofc_meta_disable_footer_callout":"","ofc_meta_callout_button_url":"","ofc_meta_callout_button_txt":"","ofc_meta_callout_text":"","osh_disable_topbar_sticky":"default","osh_disable_header_sticky":"default","osh_sticky_header_style":"default","osh_sticky_header_effect":"","osh_custom_sticky_logo":0,"osh_custom_retina_sticky_logo":0,"osh_custom_sticky_logo_height":0,"osh_background_color":"","osh_links_color":"","osh_links_hover_color":"","osh_links_active_color":"","osh_links_bg_color":"","osh_links_hover_bg_color":"","osh_links_active_bg_color":"","osh_menu_social_links_color":"","osh_menu_social_hover_links_color":""},"product_brand":[],"product_cat":[144,25],"product_tag":[112,113,111],"class_list":{"0":"post-1831","1":"product","2":"type-product","3":"status-publish","4":"has-post-thumbnail","6":"product_cat-custom-springs","7":"product_cat-custom-compression-springs","8":"product_tag-button-spring","9":"product_tag-contact-spring","10":"product_tag-touch-spring","12":"entry","13":"has-media","15":"first","16":"instock","17":"shipping-taxable","18":"product-type-external","19":"col","20":"span_1_of_3","21":"owp-content-center","22":"owp-thumbs-layout-horizontal","23":"owp-btn-very-big","24":"owp-tabs-layout-horizontal","25":"circle-sale"},"_links":{"self":[{"href":"https:\/\/www.metalwireforms.com\/pt\/wp-json\/wp\/v2\/product\/1831","targetHints":{"allow":["GET"]}}],"collection":[{"href":"https:\/\/www.metalwireforms.com\/pt\/wp-json\/wp\/v2\/product"}],"about":[{"href":"https:\/\/www.metalwireforms.com\/pt\/wp-json\/wp\/v2\/types\/product"}],"version-history":[{"count":1,"href":"https:\/\/www.metalwireforms.com\/pt\/wp-json\/wp\/v2\/product\/1831\/revisions"}],"predecessor-version":[{"id":1837,"href":"https:\/\/www.metalwireforms.com\/pt\/wp-json\/wp\/v2\/product\/1831\/revisions\/1837"}],"wp:featuredmedia":[{"embeddable":true,"href":"https:\/\/www.metalwireforms.com\/pt\/wp-json\/wp\/v2\/media\/1832"}],"wp:attachment":[{"href":"https:\/\/www.metalwireforms.com\/pt\/wp-json\/wp\/v2\/media?parent=1831"}],"wp:term":[{"taxonomy":"product_brand","embeddable":true,"href":"https:\/\/www.metalwireforms.com\/pt\/wp-json\/wp\/v2\/product_brand?post=1831"},{"taxonomy":"product_cat","embeddable":true,"href":"https:\/\/www.metalwireforms.com\/pt\/wp-json\/wp\/v2\/product_cat?post=1831"},{"taxonomy":"product_tag","embeddable":true,"href":"https:\/\/www.metalwireforms.com\/pt\/wp-json\/wp\/v2\/product_tag?post=1831"}],"curies":[{"name":"wp","href":"https:\/\/api.w.org\/{rel}","templated":true}]}}