{"id":1808,"date":"2021-10-22T08:36:13","date_gmt":"2021-10-22T08:36:13","guid":{"rendered":"https:\/\/www.xsmetalforming.com\/?post_type=product&#038;p=1808"},"modified":"2022-07-25T02:53:27","modified_gmt":"2022-07-25T02:53:27","slug":"custom-galvanized-metal-strap-double-j-hook","status":"publish","type":"product","link":"https:\/\/www.metalwireforms.com\/pt\/produto\/custom-galvanized-metal-strap-double-j-hook","title":{"rendered":"Al\u00e7a met\u00e1lica galvanizada personalizada Double J Hook"},"content":{"rendered":"<p>A cinta met\u00e1lica galvanizada Double J gancho tamb\u00e9m \u00e9 uma esp\u00e9cie de gancho tensor, gancho de liga\u00e7\u00e3o de carga, gancho para tubo de a\u00e7o para reboque de caminh\u00e3o, gancho para corda de seguran\u00e7a, gancho para cinto de liga\u00e7\u00e3o, gancho para corda. As especifica\u00e7\u00f5es comuns s\u00e3o 1 polegada, 1,5 polegada, 2 polegadas e 3 polegadas.<\/p>\n<p>&nbsp;<\/p>\n<figure id=\"attachment_1813\" aria-describedby=\"caption-attachment-1813\" style=\"width: 960px\" class=\"wp-caption alignnone\"><img fetchpriority=\"high\" decoding=\"async\" class=\"size-full wp-image-1813\" src=\"https:\/\/www.metalwireforms.com\/wp-content\/uploads\/2021\/10\/double-j-hook.jpg\" alt=\"gancho duplo j\" width=\"960\" height=\"800\" srcset=\"https:\/\/www.metalwireforms.com\/wp-content\/uploads\/2021\/10\/double-j-hook.jpg 960w, https:\/\/www.metalwireforms.com\/wp-content\/uploads\/2021\/10\/double-j-hook-300x250.jpg 300w, https:\/\/www.metalwireforms.com\/wp-content\/uploads\/2021\/10\/double-j-hook-150x125.jpg 150w, https:\/\/www.metalwireforms.com\/wp-content\/uploads\/2021\/10\/double-j-hook-768x640.jpg 768w, https:\/\/www.metalwireforms.com\/wp-content\/uploads\/2021\/10\/double-j-hook-14x12.jpg 14w, https:\/\/www.metalwireforms.com\/wp-content\/uploads\/2021\/10\/double-j-hook-600x500.jpg 600w\" sizes=\"(max-width: 960px) 100vw, 960px\" \/><figcaption id=\"caption-attachment-1813\" class=\"wp-caption-text\">gancho duplo j<\/figcaption><\/figure>\n<h3>Destaque<\/h3>\n<p>Est\u00e3o dispon\u00edveis acess\u00f3rios seiko, superf\u00edcie lisa, sem falhas, componente do corpo, fivela de fixa\u00e7\u00e3o, n\u00e3o f\u00e1cil de cair, excelente qualidade, dur\u00e1vel e n\u00e3o facilmente danificada em v\u00e1rios tamanhos.<\/p>\n<h3>Aplica\u00e7\u00e3o<\/h3>\n<p>Os ganchos de duplo gancho s\u00e3o usados em dispositivos de fixa\u00e7\u00e3o por meio de parafusos de gancho, dispositivos de tensionamento de cabo de a\u00e7o, dispositivos de tensionamento de catraca e s\u00e3o amplamente usados em motocicletas, autom\u00f3veis, navios e avi\u00f5es para amarrar e fixar mercadorias durante o transporte.<\/p>","protected":false},"excerpt":{"rendered":"<p>A cinta met\u00e1lica galvanizada Double J gancho tamb\u00e9m \u00e9 uma esp\u00e9cie de gancho tensor, gancho de liga\u00e7\u00e3o de carga, gancho para tubo de a\u00e7o para reboque de caminh\u00e3o, gancho para corda de seguran\u00e7a, gancho para cinto de liga\u00e7\u00e3o, gancho para corda.<\/p>","protected":false},"featured_media":1809,"template":"","meta":{"ocean_post_layout":"","ocean_both_sidebars_style":"","ocean_both_sidebars_content_width":0,"ocean_both_sidebars_sidebars_width":0,"ocean_sidebar":"0","ocean_second_sidebar":"0","ocean_disable_margins":"enable","ocean_add_body_class":"","ocean_shortcode_before_top_bar":"","ocean_shortcode_after_top_bar":"","ocean_shortcode_before_header":"","ocean_shortcode_after_header":"","ocean_has_shortcode":"","ocean_shortcode_after_title":"","ocean_shortcode_before_footer_widgets":"","ocean_shortcode_after_footer_widgets":"","ocean_shortcode_before_footer_bottom":"","ocean_shortcode_after_footer_bottom":"","ocean_display_top_bar":"default","ocean_display_header":"default","ocean_header_style":"","ocean_center_header_left_menu":"0","ocean_custom_header_template":"0","ocean_custom_logo":0,"ocean_custom_retina_logo":0,"ocean_custom_logo_max_width":0,"ocean_custom_logo_tablet_max_width":0,"ocean_custom_logo_mobile_max_width":0,"ocean_custom_logo_max_height":0,"ocean_custom_logo_tablet_max_height":0,"ocean_custom_logo_mobile_max_height":0,"ocean_header_custom_menu":"0","ocean_menu_typo_font_family":"0","ocean_menu_typo_font_subset":"","ocean_menu_typo_font_size":0,"ocean_menu_typo_font_size_tablet":0,"ocean_menu_typo_font_size_mobile":0,"ocean_menu_typo_font_size_unit":"px","ocean_menu_typo_font_weight":"","ocean_menu_typo_font_weight_tablet":"","ocean_menu_typo_font_weight_mobile":"","ocean_menu_typo_transform":"","ocean_menu_typo_transform_tablet":"","ocean_menu_typo_transform_mobile":"","ocean_menu_typo_line_height":0,"ocean_menu_typo_line_height_tablet":0,"ocean_menu_typo_line_height_mobile":0,"ocean_menu_typo_line_height_unit":"","ocean_menu_typo_spacing":0,"ocean_menu_typo_spacing_tablet":0,"ocean_menu_typo_spacing_mobile":0,"ocean_menu_typo_spacing_unit":"","ocean_menu_link_color":"","ocean_menu_link_color_hover":"","ocean_menu_link_color_active":"","ocean_menu_link_background":"","ocean_menu_link_hover_background":"","ocean_menu_link_active_background":"","ocean_menu_social_links_bg":"","ocean_menu_social_hover_links_bg":"","ocean_menu_social_links_color":"","ocean_menu_social_hover_links_color":"","ocean_disable_title":"default","ocean_disable_heading":"default","ocean_post_title":"","ocean_post_subheading":"","ocean_post_title_style":"","ocean_post_title_background_color":"","ocean_post_title_background":0,"ocean_post_title_bg_image_position":"","ocean_post_title_bg_image_attachment":"","ocean_post_title_bg_image_repeat":"","ocean_post_title_bg_image_size":"","ocean_post_title_height":0,"ocean_post_title_bg_overlay":0.5,"ocean_post_title_bg_overlay_color":"","ocean_disable_breadcrumbs":"default","ocean_breadcrumbs_color":"","ocean_breadcrumbs_separator_color":"","ocean_breadcrumbs_links_color":"","ocean_breadcrumbs_links_hover_color":"","ocean_display_footer_widgets":"default","ocean_display_footer_bottom":"default","ocean_custom_footer_template":"0","ofc_meta_disable_footer_callout":"","ofc_meta_callout_button_url":"","ofc_meta_callout_button_txt":"","ofc_meta_callout_text":"","osh_disable_topbar_sticky":"default","osh_disable_header_sticky":"default","osh_sticky_header_style":"default","osh_sticky_header_effect":"","osh_custom_sticky_logo":0,"osh_custom_retina_sticky_logo":0,"osh_custom_sticky_logo_height":0,"osh_background_color":"","osh_links_color":"","osh_links_hover_color":"","osh_links_active_color":"","osh_links_bg_color":"","osh_links_hover_bg_color":"","osh_links_active_bg_color":"","osh_menu_social_links_color":"","osh_menu_social_hover_links_color":""},"product_brand":[],"product_cat":[147,31],"product_tag":[107,108],"class_list":{"0":"post-1808","1":"product","2":"type-product","3":"status-publish","4":"has-post-thumbnail","6":"product_cat-custom-wire-forms","7":"product_cat-custom-wire-hooks","8":"product_tag-j-hook","9":"product_tag-metal-hook","11":"entry","12":"has-media","14":"first","15":"instock","16":"shipping-taxable","17":"product-type-external","18":"col","19":"span_1_of_3","20":"owp-content-center","21":"owp-thumbs-layout-horizontal","22":"owp-btn-very-big","23":"owp-tabs-layout-horizontal","24":"circle-sale"},"_links":{"self":[{"href":"https:\/\/www.metalwireforms.com\/pt\/wp-json\/wp\/v2\/product\/1808","targetHints":{"allow":["GET"]}}],"collection":[{"href":"https:\/\/www.metalwireforms.com\/pt\/wp-json\/wp\/v2\/product"}],"about":[{"href":"https:\/\/www.metalwireforms.com\/pt\/wp-json\/wp\/v2\/types\/product"}],"version-history":[{"count":1,"href":"https:\/\/www.metalwireforms.com\/pt\/wp-json\/wp\/v2\/product\/1808\/revisions"}],"predecessor-version":[{"id":1814,"href":"https:\/\/www.metalwireforms.com\/pt\/wp-json\/wp\/v2\/product\/1808\/revisions\/1814"}],"wp:featuredmedia":[{"embeddable":true,"href":"https:\/\/www.metalwireforms.com\/pt\/wp-json\/wp\/v2\/media\/1809"}],"wp:attachment":[{"href":"https:\/\/www.metalwireforms.com\/pt\/wp-json\/wp\/v2\/media?parent=1808"}],"wp:term":[{"taxonomy":"product_brand","embeddable":true,"href":"https:\/\/www.metalwireforms.com\/pt\/wp-json\/wp\/v2\/product_brand?post=1808"},{"taxonomy":"product_cat","embeddable":true,"href":"https:\/\/www.metalwireforms.com\/pt\/wp-json\/wp\/v2\/product_cat?post=1808"},{"taxonomy":"product_tag","embeddable":true,"href":"https:\/\/www.metalwireforms.com\/pt\/wp-json\/wp\/v2\/product_tag?post=1808"}],"curies":[{"name":"wp","href":"https:\/\/api.w.org\/{rel}","templated":true}]}}