{"id":1780,"date":"2021-10-20T02:48:39","date_gmt":"2021-10-20T02:48:39","guid":{"rendered":"https:\/\/www.xsmetalforming.com\/?post_type=product&#038;p=1780"},"modified":"2022-07-25T03:49:15","modified_gmt":"2022-07-25T03:49:15","slug":"custom-wire-forming-spring-r-shape-cotter-pin","status":"publish","type":"product","link":"https:\/\/www.metalwireforms.com\/pt\/produto\/custom-wire-forming-spring-r-shape-cotter-pin","title":{"rendered":"Mola formadora de arame sob medida pino de cavilha em forma de R"},"content":{"rendered":"<p>O pino R (pino dividido) como parte mec\u00e2nica \u00e9 usado principalmente para evitar o afrouxamento das conex\u00f5es roscadas. Depois que a porca \u00e9 apertada, o pino da contraporca \u00e9 inserido na ranhura da porca e no furo da cauda do parafuso, e a cauda do pino da contraporca \u00e9 aberta para evitar a rota\u00e7\u00e3o relativa da porca e do parafuso. O pino fendido \u00e9 uma esp\u00e9cie de ferragem met\u00e1lica, comumente conhecida como pino de mola.<\/p>\n<figure id=\"attachment_1787\" aria-describedby=\"caption-attachment-1787\" style=\"width: 960px\" class=\"wp-caption alignnone\"><img fetchpriority=\"high\" decoding=\"async\" class=\"size-full wp-image-1787\" src=\"https:\/\/www.metalwireforms.com\/wp-content\/uploads\/2021\/10\/R-Pin.jpg\" alt=\"R Pino\" width=\"960\" height=\"550\" srcset=\"https:\/\/www.metalwireforms.com\/wp-content\/uploads\/2021\/10\/R-Pin.jpg 960w, https:\/\/www.metalwireforms.com\/wp-content\/uploads\/2021\/10\/R-Pin-300x172.jpg 300w, https:\/\/www.metalwireforms.com\/wp-content\/uploads\/2021\/10\/R-Pin-150x86.jpg 150w, https:\/\/www.metalwireforms.com\/wp-content\/uploads\/2021\/10\/R-Pin-768x440.jpg 768w, https:\/\/www.metalwireforms.com\/wp-content\/uploads\/2021\/10\/R-Pin-18x10.jpg 18w, https:\/\/www.metalwireforms.com\/wp-content\/uploads\/2021\/10\/R-Pin-600x344.jpg 600w\" sizes=\"(max-width: 960px) 100vw, 960px\" \/><figcaption id=\"caption-attachment-1787\" class=\"wp-caption-text\">R Pino<\/figcaption><\/figure>\n<h3>Destaque<\/h3>\n<p>Tratamento de superf\u00edcie R-pin (pino de mola): galvanizado, niquelado, cromado, mergulhado, pl\u00e1stico pulverizado, natural, enegrecido, zinco preto galv\u00e2nico, 12\/24\/48\/96 horas teste de pulveriza\u00e7\u00e3o de sal, zinco ecol\u00f3gico, passiva\u00e7\u00e3o Esperar.<\/p>\n<p>Tipo de material: diferentes tipos de produtos, diferentes materiais. Materiais comuns: a\u00e7o de baixo carbono, a\u00e7o 45#, a\u00e7o para molas, a\u00e7o inoxid\u00e1vel 304. Tamanho do produto: Padr\u00e3o alem\u00e3o, padr\u00e3o americano, padr\u00e3o nacional, tamb\u00e9m podem ser personalizados de acordo com as necessidades reais, os pinos em forma de R geralmente t\u00eam volta simples e volta dupla.<\/p>\n<h3>Aplica\u00e7\u00e3o<\/h3>\n<p>O pino R \u00e9 usado principalmente na ind\u00fastria e tem uma longa vida \u00fatil. O pino R tem uma ampla gama de aplica\u00e7\u00f5es, e pode ser aplicado em autom\u00f3veis, reboques, carrinhos, estantes, andaimes, m\u00e1quinas agr\u00edcolas, minas de carv\u00e3o, etc.<\/p>","protected":false},"excerpt":{"rendered":"<p>O pino R (pino dividido) como parte mec\u00e2nica \u00e9 usado principalmente para evitar o afrouxamento das conex\u00f5es roscadas.<\/p>","protected":false},"featured_media":1782,"template":"","meta":{"ocean_post_layout":"","ocean_both_sidebars_style":"","ocean_both_sidebars_content_width":0,"ocean_both_sidebars_sidebars_width":0,"ocean_sidebar":"0","ocean_second_sidebar":"0","ocean_disable_margins":"enable","ocean_add_body_class":"","ocean_shortcode_before_top_bar":"","ocean_shortcode_after_top_bar":"","ocean_shortcode_before_header":"","ocean_shortcode_after_header":"","ocean_has_shortcode":"","ocean_shortcode_after_title":"","ocean_shortcode_before_footer_widgets":"","ocean_shortcode_after_footer_widgets":"","ocean_shortcode_before_footer_bottom":"","ocean_shortcode_after_footer_bottom":"","ocean_display_top_bar":"default","ocean_display_header":"default","ocean_header_style":"","ocean_center_header_left_menu":"0","ocean_custom_header_template":"0","ocean_custom_logo":0,"ocean_custom_retina_logo":0,"ocean_custom_logo_max_width":0,"ocean_custom_logo_tablet_max_width":0,"ocean_custom_logo_mobile_max_width":0,"ocean_custom_logo_max_height":0,"ocean_custom_logo_tablet_max_height":0,"ocean_custom_logo_mobile_max_height":0,"ocean_header_custom_menu":"0","ocean_menu_typo_font_family":"0","ocean_menu_typo_font_subset":"","ocean_menu_typo_font_size":0,"ocean_menu_typo_font_size_tablet":0,"ocean_menu_typo_font_size_mobile":0,"ocean_menu_typo_font_size_unit":"px","ocean_menu_typo_font_weight":"","ocean_menu_typo_font_weight_tablet":"","ocean_menu_typo_font_weight_mobile":"","ocean_menu_typo_transform":"","ocean_menu_typo_transform_tablet":"","ocean_menu_typo_transform_mobile":"","ocean_menu_typo_line_height":0,"ocean_menu_typo_line_height_tablet":0,"ocean_menu_typo_line_height_mobile":0,"ocean_menu_typo_line_height_unit":"","ocean_menu_typo_spacing":0,"ocean_menu_typo_spacing_tablet":0,"ocean_menu_typo_spacing_mobile":0,"ocean_menu_typo_spacing_unit":"","ocean_menu_link_color":"","ocean_menu_link_color_hover":"","ocean_menu_link_color_active":"","ocean_menu_link_background":"","ocean_menu_link_hover_background":"","ocean_menu_link_active_background":"","ocean_menu_social_links_bg":"","ocean_menu_social_hover_links_bg":"","ocean_menu_social_links_color":"","ocean_menu_social_hover_links_color":"","ocean_disable_title":"default","ocean_disable_heading":"default","ocean_post_title":"","ocean_post_subheading":"","ocean_post_title_style":"","ocean_post_title_background_color":"","ocean_post_title_background":0,"ocean_post_title_bg_image_position":"","ocean_post_title_bg_image_attachment":"","ocean_post_title_bg_image_repeat":"","ocean_post_title_bg_image_size":"","ocean_post_title_height":0,"ocean_post_title_bg_overlay":0.5,"ocean_post_title_bg_overlay_color":"","ocean_disable_breadcrumbs":"default","ocean_breadcrumbs_color":"","ocean_breadcrumbs_separator_color":"","ocean_breadcrumbs_links_color":"","ocean_breadcrumbs_links_hover_color":"","ocean_display_footer_widgets":"default","ocean_display_footer_bottom":"default","ocean_custom_footer_template":"0","ofc_meta_disable_footer_callout":"","ofc_meta_callout_button_url":"","ofc_meta_callout_button_txt":"","ofc_meta_callout_text":"","osh_disable_topbar_sticky":"default","osh_disable_header_sticky":"default","osh_sticky_header_style":"default","osh_sticky_header_effect":"","osh_custom_sticky_logo":0,"osh_custom_retina_sticky_logo":0,"osh_custom_sticky_logo_height":0,"osh_background_color":"","osh_links_color":"","osh_links_hover_color":"","osh_links_active_color":"","osh_links_bg_color":"","osh_links_hover_bg_color":"","osh_links_active_bg_color":"","osh_menu_social_links_color":"","osh_menu_social_hover_links_color":""},"product_brand":[],"product_cat":[145,155],"product_tag":[104,100],"class_list":{"0":"post-1780","1":"product","2":"type-product","3":"status-publish","4":"has-post-thumbnail","6":"product_cat-custom-wire-fasteners","7":"product_cat-custom-cotter-pins","8":"product_tag-r-pin","9":"product_tag-wire-forms","11":"entry","12":"has-media","14":"first","15":"instock","16":"shipping-taxable","17":"product-type-external","18":"col","19":"span_1_of_3","20":"owp-content-center","21":"owp-thumbs-layout-horizontal","22":"owp-btn-very-big","23":"owp-tabs-layout-horizontal","24":"circle-sale"},"_links":{"self":[{"href":"https:\/\/www.metalwireforms.com\/pt\/wp-json\/wp\/v2\/product\/1780","targetHints":{"allow":["GET"]}}],"collection":[{"href":"https:\/\/www.metalwireforms.com\/pt\/wp-json\/wp\/v2\/product"}],"about":[{"href":"https:\/\/www.metalwireforms.com\/pt\/wp-json\/wp\/v2\/types\/product"}],"version-history":[{"count":2,"href":"https:\/\/www.metalwireforms.com\/pt\/wp-json\/wp\/v2\/product\/1780\/revisions"}],"predecessor-version":[{"id":2028,"href":"https:\/\/www.metalwireforms.com\/pt\/wp-json\/wp\/v2\/product\/1780\/revisions\/2028"}],"wp:featuredmedia":[{"embeddable":true,"href":"https:\/\/www.metalwireforms.com\/pt\/wp-json\/wp\/v2\/media\/1782"}],"wp:attachment":[{"href":"https:\/\/www.metalwireforms.com\/pt\/wp-json\/wp\/v2\/media?parent=1780"}],"wp:term":[{"taxonomy":"product_brand","embeddable":true,"href":"https:\/\/www.metalwireforms.com\/pt\/wp-json\/wp\/v2\/product_brand?post=1780"},{"taxonomy":"product_cat","embeddable":true,"href":"https:\/\/www.metalwireforms.com\/pt\/wp-json\/wp\/v2\/product_cat?post=1780"},{"taxonomy":"product_tag","embeddable":true,"href":"https:\/\/www.metalwireforms.com\/pt\/wp-json\/wp\/v2\/product_tag?post=1780"}],"curies":[{"name":"wp","href":"https:\/\/api.w.org\/{rel}","templated":true}]}}