{"id":1741,"date":"2021-10-16T08:27:30","date_gmt":"2021-10-16T08:27:30","guid":{"rendered":"https:\/\/www.xsmetalforming.com\/?post_type=product&#038;p=1741"},"modified":"2022-07-25T02:52:34","modified_gmt":"2022-07-25T02:52:34","slug":"custom-stainless-steel-bending-wire-forming-spring","status":"publish","type":"product","link":"https:\/\/www.metalwireforms.com\/pt\/produto\/custom-stainless-steel-bending-wire-forming-spring","title":{"rendered":"Mola de arame para dobra de a\u00e7o inoxid\u00e1vel personalizada"},"content":{"rendered":"<p>H\u00e1 muitos produtos moldados com fio met\u00e1lico em nossas vidas. Por exemplo, carrinhos de supermercado, gaiolas para animais de estima\u00e7\u00e3o e molas de v\u00e1rias formas que empurramos quando vamos ao supermercado s\u00e3o todos produtos moldados com arame met\u00e1lico. Na China, este tipo de produtos moldados de arame met\u00e1lico s\u00e3o produzidos por m\u00e1quinas autom\u00e1ticas de moldagem de arame.<\/p>\n<figure id=\"attachment_1742\" aria-describedby=\"caption-attachment-1742\" style=\"width: 960px\" class=\"wp-caption alignnone\"><img fetchpriority=\"high\" decoding=\"async\" class=\"size-full wp-image-1742\" src=\"https:\/\/www.metalwireforms.com\/wp-content\/uploads\/2021\/10\/wire-bending-part5.jpg\" alt=\"pe\u00e7a de dobra do fio(5)\" width=\"960\" height=\"635\" srcset=\"https:\/\/www.metalwireforms.com\/wp-content\/uploads\/2021\/10\/wire-bending-part5.jpg 960w, https:\/\/www.metalwireforms.com\/wp-content\/uploads\/2021\/10\/wire-bending-part5-300x198.jpg 300w, https:\/\/www.metalwireforms.com\/wp-content\/uploads\/2021\/10\/wire-bending-part5-150x99.jpg 150w, https:\/\/www.metalwireforms.com\/wp-content\/uploads\/2021\/10\/wire-bending-part5-768x508.jpg 768w, https:\/\/www.metalwireforms.com\/wp-content\/uploads\/2021\/10\/wire-bending-part5-18x12.jpg 18w, https:\/\/www.metalwireforms.com\/wp-content\/uploads\/2021\/10\/wire-bending-part5-600x397.jpg 600w\" sizes=\"(max-width: 960px) 100vw, 960px\" \/><figcaption id=\"caption-attachment-1742\" class=\"wp-caption-text\">pe\u00e7a de dobra do fio(5)<\/figcaption><\/figure>\n<h3>Destaque<\/h3>\n<p>Podemos processar arame de a\u00e7o personalizado, arame de ferro, arame de cobre, arame de alum\u00ednio, arame de a\u00e7o inoxid\u00e1vel e outros produtos de conforma\u00e7\u00e3o de dobra 2d\/3d.<\/p>\n<h3>Aplica\u00e7\u00e3o<\/h3>\n<p>Usado na ind\u00fastria de autope\u00e7as, ind\u00fastria de produtos met\u00e1licos, ind\u00fastria dom\u00e9stica, incluindo moldagem de assentos de autom\u00f3veis, moldagem de autope\u00e7as; acess\u00f3rios para gaiolas de animais dom\u00e9sticos; acess\u00f3rios para ferragens de cozinha e banheiro; acess\u00f3rios para ferramentas de jardim, moldagem eletr\u00f4nica de produtos, moldagem de acess\u00f3rios de brinquedos, moldagem de acess\u00f3rios el\u00e9tricos, esportes Todos os tipos de pe\u00e7as de metal de alta precis\u00e3o necess\u00e1rias para a forma\u00e7\u00e3o de pe\u00e7as de equipamentos, forma\u00e7\u00e3o de pe\u00e7as de papelaria, forma\u00e7\u00e3o de pe\u00e7as de instrumentos, forma\u00e7\u00e3o de pe\u00e7as de instrumentos, forma\u00e7\u00e3o de acess\u00f3rios para cabelo, forma\u00e7\u00e3o de pe\u00e7as artesanais, forma\u00e7\u00e3o de pe\u00e7as para prateleiras de supermercados, forma\u00e7\u00e3o de pe\u00e7as para armazenamento log\u00edstico, etc.<\/p>","protected":false},"excerpt":{"rendered":"<p>H\u00e1 muitos produtos moldados com fio met\u00e1lico em nossas vidas. Por exemplo, carrinhos de supermercado, gaiolas para animais de estima\u00e7\u00e3o e molas de v\u00e1rias formas que empurramos quando vamos ao supermercado s\u00e3o todos produtos moldados com arame met\u00e1lico.<\/p>","protected":false},"featured_media":1744,"template":"","meta":{"ocean_post_layout":"","ocean_both_sidebars_style":"","ocean_both_sidebars_content_width":0,"ocean_both_sidebars_sidebars_width":0,"ocean_sidebar":"0","ocean_second_sidebar":"0","ocean_disable_margins":"enable","ocean_add_body_class":"","ocean_shortcode_before_top_bar":"","ocean_shortcode_after_top_bar":"","ocean_shortcode_before_header":"","ocean_shortcode_after_header":"","ocean_has_shortcode":"","ocean_shortcode_after_title":"","ocean_shortcode_before_footer_widgets":"","ocean_shortcode_after_footer_widgets":"","ocean_shortcode_before_footer_bottom":"","ocean_shortcode_after_footer_bottom":"","ocean_display_top_bar":"default","ocean_display_header":"default","ocean_header_style":"","ocean_center_header_left_menu":"0","ocean_custom_header_template":"0","ocean_custom_logo":0,"ocean_custom_retina_logo":0,"ocean_custom_logo_max_width":0,"ocean_custom_logo_tablet_max_width":0,"ocean_custom_logo_mobile_max_width":0,"ocean_custom_logo_max_height":0,"ocean_custom_logo_tablet_max_height":0,"ocean_custom_logo_mobile_max_height":0,"ocean_header_custom_menu":"0","ocean_menu_typo_font_family":"0","ocean_menu_typo_font_subset":"","ocean_menu_typo_font_size":0,"ocean_menu_typo_font_size_tablet":0,"ocean_menu_typo_font_size_mobile":0,"ocean_menu_typo_font_size_unit":"px","ocean_menu_typo_font_weight":"","ocean_menu_typo_font_weight_tablet":"","ocean_menu_typo_font_weight_mobile":"","ocean_menu_typo_transform":"","ocean_menu_typo_transform_tablet":"","ocean_menu_typo_transform_mobile":"","ocean_menu_typo_line_height":0,"ocean_menu_typo_line_height_tablet":0,"ocean_menu_typo_line_height_mobile":0,"ocean_menu_typo_line_height_unit":"","ocean_menu_typo_spacing":0,"ocean_menu_typo_spacing_tablet":0,"ocean_menu_typo_spacing_mobile":0,"ocean_menu_typo_spacing_unit":"","ocean_menu_link_color":"","ocean_menu_link_color_hover":"","ocean_menu_link_color_active":"","ocean_menu_link_background":"","ocean_menu_link_hover_background":"","ocean_menu_link_active_background":"","ocean_menu_social_links_bg":"","ocean_menu_social_hover_links_bg":"","ocean_menu_social_links_color":"","ocean_menu_social_hover_links_color":"","ocean_disable_title":"default","ocean_disable_heading":"default","ocean_post_title":"","ocean_post_subheading":"","ocean_post_title_style":"","ocean_post_title_background_color":"","ocean_post_title_background":0,"ocean_post_title_bg_image_position":"","ocean_post_title_bg_image_attachment":"","ocean_post_title_bg_image_repeat":"","ocean_post_title_bg_image_size":"","ocean_post_title_height":0,"ocean_post_title_bg_overlay":0.5,"ocean_post_title_bg_overlay_color":"","ocean_disable_breadcrumbs":"default","ocean_breadcrumbs_color":"","ocean_breadcrumbs_separator_color":"","ocean_breadcrumbs_links_color":"","ocean_breadcrumbs_links_hover_color":"","ocean_display_footer_widgets":"default","ocean_display_footer_bottom":"default","ocean_custom_footer_template":"0","ofc_meta_disable_footer_callout":"","ofc_meta_callout_button_url":"","ofc_meta_callout_button_txt":"","ofc_meta_callout_text":"","osh_disable_topbar_sticky":"default","osh_disable_header_sticky":"default","osh_sticky_header_style":"default","osh_sticky_header_effect":"","osh_custom_sticky_logo":0,"osh_custom_retina_sticky_logo":0,"osh_custom_sticky_logo_height":0,"osh_background_color":"","osh_links_color":"","osh_links_hover_color":"","osh_links_active_color":"","osh_links_bg_color":"","osh_links_hover_bg_color":"","osh_links_active_bg_color":"","osh_menu_social_links_color":"","osh_menu_social_hover_links_color":""},"product_brand":[],"product_cat":[35,147],"product_tag":[101,102,100],"class_list":{"0":"post-1741","1":"product","2":"type-product","3":"status-publish","4":"has-post-thumbnail","6":"product_cat-custom-wire-brackets","7":"product_cat-custom-wire-forms","8":"product_tag-wire-bending","9":"product_tag-wire-forming","10":"product_tag-wire-forms","12":"entry","13":"has-media","15":"first","16":"instock","17":"shipping-taxable","18":"product-type-external","19":"col","20":"span_1_of_3","21":"owp-content-center","22":"owp-thumbs-layout-horizontal","23":"owp-btn-very-big","24":"owp-tabs-layout-horizontal","25":"circle-sale"},"_links":{"self":[{"href":"https:\/\/www.metalwireforms.com\/pt\/wp-json\/wp\/v2\/product\/1741","targetHints":{"allow":["GET"]}}],"collection":[{"href":"https:\/\/www.metalwireforms.com\/pt\/wp-json\/wp\/v2\/product"}],"about":[{"href":"https:\/\/www.metalwireforms.com\/pt\/wp-json\/wp\/v2\/types\/product"}],"version-history":[{"count":1,"href":"https:\/\/www.metalwireforms.com\/pt\/wp-json\/wp\/v2\/product\/1741\/revisions"}],"predecessor-version":[{"id":1747,"href":"https:\/\/www.metalwireforms.com\/pt\/wp-json\/wp\/v2\/product\/1741\/revisions\/1747"}],"wp:featuredmedia":[{"embeddable":true,"href":"https:\/\/www.metalwireforms.com\/pt\/wp-json\/wp\/v2\/media\/1744"}],"wp:attachment":[{"href":"https:\/\/www.metalwireforms.com\/pt\/wp-json\/wp\/v2\/media?parent=1741"}],"wp:term":[{"taxonomy":"product_brand","embeddable":true,"href":"https:\/\/www.metalwireforms.com\/pt\/wp-json\/wp\/v2\/product_brand?post=1741"},{"taxonomy":"product_cat","embeddable":true,"href":"https:\/\/www.metalwireforms.com\/pt\/wp-json\/wp\/v2\/product_cat?post=1741"},{"taxonomy":"product_tag","embeddable":true,"href":"https:\/\/www.metalwireforms.com\/pt\/wp-json\/wp\/v2\/product_tag?post=1741"}],"curies":[{"name":"wp","href":"https:\/\/api.w.org\/{rel}","templated":true}]}}