{"id":1715,"date":"2021-10-12T08:51:33","date_gmt":"2021-10-12T08:51:33","guid":{"rendered":"https:\/\/www.xsmetalforming.com\/?post_type=product&#038;p=1715"},"modified":"2022-07-22T09:35:23","modified_gmt":"2022-07-22T09:35:23","slug":"customize-various-angle-adjuster-scroll-springs","status":"publish","type":"product","link":"https:\/\/www.metalwireforms.com\/pt\/produto\/customize-various-angle-adjuster-scroll-springs","title":{"rendered":"Personalizar v\u00e1rios \u00e2ngulos de ajuste das molas de rolagem"},"content":{"rendered":"<p>Molas planas de rolagem, tamb\u00e9m conhecidas como molas de rel\u00f3gio, s\u00e3o molas com tor\u00e7\u00e3o; sob a a\u00e7\u00e3o do torque, o material da mola produz deforma\u00e7\u00e3o el\u00e1stica de flex\u00e3o, o que faz com que a tor\u00e7\u00e3o da mola no plano, e seu \u00e2ngulo de deforma\u00e7\u00e3o seja proporcional ao torque.<\/p>\n<figure id=\"attachment_1721\" aria-describedby=\"caption-attachment-1721\" style=\"width: 960px\" class=\"wp-caption alignnone\"><img fetchpriority=\"high\" decoding=\"async\" class=\"size-full wp-image-1721\" src=\"https:\/\/www.metalwireforms.com\/wp-content\/uploads\/2021\/10\/scroll-spring-5.jpg\" alt=\"rolo spring\uff085\uff09\" width=\"960\" height=\"499\" srcset=\"https:\/\/www.metalwireforms.com\/wp-content\/uploads\/2021\/10\/scroll-spring-5.jpg 960w, https:\/\/www.metalwireforms.com\/wp-content\/uploads\/2021\/10\/scroll-spring-5-300x156.jpg 300w, https:\/\/www.metalwireforms.com\/wp-content\/uploads\/2021\/10\/scroll-spring-5-150x78.jpg 150w, https:\/\/www.metalwireforms.com\/wp-content\/uploads\/2021\/10\/scroll-spring-5-768x399.jpg 768w, https:\/\/www.metalwireforms.com\/wp-content\/uploads\/2021\/10\/scroll-spring-5-18x9.jpg 18w, https:\/\/www.metalwireforms.com\/wp-content\/uploads\/2021\/10\/scroll-spring-5-600x312.jpg 600w\" sizes=\"(max-width: 960px) 100vw, 960px\" \/><figcaption id=\"caption-attachment-1721\" class=\"wp-caption-text\">rolo spring\uff085\uff09<\/figcaption><\/figure>\n<h3>Destaque<\/h3>\n<p>A caracter\u00edstica da mola de rolagem \u00e9 que ela \u00e9 f\u00e1cil de dobrar em apenas uma dire\u00e7\u00e3o - o plano de rigidez m\u00ednima, e tem uma grande rigidez \u00e0 tra\u00e7\u00e3o e rigidez \u00e0 flex\u00e3o na outra dire\u00e7\u00e3o. Portanto, a mola de rolagem \u00e9 muito adequada para ser usada como componentes sens\u00edveis, suportes el\u00e1sticos, dispositivos de posicionamento, conex\u00f5es flex\u00edveis, etc., em instrumentos de detec\u00e7\u00e3o ou dispositivos autom\u00e1ticos.<\/p>\n<h3>Aplica\u00e7\u00e3o<\/h3>\n<p>As molas Scroll s\u00e3o as molas mais simples que utilizam a deforma\u00e7\u00e3o das chapas met\u00e1licas el\u00e1sticas para produzir as caracter\u00edsticas das molas. As chapas met\u00e1licas el\u00e1sticas s\u00e3o retangulares, trapezoidais e triangulares, e tamb\u00e9m podem ser retas ou curvas. \u00c9 normalmente usada em locais onde a carga e a deforma\u00e7\u00e3o s\u00e3o pequenas e a rigidez n\u00e3o \u00e9 grande, tais como os componentes sens\u00edveis, suportes el\u00e1sticos ou dispositivos de posicionamento em instrumentos, medidores e mecanismos automatizados. Tais como contatos el\u00e9tricos on-off, etc.<\/p>","protected":false},"excerpt":{"rendered":"<p>Molas planas de rolagem, tamb\u00e9m conhecidas como molas de rel\u00f3gio, s\u00e3o molas com tor\u00e7\u00e3o; sob a a\u00e7\u00e3o do torque, o material da mola produz deforma\u00e7\u00e3o el\u00e1stica de flex\u00e3o, o que faz com que a tor\u00e7\u00e3o da mola no plano, e seu \u00e2ngulo de deforma\u00e7\u00e3o seja proporcional ao torque.<\/p>","protected":false},"featured_media":1728,"template":"","meta":{"ocean_post_layout":"","ocean_both_sidebars_style":"","ocean_both_sidebars_content_width":0,"ocean_both_sidebars_sidebars_width":0,"ocean_sidebar":"","ocean_second_sidebar":"","ocean_disable_margins":"enable","ocean_add_body_class":"","ocean_shortcode_before_top_bar":"","ocean_shortcode_after_top_bar":"","ocean_shortcode_before_header":"","ocean_shortcode_after_header":"","ocean_has_shortcode":"","ocean_shortcode_after_title":"","ocean_shortcode_before_footer_widgets":"","ocean_shortcode_after_footer_widgets":"","ocean_shortcode_before_footer_bottom":"","ocean_shortcode_after_footer_bottom":"","ocean_display_top_bar":"default","ocean_display_header":"default","ocean_header_style":"","ocean_center_header_left_menu":"","ocean_custom_header_template":"","ocean_custom_logo":0,"ocean_custom_retina_logo":0,"ocean_custom_logo_max_width":0,"ocean_custom_logo_tablet_max_width":0,"ocean_custom_logo_mobile_max_width":0,"ocean_custom_logo_max_height":0,"ocean_custom_logo_tablet_max_height":0,"ocean_custom_logo_mobile_max_height":0,"ocean_header_custom_menu":"","ocean_menu_typo_font_family":"","ocean_menu_typo_font_subset":"","ocean_menu_typo_font_size":0,"ocean_menu_typo_font_size_tablet":0,"ocean_menu_typo_font_size_mobile":0,"ocean_menu_typo_font_size_unit":"px","ocean_menu_typo_font_weight":"","ocean_menu_typo_font_weight_tablet":"","ocean_menu_typo_font_weight_mobile":"","ocean_menu_typo_transform":"","ocean_menu_typo_transform_tablet":"","ocean_menu_typo_transform_mobile":"","ocean_menu_typo_line_height":0,"ocean_menu_typo_line_height_tablet":0,"ocean_menu_typo_line_height_mobile":0,"ocean_menu_typo_line_height_unit":"","ocean_menu_typo_spacing":0,"ocean_menu_typo_spacing_tablet":0,"ocean_menu_typo_spacing_mobile":0,"ocean_menu_typo_spacing_unit":"","ocean_menu_link_color":"","ocean_menu_link_color_hover":"","ocean_menu_link_color_active":"","ocean_menu_link_background":"","ocean_menu_link_hover_background":"","ocean_menu_link_active_background":"","ocean_menu_social_links_bg":"","ocean_menu_social_hover_links_bg":"","ocean_menu_social_links_color":"","ocean_menu_social_hover_links_color":"","ocean_disable_title":"default","ocean_disable_heading":"default","ocean_post_title":"","ocean_post_subheading":"","ocean_post_title_style":"","ocean_post_title_background_color":"","ocean_post_title_background":0,"ocean_post_title_bg_image_position":"","ocean_post_title_bg_image_attachment":"","ocean_post_title_bg_image_repeat":"","ocean_post_title_bg_image_size":"","ocean_post_title_height":0,"ocean_post_title_bg_overlay":0.5,"ocean_post_title_bg_overlay_color":"","ocean_disable_breadcrumbs":"default","ocean_breadcrumbs_color":"","ocean_breadcrumbs_separator_color":"","ocean_breadcrumbs_links_color":"","ocean_breadcrumbs_links_hover_color":"","ocean_display_footer_widgets":"default","ocean_display_footer_bottom":"default","ocean_custom_footer_template":"","ofc_meta_disable_footer_callout":"","ofc_meta_callout_button_url":"","ofc_meta_callout_button_txt":"","ofc_meta_callout_text":"","osh_disable_topbar_sticky":"default","osh_disable_header_sticky":"default","osh_sticky_header_style":"default","osh_sticky_header_effect":"","osh_custom_sticky_logo":0,"osh_custom_retina_sticky_logo":0,"osh_custom_sticky_logo_height":0,"osh_background_color":"","osh_links_color":"","osh_links_hover_color":"","osh_links_active_color":"","osh_links_bg_color":"","osh_links_hover_bg_color":"","osh_links_active_bg_color":"","osh_menu_social_links_color":"","osh_menu_social_hover_links_color":""},"product_brand":[],"product_cat":[144,148],"product_tag":[97,96],"class_list":{"0":"post-1715","1":"product","2":"type-product","3":"status-publish","4":"has-post-thumbnail","6":"product_cat-custom-springs","7":"product_cat-custom-spiral-springs","8":"product_tag-leaf-spring","9":"product_tag-scroll-spring","11":"entry","12":"has-media","14":"first","15":"instock","16":"shipping-taxable","17":"product-type-external","18":"col","19":"span_1_of_3","20":"owp-content-center","21":"owp-thumbs-layout-horizontal","22":"owp-btn-very-big","23":"owp-tabs-layout-horizontal","24":"circle-sale"},"_links":{"self":[{"href":"https:\/\/www.metalwireforms.com\/pt\/wp-json\/wp\/v2\/product\/1715","targetHints":{"allow":["GET"]}}],"collection":[{"href":"https:\/\/www.metalwireforms.com\/pt\/wp-json\/wp\/v2\/product"}],"about":[{"href":"https:\/\/www.metalwireforms.com\/pt\/wp-json\/wp\/v2\/types\/product"}],"version-history":[{"count":1,"href":"https:\/\/www.metalwireforms.com\/pt\/wp-json\/wp\/v2\/product\/1715\/revisions"}],"predecessor-version":[{"id":1722,"href":"https:\/\/www.metalwireforms.com\/pt\/wp-json\/wp\/v2\/product\/1715\/revisions\/1722"}],"wp:featuredmedia":[{"embeddable":true,"href":"https:\/\/www.metalwireforms.com\/pt\/wp-json\/wp\/v2\/media\/1728"}],"wp:attachment":[{"href":"https:\/\/www.metalwireforms.com\/pt\/wp-json\/wp\/v2\/media?parent=1715"}],"wp:term":[{"taxonomy":"product_brand","embeddable":true,"href":"https:\/\/www.metalwireforms.com\/pt\/wp-json\/wp\/v2\/product_brand?post=1715"},{"taxonomy":"product_cat","embeddable":true,"href":"https:\/\/www.metalwireforms.com\/pt\/wp-json\/wp\/v2\/product_cat?post=1715"},{"taxonomy":"product_tag","embeddable":true,"href":"https:\/\/www.metalwireforms.com\/pt\/wp-json\/wp\/v2\/product_tag?post=1715"}],"curies":[{"name":"wp","href":"https:\/\/api.w.org\/{rel}","templated":true}]}}