{"id":1218,"date":"2021-09-22T07:34:45","date_gmt":"2021-09-22T07:34:45","guid":{"rendered":"https:\/\/www.xsmetalforming.com\/?post_type=product&#038;p=1218"},"modified":"2022-07-25T02:56:47","modified_gmt":"2022-07-25T02:56:47","slug":"304-stainless-steel-bar-customized-manufacturer-spot-wholesale","status":"publish","type":"product","link":"https:\/\/www.metalwireforms.com\/pt\/produto\/304-stainless-steel-bar-customized-manufacturer-spot-wholesale","title":{"rendered":"304 barras de a\u00e7o inoxid\u00e1vel personalizadas do fabricante por atacado \u00e0 vista"},"content":{"rendered":"<p>Como um dispositivo de for\u00e7a de transmiss\u00e3o comum, a corrente de a\u00e7o inoxid\u00e1vel \u00e9 projetada com \"corrente\" de arco hiperb\u00f3lico para reduzir o atrito. Ela \u00e9 utilizada em locais onde a pot\u00eancia \u00e9 relativamente grande e a velocidade de funcionamento \u00e9 relativamente lenta. Tem vantagens \u00f3bvias sobre a transmiss\u00e3o por correia, por exemplo Tanques, compressores pneum\u00e1ticos, etc., mas a velocidade de transmiss\u00e3o n\u00e3o pode ser muito r\u00e1pida, porque a flexibilidade da corrente n\u00e3o \u00e9 t\u00e3o boa quanto a transmiss\u00e3o por correia. A corrente de a\u00e7o inoxid\u00e1vel \u00e9 especialmente adequada para limpeza ou certos campos quimicamente exigentes e ocasi\u00f5es de alta e baixa temperatura.<\/p>\n<figure id=\"attachment_1223\" aria-describedby=\"caption-attachment-1223\" style=\"width: 750px\" class=\"wp-caption alignnone\"><img fetchpriority=\"high\" decoding=\"async\" class=\"wp-image-1223 size-full\" src=\"https:\/\/www.metalwireforms.com\/wp-content\/uploads\/2021\/09\/metal-chine-5.jpg\" alt=\"espinha met\u00e1lica (5)\" width=\"750\" height=\"572\" srcset=\"https:\/\/www.metalwireforms.com\/wp-content\/uploads\/2021\/09\/metal-chine-5.jpg 750w, https:\/\/www.metalwireforms.com\/wp-content\/uploads\/2021\/09\/metal-chine-5-300x229.jpg 300w, https:\/\/www.metalwireforms.com\/wp-content\/uploads\/2021\/09\/metal-chine-5-150x114.jpg 150w, https:\/\/www.metalwireforms.com\/wp-content\/uploads\/2021\/09\/metal-chine-5-600x458.jpg 600w\" sizes=\"(max-width: 750px) 100vw, 750px\" \/><figcaption id=\"caption-attachment-1223\" class=\"wp-caption-text\">espinha met\u00e1lica (5)<\/figcaption><\/figure>\n<h3>Destaque<\/h3>\n<p>Produto s\u00f3lido. A corrente de a\u00e7o inoxid\u00e1vel \u00e9 feita de material s\u00f3lido de a\u00e7o inoxid\u00e1vel, o que melhora a qualidade do produto e refor\u00e7a a capacidade de suporte de carga. \u00c9 mais segura e mais confi\u00e1vel. O aut\u00eantico material 304 \u00e9 utilizado em vez de galvanizado.<br \/>\nAs portas fechadas de cada elo da cadeia de tratamento de solda s\u00e3o totalmente soldadas, e a interface \u00e9 forte e bonita, evitando os principais pontos de tens\u00e3o, e \u00e9 segura e confi\u00e1vel.<br \/>\nPolido. A superf\u00edcie deste produto foi polida para fortalecer a capacidade antiferrugem, anti-corros\u00e3o do produto e n\u00e3o \u00e9 f\u00e1cil mudar de cor por muito tempo.<br \/>\nUma variedade de estilos, uma variedade de estilos para oferecer op\u00e7\u00f5es, suporte \u00e0 personaliza\u00e7\u00e3o.<\/p>\n<h3>Aplica\u00e7\u00e3o<\/h3>\n<p>V\u00e1rias especifica\u00e7\u00f5es de correntes de ferro s\u00e3o adequadas para a tra\u00e7\u00e3o anti-roubo, prote\u00e7\u00e3o c\u00eanica de rios, manuten\u00e7\u00e3o de energia, administra\u00e7\u00e3o de estradas, ilumina\u00e7\u00e3o, transporte, correntes para animais dom\u00e9sticos, correntes para roupas, correntes para escalada, correntes para alpinismo, constru\u00e7\u00e3o de pontes, fabrica\u00e7\u00e3o de m\u00e1quinas, constru\u00e7\u00e3o de engenharia, constru\u00e7\u00e3o naval, etc.<\/p>","protected":false},"excerpt":{"rendered":"<p>Produto s\u00f3lido. A corrente de a\u00e7o inoxid\u00e1vel \u00e9 feita de material s\u00f3lido de a\u00e7o inoxid\u00e1vel, o que melhora a qualidade do produto e refor\u00e7a a capacidade de suporte de carga. \u00c9 mais segura e mais confi\u00e1vel. O aut\u00eantico material 304 \u00e9 utilizado em vez de galvanizado.<\/p>","protected":false},"featured_media":1220,"template":"","meta":{"ocean_post_layout":"","ocean_both_sidebars_style":"","ocean_both_sidebars_content_width":0,"ocean_both_sidebars_sidebars_width":0,"ocean_sidebar":"0","ocean_second_sidebar":"0","ocean_disable_margins":"enable","ocean_add_body_class":"","ocean_shortcode_before_top_bar":"","ocean_shortcode_after_top_bar":"","ocean_shortcode_before_header":"","ocean_shortcode_after_header":"","ocean_has_shortcode":"","ocean_shortcode_after_title":"","ocean_shortcode_before_footer_widgets":"","ocean_shortcode_after_footer_widgets":"","ocean_shortcode_before_footer_bottom":"","ocean_shortcode_after_footer_bottom":"","ocean_display_top_bar":"default","ocean_display_header":"default","ocean_header_style":"","ocean_center_header_left_menu":"0","ocean_custom_header_template":"0","ocean_custom_logo":0,"ocean_custom_retina_logo":0,"ocean_custom_logo_max_width":0,"ocean_custom_logo_tablet_max_width":0,"ocean_custom_logo_mobile_max_width":0,"ocean_custom_logo_max_height":0,"ocean_custom_logo_tablet_max_height":0,"ocean_custom_logo_mobile_max_height":0,"ocean_header_custom_menu":"0","ocean_menu_typo_font_family":"0","ocean_menu_typo_font_subset":"","ocean_menu_typo_font_size":0,"ocean_menu_typo_font_size_tablet":0,"ocean_menu_typo_font_size_mobile":0,"ocean_menu_typo_font_size_unit":"px","ocean_menu_typo_font_weight":"","ocean_menu_typo_font_weight_tablet":"","ocean_menu_typo_font_weight_mobile":"","ocean_menu_typo_transform":"","ocean_menu_typo_transform_tablet":"","ocean_menu_typo_transform_mobile":"","ocean_menu_typo_line_height":0,"ocean_menu_typo_line_height_tablet":0,"ocean_menu_typo_line_height_mobile":0,"ocean_menu_typo_line_height_unit":"","ocean_menu_typo_spacing":0,"ocean_menu_typo_spacing_tablet":0,"ocean_menu_typo_spacing_mobile":0,"ocean_menu_typo_spacing_unit":"","ocean_menu_link_color":"","ocean_menu_link_color_hover":"","ocean_menu_link_color_active":"","ocean_menu_link_background":"","ocean_menu_link_hover_background":"","ocean_menu_link_active_background":"","ocean_menu_social_links_bg":"","ocean_menu_social_hover_links_bg":"","ocean_menu_social_links_color":"","ocean_menu_social_hover_links_color":"","ocean_disable_title":"default","ocean_disable_heading":"default","ocean_post_title":"","ocean_post_subheading":"","ocean_post_title_style":"","ocean_post_title_background_color":"","ocean_post_title_background":0,"ocean_post_title_bg_image_position":"","ocean_post_title_bg_image_attachment":"","ocean_post_title_bg_image_repeat":"","ocean_post_title_bg_image_size":"","ocean_post_title_height":0,"ocean_post_title_bg_overlay":0.5,"ocean_post_title_bg_overlay_color":"","ocean_disable_breadcrumbs":"default","ocean_breadcrumbs_color":"","ocean_breadcrumbs_separator_color":"","ocean_breadcrumbs_links_color":"","ocean_breadcrumbs_links_hover_color":"","ocean_display_footer_widgets":"default","ocean_display_footer_bottom":"default","ocean_custom_footer_template":"0","ofc_meta_disable_footer_callout":"","ofc_meta_callout_button_url":"","ofc_meta_callout_button_txt":"","ofc_meta_callout_text":"","osh_disable_topbar_sticky":"default","osh_disable_header_sticky":"default","osh_sticky_header_style":"default","osh_sticky_header_effect":"","osh_custom_sticky_logo":0,"osh_custom_retina_sticky_logo":0,"osh_custom_sticky_logo_height":0,"osh_background_color":"","osh_links_color":"","osh_links_hover_color":"","osh_links_active_color":"","osh_links_bg_color":"","osh_links_hover_bg_color":"","osh_links_active_bg_color":"","osh_menu_social_links_color":"","osh_menu_social_hover_links_color":""},"product_brand":[],"product_cat":[147,75],"product_tag":[82,84,83],"class_list":{"0":"post-1218","1":"product","2":"type-product","3":"status-publish","4":"has-post-thumbnail","6":"product_cat-custom-wire-forms","7":"product_cat-custom-wire-chains","8":"product_tag-304-metal-chain","9":"product_tag-ring-chain","10":"product_tag-stainless-steel-chain","12":"entry","13":"has-media","15":"first","16":"instock","17":"shipping-taxable","18":"product-type-external","19":"col","20":"span_1_of_3","21":"owp-content-center","22":"owp-thumbs-layout-horizontal","23":"owp-btn-very-big","24":"owp-tabs-layout-horizontal","25":"circle-sale"},"_links":{"self":[{"href":"https:\/\/www.metalwireforms.com\/pt\/wp-json\/wp\/v2\/product\/1218","targetHints":{"allow":["GET"]}}],"collection":[{"href":"https:\/\/www.metalwireforms.com\/pt\/wp-json\/wp\/v2\/product"}],"about":[{"href":"https:\/\/www.metalwireforms.com\/pt\/wp-json\/wp\/v2\/types\/product"}],"version-history":[{"count":3,"href":"https:\/\/www.metalwireforms.com\/pt\/wp-json\/wp\/v2\/product\/1218\/revisions"}],"predecessor-version":[{"id":1702,"href":"https:\/\/www.metalwireforms.com\/pt\/wp-json\/wp\/v2\/product\/1218\/revisions\/1702"}],"wp:featuredmedia":[{"embeddable":true,"href":"https:\/\/www.metalwireforms.com\/pt\/wp-json\/wp\/v2\/media\/1220"}],"wp:attachment":[{"href":"https:\/\/www.metalwireforms.com\/pt\/wp-json\/wp\/v2\/media?parent=1218"}],"wp:term":[{"taxonomy":"product_brand","embeddable":true,"href":"https:\/\/www.metalwireforms.com\/pt\/wp-json\/wp\/v2\/product_brand?post=1218"},{"taxonomy":"product_cat","embeddable":true,"href":"https:\/\/www.metalwireforms.com\/pt\/wp-json\/wp\/v2\/product_cat?post=1218"},{"taxonomy":"product_tag","embeddable":true,"href":"https:\/\/www.metalwireforms.com\/pt\/wp-json\/wp\/v2\/product_tag?post=1218"}],"curies":[{"name":"wp","href":"https:\/\/api.w.org\/{rel}","templated":true}]}}