{"id":1173,"date":"2021-09-17T08:54:27","date_gmt":"2021-09-17T08:54:27","guid":{"rendered":"https:\/\/www.xsmetalforming.com\/?post_type=product&#038;p=1173"},"modified":"2022-07-25T02:56:35","modified_gmt":"2022-07-25T02:56:35","slug":"customize-various-sizes-of-paint-roller-brush-handles","status":"publish","type":"product","link":"https:\/\/www.metalwireforms.com\/pt\/produto\/customize-various-sizes-of-paint-roller-brush-handles","title":{"rendered":"Personaliza\u00e7\u00e3o de v\u00e1rios tamanhos de cabos de pincel de rolo de pintura"},"content":{"rendered":"<p>Os tamanhos normalmente utilizados s\u00e3o 2 polegadas 4 polegadas 5 polegadas 6 polegadas 7 polegadas 8 polegadas 9 polegadas 10 polegadas.<br \/>\nO di\u00e2metro de arame comumente usado \u00e9 de 4,0~8,0mm.<br \/>\nO material \u00e9 geralmente a\u00e7o carbono, que pode ser cromado ou de acordo com as exig\u00eancias do cliente.<br \/>\nV\u00e1rios \u00e2ngulos do cabo porta-escova de rolo de pintura, cabo porta-rolo adesivo de cabelo e cabo porta-rolo de espanador podem ser personalizados.<\/p>\n<p><img fetchpriority=\"high\" decoding=\"async\" class=\"wp-image-1175 size-full\" src=\"https:\/\/www.metalwireforms.com\/wp-content\/uploads\/2021\/09\/Roller-brush-handle-1.png\" alt=\"Cabo de escova com rolo (1)\" width=\"809\" height=\"501\" srcset=\"https:\/\/www.metalwireforms.com\/wp-content\/uploads\/2021\/09\/Roller-brush-handle-1.png 809w, https:\/\/www.metalwireforms.com\/wp-content\/uploads\/2021\/09\/Roller-brush-handle-1-300x186.png 300w, https:\/\/www.metalwireforms.com\/wp-content\/uploads\/2021\/09\/Roller-brush-handle-1-768x476.png 768w, https:\/\/www.metalwireforms.com\/wp-content\/uploads\/2021\/09\/Roller-brush-handle-1-600x372.png 600w\" sizes=\"(max-width: 809px) 100vw, 809px\" \/><\/p>\n<h3>Destaque<\/h3>\n<p>Produzimos mais estilos para os clientes e utilizamos nossos pr\u00f3prios equipamentos de pesquisa e desenvolvimento. Este equipamento n\u00e3o requer moldes. Um equipamento pode ser usado para centenas de \u00e2ngulos diferentes de suportes de escovas de rolo, economizando custos de abertura do molde. Curso de comprimento do produto 100-1000MM. A forma do produto \u00e9 controlada pelo princ\u00edpio do servo motor, n\u00e3o \u00e9 necess\u00e1rio nenhum molde, programa\u00e7\u00e3o sem computador, aplainamento do controle do cilindro de \u00f3leo e brincos, incluindo o servo motor, motor de chanfro, motor hidr\u00e1ulico, tr\u00eas tipos de princ\u00edpios de trabalho do motor, atrav\u00e9s da integra\u00e7\u00e3o de um computador industrial de uma linha de produ\u00e7\u00e3o, processos m\u00faltiplos completos .<\/p>\n<p><img decoding=\"async\" class=\"alignnone wp-image-1176 size-full\" src=\"https:\/\/www.metalwireforms.com\/wp-content\/uploads\/2021\/09\/Roller-brush-handle-2.jpg\" alt=\"Cabo de escova com rolo (2)\" width=\"600\" height=\"569\" srcset=\"https:\/\/www.metalwireforms.com\/wp-content\/uploads\/2021\/09\/Roller-brush-handle-2.jpg 600w, https:\/\/www.metalwireforms.com\/wp-content\/uploads\/2021\/09\/Roller-brush-handle-2-300x285.jpg 300w\" sizes=\"(max-width: 600px) 100vw, 600px\" \/><\/p>","protected":false},"excerpt":{"rendered":"<p>O material \u00e9 geralmente a\u00e7o carbono, que pode ser cromado ou de acordo com as exig\u00eancias do cliente. V\u00e1rios \u00e2ngulos do cabo porta-escova de rolo de pintura, cabo porta-rolo adesivo de cabelo e cabo porta-rolo de espanador podem ser personalizados.<\/p>","protected":false},"featured_media":1177,"template":"","meta":{"ocean_post_layout":"","ocean_both_sidebars_style":"","ocean_both_sidebars_content_width":0,"ocean_both_sidebars_sidebars_width":0,"ocean_sidebar":"0","ocean_second_sidebar":"0","ocean_disable_margins":"enable","ocean_add_body_class":"","ocean_shortcode_before_top_bar":"","ocean_shortcode_after_top_bar":"","ocean_shortcode_before_header":"","ocean_shortcode_after_header":"","ocean_has_shortcode":"","ocean_shortcode_after_title":"","ocean_shortcode_before_footer_widgets":"","ocean_shortcode_after_footer_widgets":"","ocean_shortcode_before_footer_bottom":"","ocean_shortcode_after_footer_bottom":"","ocean_display_top_bar":"default","ocean_display_header":"default","ocean_header_style":"","ocean_center_header_left_menu":"0","ocean_custom_header_template":"0","ocean_custom_logo":0,"ocean_custom_retina_logo":0,"ocean_custom_logo_max_width":0,"ocean_custom_logo_tablet_max_width":0,"ocean_custom_logo_mobile_max_width":0,"ocean_custom_logo_max_height":0,"ocean_custom_logo_tablet_max_height":0,"ocean_custom_logo_mobile_max_height":0,"ocean_header_custom_menu":"0","ocean_menu_typo_font_family":"0","ocean_menu_typo_font_subset":"","ocean_menu_typo_font_size":0,"ocean_menu_typo_font_size_tablet":0,"ocean_menu_typo_font_size_mobile":0,"ocean_menu_typo_font_size_unit":"px","ocean_menu_typo_font_weight":"","ocean_menu_typo_font_weight_tablet":"","ocean_menu_typo_font_weight_mobile":"","ocean_menu_typo_transform":"","ocean_menu_typo_transform_tablet":"","ocean_menu_typo_transform_mobile":"","ocean_menu_typo_line_height":0,"ocean_menu_typo_line_height_tablet":0,"ocean_menu_typo_line_height_mobile":0,"ocean_menu_typo_line_height_unit":"","ocean_menu_typo_spacing":0,"ocean_menu_typo_spacing_tablet":0,"ocean_menu_typo_spacing_mobile":0,"ocean_menu_typo_spacing_unit":"","ocean_menu_link_color":"","ocean_menu_link_color_hover":"","ocean_menu_link_color_active":"","ocean_menu_link_background":"","ocean_menu_link_hover_background":"","ocean_menu_link_active_background":"","ocean_menu_social_links_bg":"","ocean_menu_social_hover_links_bg":"","ocean_menu_social_links_color":"","ocean_menu_social_hover_links_color":"","ocean_disable_title":"default","ocean_disable_heading":"default","ocean_post_title":"","ocean_post_subheading":"","ocean_post_title_style":"","ocean_post_title_background_color":"","ocean_post_title_background":0,"ocean_post_title_bg_image_position":"","ocean_post_title_bg_image_attachment":"","ocean_post_title_bg_image_repeat":"","ocean_post_title_bg_image_size":"","ocean_post_title_height":0,"ocean_post_title_bg_overlay":0.5,"ocean_post_title_bg_overlay_color":"","ocean_disable_breadcrumbs":"default","ocean_breadcrumbs_color":"","ocean_breadcrumbs_separator_color":"","ocean_breadcrumbs_links_color":"","ocean_breadcrumbs_links_hover_color":"","ocean_display_footer_widgets":"default","ocean_display_footer_bottom":"default","ocean_custom_footer_template":"0","ofc_meta_disable_footer_callout":"","ofc_meta_callout_button_url":"","ofc_meta_callout_button_txt":"","ofc_meta_callout_text":"","osh_disable_topbar_sticky":"default","osh_disable_header_sticky":"default","osh_sticky_header_style":"default","osh_sticky_header_effect":"","osh_custom_sticky_logo":0,"osh_custom_retina_sticky_logo":0,"osh_custom_sticky_logo_height":0,"osh_background_color":"","osh_links_color":"","osh_links_hover_color":"","osh_links_active_color":"","osh_links_bg_color":"","osh_links_hover_bg_color":"","osh_links_active_bg_color":"","osh_menu_social_links_color":"","osh_menu_social_hover_links_color":""},"product_brand":[],"product_cat":[147,32],"product_tag":[74,73,72],"class_list":{"0":"post-1173","1":"product","2":"type-product","3":"status-publish","4":"has-post-thumbnail","6":"product_cat-custom-wire-forms","7":"product_cat-custom-wire-handles","8":"product_tag-metal-handle","9":"product_tag-roller-bracket","10":"product_tag-roller-handle","12":"entry","13":"has-media","15":"first","16":"instock","17":"shipping-taxable","18":"product-type-external","19":"col","20":"span_1_of_3","21":"owp-content-center","22":"owp-thumbs-layout-horizontal","23":"owp-btn-very-big","24":"owp-tabs-layout-horizontal","25":"circle-sale"},"_links":{"self":[{"href":"https:\/\/www.metalwireforms.com\/pt\/wp-json\/wp\/v2\/product\/1173","targetHints":{"allow":["GET"]}}],"collection":[{"href":"https:\/\/www.metalwireforms.com\/pt\/wp-json\/wp\/v2\/product"}],"about":[{"href":"https:\/\/www.metalwireforms.com\/pt\/wp-json\/wp\/v2\/types\/product"}],"version-history":[{"count":1,"href":"https:\/\/www.metalwireforms.com\/pt\/wp-json\/wp\/v2\/product\/1173\/revisions"}],"predecessor-version":[{"id":1181,"href":"https:\/\/www.metalwireforms.com\/pt\/wp-json\/wp\/v2\/product\/1173\/revisions\/1181"}],"wp:featuredmedia":[{"embeddable":true,"href":"https:\/\/www.metalwireforms.com\/pt\/wp-json\/wp\/v2\/media\/1177"}],"wp:attachment":[{"href":"https:\/\/www.metalwireforms.com\/pt\/wp-json\/wp\/v2\/media?parent=1173"}],"wp:term":[{"taxonomy":"product_brand","embeddable":true,"href":"https:\/\/www.metalwireforms.com\/pt\/wp-json\/wp\/v2\/product_brand?post=1173"},{"taxonomy":"product_cat","embeddable":true,"href":"https:\/\/www.metalwireforms.com\/pt\/wp-json\/wp\/v2\/product_cat?post=1173"},{"taxonomy":"product_tag","embeddable":true,"href":"https:\/\/www.metalwireforms.com\/pt\/wp-json\/wp\/v2\/product_tag?post=1173"}],"curies":[{"name":"wp","href":"https:\/\/api.w.org\/{rel}","templated":true}]}}