{"id":1144,"date":"2021-09-16T09:33:19","date_gmt":"2021-09-16T09:33:19","guid":{"rendered":"https:\/\/www.xsmetalforming.com\/?post_type=product&#038;p=1144"},"modified":"2022-07-22T09:36:10","modified_gmt":"2022-07-22T09:36:10","slug":"wholesale-supply-of-custom-abnormal-spring","status":"publish","type":"product","link":"https:\/\/www.metalwireforms.com\/pt\/produto\/wholesale-supply-of-custom-abnormal-spring","title":{"rendered":"Fornecimento por atacado de mola anormal personalizada"},"content":{"rendered":"<p>Existem muitos tipos de molas de forma especial, que s\u00e3o introduzidas da seguinte forma:<br \/>\n(1) Mola espiral de di\u00e2metro vari\u00e1vel: \u00c9 utilizada em algumas ocasi\u00f5es especiais. O material da mola de di\u00e2metro vari\u00e1vel \u00e9 geralmente material de se\u00e7\u00e3o transversal redonda, e a maioria deles suporta carga compressiva.<br \/>\n(2) Mola foliar: O material desta mola \u00e9 uma tira de mola (ou placa), que \u00e9 processada por moldes correspondentes em equipamentos especiais ou m\u00e1quinas-ferramentas de processamento de press\u00e3o geral. A espessura do material das molas foliares, molas onduladas e molas leves \u00e9 relativamente fina, enquanto que a espessura do material das molas de discos m\u00e9dios ou grandes \u00e9 freq\u00fcentemente mais espessa. Este tipo de molas tem uma ampla gama de usos.<br \/>\n(3) Quando o espa\u00e7o de instala\u00e7\u00e3o \u00e9 limitado, molas de materiais de se\u00e7\u00e3o transversal retangular s\u00e3o freq\u00fcentemente utilizadas, pois molas feitas de materiais de se\u00e7\u00e3o transversal retangular podem obter uma carga maior no mesmo espa\u00e7o e a mesma quantidade de deforma\u00e7\u00e3o. Em compara\u00e7\u00e3o com a mola de material de se\u00e7\u00e3o transversal redonda, este tipo de mola tem uma \u00e1rea de se\u00e7\u00e3o transversal maior no mesmo espa\u00e7o, portanto absorve mais energia. Pode ser usada para m\u00e1quinas pesadas, matrizes de estampagem ou molas com rigidez extremamente alta.<br \/>\n(4) As molas de disco s\u00e3o pequenas em tamanho e leves em peso. Elas s\u00e3o amplamente utilizadas em amortecimento e isolamento de vibra\u00e7\u00e3o, e s\u00e3o amplamente utilizadas em matrizes de estampagem, fixadores de embreagem de v\u00e1lvulas, e m\u00e1quinas de petr\u00f3leo e engenharia geol\u00f3gica.<br \/>\n(5) A mola de compress\u00e3o helicoidal convexa pode obter uma quantidade maior de deforma\u00e7\u00e3o porque as bobinas com extremidades menores podem ser embutidas no anel do meio. Por exemplo, algumas molas de freio automotivas do tipo convexo est\u00e3o sempre em um estado apertado em momentos normais. Quando a v\u00e1lvula do autom\u00f3vel \u00e9 aberta, a mola restaura sua deforma\u00e7\u00e3o e aciona o freio para frear o autom\u00f3vel. O cortador de cabelo tamb\u00e9m usa a caracter\u00edstica da mola espiral convexa para obter uma maior deforma\u00e7\u00e3o e tens\u00e3o em um espa\u00e7o efetivo.<\/p>\n<figure id=\"attachment_1068\" aria-describedby=\"caption-attachment-1068\" style=\"width: 1000px\" class=\"wp-caption alignnone\"><img fetchpriority=\"high\" decoding=\"async\" class=\"wp-image-1068 size-full\" src=\"https:\/\/www.metalwireforms.com\/wp-content\/uploads\/2020\/12\/precision-springs.jpg\" alt=\"molas de precis\u00e3o\" width=\"1000\" height=\"668\" srcset=\"https:\/\/www.metalwireforms.com\/wp-content\/uploads\/2020\/12\/precision-springs.jpg 1000w, https:\/\/www.metalwireforms.com\/wp-content\/uploads\/2020\/12\/precision-springs-600x401.jpg 600w, https:\/\/www.metalwireforms.com\/wp-content\/uploads\/2020\/12\/precision-springs-300x200.jpg 300w, https:\/\/www.metalwireforms.com\/wp-content\/uploads\/2020\/12\/precision-springs-768x513.jpg 768w\" sizes=\"(max-width: 1000px) 100vw, 1000px\" \/><figcaption id=\"caption-attachment-1068\" class=\"wp-caption-text\">molas de precis\u00e3o<\/figcaption><\/figure>\n<p>(6) A mola espiral tem uma fun\u00e7\u00e3o similar \u00e0 mola espiral c\u00f4nica. Ela absorve uma grande quantidade de energia sob press\u00e3o. Devido \u00e0 dificuldade de fabrica\u00e7\u00e3o, ela s\u00f3 \u00e9 usada em situa\u00e7\u00f5es especiais limitadas pelo espa\u00e7o. A mola de rolagem plana tem um grande n\u00famero de voltas, uma grande deforma\u00e7\u00e3o, e pode armazenar uma grande quantidade de energia. Ela \u00e9 usada principalmente para molas de compress\u00e3o e componentes de armazenamento de energia em instrumentos.<br \/>\n(7) A mola foliar pode ser feita de uma \u00fanica chapa de a\u00e7o ou m\u00faltiplas folhas, com bom desempenho de amortecimento e amortecimento, especialmente o forte desempenho de amortecimento das molas de m\u00faltiplas folhas, que s\u00e3o usadas principalmente para dispositivos de suspens\u00e3o de autom\u00f3veis, tratores e ve\u00edculos ferrovi\u00e1rios.<br \/>\n(8) Molas helicoidais de passo desigual s\u00e3o usadas principalmente para molas de suspens\u00e3o de motocicletas e pequenos carros de passageiros e molas de v\u00e1lvulas de alta velocidade de motores. Na mesma mola, ela pode n\u00e3o s\u00f3 atender \u00e0s exig\u00eancias de pequena rigidez quando a deforma\u00e7\u00e3o \u00e9 pequena, mas tamb\u00e9m atender \u00e0s exig\u00eancias de alta rigidez quando a deforma\u00e7\u00e3o \u00e9 grande. A mola de inclina\u00e7\u00e3o desigual pode atender a essas exig\u00eancias especiais.<br \/>\n(9) A mola da barra de tor\u00e7\u00e3o \u00e9 na verdade uma barra reta feita de material el\u00e1stico que \u00e9 submetida ao torque. Ela tem uma grande energia de deforma\u00e7\u00e3o por unidade de volume e \u00e9 utilizada principalmente para dispositivos de suspens\u00e3o de v\u00e1rios ve\u00edculos.<br \/>\n(10) A mola de anel \u00e9 composta por um anel externo com um cone interno e um anel interno com um cone externo. O logaritmo dos an\u00e9is interno e externo \u00e9 determinado de acordo com o tamanho da carga e os requisitos de deforma\u00e7\u00e3o. As molas dos an\u00e9is t\u00eam alta capacidade de amortecimento e s\u00e3o utilizadas principalmente para equipamentos pesados e dispositivos de amortecimento.<\/p>\n<figure id=\"attachment_1083\" aria-describedby=\"caption-attachment-1083\" style=\"width: 1000px\" class=\"wp-caption alignnone\"><img decoding=\"async\" class=\"wp-image-1083 size-full\" src=\"https:\/\/www.metalwireforms.com\/wp-content\/uploads\/2020\/12\/spring-material-.jpg\" alt=\"material de mola\" width=\"1000\" height=\"666\" srcset=\"https:\/\/www.metalwireforms.com\/wp-content\/uploads\/2020\/12\/spring-material-.jpg 1000w, https:\/\/www.metalwireforms.com\/wp-content\/uploads\/2020\/12\/spring-material--600x400.jpg 600w, https:\/\/www.metalwireforms.com\/wp-content\/uploads\/2020\/12\/spring-material--300x200.jpg 300w, https:\/\/www.metalwireforms.com\/wp-content\/uploads\/2020\/12\/spring-material--768x511.jpg 768w\" sizes=\"(max-width: 1000px) 100vw, 1000px\" \/><figcaption id=\"caption-attachment-1083\" class=\"wp-caption-text\">material de mola<\/figcaption><\/figure>\n<p>(11) Molas de arame s\u00e3o v\u00e1rias molas de arame feitas de arame de mola, geralmente feitas de arame de a\u00e7o para molas estiradas a frio. As molas de arame s\u00e3o usadas principalmente onde a carga \u00e9 pequena e as caracter\u00edsticas da carga n\u00e3o s\u00e3o estritamente necess\u00e1rias. A se\u00e7\u00e3o transversal da mola de arame \u00e9 freq\u00fcentemente circular, portanto sua carga n\u00e3o tem limite de dire\u00e7\u00e3o, e tem a mesma rigidez de flex\u00e3o em todas as dire\u00e7\u00f5es.<br \/>\n(12) Existem dois tipos de grampos de mola: materiais de se\u00e7\u00e3o transversal redonda e materiais de se\u00e7\u00e3o transversal retangular. Algumas vezes, para facilitar a montagem, o anel de fixa\u00e7\u00e3o \u00e9 feito em uma extremidade e depois dobrado em uma se\u00e7\u00e3o. Ao fabricar o anel de bra\u00e7adeira, o anel de mola firmemente enrolado pode ser achatado por si mesmo ap\u00f3s ser cortado, e deve ter uma tens\u00e3o inicial relativamente grande durante o enrolamento.<br \/>\n(13) A mola serpentina tem o nome de sua forma retorcida como uma cobra. De acordo com sua forma, ela tamb\u00e9m \u00e9 chamada de mola em forma de \"Z\" e em forma de \"S\". \u00c9 amplamente utilizada em almofadas de bancos de autom\u00f3veis, por isso tamb\u00e9m \u00e9 chamada de mola de assento.<br \/>\n(14) Molas espirais multi-fio geralmente torcem primeiramente fios de a\u00e7o de 0,5mm~3mm em cabos de a\u00e7o, e depois os enrolam em molas. Os mais comumente utilizados s\u00e3o fios 3~4 de cabos de a\u00e7o sem cord\u00f5es centrais. Quando o cabo de a\u00e7o excede 4 cord\u00f5es, deve haver um cord\u00e3o central. A fim de evitar que o cabo de a\u00e7o se solte ap\u00f3s ser tensionado, a dire\u00e7\u00e3o de rota\u00e7\u00e3o do cabo de a\u00e7o deve ser oposta \u00e0 da mola.<br \/>\n(15) As molas de grampo s\u00e3o freq\u00fcentemente usadas para fixar tanques de armazenamento de l\u00edquidos automotivos, etc., e pertencem \u00e0 categoria de molas de dupla tor\u00e7\u00e3o. Este tipo de mola pode ser enrolada por uma m\u00e1quina enroladora de molas de controle num\u00e9rico em empresas com condi\u00e7\u00f5es. Geralmente, as empresas podem enrol\u00e1-la manualmente, e algumas ferramentas auxiliares especiais podem ser feitas durante a lamina\u00e7\u00e3o. Primeiro corte e endireite o material do disco, depois o fa\u00e7a em forma de \"U\", e o enrole em forma de curva em um dispositivo auxiliar especial. O dispositivo auxiliar pode ser usado com a m\u00e1quina enroladora de molas alimentada pela engrenagem do setor, e o mecanismo alternativo da m\u00e1quina enroladora de molas \u00e9 usado. O dispositivo auxiliar \"b\" \u00e9 instalado na posi\u00e7\u00e3o da roda guia de alimenta\u00e7\u00e3o para realizar a produ\u00e7\u00e3o semi-autom\u00e1tica da dobra da mola de aperto, o que pode aumentar a efici\u00eancia de produ\u00e7\u00e3o em cerca de 10 vezes em compara\u00e7\u00e3o com a opera\u00e7\u00e3o manual.<\/p>","protected":false},"excerpt":{"rendered":"<p>A diferen\u00e7a entre uma mola de formato especial e uma mola convencional \u00e9 que a pr\u00f3pria mola \u00e9 irregular, com curvatura e um grande n\u00famero de desenhos de \u00e2ngulos complicados. Adequada para algumas ocasi\u00f5es especiais.<\/p>","protected":false},"featured_media":1146,"template":"","meta":{"ocean_post_layout":"","ocean_both_sidebars_style":"","ocean_both_sidebars_content_width":0,"ocean_both_sidebars_sidebars_width":0,"ocean_sidebar":"0","ocean_second_sidebar":"0","ocean_disable_margins":"enable","ocean_add_body_class":"","ocean_shortcode_before_top_bar":"","ocean_shortcode_after_top_bar":"","ocean_shortcode_before_header":"","ocean_shortcode_after_header":"","ocean_has_shortcode":"","ocean_shortcode_after_title":"","ocean_shortcode_before_footer_widgets":"","ocean_shortcode_after_footer_widgets":"","ocean_shortcode_before_footer_bottom":"","ocean_shortcode_after_footer_bottom":"","ocean_display_top_bar":"default","ocean_display_header":"default","ocean_header_style":"","ocean_center_header_left_menu":"0","ocean_custom_header_template":"0","ocean_custom_logo":0,"ocean_custom_retina_logo":0,"ocean_custom_logo_max_width":0,"ocean_custom_logo_tablet_max_width":0,"ocean_custom_logo_mobile_max_width":0,"ocean_custom_logo_max_height":0,"ocean_custom_logo_tablet_max_height":0,"ocean_custom_logo_mobile_max_height":0,"ocean_header_custom_menu":"0","ocean_menu_typo_font_family":"0","ocean_menu_typo_font_subset":"","ocean_menu_typo_font_size":0,"ocean_menu_typo_font_size_tablet":0,"ocean_menu_typo_font_size_mobile":0,"ocean_menu_typo_font_size_unit":"px","ocean_menu_typo_font_weight":"","ocean_menu_typo_font_weight_tablet":"","ocean_menu_typo_font_weight_mobile":"","ocean_menu_typo_transform":"","ocean_menu_typo_transform_tablet":"","ocean_menu_typo_transform_mobile":"","ocean_menu_typo_line_height":0,"ocean_menu_typo_line_height_tablet":0,"ocean_menu_typo_line_height_mobile":0,"ocean_menu_typo_line_height_unit":"","ocean_menu_typo_spacing":0,"ocean_menu_typo_spacing_tablet":0,"ocean_menu_typo_spacing_mobile":0,"ocean_menu_typo_spacing_unit":"","ocean_menu_link_color":"","ocean_menu_link_color_hover":"","ocean_menu_link_color_active":"","ocean_menu_link_background":"","ocean_menu_link_hover_background":"","ocean_menu_link_active_background":"","ocean_menu_social_links_bg":"","ocean_menu_social_hover_links_bg":"","ocean_menu_social_links_color":"","ocean_menu_social_hover_links_color":"","ocean_disable_title":"default","ocean_disable_heading":"default","ocean_post_title":"","ocean_post_subheading":"","ocean_post_title_style":"","ocean_post_title_background_color":"","ocean_post_title_background":0,"ocean_post_title_bg_image_position":"","ocean_post_title_bg_image_attachment":"","ocean_post_title_bg_image_repeat":"","ocean_post_title_bg_image_size":"","ocean_post_title_height":0,"ocean_post_title_bg_overlay":0.5,"ocean_post_title_bg_overlay_color":"","ocean_disable_breadcrumbs":"default","ocean_breadcrumbs_color":"","ocean_breadcrumbs_separator_color":"","ocean_breadcrumbs_links_color":"","ocean_breadcrumbs_links_hover_color":"","ocean_display_footer_widgets":"default","ocean_display_footer_bottom":"default","ocean_custom_footer_template":"0","ofc_meta_disable_footer_callout":"","ofc_meta_callout_button_url":"","ofc_meta_callout_button_txt":"","ofc_meta_callout_text":"","osh_disable_topbar_sticky":"default","osh_disable_header_sticky":"default","osh_sticky_header_style":"default","osh_sticky_header_effect":"","osh_custom_sticky_logo":0,"osh_custom_retina_sticky_logo":0,"osh_custom_sticky_logo_height":0,"osh_background_color":"","osh_links_color":"","osh_links_hover_color":"","osh_links_active_color":"","osh_links_bg_color":"","osh_links_hover_bg_color":"","osh_links_active_bg_color":"","osh_menu_social_links_color":"","osh_menu_social_hover_links_color":""},"product_brand":[],"product_cat":[144,26],"product_tag":[64,60,65],"class_list":{"0":"post-1144","1":"product","2":"type-product","3":"status-publish","4":"has-post-thumbnail","6":"product_cat-custom-springs","7":"product_cat-custom-torsion-springs","8":"product_tag-abnormal-spring","9":"product_tag-spring-wholesale","10":"product_tag-tension-spring","12":"entry","13":"has-media","15":"first","16":"instock","17":"shipping-taxable","18":"product-type-external","19":"col","20":"span_1_of_3","21":"owp-content-center","22":"owp-thumbs-layout-horizontal","23":"owp-btn-very-big","24":"owp-tabs-layout-horizontal","25":"circle-sale"},"_links":{"self":[{"href":"https:\/\/www.metalwireforms.com\/pt\/wp-json\/wp\/v2\/product\/1144","targetHints":{"allow":["GET"]}}],"collection":[{"href":"https:\/\/www.metalwireforms.com\/pt\/wp-json\/wp\/v2\/product"}],"about":[{"href":"https:\/\/www.metalwireforms.com\/pt\/wp-json\/wp\/v2\/types\/product"}],"version-history":[{"count":3,"href":"https:\/\/www.metalwireforms.com\/pt\/wp-json\/wp\/v2\/product\/1144\/revisions"}],"predecessor-version":[{"id":1670,"href":"https:\/\/www.metalwireforms.com\/pt\/wp-json\/wp\/v2\/product\/1144\/revisions\/1670"}],"wp:featuredmedia":[{"embeddable":true,"href":"https:\/\/www.metalwireforms.com\/pt\/wp-json\/wp\/v2\/media\/1146"}],"wp:attachment":[{"href":"https:\/\/www.metalwireforms.com\/pt\/wp-json\/wp\/v2\/media?parent=1144"}],"wp:term":[{"taxonomy":"product_brand","embeddable":true,"href":"https:\/\/www.metalwireforms.com\/pt\/wp-json\/wp\/v2\/product_brand?post=1144"},{"taxonomy":"product_cat","embeddable":true,"href":"https:\/\/www.metalwireforms.com\/pt\/wp-json\/wp\/v2\/product_cat?post=1144"},{"taxonomy":"product_tag","embeddable":true,"href":"https:\/\/www.metalwireforms.com\/pt\/wp-json\/wp\/v2\/product_tag?post=1144"}],"curies":[{"name":"wp","href":"https:\/\/api.w.org\/{rel}","templated":true}]}}