{"id":1124,"date":"2021-09-16T08:57:10","date_gmt":"2021-09-16T08:57:10","guid":{"rendered":"https:\/\/www.xsmetalforming.com\/?post_type=product&#038;p=1124"},"modified":"2022-07-25T02:56:21","modified_gmt":"2022-07-25T02:56:21","slug":"manufacturer-stainless-steel-multi-layer-wave-spring","status":"publish","type":"product","link":"https:\/\/www.metalwireforms.com\/pt\/produto\/manufacturer-stainless-steel-multi-layer-wave-spring","title":{"rendered":"Fabricante de mola ondulada multicamadas de a\u00e7o inoxid\u00e1vel"},"content":{"rendered":"<p>A mola ondulada \u00e9 abreviada como mola ondulada, que \u00e9 um elemento el\u00e1stico com v\u00e1rios picos e vales em um anel met\u00e1lico fino. \u00c9 normalmente usada em ocasi\u00f5es onde a carga e a deforma\u00e7\u00e3o n\u00e3o s\u00e3o grandes, e a rigidez da mola \u00e9 requerida para ser pequena e a pr\u00e9-carga axial \u00e9 requerida. As molas onduladas s\u00e3o particularmente adequadas para aplica\u00e7\u00f5es que requerem redu\u00e7\u00e3o de peso e aplica\u00e7\u00f5es que s\u00e3o restringidas por um pequeno espa\u00e7o de instala\u00e7\u00e3o.<\/p>\n<h3>Destaque<\/h3>\n<p>(1) A faixa de rigidez \u00e9 grande, a capacidade de absor\u00e7\u00e3o de choques \u00e9 forte e o material por unidade de volume tem uma grande capacidade de deforma\u00e7\u00e3o.<br \/>\n(2) Tem as caracter\u00edsticas de rigidez vari\u00e1vel. A rigidez pode ser corrigida mudando as diferentes combina\u00e7\u00f5es de altura, largura e espessura da crista de onda. A rigidez tamb\u00e9m pode ser ajustada pelo n\u00famero de pe\u00e7as combinadas.<br \/>\n(3) Em compara\u00e7\u00e3o com a mola de disco, ela tem as vantagens de alta resist\u00eancia, boa flexibilidade e forte resist\u00eancia ao impacto.<br \/>\n(4) O tamanho da estrutura \u00e9 compacto, e sob os mesmos par\u00e2metros, o espa\u00e7o de instala\u00e7\u00e3o \u00e9 pequeno.<\/p>\n<p><img fetchpriority=\"high\" decoding=\"async\" class=\"wp-image-1130 size-full\" src=\"https:\/\/www.metalwireforms.com\/wp-content\/uploads\/2021\/09\/Wave-spring-6.jpg\" alt=\"Mola ondulada (6)\" width=\"750\" height=\"423\" srcset=\"https:\/\/www.metalwireforms.com\/wp-content\/uploads\/2021\/09\/Wave-spring-6.jpg 750w, https:\/\/www.metalwireforms.com\/wp-content\/uploads\/2021\/09\/Wave-spring-6-300x169.jpg 300w, https:\/\/www.metalwireforms.com\/wp-content\/uploads\/2021\/09\/Wave-spring-6-600x338.jpg 600w\" sizes=\"(max-width: 750px) 100vw, 750px\" \/><\/p>\n<h3>Aplica\u00e7\u00e3o<\/h3>\n<p>As \u00e1reas t\u00edpicas de aplica\u00e7\u00e3o incluem: automotiva, aparelhos eletr\u00f4nicos, assentos de seguran\u00e7a, equipamentos m\u00e9dicos, aeroespacial, m\u00e1quinas de precis\u00e3o, selos hidr\u00e1ulicos e motores high-end.<\/p>","protected":false},"excerpt":{"rendered":"<p>A F\u00e1brica de Molas de Xinshengcheng processa e produz v\u00e1rios tipos de molas de onda, molas de onda de veda\u00e7\u00e3o mec\u00e2nica e produtos s\u00e3o amplamente utilizados em m\u00e1quinas, autom\u00f3veis, eletrodom\u00e9sticos e outras ind\u00fastrias. A mola ondulada reduz a altura da mola em 50% para economizar espa\u00e7o, e tem o mesmo valor de for\u00e7a e deforma\u00e7\u00e3o que as molas onduladas comuns.<\/p>","protected":false},"featured_media":1127,"template":"","meta":{"ocean_post_layout":"","ocean_both_sidebars_style":"","ocean_both_sidebars_content_width":0,"ocean_both_sidebars_sidebars_width":0,"ocean_sidebar":"0","ocean_second_sidebar":"0","ocean_disable_margins":"enable","ocean_add_body_class":"","ocean_shortcode_before_top_bar":"","ocean_shortcode_after_top_bar":"","ocean_shortcode_before_header":"","ocean_shortcode_after_header":"","ocean_has_shortcode":"","ocean_shortcode_after_title":"","ocean_shortcode_before_footer_widgets":"","ocean_shortcode_after_footer_widgets":"","ocean_shortcode_before_footer_bottom":"","ocean_shortcode_after_footer_bottom":"","ocean_display_top_bar":"default","ocean_display_header":"default","ocean_header_style":"","ocean_center_header_left_menu":"0","ocean_custom_header_template":"0","ocean_custom_logo":0,"ocean_custom_retina_logo":0,"ocean_custom_logo_max_width":0,"ocean_custom_logo_tablet_max_width":0,"ocean_custom_logo_mobile_max_width":0,"ocean_custom_logo_max_height":0,"ocean_custom_logo_tablet_max_height":0,"ocean_custom_logo_mobile_max_height":0,"ocean_header_custom_menu":"0","ocean_menu_typo_font_family":"0","ocean_menu_typo_font_subset":"","ocean_menu_typo_font_size":0,"ocean_menu_typo_font_size_tablet":0,"ocean_menu_typo_font_size_mobile":0,"ocean_menu_typo_font_size_unit":"px","ocean_menu_typo_font_weight":"","ocean_menu_typo_font_weight_tablet":"","ocean_menu_typo_font_weight_mobile":"","ocean_menu_typo_transform":"","ocean_menu_typo_transform_tablet":"","ocean_menu_typo_transform_mobile":"","ocean_menu_typo_line_height":0,"ocean_menu_typo_line_height_tablet":0,"ocean_menu_typo_line_height_mobile":0,"ocean_menu_typo_line_height_unit":"","ocean_menu_typo_spacing":0,"ocean_menu_typo_spacing_tablet":0,"ocean_menu_typo_spacing_mobile":0,"ocean_menu_typo_spacing_unit":"","ocean_menu_link_color":"","ocean_menu_link_color_hover":"","ocean_menu_link_color_active":"","ocean_menu_link_background":"","ocean_menu_link_hover_background":"","ocean_menu_link_active_background":"","ocean_menu_social_links_bg":"","ocean_menu_social_hover_links_bg":"","ocean_menu_social_links_color":"","ocean_menu_social_hover_links_color":"","ocean_disable_title":"default","ocean_disable_heading":"default","ocean_post_title":"","ocean_post_subheading":"","ocean_post_title_style":"","ocean_post_title_background_color":"","ocean_post_title_background":0,"ocean_post_title_bg_image_position":"","ocean_post_title_bg_image_attachment":"","ocean_post_title_bg_image_repeat":"","ocean_post_title_bg_image_size":"","ocean_post_title_height":0,"ocean_post_title_bg_overlay":0.5,"ocean_post_title_bg_overlay_color":"","ocean_disable_breadcrumbs":"default","ocean_breadcrumbs_color":"","ocean_breadcrumbs_separator_color":"","ocean_breadcrumbs_links_color":"","ocean_breadcrumbs_links_hover_color":"","ocean_display_footer_widgets":"default","ocean_display_footer_bottom":"default","ocean_custom_footer_template":"0","ofc_meta_disable_footer_callout":"","ofc_meta_callout_button_url":"","ofc_meta_callout_button_txt":"","ofc_meta_callout_text":"","osh_disable_topbar_sticky":"default","osh_disable_header_sticky":"default","osh_sticky_header_style":"default","osh_sticky_header_effect":"","osh_custom_sticky_logo":0,"osh_custom_retina_sticky_logo":0,"osh_custom_sticky_logo_height":0,"osh_background_color":"","osh_links_color":"","osh_links_hover_color":"","osh_links_active_color":"","osh_links_bg_color":"","osh_links_hover_bg_color":"","osh_links_active_bg_color":"","osh_menu_social_links_color":"","osh_menu_social_hover_links_color":""},"product_brand":[],"product_cat":[144,28],"product_tag":[59,60,58],"class_list":{"0":"post-1124","1":"product","2":"type-product","3":"status-publish","4":"has-post-thumbnail","6":"product_cat-custom-springs","7":"product_cat-custom-wave-springs","8":"product_tag-multilayer-springs","9":"product_tag-spring-wholesale","10":"product_tag-wave-spring","12":"entry","13":"has-media","15":"first","16":"instock","17":"shipping-taxable","18":"product-type-external","19":"col","20":"span_1_of_3","21":"owp-content-center","22":"owp-thumbs-layout-horizontal","23":"owp-btn-very-big","24":"owp-tabs-layout-horizontal","25":"circle-sale"},"_links":{"self":[{"href":"https:\/\/www.metalwireforms.com\/pt\/wp-json\/wp\/v2\/product\/1124","targetHints":{"allow":["GET"]}}],"collection":[{"href":"https:\/\/www.metalwireforms.com\/pt\/wp-json\/wp\/v2\/product"}],"about":[{"href":"https:\/\/www.metalwireforms.com\/pt\/wp-json\/wp\/v2\/types\/product"}],"version-history":[{"count":2,"href":"https:\/\/www.metalwireforms.com\/pt\/wp-json\/wp\/v2\/product\/1124\/revisions"}],"predecessor-version":[{"id":1134,"href":"https:\/\/www.metalwireforms.com\/pt\/wp-json\/wp\/v2\/product\/1124\/revisions\/1134"}],"wp:featuredmedia":[{"embeddable":true,"href":"https:\/\/www.metalwireforms.com\/pt\/wp-json\/wp\/v2\/media\/1127"}],"wp:attachment":[{"href":"https:\/\/www.metalwireforms.com\/pt\/wp-json\/wp\/v2\/media?parent=1124"}],"wp:term":[{"taxonomy":"product_brand","embeddable":true,"href":"https:\/\/www.metalwireforms.com\/pt\/wp-json\/wp\/v2\/product_brand?post=1124"},{"taxonomy":"product_cat","embeddable":true,"href":"https:\/\/www.metalwireforms.com\/pt\/wp-json\/wp\/v2\/product_cat?post=1124"},{"taxonomy":"product_tag","embeddable":true,"href":"https:\/\/www.metalwireforms.com\/pt\/wp-json\/wp\/v2\/product_tag?post=1124"}],"curies":[{"name":"wp","href":"https:\/\/api.w.org\/{rel}","templated":true}]}}