{"id":1114,"date":"2021-09-16T08:33:14","date_gmt":"2021-09-16T08:33:14","guid":{"rendered":"https:\/\/www.xsmetalforming.com\/?post_type=product&#038;p=1114"},"modified":"2022-09-01T06:47:45","modified_gmt":"2022-09-01T06:47:45","slug":"custom-manganese-steel-high-elastic-tension-spring","status":"publish","type":"product","link":"https:\/\/www.metalwireforms.com\/pt\/produto\/custom-manganese-steel-high-elastic-tension-spring","title":{"rendered":"Mola personalizada de a\u00e7o mangan\u00eas de alta tens\u00e3o el\u00e1stica"},"content":{"rendered":"<p>Molas de tens\u00e3o (tamb\u00e9m chamadas de molas de tens\u00e3o, chamadas de molas de tens\u00e3o) s\u00e3o molas helicoidais que suportam tens\u00e3o axial. As molas de tens\u00e3o s\u00e3o geralmente feitas de materiais de se\u00e7\u00e3o transversal redonda. Quando n\u00e3o est\u00e3o sob carga, as bobinas da mola de tens\u00e3o s\u00e3o geralmente apertadas e n\u00e3o h\u00e1 folga.<\/p>\n<h3>Destaque<\/h3>\n<p>Muitos dispositivos terminais ou \"ganchos\" diferentes s\u00e3o usados para garantir a fonte da mola de tens\u00e3o. O princ\u00edpio de funcionamento da mola de extens\u00e3o \u00e9 o oposto ao da mola de compress\u00e3o. A mola de compress\u00e3o atua na dire\u00e7\u00e3o oposta quando \u00e9 comprimida, e a mola de extens\u00e3o atua na dire\u00e7\u00e3o oposta quando \u00e9 esticada ou puxada para fora. Quando as extremidades da mola de tens\u00e3o s\u00e3o puxadas para fora, a mola tentar\u00e1 pux\u00e1-las novamente. Assim como as molas de compress\u00e3o, as molas de extens\u00e3o tamb\u00e9m absorvem e armazenam energia. Mas, ao contr\u00e1rio das molas de compress\u00e3o, a maioria das molas de extens\u00e3o est\u00e3o normalmente sob um certo grau de tens\u00e3o, mesmo sem qualquer carga. Esta tens\u00e3o inicial determina qu\u00e3o apertada a mola de tens\u00e3o \u00e9 enrolada sem qualquer carga.<\/p>\n<p><img fetchpriority=\"high\" decoding=\"async\" class=\"alignnone wp-image-1119 size-large\" src=\"https:\/\/www.metalwireforms.com\/wp-content\/uploads\/2021\/09\/Tension-spring-5-985x1024.jpg\" alt=\"Mola de tens\u00e3o (5)\" width=\"985\" height=\"1024\" srcset=\"https:\/\/www.metalwireforms.com\/wp-content\/uploads\/2021\/09\/Tension-spring-5-985x1024.jpg 985w, https:\/\/www.metalwireforms.com\/wp-content\/uploads\/2021\/09\/Tension-spring-5-289x300.jpg 289w, https:\/\/www.metalwireforms.com\/wp-content\/uploads\/2021\/09\/Tension-spring-5-768x798.jpg 768w, https:\/\/www.metalwireforms.com\/wp-content\/uploads\/2021\/09\/Tension-spring-5-600x624.jpg 600w, https:\/\/www.metalwireforms.com\/wp-content\/uploads\/2021\/09\/Tension-spring-5.jpg 1443w\" sizes=\"(max-width: 985px) 100vw, 985px\" \/><\/p>\n<h3>Aplica\u00e7\u00e3o<\/h3>\n<p>As molas de tens\u00e3o, tamb\u00e9m conhecidas como molas de tens\u00e3o em espiral, s\u00e3o geralmente de passo igual e em sua maioria circulares em se\u00e7\u00e3o transversal. Elas podem ser usadas em muitas ocasi\u00f5es, tais como produ\u00e7\u00e3o e montagem, experimenta\u00e7\u00e3o, pesquisa e desenvolvimento, e manuten\u00e7\u00e3o. As molas de tens\u00e3o ocupam uma posi\u00e7\u00e3o importante no mercado global e s\u00e3o amplamente utilizadas na defesa nacional, marinha, inform\u00e1tica, eletr\u00f4nica, autom\u00f3veis, moldes, medicina, bioqu\u00edmica, aeroespacial, ferrovias, energia nuclear, energia e\u00f3lica, energia t\u00e9rmica, m\u00e1quinas de constru\u00e7\u00e3o, m\u00e1quinas de minera\u00e7\u00e3o, m\u00e1quinas de constru\u00e7\u00e3o, elevadores e outros campos.<\/p>","protected":false},"excerpt":{"rendered":"<p>As formas de gancho da mola de extens\u00e3o incluem mola de extens\u00e3o de gancho lateral, mola de extens\u00e3o de gancho longo, mola de extens\u00e3o de gancho ingl\u00eas, mola de extens\u00e3o de gancho alem\u00e3o, mola de extens\u00e3o de gancho semicircular, gancho de pato e assim por diante. Seus materiais incluem a\u00e7o inoxid\u00e1vel, a\u00e7o piano, a\u00e7o de alto carbono, bronze fosforoso, a\u00e7o para molas de liga temperada a \u00f3leo, etc.<\/p>","protected":false},"featured_media":1117,"template":"","meta":{"ocean_post_layout":"","ocean_both_sidebars_style":"","ocean_both_sidebars_content_width":0,"ocean_both_sidebars_sidebars_width":0,"ocean_sidebar":"0","ocean_second_sidebar":"0","ocean_disable_margins":"enable","ocean_add_body_class":"","ocean_shortcode_before_top_bar":"","ocean_shortcode_after_top_bar":"","ocean_shortcode_before_header":"","ocean_shortcode_after_header":"","ocean_has_shortcode":"","ocean_shortcode_after_title":"","ocean_shortcode_before_footer_widgets":"","ocean_shortcode_after_footer_widgets":"","ocean_shortcode_before_footer_bottom":"","ocean_shortcode_after_footer_bottom":"","ocean_display_top_bar":"default","ocean_display_header":"default","ocean_header_style":"","ocean_center_header_left_menu":"0","ocean_custom_header_template":"0","ocean_custom_logo":0,"ocean_custom_retina_logo":0,"ocean_custom_logo_max_width":0,"ocean_custom_logo_tablet_max_width":0,"ocean_custom_logo_mobile_max_width":0,"ocean_custom_logo_max_height":0,"ocean_custom_logo_tablet_max_height":0,"ocean_custom_logo_mobile_max_height":0,"ocean_header_custom_menu":"0","ocean_menu_typo_font_family":"0","ocean_menu_typo_font_subset":"","ocean_menu_typo_font_size":0,"ocean_menu_typo_font_size_tablet":0,"ocean_menu_typo_font_size_mobile":0,"ocean_menu_typo_font_size_unit":"px","ocean_menu_typo_font_weight":"","ocean_menu_typo_font_weight_tablet":"","ocean_menu_typo_font_weight_mobile":"","ocean_menu_typo_transform":"","ocean_menu_typo_transform_tablet":"","ocean_menu_typo_transform_mobile":"","ocean_menu_typo_line_height":0,"ocean_menu_typo_line_height_tablet":0,"ocean_menu_typo_line_height_mobile":0,"ocean_menu_typo_line_height_unit":"","ocean_menu_typo_spacing":0,"ocean_menu_typo_spacing_tablet":0,"ocean_menu_typo_spacing_mobile":0,"ocean_menu_typo_spacing_unit":"","ocean_menu_link_color":"","ocean_menu_link_color_hover":"","ocean_menu_link_color_active":"","ocean_menu_link_background":"","ocean_menu_link_hover_background":"","ocean_menu_link_active_background":"","ocean_menu_social_links_bg":"","ocean_menu_social_hover_links_bg":"","ocean_menu_social_links_color":"","ocean_menu_social_hover_links_color":"","ocean_disable_title":"default","ocean_disable_heading":"default","ocean_post_title":"","ocean_post_subheading":"","ocean_post_title_style":"","ocean_post_title_background_color":"","ocean_post_title_background":0,"ocean_post_title_bg_image_position":"","ocean_post_title_bg_image_attachment":"","ocean_post_title_bg_image_repeat":"","ocean_post_title_bg_image_size":"","ocean_post_title_height":0,"ocean_post_title_bg_overlay":0.5,"ocean_post_title_bg_overlay_color":"","ocean_disable_breadcrumbs":"default","ocean_breadcrumbs_color":"","ocean_breadcrumbs_separator_color":"","ocean_breadcrumbs_links_color":"","ocean_breadcrumbs_links_hover_color":"","ocean_display_footer_widgets":"default","ocean_display_footer_bottom":"default","ocean_custom_footer_template":"0","ofc_meta_disable_footer_callout":"","ofc_meta_callout_button_url":"","ofc_meta_callout_button_txt":"","ofc_meta_callout_text":"","osh_disable_topbar_sticky":"default","osh_disable_header_sticky":"default","osh_sticky_header_style":"default","osh_sticky_header_effect":"","osh_custom_sticky_logo":0,"osh_custom_retina_sticky_logo":0,"osh_custom_sticky_logo_height":0,"osh_background_color":"","osh_links_color":"","osh_links_hover_color":"","osh_links_active_color":"","osh_links_bg_color":"","osh_links_hover_bg_color":"","osh_links_active_bg_color":"","osh_menu_social_links_color":"","osh_menu_social_hover_links_color":""},"product_brand":[],"product_cat":[144,27],"product_tag":[57,56,55],"class_list":{"0":"post-1114","1":"product","2":"type-product","3":"status-publish","4":"has-post-thumbnail","6":"product_cat-custom-springs","7":"product_cat-custom-tension-springs","8":"product_tag-custom-tension-spring","9":"product_tag-tension-spring-machinery","10":"product_tag-tension-spring-wholesale","12":"entry","13":"has-media","15":"first","16":"instock","17":"shipping-taxable","18":"product-type-external","19":"col","20":"span_1_of_3","21":"owp-content-center","22":"owp-thumbs-layout-horizontal","23":"owp-btn-very-big","24":"owp-tabs-layout-horizontal","25":"circle-sale"},"_links":{"self":[{"href":"https:\/\/www.metalwireforms.com\/pt\/wp-json\/wp\/v2\/product\/1114","targetHints":{"allow":["GET"]}}],"collection":[{"href":"https:\/\/www.metalwireforms.com\/pt\/wp-json\/wp\/v2\/product"}],"about":[{"href":"https:\/\/www.metalwireforms.com\/pt\/wp-json\/wp\/v2\/types\/product"}],"version-history":[{"count":1,"href":"https:\/\/www.metalwireforms.com\/pt\/wp-json\/wp\/v2\/product\/1114\/revisions"}],"predecessor-version":[{"id":1120,"href":"https:\/\/www.metalwireforms.com\/pt\/wp-json\/wp\/v2\/product\/1114\/revisions\/1120"}],"wp:featuredmedia":[{"embeddable":true,"href":"https:\/\/www.metalwireforms.com\/pt\/wp-json\/wp\/v2\/media\/1117"}],"wp:attachment":[{"href":"https:\/\/www.metalwireforms.com\/pt\/wp-json\/wp\/v2\/media?parent=1114"}],"wp:term":[{"taxonomy":"product_brand","embeddable":true,"href":"https:\/\/www.metalwireforms.com\/pt\/wp-json\/wp\/v2\/product_brand?post=1114"},{"taxonomy":"product_cat","embeddable":true,"href":"https:\/\/www.metalwireforms.com\/pt\/wp-json\/wp\/v2\/product_cat?post=1114"},{"taxonomy":"product_tag","embeddable":true,"href":"https:\/\/www.metalwireforms.com\/pt\/wp-json\/wp\/v2\/product_tag?post=1114"}],"curies":[{"name":"wp","href":"https:\/\/api.w.org\/{rel}","templated":true}]}}