{"id":1088,"date":"2021-09-16T07:28:33","date_gmt":"2021-09-16T07:28:33","guid":{"rendered":"https:\/\/www.xsmetalforming.com\/?post_type=product&#038;p=1088"},"modified":"2022-09-12T07:32:09","modified_gmt":"2022-09-12T07:32:09","slug":"custom-stainless-steel-compression-spring-manufacturer","status":"publish","type":"product","link":"https:\/\/www.metalwireforms.com\/pt\/produto\/custom-stainless-steel-compression-spring-manufacturer","title":{"rendered":"Fabricante de molas de compress\u00e3o em a\u00e7o inoxid\u00e1vel personalizadas"},"content":{"rendered":"<p>Molas de compress\u00e3o (molas de compress\u00e3o) s\u00e3o molas helicoidais sob press\u00e3o. A maioria dos materiais utilizados s\u00e3o circulares em se\u00e7\u00e3o transversal, e tamb\u00e9m s\u00e3o laminadas em bobinas de a\u00e7o retangulares e multi-fio. As molas s\u00e3o geralmente de passo igual. As formas das molas de compress\u00e3o s\u00e3o: Formas cil\u00edndricas, c\u00f4nicas, convexas e c\u00f4ncavas, e uma pequena quantidade de formas n\u00e3o circulares, etc., h\u00e1 um certo espa\u00e7o entre as bobinas da mola de compress\u00e3o, e a mola encolhe e deforma quando submetida a uma carga externa para armazenar energia de deforma\u00e7\u00e3o.<\/p>\n<h3>Destaque<\/h3>\n<p>A mola de compress\u00e3o oferece resist\u00eancia \u00e0 press\u00e3o da carga externa. As molas de compress\u00e3o s\u00e3o geralmente fios met\u00e1licos enrolados com passos iguais e di\u00e2metros de fios fixos. As molas de compress\u00e3o utilizam m\u00faltiplas bobinas abertas para fornecer resist\u00eancia \u00e0 carga externa (como a press\u00e3o da gravidade sobre uma roda, ou a press\u00e3o do corpo sobre um colch\u00e3o). Ou seja, elas empurram para tr\u00e1s para resistir \u00e0 press\u00e3o externa. As molas de compress\u00e3o s\u00e3o geralmente fios met\u00e1licos enrolados com passos iguais e di\u00e2metros de fios fixos. Al\u00e9m disso, h\u00e1 tamb\u00e9m molas de compress\u00e3o c\u00f4nicas, ou uma combina\u00e7\u00e3o de molas c\u00f4nicas e lineares. De acordo com diferentes \u00e1reas de aplica\u00e7\u00e3o, as molas de compress\u00e3o podem ser usadas para resistir \u00e0 press\u00e3o e\/ou armazenar energia. Arame met\u00e1lico redondo \u00e9 a mola de compress\u00e3o mais usada, mas tamb\u00e9m h\u00e1 molas de compress\u00e3o feitas de arames met\u00e1licos quadrados, retangulares e com forma especial.<\/p>\n<p><img fetchpriority=\"high\" decoding=\"async\" class=\"alignnone wp-image-1008 size-full\" src=\"https:\/\/www.metalwireforms.com\/wp-content\/uploads\/2021\/09\/why-us-2.jpg\" alt=\"F\u00e1brica de molas\" width=\"1000\" height=\"667\" srcset=\"https:\/\/www.metalwireforms.com\/wp-content\/uploads\/2021\/09\/why-us-2.jpg 1000w, https:\/\/www.metalwireforms.com\/wp-content\/uploads\/2021\/09\/why-us-2-600x400.jpg 600w, https:\/\/www.metalwireforms.com\/wp-content\/uploads\/2021\/09\/why-us-2-300x200.jpg 300w, https:\/\/www.metalwireforms.com\/wp-content\/uploads\/2021\/09\/why-us-2-768x512.jpg 768w\" sizes=\"(max-width: 1000px) 100vw, 1000px\" \/><\/p>\n<h3>Aplica\u00e7\u00e3o<\/h3>\n<p>Molas de arame de compress\u00e3o s\u00e3o usadas em tudo, desde eletrodom\u00e9sticos at\u00e9 equipamentos motorizados, motores, etc., porque \u00e9 o tipo de mola necess\u00e1ria. Pela carga que atua sobre elas ou suas extremidades s\u00e3o comprimidas, a mola de compress\u00e3o \u00e9 comprimida pelo projeto do fio tentando retornar a mola a sua forma original, de modo que a carga \u00e9 empurrada para tr\u00e1s. Principais instru\u00e7\u00f5es de aplica\u00e7\u00e3o: equipamento m\u00e9dico de respira\u00e7\u00e3o, equipamento m\u00e9dico m\u00f3vel, ferramentas manuais, equipamento de cuidados domiciliares, absor\u00e7\u00e3o de choques, molas de v\u00e1lvulas do motor.<\/p>","protected":false},"excerpt":{"rendered":"<p>As molas de compress\u00e3o s\u00e3o na maioria circulares na se\u00e7\u00e3o transversal dos materiais utilizados, e tamb\u00e9m s\u00e3o laminadas com bobinas de a\u00e7o retangulares e multi-fio. As molas s\u00e3o geralmente de passo igual e molas de compress\u00e3o. H\u00e1 uma certa folga entre as molas de compress\u00e3o. Quando a mola \u00e9 submetida a uma carga externa, a mola encolhe e deforma-se para armazenar energia de deforma\u00e7\u00e3o.<\/p>","protected":false},"featured_media":1094,"template":"","meta":{"ocean_post_layout":"","ocean_both_sidebars_style":"","ocean_both_sidebars_content_width":0,"ocean_both_sidebars_sidebars_width":0,"ocean_sidebar":"0","ocean_second_sidebar":"0","ocean_disable_margins":"enable","ocean_add_body_class":"","ocean_shortcode_before_top_bar":"","ocean_shortcode_after_top_bar":"","ocean_shortcode_before_header":"","ocean_shortcode_after_header":"","ocean_has_shortcode":"","ocean_shortcode_after_title":"","ocean_shortcode_before_footer_widgets":"","ocean_shortcode_after_footer_widgets":"","ocean_shortcode_before_footer_bottom":"","ocean_shortcode_after_footer_bottom":"","ocean_display_top_bar":"default","ocean_display_header":"default","ocean_header_style":"","ocean_center_header_left_menu":"0","ocean_custom_header_template":"0","ocean_custom_logo":0,"ocean_custom_retina_logo":0,"ocean_custom_logo_max_width":0,"ocean_custom_logo_tablet_max_width":0,"ocean_custom_logo_mobile_max_width":0,"ocean_custom_logo_max_height":0,"ocean_custom_logo_tablet_max_height":0,"ocean_custom_logo_mobile_max_height":0,"ocean_header_custom_menu":"0","ocean_menu_typo_font_family":"0","ocean_menu_typo_font_subset":"","ocean_menu_typo_font_size":0,"ocean_menu_typo_font_size_tablet":0,"ocean_menu_typo_font_size_mobile":0,"ocean_menu_typo_font_size_unit":"px","ocean_menu_typo_font_weight":"","ocean_menu_typo_font_weight_tablet":"","ocean_menu_typo_font_weight_mobile":"","ocean_menu_typo_transform":"","ocean_menu_typo_transform_tablet":"","ocean_menu_typo_transform_mobile":"","ocean_menu_typo_line_height":0,"ocean_menu_typo_line_height_tablet":0,"ocean_menu_typo_line_height_mobile":0,"ocean_menu_typo_line_height_unit":"","ocean_menu_typo_spacing":0,"ocean_menu_typo_spacing_tablet":0,"ocean_menu_typo_spacing_mobile":0,"ocean_menu_typo_spacing_unit":"","ocean_menu_link_color":"","ocean_menu_link_color_hover":"","ocean_menu_link_color_active":"","ocean_menu_link_background":"","ocean_menu_link_hover_background":"","ocean_menu_link_active_background":"","ocean_menu_social_links_bg":"","ocean_menu_social_hover_links_bg":"","ocean_menu_social_links_color":"","ocean_menu_social_hover_links_color":"","ocean_disable_title":"default","ocean_disable_heading":"default","ocean_post_title":"","ocean_post_subheading":"","ocean_post_title_style":"","ocean_post_title_background_color":"","ocean_post_title_background":0,"ocean_post_title_bg_image_position":"","ocean_post_title_bg_image_attachment":"","ocean_post_title_bg_image_repeat":"","ocean_post_title_bg_image_size":"","ocean_post_title_height":0,"ocean_post_title_bg_overlay":0.5,"ocean_post_title_bg_overlay_color":"","ocean_disable_breadcrumbs":"default","ocean_breadcrumbs_color":"","ocean_breadcrumbs_separator_color":"","ocean_breadcrumbs_links_color":"","ocean_breadcrumbs_links_hover_color":"","ocean_display_footer_widgets":"default","ocean_display_footer_bottom":"default","ocean_custom_footer_template":"0","ofc_meta_disable_footer_callout":"","ofc_meta_callout_button_url":"","ofc_meta_callout_button_txt":"","ofc_meta_callout_text":"","osh_disable_topbar_sticky":"default","osh_disable_header_sticky":"default","osh_sticky_header_style":"default","osh_sticky_header_effect":"","osh_custom_sticky_logo":0,"osh_custom_retina_sticky_logo":0,"osh_custom_sticky_logo_height":0,"osh_background_color":"","osh_links_color":"","osh_links_hover_color":"","osh_links_active_color":"","osh_links_bg_color":"","osh_links_hover_bg_color":"","osh_links_active_bg_color":"","osh_menu_social_links_color":"","osh_menu_social_hover_links_color":""},"product_brand":[],"product_cat":[144,25],"product_tag":[47,48,50],"class_list":{"0":"post-1088","1":"product","2":"type-product","3":"status-publish","4":"has-post-thumbnail","6":"product_cat-custom-springs","7":"product_cat-custom-compression-springs","8":"product_tag-compressed-spring","9":"product_tag-spring-customization","10":"product_tag-spring-machine","12":"entry","13":"has-media","15":"first","16":"instock","17":"shipping-taxable","18":"product-type-external","19":"col","20":"span_1_of_3","21":"owp-content-center","22":"owp-thumbs-layout-horizontal","23":"owp-btn-very-big","24":"owp-tabs-layout-horizontal","25":"circle-sale"},"_links":{"self":[{"href":"https:\/\/www.metalwireforms.com\/pt\/wp-json\/wp\/v2\/product\/1088","targetHints":{"allow":["GET"]}}],"collection":[{"href":"https:\/\/www.metalwireforms.com\/pt\/wp-json\/wp\/v2\/product"}],"about":[{"href":"https:\/\/www.metalwireforms.com\/pt\/wp-json\/wp\/v2\/types\/product"}],"version-history":[{"count":2,"href":"https:\/\/www.metalwireforms.com\/pt\/wp-json\/wp\/v2\/product\/1088\/revisions"}],"predecessor-version":[{"id":2027,"href":"https:\/\/www.metalwireforms.com\/pt\/wp-json\/wp\/v2\/product\/1088\/revisions\/2027"}],"wp:featuredmedia":[{"embeddable":true,"href":"https:\/\/www.metalwireforms.com\/pt\/wp-json\/wp\/v2\/media\/1094"}],"wp:attachment":[{"href":"https:\/\/www.metalwireforms.com\/pt\/wp-json\/wp\/v2\/media?parent=1088"}],"wp:term":[{"taxonomy":"product_brand","embeddable":true,"href":"https:\/\/www.metalwireforms.com\/pt\/wp-json\/wp\/v2\/product_brand?post=1088"},{"taxonomy":"product_cat","embeddable":true,"href":"https:\/\/www.metalwireforms.com\/pt\/wp-json\/wp\/v2\/product_cat?post=1088"},{"taxonomy":"product_tag","embeddable":true,"href":"https:\/\/www.metalwireforms.com\/pt\/wp-json\/wp\/v2\/product_tag?post=1088"}],"curies":[{"name":"wp","href":"https:\/\/api.w.org\/{rel}","templated":true}]}}