{"id":904,"date":"2021-09-13T02:09:07","date_gmt":"2021-09-13T02:09:07","guid":{"rendered":"https:\/\/www.xsmetalforming.com\/?page_id=904"},"modified":"2021-09-27T01:44:48","modified_gmt":"2021-09-27T01:44:48","slug":"customized","status":"publish","type":"page","link":"https:\/\/www.metalwireforms.com\/pt\/customized","title":{"rendered":"Personalizado"},"content":{"rendered":"<div data-elementor-type=\"wp-page\" data-elementor-id=\"904\" class=\"elementor elementor-904\">\n\t\t\t\t\t\t<section class=\"elementor-section elementor-top-section elementor-element elementor-element-704f311 elementor-section-boxed elementor-section-height-default elementor-section-height-default\" data-id=\"704f311\" data-element_type=\"section\">\n\t\t\t\t\t\t<div class=\"elementor-container elementor-column-gap-default\">\n\t\t\t\t\t<div class=\"elementor-column elementor-col-50 elementor-top-column elementor-element elementor-element-862c3e2\" data-id=\"862c3e2\" data-element_type=\"column\">\n\t\t\t<div class=\"elementor-widget-wrap elementor-element-populated\">\n\t\t\t\t\t\t<div class=\"elementor-element elementor-element-d520724 elementor-widget elementor-widget-image\" data-id=\"d520724\" data-element_type=\"widget\" data-widget_type=\"image.default\">\n\t\t\t\t<div class=\"elementor-widget-container\">\n\t\t\t\t\t\t\t\t\t\t\t\t\t\t\t<img fetchpriority=\"high\" decoding=\"async\" width=\"800\" height=\"533\" src=\"https:\/\/www.metalwireforms.com\/wp-content\/uploads\/2021\/09\/custom-compression-spring.jpg\" class=\"attachment-full size-full wp-image-1366\" alt=\"mola de compress\u00e3o personalizada\" srcset=\"https:\/\/www.metalwireforms.com\/wp-content\/uploads\/2021\/09\/custom-compression-spring.jpg 800w, https:\/\/www.metalwireforms.com\/wp-content\/uploads\/2021\/09\/custom-compression-spring-300x200.jpg 300w, https:\/\/www.metalwireforms.com\/wp-content\/uploads\/2021\/09\/custom-compression-spring-150x100.jpg 150w, https:\/\/www.metalwireforms.com\/wp-content\/uploads\/2021\/09\/custom-compression-spring-768x512.jpg 768w, https:\/\/www.metalwireforms.com\/wp-content\/uploads\/2021\/09\/custom-compression-spring-600x400.jpg 600w\" sizes=\"(max-width: 800px) 100vw, 800px\" \/>\t\t\t\t\t\t\t\t\t\t\t\t\t\t\t<\/div>\n\t\t\t\t<\/div>\n\t\t\t\t\t<\/div>\n\t\t<\/div>\n\t\t\t\t<div class=\"elementor-column elementor-col-50 elementor-top-column elementor-element elementor-element-65ced35\" data-id=\"65ced35\" data-element_type=\"column\" data-settings=\"{&quot;background_background&quot;:&quot;classic&quot;}\">\n\t\t\t<div class=\"elementor-widget-wrap elementor-element-populated\">\n\t\t\t\t\t\t<div class=\"elementor-element elementor-element-4300bbb elementor-widget elementor-widget-text-editor\" data-id=\"4300bbb\" data-element_type=\"widget\" data-widget_type=\"text-editor.default\">\n\t\t\t\t<div class=\"elementor-widget-container\">\n\t\t\t\t\t\t\t\t\t<p><strong>POR QUE NOS ESCOLHER PARA PERSONALIZAR?<\/strong><br \/>Nosso equipamento de teste de produ\u00e7\u00e3o autodesenvolvido possui uma equipe t\u00e9cnica s\u00eanior com mais de 10 anos de experi\u00eancia.<br \/>Selecionamos cuidadosamente os materiais para garantir longa vida \u00fatil, forte dureza, forte flexibilidade e resist\u00eancia \u00e0 corros\u00e3o.<br \/>Antes de mais nada, as mat\u00e9rias-primas devem ser testadas. Em segundo lugar, ap\u00f3s o teste do sal e a inspe\u00e7\u00e3o completa do produto atingir o padr\u00e3o, \u00e9 confirmado pela contagem manual, balan\u00e7a de contagem e balan\u00e7a de plataforma para assegurar que o produto seja garantido em qualidade e quantidade.<br \/>Cada tipo de embalagem \u00e9 feito de embalagens cartonadas especiais de alta qualidade ou sacos de nylon de dupla camada, que podem ser personalizados de acordo com as exig\u00eancias do cliente.<br \/>Enviamos em 3-7 dias para voc\u00ea o mais r\u00e1pido poss\u00edvel, e temos coopera\u00e7\u00e3o com log\u00edstica profissional, rapidamente, e asseguramos que a mercadoria seja entregue em suas m\u00e3os o mais r\u00e1pido poss\u00edvel.<br \/>Fornecemos servi\u00e7os de rastreamento de alta qualidade durante todo o processo, desde a prova, confirmando amostras at\u00e9 a produ\u00e7\u00e3o em massa.<\/p>\t\t\t\t\t\t\t\t<\/div>\n\t\t\t\t<\/div>\n\t\t\t\t\t<\/div>\n\t\t<\/div>\n\t\t\t\t\t<\/div>\n\t\t<\/section>\n\t\t\t\t<section class=\"elementor-section elementor-top-section elementor-element elementor-element-14e934a elementor-section-boxed elementor-section-height-default elementor-section-height-default\" data-id=\"14e934a\" data-element_type=\"section\">\n\t\t\t\t\t\t<div class=\"elementor-container elementor-column-gap-default\">\n\t\t\t\t\t<div class=\"elementor-column elementor-col-50 elementor-top-column elementor-element elementor-element-62891bc\" data-id=\"62891bc\" data-element_type=\"column\" data-settings=\"{&quot;background_background&quot;:&quot;classic&quot;}\">\n\t\t\t<div class=\"elementor-widget-wrap elementor-element-populated\">\n\t\t\t\t\t\t<div class=\"elementor-element elementor-element-ba40b6b elementor-widget elementor-widget-text-editor\" data-id=\"ba40b6b\" data-element_type=\"widget\" data-widget_type=\"text-editor.default\">\n\t\t\t\t<div class=\"elementor-widget-container\">\n\t\t\t\t\t\t\t\t\t<p><strong>PROCESSO DE PERSONALIZA\u00c7\u00c3O<\/strong><br \/>1) Os clientes enviam consultas, consultam amostras ou desenhos.<br \/>2) Forne\u00e7a amostras de desenhos, incluindo as informa\u00e7\u00f5es de par\u00e2metros necess\u00e1rios para o amarelo mola, tais como di\u00e2metro do fio, di\u00e2metro externo, comprimento, n\u00famero de voltas, etc.<br \/>3) A equipe de atendimento ao cliente avalia e faz or\u00e7amentos de acordo com as exig\u00eancias personalizadas do cliente.<br \/>4) O cliente confirma o projeto personalizado e o or\u00e7amento, incluindo materiais e processos de produ\u00e7\u00e3o.<br \/>5) A prova \u00e9 completada e enviada ao cliente para confirmar que ela atende aos requisitos.<br \/>6) Confirme o contrato, entregue o dep\u00f3sito, e n\u00f3s produziremos os itens personalizados.<br \/>7) Ap\u00f3s a conclus\u00e3o da produ\u00e7\u00e3o, embalamos os produtos acabados e os preparamos para o embarque.<br \/>8) Ap\u00f3s o cliente receber o aviso de conclus\u00e3o da produ\u00e7\u00e3o e embalagem, e pagar o saldo, n\u00f3s providenciaremos a entrega.<\/p>\t\t\t\t\t\t\t\t<\/div>\n\t\t\t\t<\/div>\n\t\t\t\t\t<\/div>\n\t\t<\/div>\n\t\t\t\t<div class=\"elementor-column elementor-col-50 elementor-top-column elementor-element elementor-element-06f9a13\" data-id=\"06f9a13\" data-element_type=\"column\">\n\t\t\t<div class=\"elementor-widget-wrap elementor-element-populated\">\n\t\t\t\t\t\t<div class=\"elementor-element elementor-element-857bd92 elementor-widget elementor-widget-image\" data-id=\"857bd92\" data-element_type=\"widget\" data-widget_type=\"image.default\">\n\t\t\t\t<div class=\"elementor-widget-container\">\n\t\t\t\t\t\t\t\t\t\t\t\t\t\t\t<img decoding=\"async\" width=\"800\" height=\"533\" src=\"https:\/\/www.metalwireforms.com\/wp-content\/uploads\/2021\/09\/custom-torsion-spring.jpg\" class=\"attachment-full size-full wp-image-1368\" alt=\"mola de tor\u00e7\u00e3o personalizada\" srcset=\"https:\/\/www.metalwireforms.com\/wp-content\/uploads\/2021\/09\/custom-torsion-spring.jpg 800w, https:\/\/www.metalwireforms.com\/wp-content\/uploads\/2021\/09\/custom-torsion-spring-300x200.jpg 300w, https:\/\/www.metalwireforms.com\/wp-content\/uploads\/2021\/09\/custom-torsion-spring-150x100.jpg 150w, https:\/\/www.metalwireforms.com\/wp-content\/uploads\/2021\/09\/custom-torsion-spring-768x512.jpg 768w, https:\/\/www.metalwireforms.com\/wp-content\/uploads\/2021\/09\/custom-torsion-spring-600x400.jpg 600w\" sizes=\"(max-width: 800px) 100vw, 800px\" \/>\t\t\t\t\t\t\t\t\t\t\t\t\t\t\t<\/div>\n\t\t\t\t<\/div>\n\t\t\t\t\t<\/div>\n\t\t<\/div>\n\t\t\t\t\t<\/div>\n\t\t<\/section>\n\t\t\t\t<section class=\"elementor-section elementor-top-section elementor-element elementor-element-f72f75d elementor-section-boxed elementor-section-height-default elementor-section-height-default\" data-id=\"f72f75d\" data-element_type=\"section\">\n\t\t\t\t\t\t<div class=\"elementor-container elementor-column-gap-default\">\n\t\t\t\t\t<div class=\"elementor-column elementor-col-50 elementor-top-column elementor-element elementor-element-e98d616\" data-id=\"e98d616\" data-element_type=\"column\">\n\t\t\t<div class=\"elementor-widget-wrap elementor-element-populated\">\n\t\t\t\t\t\t<div class=\"elementor-element elementor-element-a8d1016 elementor-widget elementor-widget-image\" data-id=\"a8d1016\" data-element_type=\"widget\" data-widget_type=\"image.default\">\n\t\t\t\t<div class=\"elementor-widget-container\">\n\t\t\t\t\t\t\t\t\t\t\t\t\t\t\t<img decoding=\"async\" width=\"800\" height=\"534\" src=\"https:\/\/www.metalwireforms.com\/wp-content\/uploads\/2021\/09\/custom-metal-hook.jpg\" class=\"attachment-full size-full wp-image-1369\" alt=\"gancho de metal personalizado\" srcset=\"https:\/\/www.metalwireforms.com\/wp-content\/uploads\/2021\/09\/custom-metal-hook.jpg 800w, https:\/\/www.metalwireforms.com\/wp-content\/uploads\/2021\/09\/custom-metal-hook-300x200.jpg 300w, https:\/\/www.metalwireforms.com\/wp-content\/uploads\/2021\/09\/custom-metal-hook-150x100.jpg 150w, https:\/\/www.metalwireforms.com\/wp-content\/uploads\/2021\/09\/custom-metal-hook-768x513.jpg 768w, https:\/\/www.metalwireforms.com\/wp-content\/uploads\/2021\/09\/custom-metal-hook-600x401.jpg 600w\" sizes=\"(max-width: 800px) 100vw, 800px\" \/>\t\t\t\t\t\t\t\t\t\t\t\t\t\t\t<\/div>\n\t\t\t\t<\/div>\n\t\t\t\t\t<\/div>\n\t\t<\/div>\n\t\t\t\t<div class=\"elementor-column elementor-col-50 elementor-top-column elementor-element elementor-element-1e35dd1\" data-id=\"1e35dd1\" data-element_type=\"column\" data-settings=\"{&quot;background_background&quot;:&quot;classic&quot;}\">\n\t\t\t<div class=\"elementor-widget-wrap elementor-element-populated\">\n\t\t\t\t\t\t<div class=\"elementor-element elementor-element-50f5315 elementor-widget elementor-widget-text-editor\" data-id=\"50f5315\" data-element_type=\"widget\" data-widget_type=\"text-editor.default\">\n\t\t\t\t<div class=\"elementor-widget-container\">\n\t\t\t\t\t\t\t\t\t<p><strong>MATERIAL DE MOLA<\/strong><br \/>Os materiais das molas s\u00e3o muito diversos. Dos tipos de materiais, eles podem ser simplesmente divididos em: s\u00e9ries de a\u00e7o de alto carbono, s\u00e9ries de a\u00e7o inoxid\u00e1vel, s\u00e9ries de liga de cobre, s\u00e9ries de liga de n\u00edquel-cromo, s\u00e9ries de liga de n\u00edquel-cobalto, s\u00e9ries de molibd\u00eanio tit\u00e2nio e outras s\u00e9ries de ligas especiais. Podem ser ainda subdivididas em: fio de a\u00e7o de alto carbono, fio de a\u00e7o piano, fio de a\u00e7o inoxid\u00e1vel solidificado por precipita\u00e7\u00e3o, fio de a\u00e7o inoxid\u00e1vel de duas vias, fio de cobre de ber\u00edlio prateado, fio de n\u00edquel \u00e0 base de ferro, fio de molibd\u00eanio complexo de cobalto-n\u00edquel, fio de liga de tit\u00e2nio, fio de liga m\u00e9dica .<br \/>De acordo com a classifica\u00e7\u00e3o de uso mais comum, podemos dividi-los em duas categorias principais: materiais principais comumente usados e materiais refinados especiais. Os materiais principais comumente usados s\u00e3o os mais comumente usados para mais de 80% da produ\u00e7\u00e3o di\u00e1ria. Nossos requisitos para isso s\u00e3o excelente qualidade, estabilidade e confiabilidade. Quando utilizamos tais materiais principais, designamos marcas e n\u00fameros de marcas internacionalmente conhecidos para garantir a qualidade dos produtos. Materiais finos especiais s\u00e3o usados principalmente para atender \u00e0s exig\u00eancias especiais dos clientes quanto ao desempenho da mola.<\/p>\t\t\t\t\t\t\t\t<\/div>\n\t\t\t\t<\/div>\n\t\t\t\t\t<\/div>\n\t\t<\/div>\n\t\t\t\t\t<\/div>\n\t\t<\/section>\n\t\t\t\t<section class=\"elementor-section elementor-top-section elementor-element elementor-element-3327abe elementor-section-boxed elementor-section-height-default elementor-section-height-default\" data-id=\"3327abe\" data-element_type=\"section\">\n\t\t\t\t\t\t<div class=\"elementor-container elementor-column-gap-default\">\n\t\t\t\t\t<div class=\"elementor-column elementor-col-50 elementor-top-column elementor-element elementor-element-a9ea76c\" data-id=\"a9ea76c\" data-element_type=\"column\" data-settings=\"{&quot;background_background&quot;:&quot;classic&quot;}\">\n\t\t\t<div class=\"elementor-widget-wrap elementor-element-populated\">\n\t\t\t\t\t\t<div class=\"elementor-element elementor-element-7823e3c elementor-widget elementor-widget-text-editor\" data-id=\"7823e3c\" data-element_type=\"widget\" data-widget_type=\"text-editor.default\">\n\t\t\t\t<div class=\"elementor-widget-container\">\n\t\t\t\t\t\t\t\t\t<p><strong>PROCESSO DE PRODU\u00c7\u00c3O<\/strong><br \/>A tecnologia de processamento inclui: tecnologia de enrolamento, tecnologia de estampagem, tecnologia de encruamento, tecnologia de jun\u00e7\u00e3o de salgueiro, tecnologia de comp\u00f3sito. A principal fun\u00e7\u00e3o \u00e9 garantir que a mola seja enrolada ou perfurada fora da forma e tamanho necess\u00e1rios.<br \/>O processo de tratamento t\u00e9rmico inclui: t\u00eampera a m\u00e9dia e baixa temperatura, t\u00eampera e t\u00eampera a alta temperatura, banho de sal de chumbo, envelhecimento da solu\u00e7\u00e3o s\u00f3lida. A principal fun\u00e7\u00e3o \u00e9 melhorar substancialmente as propriedades relevantes do material.<br \/>O processo de p\u00f3s-tratamento inclui: pr\u00e9-prensagem, deforma\u00e7\u00e3o reservada, prensagem a quente, moagem por vibra\u00e7\u00e3o, polimento. A principal fun\u00e7\u00e3o \u00e9 melhorar o desempenho da mola e melhorar a apar\u00eancia da mola.<br \/>Os processos de tratamento de superf\u00edcie incluem: galvaniza\u00e7\u00e3o de zinco, n\u00edquel, cromo, ouro, prata; Dacromet e Geomet; eletroforese e spray; teflon e saponifica\u00e7\u00e3o fosfatante; flocula\u00e7\u00e3o e encapsulamento. A principal fun\u00e7\u00e3o \u00e9 aumentar a resist\u00eancia \u00e0 corros\u00e3o, dureza, resist\u00eancia ao desgaste e condutividade el\u00e9trica de sua superf\u00edcie, e tamb\u00e9m pode ser para a est\u00e9tica da superf\u00edcie.<\/p>\t\t\t\t\t\t\t\t<\/div>\n\t\t\t\t<\/div>\n\t\t\t\t\t<\/div>\n\t\t<\/div>\n\t\t\t\t<div class=\"elementor-column elementor-col-50 elementor-top-column elementor-element elementor-element-55f0690\" data-id=\"55f0690\" data-element_type=\"column\">\n\t\t\t<div class=\"elementor-widget-wrap elementor-element-populated\">\n\t\t\t\t\t\t<div class=\"elementor-element elementor-element-29f53a0 elementor-widget elementor-widget-image\" data-id=\"29f53a0\" data-element_type=\"widget\" data-widget_type=\"image.default\">\n\t\t\t\t<div class=\"elementor-widget-container\">\n\t\t\t\t\t\t\t\t\t\t\t\t\t\t\t<img loading=\"lazy\" decoding=\"async\" width=\"800\" height=\"533\" src=\"https:\/\/www.metalwireforms.com\/wp-content\/uploads\/2021\/09\/custom-metal-clip-.jpg\" class=\"attachment-full size-full wp-image-1367\" alt=\"clipe met\u00e1lico personalizado\" srcset=\"https:\/\/www.metalwireforms.com\/wp-content\/uploads\/2021\/09\/custom-metal-clip-.jpg 800w, https:\/\/www.metalwireforms.com\/wp-content\/uploads\/2021\/09\/custom-metal-clip--300x200.jpg 300w, https:\/\/www.metalwireforms.com\/wp-content\/uploads\/2021\/09\/custom-metal-clip--150x100.jpg 150w, https:\/\/www.metalwireforms.com\/wp-content\/uploads\/2021\/09\/custom-metal-clip--768x512.jpg 768w, https:\/\/www.metalwireforms.com\/wp-content\/uploads\/2021\/09\/custom-metal-clip--600x400.jpg 600w\" sizes=\"(max-width: 800px) 100vw, 800px\" \/>\t\t\t\t\t\t\t\t\t\t\t\t\t\t\t<\/div>\n\t\t\t\t<\/div>\n\t\t\t\t\t<\/div>\n\t\t<\/div>\n\t\t\t\t\t<\/div>\n\t\t<\/section>\n\t\t\t\t<\/div>","protected":false},"excerpt":{"rendered":"<p>POR QUE ESCOLHEMOS DE PERSONALIZAR?nosso equipamento de teste de produ\u00e7\u00e3o autodesenvolvido possui uma equipe t\u00e9cnica s\u00eanior com mais de 10 anos de experi\u00eancia.selecionamos cuidadosamente os materiais para garantir longa vida \u00fatil, forte dureza, forte flexibilidade e resist\u00eancia \u00e0 corros\u00e3o.em primeiro lugar, as mat\u00e9rias primas devem ser testadas. Em segundo lugar, ap\u00f3s o teste de sal e a inspe\u00e7\u00e3o completa do produto [...]<\/p>","protected":false},"author":1,"featured_media":0,"parent":0,"menu_order":0,"comment_status":"closed","ping_status":"closed","template":"elementor_header_footer","meta":{"ocean_post_layout":"","ocean_both_sidebars_style":"","ocean_both_sidebars_content_width":0,"ocean_both_sidebars_sidebars_width":0,"ocean_sidebar":"0","ocean_second_sidebar":"0","ocean_disable_margins":"enable","ocean_add_body_class":"","ocean_shortcode_before_top_bar":"","ocean_shortcode_after_top_bar":"","ocean_shortcode_before_header":"","ocean_shortcode_after_header":"","ocean_has_shortcode":"","ocean_shortcode_after_title":"","ocean_shortcode_before_footer_widgets":"","ocean_shortcode_after_footer_widgets":"","ocean_shortcode_before_footer_bottom":"","ocean_shortcode_after_footer_bottom":"","ocean_display_top_bar":"default","ocean_display_header":"default","ocean_header_style":"","ocean_center_header_left_menu":"0","ocean_custom_header_template":"0","ocean_custom_logo":0,"ocean_custom_retina_logo":0,"ocean_custom_logo_max_width":0,"ocean_custom_logo_tablet_max_width":0,"ocean_custom_logo_mobile_max_width":0,"ocean_custom_logo_max_height":0,"ocean_custom_logo_tablet_max_height":0,"ocean_custom_logo_mobile_max_height":0,"ocean_header_custom_menu":"0","ocean_menu_typo_font_family":"0","ocean_menu_typo_font_subset":"","ocean_menu_typo_font_size":0,"ocean_menu_typo_font_size_tablet":0,"ocean_menu_typo_font_size_mobile":0,"ocean_menu_typo_font_size_unit":"px","ocean_menu_typo_font_weight":"","ocean_menu_typo_font_weight_tablet":"","ocean_menu_typo_font_weight_mobile":"","ocean_menu_typo_transform":"","ocean_menu_typo_transform_tablet":"","ocean_menu_typo_transform_mobile":"","ocean_menu_typo_line_height":0,"ocean_menu_typo_line_height_tablet":0,"ocean_menu_typo_line_height_mobile":0,"ocean_menu_typo_line_height_unit":"","ocean_menu_typo_spacing":0,"ocean_menu_typo_spacing_tablet":0,"ocean_menu_typo_spacing_mobile":0,"ocean_menu_typo_spacing_unit":"","ocean_menu_link_color":"","ocean_menu_link_color_hover":"","ocean_menu_link_color_active":"","ocean_menu_link_background":"","ocean_menu_link_hover_background":"","ocean_menu_link_active_background":"","ocean_menu_social_links_bg":"","ocean_menu_social_hover_links_bg":"","ocean_menu_social_links_color":"","ocean_menu_social_hover_links_color":"","ocean_disable_title":"default","ocean_disable_heading":"default","ocean_post_title":"","ocean_post_subheading":"","ocean_post_title_style":"","ocean_post_title_background_color":"","ocean_post_title_background":0,"ocean_post_title_bg_image_position":"","ocean_post_title_bg_image_attachment":"","ocean_post_title_bg_image_repeat":"","ocean_post_title_bg_image_size":"","ocean_post_title_height":0,"ocean_post_title_bg_overlay":0.5,"ocean_post_title_bg_overlay_color":"","ocean_disable_breadcrumbs":"default","ocean_breadcrumbs_color":"","ocean_breadcrumbs_separator_color":"","ocean_breadcrumbs_links_color":"","ocean_breadcrumbs_links_hover_color":"","ocean_display_footer_widgets":"default","ocean_display_footer_bottom":"default","ocean_custom_footer_template":"0","ofc_meta_disable_footer_callout":"","ofc_meta_callout_button_url":"","ofc_meta_callout_button_txt":"","ofc_meta_callout_text":"","osh_disable_topbar_sticky":"default","osh_disable_header_sticky":"default","osh_sticky_header_style":"default","osh_sticky_header_effect":"","osh_custom_sticky_logo":0,"osh_custom_retina_sticky_logo":0,"osh_custom_sticky_logo_height":0,"osh_background_color":"","osh_links_color":"","osh_links_hover_color":"","osh_links_active_color":"","osh_links_bg_color":"","osh_links_hover_bg_color":"","osh_links_active_bg_color":"","osh_menu_social_links_color":"","osh_menu_social_hover_links_color":"","footnotes":""},"class_list":["post-904","page","type-page","status-publish","hentry","entry","owp-thumbs-layout-horizontal","owp-btn-very-big","owp-tabs-layout-horizontal","has-no-thumbnails","circle-sale"],"_links":{"self":[{"href":"https:\/\/www.metalwireforms.com\/pt\/wp-json\/wp\/v2\/pages\/904","targetHints":{"allow":["GET"]}}],"collection":[{"href":"https:\/\/www.metalwireforms.com\/pt\/wp-json\/wp\/v2\/pages"}],"about":[{"href":"https:\/\/www.metalwireforms.com\/pt\/wp-json\/wp\/v2\/types\/page"}],"author":[{"embeddable":true,"href":"https:\/\/www.metalwireforms.com\/pt\/wp-json\/wp\/v2\/users\/1"}],"replies":[{"embeddable":true,"href":"https:\/\/www.metalwireforms.com\/pt\/wp-json\/wp\/v2\/comments?post=904"}],"version-history":[{"count":22,"href":"https:\/\/www.metalwireforms.com\/pt\/wp-json\/wp\/v2\/pages\/904\/revisions"}],"predecessor-version":[{"id":1516,"href":"https:\/\/www.metalwireforms.com\/pt\/wp-json\/wp\/v2\/pages\/904\/revisions\/1516"}],"wp:attachment":[{"href":"https:\/\/www.metalwireforms.com\/pt\/wp-json\/wp\/v2\/media?parent=904"}],"curies":[{"name":"wp","href":"https:\/\/api.w.org\/{rel}","templated":true}]}}