{"id":902,"date":"2021-09-13T02:08:26","date_gmt":"2021-09-13T02:08:26","guid":{"rendered":"https:\/\/www.xsmetalforming.com\/?page_id=902"},"modified":"2022-08-26T20:44:00","modified_gmt":"2022-08-26T20:44:00","slug":"videos","status":"publish","type":"page","link":"https:\/\/www.metalwireforms.com\/pt\/videos","title":{"rendered":"V\u00eddeos"},"content":{"rendered":"<div data-elementor-type=\"wp-page\" data-elementor-id=\"902\" class=\"elementor elementor-902\">\n\t\t\t\t\t\t<section class=\"elementor-section elementor-top-section elementor-element elementor-element-8839597 elementor-section-boxed elementor-section-height-default elementor-section-height-default\" data-id=\"8839597\" data-element_type=\"section\">\n\t\t\t\t\t\t<div class=\"elementor-container elementor-column-gap-no\">\n\t\t\t\t\t<div class=\"elementor-column elementor-col-100 elementor-top-column elementor-element elementor-element-f8a03d9\" data-id=\"f8a03d9\" data-element_type=\"column\">\n\t\t\t<div class=\"elementor-widget-wrap elementor-element-populated\">\n\t\t\t\t\t\t<div class=\"elementor-element elementor-element-d6da421 elementor-widget elementor-widget-oew-blog-grid\" data-id=\"d6da421\" data-element_type=\"widget\" data-widget_type=\"oew-blog-grid.default\">\n\t\t\t\t<div class=\"elementor-widget-container\">\n\t\t\t\t\t\n\t\t\t<div class=\"oew-blog-grid clr oew-masonry\" data-columns data-desktop-columns=\"3\"  >\n\n\t\t\t\t\n\t\t\t\t\t\t<article id=\"post-1335\" class=\"oew-grid-entry clr isotope-entry post-1335 post type-post status-publish format-standard has-post-thumbnail hentry category-blog tag-abnormal-spring tag-battery-spring tag-spring-factory entry has-media owp-thumbs-layout-horizontal owp-btn-very-big owp-tabs-layout-horizontal has-no-thumbnails circle-sale\">\n\n\t\t\t\t\t\t\t\n\t\t\t\t\t\t\t\t<div class=\"oew-grid-inner clr\">\n\n\t\t\t\t\t\t\t\t\t\n\t\t\t\t\t\t\t\t\t\t<div class=\"oew-grid-media clr\">\n\n\t\t\t\t\t\t\t\t\t\t\t<a href=\"https:\/\/www.metalwireforms.com\/pt\/problems-need-to-know-in-production-of-battery-spring.html\" title=\"Os problemas precisam ser conhecidos na produ\u00e7\u00e3o da mola da bateria\" class=\"oew-grid-img\">\n\n\t\t\t\t\t\t\t\t\t\t\t\t<img fetchpriority=\"high\" decoding=\"async\" width=\"960\" height=\"640\" src=\"https:\/\/www.metalwireforms.com\/wp-content\/uploads\/2021\/09\/Battery-spring.jpg\" class=\"attachment-large size-large wp-post-image\" alt=\"Os problemas precisam ser conhecidos na produ\u00e7\u00e3o da mola da bateria\" itemprop=\"image\" srcset=\"https:\/\/www.metalwireforms.com\/wp-content\/uploads\/2021\/09\/Battery-spring.jpg 960w, https:\/\/www.metalwireforms.com\/wp-content\/uploads\/2021\/09\/Battery-spring-300x200.jpg 300w, https:\/\/www.metalwireforms.com\/wp-content\/uploads\/2021\/09\/Battery-spring-150x100.jpg 150w, https:\/\/www.metalwireforms.com\/wp-content\/uploads\/2021\/09\/Battery-spring-768x512.jpg 768w, https:\/\/www.metalwireforms.com\/wp-content\/uploads\/2021\/09\/Battery-spring-600x400.jpg 600w\" sizes=\"(max-width: 960px) 100vw, 960px\" \/>\n\t\t\t\t\t\t\t\t\t\t\t\t<span class=\"overlay\">\n\t\t\t\t\t\t\t\t\t\t\t\t\t\t\t\t\t\t\t\t\t\t\t\t\t\t\t<span class=\"overlay-btn\">\n\t\t\t\t\t\t\t\t\t\t\t\t\t\t\tSaiba mais\t\t\t\t\t\t\t\t\t\t\t\t\t\t<\/span>\n\t\t\t\t\t\t\t\t\t\t\t\t\t\t\t\t\t\t\t\t\t\t\t\t\t<\/span>\n\n\t\t\t\t\t\t\t\t\t\t\t<\/a>\n\n\t\t\t\t\t\t\t\t\t\t\t\n\t\t\t\t\t\t\t\t\t\t<\/div><!-- .oew-grid-media -->\n\n\t\t\t\t\t\t\t\t\t\n\t\t\t\t\t\t\t\t\t\n\t\t\t\t\t\t\t\t\t\t<div class=\"oew-grid-details clr\">\n\n\t\t\t\t\t\t\t\t\t\t\t\n\t\t\t\t\t\t\t\t\t\t\t\t<h2 class=\"oew-grid-title entry-title\">\n\t\t\t\t\t\t\t\t\t\t\t\t\t<a href=\"https:\/\/www.metalwireforms.com\/pt\/problems-need-to-know-in-production-of-battery-spring.html\" title=\"Os problemas precisam ser conhecidos na produ\u00e7\u00e3o da mola da bateria\">Os problemas precisam ser conhecidos na produ\u00e7\u00e3o da mola da bateria<\/a>\n\t\t\t\t\t\t\t\t\t\t\t\t<\/h2>\n\n\t\t\t\t\t\t\t\t\t\t\t\n\t\t\t\t\t\t\t\t\t\t\t\n\t\t\t\t\t\t\t\t\t\t<\/div><!-- .oew-grid-details -->\n\n\t\t\t\t\t\t\t\t\t\n\t\t\t\t\t\t\t\t\t\n\t\t\t\t\t\t\t\t<\/div>\n\n\t\t\t\t\t\t\t\n\t\t\t\t\t\t<\/article>\n\n\t\t\t\t\t\n\t\t\t\t\t\n\t\t\t\t\t\t<article id=\"post-1331\" class=\"oew-grid-entry clr isotope-entry post-1331 post type-post status-publish format-standard has-post-thumbnail hentry category-blog tag-spring-factory tag-torsion-springs tag-vehicle-spring entry has-media owp-thumbs-layout-horizontal owp-btn-very-big owp-tabs-layout-horizontal has-no-thumbnails circle-sale\">\n\n\t\t\t\t\t\t\t\n\t\t\t\t\t\t\t\t<div class=\"oew-grid-inner clr\">\n\n\t\t\t\t\t\t\t\t\t\n\t\t\t\t\t\t\t\t\t\t<div class=\"oew-grid-media clr\">\n\n\t\t\t\t\t\t\t\t\t\t\t<a href=\"https:\/\/www.metalwireforms.com\/pt\/production-technology-process-of-vehicle-torsion-springs.html\" title=\"Processo tecnol\u00f3gico de produ\u00e7\u00e3o de molas de tor\u00e7\u00e3o de ve\u00edculos\" class=\"oew-grid-img\">\n\n\t\t\t\t\t\t\t\t\t\t\t\t<img decoding=\"async\" width=\"960\" height=\"640\" src=\"https:\/\/www.metalwireforms.com\/wp-content\/uploads\/2021\/09\/vehicle-torsion-spring.jpg\" class=\"attachment-large size-large wp-post-image\" alt=\"Processo tecnol\u00f3gico de produ\u00e7\u00e3o de molas de tor\u00e7\u00e3o de ve\u00edculos\" itemprop=\"image\" srcset=\"https:\/\/www.metalwireforms.com\/wp-content\/uploads\/2021\/09\/vehicle-torsion-spring.jpg 960w, https:\/\/www.metalwireforms.com\/wp-content\/uploads\/2021\/09\/vehicle-torsion-spring-300x200.jpg 300w, https:\/\/www.metalwireforms.com\/wp-content\/uploads\/2021\/09\/vehicle-torsion-spring-150x100.jpg 150w, https:\/\/www.metalwireforms.com\/wp-content\/uploads\/2021\/09\/vehicle-torsion-spring-768x512.jpg 768w, https:\/\/www.metalwireforms.com\/wp-content\/uploads\/2021\/09\/vehicle-torsion-spring-600x400.jpg 600w\" sizes=\"(max-width: 960px) 100vw, 960px\" \/>\n\t\t\t\t\t\t\t\t\t\t\t\t<span class=\"overlay\">\n\t\t\t\t\t\t\t\t\t\t\t\t\t\t\t\t\t\t\t\t\t\t\t\t\t\t\t<span class=\"overlay-btn\">\n\t\t\t\t\t\t\t\t\t\t\t\t\t\t\tSaiba mais\t\t\t\t\t\t\t\t\t\t\t\t\t\t<\/span>\n\t\t\t\t\t\t\t\t\t\t\t\t\t\t\t\t\t\t\t\t\t\t\t\t\t<\/span>\n\n\t\t\t\t\t\t\t\t\t\t\t<\/a>\n\n\t\t\t\t\t\t\t\t\t\t\t\n\t\t\t\t\t\t\t\t\t\t<\/div><!-- .oew-grid-media -->\n\n\t\t\t\t\t\t\t\t\t\n\t\t\t\t\t\t\t\t\t\n\t\t\t\t\t\t\t\t\t\t<div class=\"oew-grid-details clr\">\n\n\t\t\t\t\t\t\t\t\t\t\t\n\t\t\t\t\t\t\t\t\t\t\t\t<h2 class=\"oew-grid-title entry-title\">\n\t\t\t\t\t\t\t\t\t\t\t\t\t<a href=\"https:\/\/www.metalwireforms.com\/pt\/production-technology-process-of-vehicle-torsion-springs.html\" title=\"Processo tecnol\u00f3gico de produ\u00e7\u00e3o de molas de tor\u00e7\u00e3o de ve\u00edculos\">Processo tecnol\u00f3gico de produ\u00e7\u00e3o de molas de tor\u00e7\u00e3o de ve\u00edculos<\/a>\n\t\t\t\t\t\t\t\t\t\t\t\t<\/h2>\n\n\t\t\t\t\t\t\t\t\t\t\t\n\t\t\t\t\t\t\t\t\t\t\t\n\t\t\t\t\t\t\t\t\t\t<\/div><!-- .oew-grid-details -->\n\n\t\t\t\t\t\t\t\t\t\n\t\t\t\t\t\t\t\t\t\n\t\t\t\t\t\t\t\t<\/div>\n\n\t\t\t\t\t\t\t\n\t\t\t\t\t\t<\/article>\n\n\t\t\t\t\t\n\t\t\t\t\t\n\t\t\t\t\t\t<article id=\"post-1328\" class=\"oew-grid-entry clr isotope-entry post-1328 post type-post status-publish format-standard has-post-thumbnail hentry category-blog tag-compression-spring tag-metal-spring tag-mold-springs entry has-media owp-thumbs-layout-horizontal owp-btn-very-big owp-tabs-layout-horizontal has-no-thumbnails circle-sale\">\n\n\t\t\t\t\t\t\t\n\t\t\t\t\t\t\t\t<div class=\"oew-grid-inner clr\">\n\n\t\t\t\t\t\t\t\t\t\n\t\t\t\t\t\t\t\t\t\t<div class=\"oew-grid-media clr\">\n\n\t\t\t\t\t\t\t\t\t\t\t<a href=\"https:\/\/www.metalwireforms.com\/pt\/application-and-various-standards-of-mold-springs.html\" title=\"Aplica\u00e7\u00e3o e v\u00e1rios padr\u00f5es de molas de molde\" class=\"oew-grid-img\">\n\n\t\t\t\t\t\t\t\t\t\t\t\t<img decoding=\"async\" width=\"960\" height=\"639\" src=\"https:\/\/www.metalwireforms.com\/wp-content\/uploads\/2021\/09\/Mold-spring.jpg\" class=\"attachment-large size-large wp-post-image\" alt=\"Aplica\u00e7\u00e3o e v\u00e1rios padr\u00f5es de molas de molde\" itemprop=\"image\" srcset=\"https:\/\/www.metalwireforms.com\/wp-content\/uploads\/2021\/09\/Mold-spring.jpg 960w, https:\/\/www.metalwireforms.com\/wp-content\/uploads\/2021\/09\/Mold-spring-300x200.jpg 300w, https:\/\/www.metalwireforms.com\/wp-content\/uploads\/2021\/09\/Mold-spring-150x100.jpg 150w, https:\/\/www.metalwireforms.com\/wp-content\/uploads\/2021\/09\/Mold-spring-768x511.jpg 768w, https:\/\/www.metalwireforms.com\/wp-content\/uploads\/2021\/09\/Mold-spring-600x399.jpg 600w\" sizes=\"(max-width: 960px) 100vw, 960px\" \/>\n\t\t\t\t\t\t\t\t\t\t\t\t<span class=\"overlay\">\n\t\t\t\t\t\t\t\t\t\t\t\t\t\t\t\t\t\t\t\t\t\t\t\t\t\t\t<span class=\"overlay-btn\">\n\t\t\t\t\t\t\t\t\t\t\t\t\t\t\tSaiba mais\t\t\t\t\t\t\t\t\t\t\t\t\t\t<\/span>\n\t\t\t\t\t\t\t\t\t\t\t\t\t\t\t\t\t\t\t\t\t\t\t\t\t<\/span>\n\n\t\t\t\t\t\t\t\t\t\t\t<\/a>\n\n\t\t\t\t\t\t\t\t\t\t\t\n\t\t\t\t\t\t\t\t\t\t<\/div><!-- .oew-grid-media -->\n\n\t\t\t\t\t\t\t\t\t\n\t\t\t\t\t\t\t\t\t\n\t\t\t\t\t\t\t\t\t\t<div class=\"oew-grid-details clr\">\n\n\t\t\t\t\t\t\t\t\t\t\t\n\t\t\t\t\t\t\t\t\t\t\t\t<h2 class=\"oew-grid-title entry-title\">\n\t\t\t\t\t\t\t\t\t\t\t\t\t<a href=\"https:\/\/www.metalwireforms.com\/pt\/application-and-various-standards-of-mold-springs.html\" title=\"Aplica\u00e7\u00e3o e v\u00e1rios padr\u00f5es de molas de molde\">Aplica\u00e7\u00e3o e v\u00e1rios padr\u00f5es de molas de molde<\/a>\n\t\t\t\t\t\t\t\t\t\t\t\t<\/h2>\n\n\t\t\t\t\t\t\t\t\t\t\t\n\t\t\t\t\t\t\t\t\t\t\t\n\t\t\t\t\t\t\t\t\t\t<\/div><!-- .oew-grid-details -->\n\n\t\t\t\t\t\t\t\t\t\n\t\t\t\t\t\t\t\t\t\n\t\t\t\t\t\t\t\t<\/div>\n\n\t\t\t\t\t\t\t\n\t\t\t\t\t\t<\/article>\n\n\t\t\t\t\t\n\t\t\t\t\t\n\t\t\t\t\t\t<article id=\"post-453\" class=\"oew-grid-entry clr isotope-entry post-453 post type-post status-publish format-standard has-post-thumbnail hentry category-blog tag-snake-spring tag-tension-spring tag-wave-spring entry has-media owp-thumbs-layout-horizontal owp-btn-very-big owp-tabs-layout-horizontal has-no-thumbnails circle-sale\">\n\n\t\t\t\t\t\t\t\n\t\t\t\t\t\t\t\t<div class=\"oew-grid-inner clr\">\n\n\t\t\t\t\t\t\t\t\t\n\t\t\t\t\t\t\t\t\t\t<div class=\"oew-grid-media clr\">\n\n\t\t\t\t\t\t\t\t\t\t\t<a href=\"https:\/\/www.metalwireforms.com\/pt\/what-are-the-methods-to-prolong-spring-service-life.html\" title=\"Quais s\u00e3o os m\u00e9todos para prolongar a vida \u00fatil da mola\" class=\"oew-grid-img\">\n\n\t\t\t\t\t\t\t\t\t\t\t\t<img loading=\"lazy\" decoding=\"async\" width=\"1000\" height=\"666\" src=\"https:\/\/www.metalwireforms.com\/wp-content\/uploads\/2020\/12\/spring-life.jpg\" class=\"attachment-large size-large wp-post-image\" alt=\"Quais s\u00e3o os m\u00e9todos para prolongar a vida \u00fatil da mola\" itemprop=\"image\" srcset=\"https:\/\/www.metalwireforms.com\/wp-content\/uploads\/2020\/12\/spring-life.jpg 1000w, https:\/\/www.metalwireforms.com\/wp-content\/uploads\/2020\/12\/spring-life-600x400.jpg 600w, https:\/\/www.metalwireforms.com\/wp-content\/uploads\/2020\/12\/spring-life-300x200.jpg 300w, https:\/\/www.metalwireforms.com\/wp-content\/uploads\/2020\/12\/spring-life-768x511.jpg 768w\" sizes=\"(max-width: 1000px) 100vw, 1000px\" \/>\n\t\t\t\t\t\t\t\t\t\t\t\t<span class=\"overlay\">\n\t\t\t\t\t\t\t\t\t\t\t\t\t\t\t\t\t\t\t\t\t\t\t\t\t\t\t<span class=\"overlay-btn\">\n\t\t\t\t\t\t\t\t\t\t\t\t\t\t\tSaiba mais\t\t\t\t\t\t\t\t\t\t\t\t\t\t<\/span>\n\t\t\t\t\t\t\t\t\t\t\t\t\t\t\t\t\t\t\t\t\t\t\t\t\t<\/span>\n\n\t\t\t\t\t\t\t\t\t\t\t<\/a>\n\n\t\t\t\t\t\t\t\t\t\t\t\n\t\t\t\t\t\t\t\t\t\t<\/div><!-- .oew-grid-media -->\n\n\t\t\t\t\t\t\t\t\t\n\t\t\t\t\t\t\t\t\t\n\t\t\t\t\t\t\t\t\t\t<div class=\"oew-grid-details clr\">\n\n\t\t\t\t\t\t\t\t\t\t\t\n\t\t\t\t\t\t\t\t\t\t\t\t<h2 class=\"oew-grid-title entry-title\">\n\t\t\t\t\t\t\t\t\t\t\t\t\t<a href=\"https:\/\/www.metalwireforms.com\/pt\/what-are-the-methods-to-prolong-spring-service-life.html\" title=\"Quais s\u00e3o os m\u00e9todos para prolongar a vida \u00fatil da mola\">Quais s\u00e3o os m\u00e9todos para prolongar a vida \u00fatil da mola<\/a>\n\t\t\t\t\t\t\t\t\t\t\t\t<\/h2>\n\n\t\t\t\t\t\t\t\t\t\t\t\n\t\t\t\t\t\t\t\t\t\t\t\n\t\t\t\t\t\t\t\t\t\t<\/div><!-- .oew-grid-details -->\n\n\t\t\t\t\t\t\t\t\t\n\t\t\t\t\t\t\t\t\t\n\t\t\t\t\t\t\t\t<\/div>\n\n\t\t\t\t\t\t\t\n\t\t\t\t\t\t<\/article>\n\n\t\t\t\t\t\n\t\t\t\t\t\n\t\t\t\t\t\t<article id=\"post-452\" class=\"oew-grid-entry clr isotope-entry post-452 post type-post status-publish format-standard has-post-thumbnail hentry category-blog tag-abnormal-spring tag-snake-spring tag-wave-spring entry has-media owp-thumbs-layout-horizontal owp-btn-very-big owp-tabs-layout-horizontal has-no-thumbnails circle-sale\">\n\n\t\t\t\t\t\t\t\n\t\t\t\t\t\t\t\t<div class=\"oew-grid-inner clr\">\n\n\t\t\t\t\t\t\t\t\t\n\t\t\t\t\t\t\t\t\t\t<div class=\"oew-grid-media clr\">\n\n\t\t\t\t\t\t\t\t\t\t\t<a href=\"https:\/\/www.metalwireforms.com\/pt\/how-should-users-choose-suitable-spring-materials.html\" title=\"Como os usu\u00e1rios devem escolher os materiais de mola adequados\" class=\"oew-grid-img\">\n\n\t\t\t\t\t\t\t\t\t\t\t\t<img loading=\"lazy\" decoding=\"async\" width=\"1000\" height=\"666\" src=\"https:\/\/www.metalwireforms.com\/wp-content\/uploads\/2020\/12\/spring-material-.jpg\" class=\"attachment-large size-large wp-post-image\" alt=\"Como os usu\u00e1rios devem escolher os materiais de mola adequados\" itemprop=\"image\" srcset=\"https:\/\/www.metalwireforms.com\/wp-content\/uploads\/2020\/12\/spring-material-.jpg 1000w, https:\/\/www.metalwireforms.com\/wp-content\/uploads\/2020\/12\/spring-material--600x400.jpg 600w, https:\/\/www.metalwireforms.com\/wp-content\/uploads\/2020\/12\/spring-material--300x200.jpg 300w, https:\/\/www.metalwireforms.com\/wp-content\/uploads\/2020\/12\/spring-material--768x511.jpg 768w\" sizes=\"(max-width: 1000px) 100vw, 1000px\" \/>\n\t\t\t\t\t\t\t\t\t\t\t\t<span class=\"overlay\">\n\t\t\t\t\t\t\t\t\t\t\t\t\t\t\t\t\t\t\t\t\t\t\t\t\t\t\t<span class=\"overlay-btn\">\n\t\t\t\t\t\t\t\t\t\t\t\t\t\t\tSaiba mais\t\t\t\t\t\t\t\t\t\t\t\t\t\t<\/span>\n\t\t\t\t\t\t\t\t\t\t\t\t\t\t\t\t\t\t\t\t\t\t\t\t\t<\/span>\n\n\t\t\t\t\t\t\t\t\t\t\t<\/a>\n\n\t\t\t\t\t\t\t\t\t\t\t\n\t\t\t\t\t\t\t\t\t\t<\/div><!-- .oew-grid-media -->\n\n\t\t\t\t\t\t\t\t\t\n\t\t\t\t\t\t\t\t\t\n\t\t\t\t\t\t\t\t\t\t<div class=\"oew-grid-details clr\">\n\n\t\t\t\t\t\t\t\t\t\t\t\n\t\t\t\t\t\t\t\t\t\t\t\t<h2 class=\"oew-grid-title entry-title\">\n\t\t\t\t\t\t\t\t\t\t\t\t\t<a href=\"https:\/\/www.metalwireforms.com\/pt\/how-should-users-choose-suitable-spring-materials.html\" title=\"Como os usu\u00e1rios devem escolher os materiais de mola adequados\">Como os usu\u00e1rios devem escolher os materiais de mola adequados<\/a>\n\t\t\t\t\t\t\t\t\t\t\t\t<\/h2>\n\n\t\t\t\t\t\t\t\t\t\t\t\n\t\t\t\t\t\t\t\t\t\t\t\n\t\t\t\t\t\t\t\t\t\t<\/div><!-- .oew-grid-details -->\n\n\t\t\t\t\t\t\t\t\t\n\t\t\t\t\t\t\t\t\t\n\t\t\t\t\t\t\t\t<\/div>\n\n\t\t\t\t\t\t\t\n\t\t\t\t\t\t<\/article>\n\n\t\t\t\t\t\n\t\t\t\t\t\n\t\t\t\t\t\t<article id=\"post-451\" class=\"oew-grid-entry clr isotope-entry post-451 post type-post status-publish format-standard has-post-thumbnail hentry category-blog tag-precision-springs tag-spring-factory tag-spring-manufacture entry has-media owp-thumbs-layout-horizontal owp-btn-very-big owp-tabs-layout-horizontal has-no-thumbnails circle-sale\">\n\n\t\t\t\t\t\t\t\n\t\t\t\t\t\t\t\t<div class=\"oew-grid-inner clr\">\n\n\t\t\t\t\t\t\t\t\t\n\t\t\t\t\t\t\t\t\t\t<div class=\"oew-grid-media clr\">\n\n\t\t\t\t\t\t\t\t\t\t\t<a href=\"https:\/\/www.metalwireforms.com\/pt\/what-are-the-main-applications-of-precision-springs.html\" title=\"Quais s\u00e3o as principais aplica\u00e7\u00f5es das molas de precis\u00e3o\" class=\"oew-grid-img\">\n\n\t\t\t\t\t\t\t\t\t\t\t\t<img loading=\"lazy\" decoding=\"async\" width=\"1000\" height=\"668\" src=\"https:\/\/www.metalwireforms.com\/wp-content\/uploads\/2020\/12\/precision-springs.jpg\" class=\"attachment-large size-large wp-post-image\" alt=\"Quais s\u00e3o as principais aplica\u00e7\u00f5es das molas de precis\u00e3o\" itemprop=\"image\" srcset=\"https:\/\/www.metalwireforms.com\/wp-content\/uploads\/2020\/12\/precision-springs.jpg 1000w, https:\/\/www.metalwireforms.com\/wp-content\/uploads\/2020\/12\/precision-springs-600x401.jpg 600w, https:\/\/www.metalwireforms.com\/wp-content\/uploads\/2020\/12\/precision-springs-300x200.jpg 300w, https:\/\/www.metalwireforms.com\/wp-content\/uploads\/2020\/12\/precision-springs-768x513.jpg 768w\" sizes=\"(max-width: 1000px) 100vw, 1000px\" \/>\n\t\t\t\t\t\t\t\t\t\t\t\t<span class=\"overlay\">\n\t\t\t\t\t\t\t\t\t\t\t\t\t\t\t\t\t\t\t\t\t\t\t\t\t\t\t<span class=\"overlay-btn\">\n\t\t\t\t\t\t\t\t\t\t\t\t\t\t\tSaiba mais\t\t\t\t\t\t\t\t\t\t\t\t\t\t<\/span>\n\t\t\t\t\t\t\t\t\t\t\t\t\t\t\t\t\t\t\t\t\t\t\t\t\t<\/span>\n\n\t\t\t\t\t\t\t\t\t\t\t<\/a>\n\n\t\t\t\t\t\t\t\t\t\t\t\n\t\t\t\t\t\t\t\t\t\t<\/div><!-- .oew-grid-media -->\n\n\t\t\t\t\t\t\t\t\t\n\t\t\t\t\t\t\t\t\t\n\t\t\t\t\t\t\t\t\t\t<div class=\"oew-grid-details clr\">\n\n\t\t\t\t\t\t\t\t\t\t\t\n\t\t\t\t\t\t\t\t\t\t\t\t<h2 class=\"oew-grid-title entry-title\">\n\t\t\t\t\t\t\t\t\t\t\t\t\t<a href=\"https:\/\/www.metalwireforms.com\/pt\/what-are-the-main-applications-of-precision-springs.html\" title=\"Quais s\u00e3o as principais aplica\u00e7\u00f5es das molas de precis\u00e3o\">Quais s\u00e3o as principais aplica\u00e7\u00f5es das molas de precis\u00e3o<\/a>\n\t\t\t\t\t\t\t\t\t\t\t\t<\/h2>\n\n\t\t\t\t\t\t\t\t\t\t\t\n\t\t\t\t\t\t\t\t\t\t\t\n\t\t\t\t\t\t\t\t\t\t<\/div><!-- .oew-grid-details -->\n\n\t\t\t\t\t\t\t\t\t\n\t\t\t\t\t\t\t\t\t\n\t\t\t\t\t\t\t\t<\/div>\n\n\t\t\t\t\t\t\t\n\t\t\t\t\t\t<\/article>\n\n\t\t\t\t\t\n\t\t\t\t\t\n\t\t\t\t\t\t<article id=\"post-435\" class=\"oew-grid-entry clr isotope-entry post-435 post type-post status-publish format-standard has-post-thumbnail hentry category-blog tag-compression-spring tag-tension-spring tag-torsion-spring entry has-media owp-thumbs-layout-horizontal owp-btn-very-big owp-tabs-layout-horizontal has-no-thumbnails circle-sale\">\n\n\t\t\t\t\t\t\t\n\t\t\t\t\t\t\t\t<div class=\"oew-grid-inner clr\">\n\n\t\t\t\t\t\t\t\t\t\n\t\t\t\t\t\t\t\t\t\t<div class=\"oew-grid-media clr\">\n\n\t\t\t\t\t\t\t\t\t\t\t<a href=\"https:\/\/www.metalwireforms.com\/pt\/what-are-the-functions-of-various-elements-in-spring.html\" title=\"Quais s\u00e3o as fun\u00e7\u00f5es de v\u00e1rios elementos na primavera\" class=\"oew-grid-img\">\n\n\t\t\t\t\t\t\t\t\t\t\t\t<img loading=\"lazy\" decoding=\"async\" width=\"1000\" height=\"667\" src=\"https:\/\/www.metalwireforms.com\/wp-content\/uploads\/2020\/12\/elements-in-springs.jpg\" class=\"attachment-large size-large wp-post-image\" alt=\"Quais s\u00e3o as fun\u00e7\u00f5es de v\u00e1rios elementos na primavera\" itemprop=\"image\" srcset=\"https:\/\/www.metalwireforms.com\/wp-content\/uploads\/2020\/12\/elements-in-springs.jpg 1000w, https:\/\/www.metalwireforms.com\/wp-content\/uploads\/2020\/12\/elements-in-springs-600x400.jpg 600w, https:\/\/www.metalwireforms.com\/wp-content\/uploads\/2020\/12\/elements-in-springs-300x200.jpg 300w, https:\/\/www.metalwireforms.com\/wp-content\/uploads\/2020\/12\/elements-in-springs-768x512.jpg 768w\" sizes=\"(max-width: 1000px) 100vw, 1000px\" \/>\n\t\t\t\t\t\t\t\t\t\t\t\t<span class=\"overlay\">\n\t\t\t\t\t\t\t\t\t\t\t\t\t\t\t\t\t\t\t\t\t\t\t\t\t\t\t<span class=\"overlay-btn\">\n\t\t\t\t\t\t\t\t\t\t\t\t\t\t\tSaiba mais\t\t\t\t\t\t\t\t\t\t\t\t\t\t<\/span>\n\t\t\t\t\t\t\t\t\t\t\t\t\t\t\t\t\t\t\t\t\t\t\t\t\t<\/span>\n\n\t\t\t\t\t\t\t\t\t\t\t<\/a>\n\n\t\t\t\t\t\t\t\t\t\t\t\n\t\t\t\t\t\t\t\t\t\t<\/div><!-- .oew-grid-media -->\n\n\t\t\t\t\t\t\t\t\t\n\t\t\t\t\t\t\t\t\t\n\t\t\t\t\t\t\t\t\t\t<div class=\"oew-grid-details clr\">\n\n\t\t\t\t\t\t\t\t\t\t\t\n\t\t\t\t\t\t\t\t\t\t\t\t<h2 class=\"oew-grid-title entry-title\">\n\t\t\t\t\t\t\t\t\t\t\t\t\t<a href=\"https:\/\/www.metalwireforms.com\/pt\/what-are-the-functions-of-various-elements-in-spring.html\" title=\"Quais s\u00e3o as fun\u00e7\u00f5es de v\u00e1rios elementos na primavera\">Quais s\u00e3o as fun\u00e7\u00f5es de v\u00e1rios elementos na primavera<\/a>\n\t\t\t\t\t\t\t\t\t\t\t\t<\/h2>\n\n\t\t\t\t\t\t\t\t\t\t\t\n\t\t\t\t\t\t\t\t\t\t\t\n\t\t\t\t\t\t\t\t\t\t<\/div><!-- .oew-grid-details -->\n\n\t\t\t\t\t\t\t\t\t\n\t\t\t\t\t\t\t\t\t\n\t\t\t\t\t\t\t\t<\/div>\n\n\t\t\t\t\t\t\t\n\t\t\t\t\t\t<\/article>\n\n\t\t\t\t\t\n\t\t\t\t\t\n\t\t\t<\/div><!-- .oew-blog-grid -->\n\n\t\t\t\n\t\t\t\n\t\t\t\t\t\t<\/div>\n\t\t\t\t<\/div>\n\t\t\t\t\t<\/div>\n\t\t<\/div>\n\t\t\t\t\t<\/div>\n\t\t<\/section>\n\t\t\t\t<\/div>","protected":false},"excerpt":{"rendered":"<p>Aprenda Mais Problemas que os usu\u00e1rios precisam saber na produ\u00e7\u00e3o de molas de tor\u00e7\u00e3o de ve\u00edculos Aprenda Mais Processo tecnol\u00f3gico de produ\u00e7\u00e3o de molas de tor\u00e7\u00e3o de ve\u00edculos Aprenda Mais Aplica\u00e7\u00e3o e V\u00e1rios padr\u00f5es de molas de molde Aprenda Mais Como os usu\u00e1rios devem escolher materiais de molas adequados Aprenda Mais Quais s\u00e3o os m\u00e9todos para prolongar a vida \u00fatil das molas Aprenda Mais Quais s\u00e3o os principais [...]<\/p>","protected":false},"author":1,"featured_media":0,"parent":0,"menu_order":0,"comment_status":"closed","ping_status":"closed","template":"","meta":{"ocean_post_layout":"","ocean_both_sidebars_style":"","ocean_both_sidebars_content_width":0,"ocean_both_sidebars_sidebars_width":0,"ocean_sidebar":"0","ocean_second_sidebar":"0","ocean_disable_margins":"enable","ocean_add_body_class":"","ocean_shortcode_before_top_bar":"","ocean_shortcode_after_top_bar":"","ocean_shortcode_before_header":"","ocean_shortcode_after_header":"","ocean_has_shortcode":"","ocean_shortcode_after_title":"","ocean_shortcode_before_footer_widgets":"","ocean_shortcode_after_footer_widgets":"","ocean_shortcode_before_footer_bottom":"","ocean_shortcode_after_footer_bottom":"","ocean_display_top_bar":"default","ocean_display_header":"default","ocean_header_style":"","ocean_center_header_left_menu":"0","ocean_custom_header_template":"0","ocean_custom_logo":0,"ocean_custom_retina_logo":0,"ocean_custom_logo_max_width":0,"ocean_custom_logo_tablet_max_width":0,"ocean_custom_logo_mobile_max_width":0,"ocean_custom_logo_max_height":0,"ocean_custom_logo_tablet_max_height":0,"ocean_custom_logo_mobile_max_height":0,"ocean_header_custom_menu":"0","ocean_menu_typo_font_family":"0","ocean_menu_typo_font_subset":"","ocean_menu_typo_font_size":0,"ocean_menu_typo_font_size_tablet":0,"ocean_menu_typo_font_size_mobile":0,"ocean_menu_typo_font_size_unit":"px","ocean_menu_typo_font_weight":"","ocean_menu_typo_font_weight_tablet":"","ocean_menu_typo_font_weight_mobile":"","ocean_menu_typo_transform":"","ocean_menu_typo_transform_tablet":"","ocean_menu_typo_transform_mobile":"","ocean_menu_typo_line_height":0,"ocean_menu_typo_line_height_tablet":0,"ocean_menu_typo_line_height_mobile":0,"ocean_menu_typo_line_height_unit":"","ocean_menu_typo_spacing":0,"ocean_menu_typo_spacing_tablet":0,"ocean_menu_typo_spacing_mobile":0,"ocean_menu_typo_spacing_unit":"","ocean_menu_link_color":"","ocean_menu_link_color_hover":"","ocean_menu_link_color_active":"","ocean_menu_link_background":"","ocean_menu_link_hover_background":"","ocean_menu_link_active_background":"","ocean_menu_social_links_bg":"","ocean_menu_social_hover_links_bg":"","ocean_menu_social_links_color":"","ocean_menu_social_hover_links_color":"","ocean_disable_title":"default","ocean_disable_heading":"default","ocean_post_title":"","ocean_post_subheading":"","ocean_post_title_style":"","ocean_post_title_background_color":"","ocean_post_title_background":0,"ocean_post_title_bg_image_position":"","ocean_post_title_bg_image_attachment":"","ocean_post_title_bg_image_repeat":"","ocean_post_title_bg_image_size":"","ocean_post_title_height":0,"ocean_post_title_bg_overlay":0.5,"ocean_post_title_bg_overlay_color":"","ocean_disable_breadcrumbs":"default","ocean_breadcrumbs_color":"","ocean_breadcrumbs_separator_color":"","ocean_breadcrumbs_links_color":"","ocean_breadcrumbs_links_hover_color":"","ocean_display_footer_widgets":"default","ocean_display_footer_bottom":"default","ocean_custom_footer_template":"0","ofc_meta_disable_footer_callout":"","ofc_meta_callout_button_url":"","ofc_meta_callout_button_txt":"","ofc_meta_callout_text":"","osh_disable_topbar_sticky":"default","osh_disable_header_sticky":"default","osh_sticky_header_style":"default","osh_sticky_header_effect":"","osh_custom_sticky_logo":0,"osh_custom_retina_sticky_logo":0,"osh_custom_sticky_logo_height":0,"osh_background_color":"","osh_links_color":"","osh_links_hover_color":"","osh_links_active_color":"","osh_links_bg_color":"","osh_links_hover_bg_color":"","osh_links_active_bg_color":"","osh_menu_social_links_color":"","osh_menu_social_hover_links_color":"","footnotes":""},"class_list":["post-902","page","type-page","status-publish","hentry","entry","has-media","owp-thumbs-layout-horizontal","owp-btn-very-big","owp-tabs-layout-horizontal","has-no-thumbnails","circle-sale"],"_links":{"self":[{"href":"https:\/\/www.metalwireforms.com\/pt\/wp-json\/wp\/v2\/pages\/902","targetHints":{"allow":["GET"]}}],"collection":[{"href":"https:\/\/www.metalwireforms.com\/pt\/wp-json\/wp\/v2\/pages"}],"about":[{"href":"https:\/\/www.metalwireforms.com\/pt\/wp-json\/wp\/v2\/types\/page"}],"author":[{"embeddable":true,"href":"https:\/\/www.metalwireforms.com\/pt\/wp-json\/wp\/v2\/users\/1"}],"replies":[{"embeddable":true,"href":"https:\/\/www.metalwireforms.com\/pt\/wp-json\/wp\/v2\/comments?post=902"}],"version-history":[{"count":20,"href":"https:\/\/www.metalwireforms.com\/pt\/wp-json\/wp\/v2\/pages\/902\/revisions"}],"predecessor-version":[{"id":2296,"href":"https:\/\/www.metalwireforms.com\/pt\/wp-json\/wp\/v2\/pages\/902\/revisions\/2296"}],"wp:attachment":[{"href":"https:\/\/www.metalwireforms.com\/pt\/wp-json\/wp\/v2\/media?parent=902"}],"curies":[{"name":"wp","href":"https:\/\/api.w.org\/{rel}","templated":true}]}}