{"id":2526,"date":"2022-12-12T08:32:45","date_gmt":"2022-12-12T08:32:45","guid":{"rendered":"https:\/\/www.metalwireforms.com\/?post_type=product&#038;p=2526"},"modified":"2022-12-12T08:45:21","modified_gmt":"2022-12-12T08:45:21","slug":"customized-stainless-pipe-clamp-with-cost-performance","status":"publish","type":"product","link":"https:\/\/www.metalwireforms.com\/fr\/produit\/customized-stainless-pipe-clamp-with-cost-performance","title":{"rendered":"Collier pour tuyau en acier inoxydable personnalis\u00e9 et \u00e9conomique"},"content":{"rendered":"<figure id=\"attachment_2459\" aria-describedby=\"caption-attachment-2459\" style=\"width: 1000px\" class=\"wp-caption alignnone\"><img fetchpriority=\"high\" decoding=\"async\" class=\"size-full wp-image-2459\" src=\"https:\/\/www.metalwireforms.com\/wp-content\/uploads\/2022\/10\/Customized-pipe-clamp-5.jpg\" alt=\"Collier pour tuyau personnalis\u00e9 (5)\" width=\"1000\" height=\"563\" srcset=\"https:\/\/www.metalwireforms.com\/wp-content\/uploads\/2022\/10\/Customized-pipe-clamp-5.jpg 1000w, https:\/\/www.metalwireforms.com\/wp-content\/uploads\/2022\/10\/Customized-pipe-clamp-5-300x169.jpg 300w, https:\/\/www.metalwireforms.com\/wp-content\/uploads\/2022\/10\/Customized-pipe-clamp-5-150x84.jpg 150w, https:\/\/www.metalwireforms.com\/wp-content\/uploads\/2022\/10\/Customized-pipe-clamp-5-768x432.jpg 768w, https:\/\/www.metalwireforms.com\/wp-content\/uploads\/2022\/10\/Customized-pipe-clamp-5-18x10.jpg 18w, https:\/\/www.metalwireforms.com\/wp-content\/uploads\/2022\/10\/Customized-pipe-clamp-5-800x450.jpg 800w, https:\/\/www.metalwireforms.com\/wp-content\/uploads\/2022\/10\/Customized-pipe-clamp-5-600x338.jpg 600w\" sizes=\"(max-width: 1000px) 100vw, 1000px\" \/><figcaption id=\"caption-attachment-2459\" class=\"wp-caption-text\">Collier pour tuyau personnalis\u00e9 (5)<\/figcaption><\/figure>\n<h3>Caract\u00e9ristique<\/h3>\n<p>1. La conductivit\u00e9 thermique du mat\u00e9riau des colliers de serrage est faible.<br \/>\n2. Le collier de serrage peut r\u00e9sister \u00e0 des temp\u00e9ratures inf\u00e9rieures \u00e0 - 163 \u2103, et ses propri\u00e9t\u00e9s sont stables \u00e0 haute temp\u00e9rature.<br \/>\n3. Le clip pr\u00e9sente une r\u00e9sistance \u00e9lev\u00e9e \u00e0 la compression et \u00e0 la flexion.<br \/>\n4. La surface du collier est lisse et brillante, la force est uniforme et le fil ne glisse pas.<br \/>\n5. Le rev\u00eatement de surface de l'agrafe est fait d'une excellente r\u00e9sine, avec une bonne r\u00e9sistance et une bonne t\u00e9nacit\u00e9, et ne pr\u00e9sente aucun risque potentiel pour la s\u00e9curit\u00e9.<br \/>\n6. Les produits sont form\u00e9s par haute pression, avec diff\u00e9rentes \u00e9paisseurs et couches, qui r\u00e9pondent aux exigences des diff\u00e9rentes temp\u00e9ratures d'isolation contre le froid.<br \/>\n7. Chaque composant du collier de serrage est solide et pratique, avec une forte capacit\u00e9 de charge, et la structure de formation int\u00e9grale est plus stable et plus s\u00fbre.<br \/>\n8. L'installation sur site est rapide, simple et s\u00fbre, sans modification de la canalisation.<br \/>\n9. Diverses sp\u00e9cifications sont con\u00e7ues pour r\u00e9pondre aux besoins techniques et \u00e9conomiques \u00e0 tous les niveaux.<\/p>\n<h3>Application<\/h3>\n<p>L'entreprise est sp\u00e9cialis\u00e9e dans l'usinage et l'emboutissage de divers m\u00e9taux. La soci\u00e9t\u00e9 emploie un personnel de gestion professionnel et des \u00e9quipes techniques pour r\u00e9pondre aux besoins des clients avec des produits professionnels et diversifi\u00e9s. Elle est devenue le fournisseur de nombreuses grandes entreprises gr\u00e2ce \u00e0 ses fortes capacit\u00e9s logistiques dans la r\u00e9gion.<br \/>\nEn ce qui concerne les fixations uniquement, nous produisons principalement diverses fixations standard et non standard, notamment des colliers de tuyauterie, des attaches de tuyauterie, des supports de tuyauterie, des boucles de tuyauterie, des attaches de tuyauterie en forme de U, des colliers d'\u00e9quitation, etc. Parall\u00e8lement, nous personnalisons \u00e9galement les goupilles fendues de type R, les goupilles fendues de type B, les goupilles ferm\u00e9es, les goupilles ondul\u00e9es et d'autres goupilles \u00e0 ressort form\u00e9es par des fils d'acier ronds.<\/p>","protected":false},"excerpt":{"rendered":"<p>En g\u00e9n\u00e9ral, les mat\u00e9riaux utilis\u00e9s pour les colliers de serrage sont principalement l'acier inoxydable et l'acier au carbone galvanis\u00e9, mais nous acceptons surtout les colliers de serrage personnalis\u00e9s en grandes quantit\u00e9s. La taille, le mat\u00e9riau et le traitement de surface du collier sont d\u00e9termin\u00e9s en fonction des besoins du client. La production maximale peut atteindre 10 millions de pi\u00e8ces par an.<\/p>","protected":false},"featured_media":2527,"template":"","meta":{"ocean_post_layout":"","ocean_both_sidebars_style":"","ocean_both_sidebars_content_width":0,"ocean_both_sidebars_sidebars_width":0,"ocean_sidebar":"0","ocean_second_sidebar":"0","ocean_disable_margins":"enable","ocean_add_body_class":"","ocean_shortcode_before_top_bar":"","ocean_shortcode_after_top_bar":"","ocean_shortcode_before_header":"","ocean_shortcode_after_header":"","ocean_has_shortcode":"","ocean_shortcode_after_title":"","ocean_shortcode_before_footer_widgets":"","ocean_shortcode_after_footer_widgets":"","ocean_shortcode_before_footer_bottom":"","ocean_shortcode_after_footer_bottom":"","ocean_display_top_bar":"default","ocean_display_header":"default","ocean_header_style":"","ocean_center_header_left_menu":"0","ocean_custom_header_template":"0","ocean_custom_logo":0,"ocean_custom_retina_logo":0,"ocean_custom_logo_max_width":0,"ocean_custom_logo_tablet_max_width":0,"ocean_custom_logo_mobile_max_width":0,"ocean_custom_logo_max_height":0,"ocean_custom_logo_tablet_max_height":0,"ocean_custom_logo_mobile_max_height":0,"ocean_header_custom_menu":"0","ocean_menu_typo_font_family":"0","ocean_menu_typo_font_subset":"","ocean_menu_typo_font_size":0,"ocean_menu_typo_font_size_tablet":0,"ocean_menu_typo_font_size_mobile":0,"ocean_menu_typo_font_size_unit":"px","ocean_menu_typo_font_weight":"","ocean_menu_typo_font_weight_tablet":"","ocean_menu_typo_font_weight_mobile":"","ocean_menu_typo_transform":"","ocean_menu_typo_transform_tablet":"","ocean_menu_typo_transform_mobile":"","ocean_menu_typo_line_height":0,"ocean_menu_typo_line_height_tablet":0,"ocean_menu_typo_line_height_mobile":0,"ocean_menu_typo_line_height_unit":"","ocean_menu_typo_spacing":0,"ocean_menu_typo_spacing_tablet":0,"ocean_menu_typo_spacing_mobile":0,"ocean_menu_typo_spacing_unit":"","ocean_menu_link_color":"","ocean_menu_link_color_hover":"","ocean_menu_link_color_active":"","ocean_menu_link_background":"","ocean_menu_link_hover_background":"","ocean_menu_link_active_background":"","ocean_menu_social_links_bg":"","ocean_menu_social_hover_links_bg":"","ocean_menu_social_links_color":"","ocean_menu_social_hover_links_color":"","ocean_disable_title":"default","ocean_disable_heading":"default","ocean_post_title":"","ocean_post_subheading":"","ocean_post_title_style":"","ocean_post_title_background_color":"","ocean_post_title_background":0,"ocean_post_title_bg_image_position":"","ocean_post_title_bg_image_attachment":"","ocean_post_title_bg_image_repeat":"","ocean_post_title_bg_image_size":"","ocean_post_title_height":0,"ocean_post_title_bg_overlay":0.5,"ocean_post_title_bg_overlay_color":"","ocean_disable_breadcrumbs":"default","ocean_breadcrumbs_color":"","ocean_breadcrumbs_separator_color":"","ocean_breadcrumbs_links_color":"","ocean_breadcrumbs_links_hover_color":"","ocean_display_footer_widgets":"default","ocean_display_footer_bottom":"default","ocean_custom_footer_template":"0","ofc_meta_disable_footer_callout":"","ofc_meta_callout_button_url":"","ofc_meta_callout_button_txt":"","ofc_meta_callout_text":"","osh_disable_topbar_sticky":"default","osh_disable_header_sticky":"default","osh_sticky_header_style":"default","osh_sticky_header_effect":"","osh_custom_sticky_logo":0,"osh_custom_retina_sticky_logo":0,"osh_custom_sticky_logo_height":0,"osh_background_color":"","osh_links_color":"","osh_links_hover_color":"","osh_links_active_color":"","osh_links_bg_color":"","osh_links_hover_bg_color":"","osh_links_active_bg_color":"","osh_menu_social_links_color":"","osh_menu_social_hover_links_color":""},"product_brand":[],"product_cat":[145,34],"product_tag":[205,204,185],"class_list":{"0":"post-2526","1":"product","2":"type-product","3":"status-publish","4":"has-post-thumbnail","6":"product_cat-custom-wire-fasteners","7":"product_cat-custom-other-clips","8":"product_tag-custom-clamp","9":"product_tag-custom-clip","10":"product_tag-custom-pipe-clamps","12":"entry","13":"has-media","15":"first","16":"instock","17":"shipping-taxable","18":"product-type-external","19":"col","20":"span_1_of_3","21":"owp-content-center","22":"owp-thumbs-layout-horizontal","23":"owp-btn-very-big","24":"owp-tabs-layout-horizontal","25":"circle-sale"},"_links":{"self":[{"href":"https:\/\/www.metalwireforms.com\/fr\/wp-json\/wp\/v2\/product\/2526","targetHints":{"allow":["GET"]}}],"collection":[{"href":"https:\/\/www.metalwireforms.com\/fr\/wp-json\/wp\/v2\/product"}],"about":[{"href":"https:\/\/www.metalwireforms.com\/fr\/wp-json\/wp\/v2\/types\/product"}],"version-history":[{"count":1,"href":"https:\/\/www.metalwireforms.com\/fr\/wp-json\/wp\/v2\/product\/2526\/revisions"}],"predecessor-version":[{"id":2532,"href":"https:\/\/www.metalwireforms.com\/fr\/wp-json\/wp\/v2\/product\/2526\/revisions\/2532"}],"wp:featuredmedia":[{"embeddable":true,"href":"https:\/\/www.metalwireforms.com\/fr\/wp-json\/wp\/v2\/media\/2527"}],"wp:attachment":[{"href":"https:\/\/www.metalwireforms.com\/fr\/wp-json\/wp\/v2\/media?parent=2526"}],"wp:term":[{"taxonomy":"product_brand","embeddable":true,"href":"https:\/\/www.metalwireforms.com\/fr\/wp-json\/wp\/v2\/product_brand?post=2526"},{"taxonomy":"product_cat","embeddable":true,"href":"https:\/\/www.metalwireforms.com\/fr\/wp-json\/wp\/v2\/product_cat?post=2526"},{"taxonomy":"product_tag","embeddable":true,"href":"https:\/\/www.metalwireforms.com\/fr\/wp-json\/wp\/v2\/product_tag?post=2526"}],"curies":[{"name":"wp","href":"https:\/\/api.w.org\/{rel}","templated":true}]}}