{"id":2500,"date":"2022-11-28T08:49:45","date_gmt":"2022-11-28T08:49:45","guid":{"rendered":"https:\/\/www.metalwireforms.com\/?post_type=product&#038;p=2500"},"modified":"2022-11-28T08:53:36","modified_gmt":"2022-11-28T08:53:36","slug":"custom-steel-bracket-wire-forming-bending-spring-clip","status":"publish","type":"product","link":"https:\/\/www.metalwireforms.com\/fr\/produit\/custom-steel-bracket-wire-forming-bending-spring-clip","title":{"rendered":"Supports en acier sur mesure pour le formage du fil m\u00e9tallique et le pliage des pinces \u00e0 ressort"},"content":{"rendered":"<figure id=\"attachment_2413\" aria-describedby=\"caption-attachment-2413\" style=\"width: 1000px\" class=\"wp-caption alignnone\"><img fetchpriority=\"high\" decoding=\"async\" class=\"size-full wp-image-2413\" src=\"https:\/\/www.metalwireforms.com\/wp-content\/uploads\/2022\/10\/Electrophoretic-spring-8.jpg\" alt=\"Ressort \u00e9lectrophor\u00e9tique (8)\" width=\"1000\" height=\"563\" srcset=\"https:\/\/www.metalwireforms.com\/wp-content\/uploads\/2022\/10\/Electrophoretic-spring-8.jpg 1000w, https:\/\/www.metalwireforms.com\/wp-content\/uploads\/2022\/10\/Electrophoretic-spring-8-300x169.jpg 300w, https:\/\/www.metalwireforms.com\/wp-content\/uploads\/2022\/10\/Electrophoretic-spring-8-150x84.jpg 150w, https:\/\/www.metalwireforms.com\/wp-content\/uploads\/2022\/10\/Electrophoretic-spring-8-768x432.jpg 768w, https:\/\/www.metalwireforms.com\/wp-content\/uploads\/2022\/10\/Electrophoretic-spring-8-18x10.jpg 18w, https:\/\/www.metalwireforms.com\/wp-content\/uploads\/2022\/10\/Electrophoretic-spring-8-800x450.jpg 800w, https:\/\/www.metalwireforms.com\/wp-content\/uploads\/2022\/10\/Electrophoretic-spring-8-600x338.jpg 600w\" sizes=\"(max-width: 1000px) 100vw, 1000px\" \/><figcaption id=\"caption-attachment-2413\" class=\"wp-caption-text\">Ressort \u00e9lectrophor\u00e9tique (8)<\/figcaption><\/figure>\n<h3>Caract\u00e9ristique<\/h3>\n<p>1. Mat\u00e9riau : fil d'acier inoxydable, fil \u00e0 ressort, fil de fer, acier \u00e0 ressort, acier au carbone, barre ronde, etc.<br \/>\n2. Taille : La machine peut produire des fils d'acier ou des barres rondes d'un diam\u00e8tre de 0,1-30 mm, et les dessins non standard ou les \u00e9chantillons peuvent \u00eatre personnalis\u00e9s.<br \/>\n3. Traitement de surface : galvanoplastie, polissage, \u00e9lectrophor\u00e8se, pulv\u00e9risation de plastique, etc.<br \/>\n4. Quantit\u00e9 minimale de commande : illimit\u00e9e, avec une capacit\u00e9 annuelle de 10 millions.<br \/>\n5. Machines de traitement : machine \u00e0 ressorts, presse \u00e0 ressorts, machine-outil CNC, poin\u00e7on, machine \u00e0 former les fils, soudure \u00e0 l'arc argon, etc.<br \/>\n6. Utilisation : artisanat, jouets, \u00e9lectronique, \u00e9quipements de sport et de fitness, automobiles, crochets de fixation pour cuisine et salle de bains, accessoires de quincaillerie, moules, produits de premi\u00e8re n\u00e9cessit\u00e9, luminaires, etc.<\/p>\n<h3>Avantages<\/h3>\n<p>Nous utilisons une machine de pliage de fil avanc\u00e9e pour la production. La machine de pliage de fil CNC adopte un design sans came, avec une vitesse de r\u00e9glage rapide, une haute pr\u00e9cision et une bonne stabilit\u00e9. La cintreuse adopte un servomoteur japonais Panasonic et un moteur r\u00e9ducteur allemand Ross. Le support de fil adopte un support \u00e9lectrique, qui a une capacit\u00e9 de charge \u00e9lev\u00e9e, une livraison de fil plus stable et un d\u00e9bogage plus facile. L'ordinateur industriel de la machine est dot\u00e9 d'une interface chinoise et anglaise, facile \u00e0 utiliser. Un \u00e9l\u00e8ve de coll\u00e8ge sans aucune exp\u00e9rience op\u00e9rationnelle peut programmer et changer de l'argent de mani\u00e8re ind\u00e9pendante apr\u00e8s seulement 4 heures d'apprentissage.<br \/>\nAvec une mise \u00e0 niveau technique et des fonctions compl\u00e8tes, la machine peut r\u00e9soudre les difficult\u00e9s techniques que les cintreuses de fil CNC ordinaires et les machines \u00e0 ressort ne peuvent pas r\u00e9soudre. Elle est applicable \u00e0 la production de fil m\u00e9tallique, de ressorts \u00e0 double tension, de ressorts droits, de ressorts de forme sp\u00e9ciale et de pi\u00e8ces automobiles, et d'autres cintrages artisanaux difficiles.<\/p>","protected":false},"excerpt":{"rendered":"<p>Nous sommes remarquables dans la production d'acier inoxydable difficile et d'autres produits d'emboutissage et d'\u00e9tirage de m\u00e9taux. Les produits de quincaillerie de formage de fil produits par notre usine sont largement utilis\u00e9s dans les automobiles, les machines, la r\u00e9frig\u00e9ration, les navires, les locomotives, l'a\u00e9rospatiale, le contr\u00f4le vocal, l'\u00e9clairage, les communications, les cadeaux, l'\u00e9lectronique, les jouets, la maison, la s\u00e9curit\u00e9, les engins de p\u00eache, les bijoux, la photo\u00e9lectricit\u00e9, les appareils \u00e9lectriques, l'instrumentation, la d\u00e9tection, la recherche militaire et d'autres domaines.<\/p>","protected":false},"featured_media":2501,"template":"","meta":{"ocean_post_layout":"","ocean_both_sidebars_style":"","ocean_both_sidebars_content_width":0,"ocean_both_sidebars_sidebars_width":0,"ocean_sidebar":"0","ocean_second_sidebar":"0","ocean_disable_margins":"enable","ocean_add_body_class":"","ocean_shortcode_before_top_bar":"","ocean_shortcode_after_top_bar":"","ocean_shortcode_before_header":"","ocean_shortcode_after_header":"","ocean_has_shortcode":"","ocean_shortcode_after_title":"","ocean_shortcode_before_footer_widgets":"","ocean_shortcode_after_footer_widgets":"","ocean_shortcode_before_footer_bottom":"","ocean_shortcode_after_footer_bottom":"","ocean_display_top_bar":"default","ocean_display_header":"default","ocean_header_style":"","ocean_center_header_left_menu":"0","ocean_custom_header_template":"0","ocean_custom_logo":0,"ocean_custom_retina_logo":0,"ocean_custom_logo_max_width":0,"ocean_custom_logo_tablet_max_width":0,"ocean_custom_logo_mobile_max_width":0,"ocean_custom_logo_max_height":0,"ocean_custom_logo_tablet_max_height":0,"ocean_custom_logo_mobile_max_height":0,"ocean_header_custom_menu":"0","ocean_menu_typo_font_family":"0","ocean_menu_typo_font_subset":"","ocean_menu_typo_font_size":0,"ocean_menu_typo_font_size_tablet":0,"ocean_menu_typo_font_size_mobile":0,"ocean_menu_typo_font_size_unit":"px","ocean_menu_typo_font_weight":"","ocean_menu_typo_font_weight_tablet":"","ocean_menu_typo_font_weight_mobile":"","ocean_menu_typo_transform":"","ocean_menu_typo_transform_tablet":"","ocean_menu_typo_transform_mobile":"","ocean_menu_typo_line_height":0,"ocean_menu_typo_line_height_tablet":0,"ocean_menu_typo_line_height_mobile":0,"ocean_menu_typo_line_height_unit":"","ocean_menu_typo_spacing":0,"ocean_menu_typo_spacing_tablet":0,"ocean_menu_typo_spacing_mobile":0,"ocean_menu_typo_spacing_unit":"","ocean_menu_link_color":"","ocean_menu_link_color_hover":"","ocean_menu_link_color_active":"","ocean_menu_link_background":"","ocean_menu_link_hover_background":"","ocean_menu_link_active_background":"","ocean_menu_social_links_bg":"","ocean_menu_social_hover_links_bg":"","ocean_menu_social_links_color":"","ocean_menu_social_hover_links_color":"","ocean_disable_title":"default","ocean_disable_heading":"default","ocean_post_title":"","ocean_post_subheading":"","ocean_post_title_style":"","ocean_post_title_background_color":"","ocean_post_title_background":0,"ocean_post_title_bg_image_position":"","ocean_post_title_bg_image_attachment":"","ocean_post_title_bg_image_repeat":"","ocean_post_title_bg_image_size":"","ocean_post_title_height":0,"ocean_post_title_bg_overlay":0.5,"ocean_post_title_bg_overlay_color":"","ocean_disable_breadcrumbs":"default","ocean_breadcrumbs_color":"","ocean_breadcrumbs_separator_color":"","ocean_breadcrumbs_links_color":"","ocean_breadcrumbs_links_hover_color":"","ocean_display_footer_widgets":"default","ocean_display_footer_bottom":"default","ocean_custom_footer_template":"0","ofc_meta_disable_footer_callout":"","ofc_meta_callout_button_url":"","ofc_meta_callout_button_txt":"","ofc_meta_callout_text":"","osh_disable_topbar_sticky":"default","osh_disable_header_sticky":"default","osh_sticky_header_style":"default","osh_sticky_header_effect":"","osh_custom_sticky_logo":0,"osh_custom_retina_sticky_logo":0,"osh_custom_sticky_logo_height":0,"osh_background_color":"","osh_links_color":"","osh_links_hover_color":"","osh_links_active_color":"","osh_links_bg_color":"","osh_links_hover_bg_color":"","osh_links_active_bg_color":"","osh_menu_social_links_color":"","osh_menu_social_hover_links_color":""},"product_brand":[],"product_cat":[147,35],"product_tag":[114,211,212],"class_list":{"0":"post-2500","1":"product","2":"type-product","3":"status-publish","4":"has-post-thumbnail","6":"product_cat-custom-wire-forms","7":"product_cat-custom-wire-brackets","8":"product_tag-spring-clip","9":"product_tag-wire-forming-bracket","10":"product_tag-wire-steel-bracket","12":"entry","13":"has-media","15":"first","16":"instock","17":"shipping-taxable","18":"product-type-external","19":"col","20":"span_1_of_3","21":"owp-content-center","22":"owp-thumbs-layout-horizontal","23":"owp-btn-very-big","24":"owp-tabs-layout-horizontal","25":"circle-sale"},"_links":{"self":[{"href":"https:\/\/www.metalwireforms.com\/fr\/wp-json\/wp\/v2\/product\/2500","targetHints":{"allow":["GET"]}}],"collection":[{"href":"https:\/\/www.metalwireforms.com\/fr\/wp-json\/wp\/v2\/product"}],"about":[{"href":"https:\/\/www.metalwireforms.com\/fr\/wp-json\/wp\/v2\/types\/product"}],"version-history":[{"count":1,"href":"https:\/\/www.metalwireforms.com\/fr\/wp-json\/wp\/v2\/product\/2500\/revisions"}],"predecessor-version":[{"id":2505,"href":"https:\/\/www.metalwireforms.com\/fr\/wp-json\/wp\/v2\/product\/2500\/revisions\/2505"}],"wp:featuredmedia":[{"embeddable":true,"href":"https:\/\/www.metalwireforms.com\/fr\/wp-json\/wp\/v2\/media\/2501"}],"wp:attachment":[{"href":"https:\/\/www.metalwireforms.com\/fr\/wp-json\/wp\/v2\/media?parent=2500"}],"wp:term":[{"taxonomy":"product_brand","embeddable":true,"href":"https:\/\/www.metalwireforms.com\/fr\/wp-json\/wp\/v2\/product_brand?post=2500"},{"taxonomy":"product_cat","embeddable":true,"href":"https:\/\/www.metalwireforms.com\/fr\/wp-json\/wp\/v2\/product_cat?post=2500"},{"taxonomy":"product_tag","embeddable":true,"href":"https:\/\/www.metalwireforms.com\/fr\/wp-json\/wp\/v2\/product_tag?post=2500"}],"curies":[{"name":"wp","href":"https:\/\/api.w.org\/{rel}","templated":true}]}}