{"id":2484,"date":"2022-11-22T06:53:55","date_gmt":"2022-11-22T06:53:55","guid":{"rendered":"https:\/\/www.metalwireforms.com\/?post_type=product&#038;p=2484"},"modified":"2022-11-22T07:05:01","modified_gmt":"2022-11-22T07:05:01","slug":"customized-steel-wire-bending-crafts-3d-metal-wire-forms","status":"publish","type":"product","link":"https:\/\/www.metalwireforms.com\/fr\/produit\/customized-steel-wire-bending-crafts-3d-metal-wire-forms","title":{"rendered":"Artisanat de pliage de fil d'acier personnalis\u00e9 Formes de fil m\u00e9tallique 3d"},"content":{"rendered":"<figure id=\"attachment_2489\" aria-describedby=\"caption-attachment-2489\" style=\"width: 1000px\" class=\"wp-caption alignnone\"><img fetchpriority=\"high\" decoding=\"async\" class=\"size-full wp-image-2489\" src=\"https:\/\/www.metalwireforms.com\/wp-content\/uploads\/2022\/11\/Wire-Forming-Crafts-5.jpg\" alt=\"Artisanat du fil m\u00e9tallique (5)\" width=\"1000\" height=\"563\" srcset=\"https:\/\/www.metalwireforms.com\/wp-content\/uploads\/2022\/11\/Wire-Forming-Crafts-5.jpg 1000w, https:\/\/www.metalwireforms.com\/wp-content\/uploads\/2022\/11\/Wire-Forming-Crafts-5-300x169.jpg 300w, https:\/\/www.metalwireforms.com\/wp-content\/uploads\/2022\/11\/Wire-Forming-Crafts-5-150x84.jpg 150w, https:\/\/www.metalwireforms.com\/wp-content\/uploads\/2022\/11\/Wire-Forming-Crafts-5-768x432.jpg 768w, https:\/\/www.metalwireforms.com\/wp-content\/uploads\/2022\/11\/Wire-Forming-Crafts-5-18x10.jpg 18w, https:\/\/www.metalwireforms.com\/wp-content\/uploads\/2022\/11\/Wire-Forming-Crafts-5-800x450.jpg 800w, https:\/\/www.metalwireforms.com\/wp-content\/uploads\/2022\/11\/Wire-Forming-Crafts-5-600x338.jpg 600w\" sizes=\"(max-width: 1000px) 100vw, 1000px\" \/><figcaption id=\"caption-attachment-2489\" class=\"wp-caption-text\">Artisanat du fil m\u00e9tallique (5)<\/figcaption><\/figure>\n<h3>Caract\u00e9ristique<\/h3>\n<p>Mat\u00e9riaux courants : acier \u00e0 ressort, acier au mangan\u00e8se, corde \u00e0 piano, acier inoxydable. Mat\u00e9riaux inhabituels : fil d'acier tremp\u00e9, fil de laiton, fil de cuivre blanc, fil de cuivre au b\u00e9ryllium, fil \u00e9tam\u00e9, fil de cuivre phosphoreux, fil galvanis\u00e9, fil plat.<br \/>\nTraitement de surface : zinc blanc, zinc bleu, zinc color\u00e9, zinc noir, oxyde noir, nickel noir, chrome, dorure, cuivrage, \u00e9lectrophor\u00e8se noire, peinture.<br \/>\nComparaison de l'\u00e9lasticit\u00e9 : corde \u00e0 piano &gt; acier au mangan\u00e8se 65 &gt; acier \u00e0 ressort &gt; acier inoxydable.<br \/>\nComparaison de la r\u00e9sistance \u00e0 la temp\u00e9rature : 65 acier au mangan\u00e8se &gt; acier \u00e0 ressort &gt; pianowire &gt; acier inoxydable.<br \/>\nComparaison des prix : acier inoxydable &gt; fil de fer &gt; acier au mangan\u00e8se 65 &gt; acier \u00e0 ressort.<br \/>\nGamme disponible : diam\u00e8tre du fil 0,05MM-6,0MM.<\/p>\n<h3>Avantages<\/h3>\n<p>Continuer \u00e0 \u00e9tudier et \u00e0 s'am\u00e9liorer. Depuis plusieurs ann\u00e9es, nous disposons d'une \u00e9quipe op\u00e9rationnelle professionnelle et d'un certain nombre de r\u00e9gleurs de ressorts exp\u00e9riment\u00e9s. Tous les mat\u00e9riaux utilis\u00e9s sont des mati\u00e8res premi\u00e8res de ressort de marque avec d'excellentes performances et une qualit\u00e9 stable.<br \/>\nAdh\u00e9rer constamment aux comp\u00e9tences professionnelles. Apr\u00e8s des ann\u00e9es d'activit\u00e9, nous disposons de dizaines de machines \u00e0 ressorts informatis\u00e9es, de machines de formage de ressorts et d'autres \u00e9quipements de production et d'essai de produits. Nous avons des fournisseurs de mati\u00e8res premi\u00e8res stables avec des prix favorables et une qualit\u00e9 garantie.<br \/>\nNous ferons de notre mieux pour r\u00e9pondre \u00e0 toutes les questions de nos clients et leur fournir un service complet avant, pendant et apr\u00e8s la vente. Nous disposons non seulement d'une \u00e9quipe technique professionnelle, mais aussi d'une \u00e9quipe op\u00e9rationnelle professionnelle, d\u00e9vou\u00e9e au service de chaque client.<\/p>","protected":false},"excerpt":{"rendered":"<p>Mat\u00e9riaux courants : acier \u00e0 ressort, acier au mangan\u00e8se, corde \u00e0 piano, acier inoxydable. Mat\u00e9riaux inhabituels : fil d'acier tremp\u00e9, fil de laiton, fil de cuivre blanc, fil de cuivre au b\u00e9ryllium, fil \u00e9tam\u00e9, fil de cuivre phosphoreux, fil galvanis\u00e9, fil plat.<\/p>","protected":false},"featured_media":2486,"template":"","meta":{"ocean_post_layout":"","ocean_both_sidebars_style":"","ocean_both_sidebars_content_width":0,"ocean_both_sidebars_sidebars_width":0,"ocean_sidebar":"0","ocean_second_sidebar":"0","ocean_disable_margins":"enable","ocean_add_body_class":"","ocean_shortcode_before_top_bar":"","ocean_shortcode_after_top_bar":"","ocean_shortcode_before_header":"","ocean_shortcode_after_header":"","ocean_has_shortcode":"","ocean_shortcode_after_title":"","ocean_shortcode_before_footer_widgets":"","ocean_shortcode_after_footer_widgets":"","ocean_shortcode_before_footer_bottom":"","ocean_shortcode_after_footer_bottom":"","ocean_display_top_bar":"default","ocean_display_header":"default","ocean_header_style":"","ocean_center_header_left_menu":"0","ocean_custom_header_template":"0","ocean_custom_logo":0,"ocean_custom_retina_logo":0,"ocean_custom_logo_max_width":0,"ocean_custom_logo_tablet_max_width":0,"ocean_custom_logo_mobile_max_width":0,"ocean_custom_logo_max_height":0,"ocean_custom_logo_tablet_max_height":0,"ocean_custom_logo_mobile_max_height":0,"ocean_header_custom_menu":"0","ocean_menu_typo_font_family":"0","ocean_menu_typo_font_subset":"","ocean_menu_typo_font_size":0,"ocean_menu_typo_font_size_tablet":0,"ocean_menu_typo_font_size_mobile":0,"ocean_menu_typo_font_size_unit":"px","ocean_menu_typo_font_weight":"","ocean_menu_typo_font_weight_tablet":"","ocean_menu_typo_font_weight_mobile":"","ocean_menu_typo_transform":"","ocean_menu_typo_transform_tablet":"","ocean_menu_typo_transform_mobile":"","ocean_menu_typo_line_height":0,"ocean_menu_typo_line_height_tablet":0,"ocean_menu_typo_line_height_mobile":0,"ocean_menu_typo_line_height_unit":"","ocean_menu_typo_spacing":0,"ocean_menu_typo_spacing_tablet":0,"ocean_menu_typo_spacing_mobile":0,"ocean_menu_typo_spacing_unit":"","ocean_menu_link_color":"","ocean_menu_link_color_hover":"","ocean_menu_link_color_active":"","ocean_menu_link_background":"","ocean_menu_link_hover_background":"","ocean_menu_link_active_background":"","ocean_menu_social_links_bg":"","ocean_menu_social_hover_links_bg":"","ocean_menu_social_links_color":"","ocean_menu_social_hover_links_color":"","ocean_disable_title":"default","ocean_disable_heading":"default","ocean_post_title":"","ocean_post_subheading":"","ocean_post_title_style":"","ocean_post_title_background_color":"","ocean_post_title_background":0,"ocean_post_title_bg_image_position":"","ocean_post_title_bg_image_attachment":"","ocean_post_title_bg_image_repeat":"","ocean_post_title_bg_image_size":"","ocean_post_title_height":0,"ocean_post_title_bg_overlay":0.5,"ocean_post_title_bg_overlay_color":"","ocean_disable_breadcrumbs":"default","ocean_breadcrumbs_color":"","ocean_breadcrumbs_separator_color":"","ocean_breadcrumbs_links_color":"","ocean_breadcrumbs_links_hover_color":"","ocean_display_footer_widgets":"default","ocean_display_footer_bottom":"default","ocean_custom_footer_template":"0","ofc_meta_disable_footer_callout":"","ofc_meta_callout_button_url":"","ofc_meta_callout_button_txt":"","ofc_meta_callout_text":"","osh_disable_topbar_sticky":"default","osh_disable_header_sticky":"default","osh_sticky_header_style":"default","osh_sticky_header_effect":"","osh_custom_sticky_logo":0,"osh_custom_retina_sticky_logo":0,"osh_custom_sticky_logo_height":0,"osh_background_color":"","osh_links_color":"","osh_links_hover_color":"","osh_links_active_color":"","osh_links_bg_color":"","osh_links_hover_bg_color":"","osh_links_active_bg_color":"","osh_menu_social_links_color":"","osh_menu_social_hover_links_color":""},"product_brand":[],"product_cat":[147,156],"product_tag":[101,131,102],"class_list":{"0":"post-2484","1":"product","2":"type-product","3":"status-publish","4":"has-post-thumbnail","6":"product_cat-custom-wire-forms","7":"product_cat-wire-forming-crafts","8":"product_tag-wire-bending","9":"product_tag-wire-crafts","10":"product_tag-wire-forming","12":"entry","13":"has-media","15":"first","16":"instock","17":"shipping-taxable","18":"product-type-external","19":"col","20":"span_1_of_3","21":"owp-content-center","22":"owp-thumbs-layout-horizontal","23":"owp-btn-very-big","24":"owp-tabs-layout-horizontal","25":"circle-sale"},"_links":{"self":[{"href":"https:\/\/www.metalwireforms.com\/fr\/wp-json\/wp\/v2\/product\/2484","targetHints":{"allow":["GET"]}}],"collection":[{"href":"https:\/\/www.metalwireforms.com\/fr\/wp-json\/wp\/v2\/product"}],"about":[{"href":"https:\/\/www.metalwireforms.com\/fr\/wp-json\/wp\/v2\/types\/product"}],"version-history":[{"count":3,"href":"https:\/\/www.metalwireforms.com\/fr\/wp-json\/wp\/v2\/product\/2484\/revisions"}],"predecessor-version":[{"id":2492,"href":"https:\/\/www.metalwireforms.com\/fr\/wp-json\/wp\/v2\/product\/2484\/revisions\/2492"}],"wp:featuredmedia":[{"embeddable":true,"href":"https:\/\/www.metalwireforms.com\/fr\/wp-json\/wp\/v2\/media\/2486"}],"wp:attachment":[{"href":"https:\/\/www.metalwireforms.com\/fr\/wp-json\/wp\/v2\/media?parent=2484"}],"wp:term":[{"taxonomy":"product_brand","embeddable":true,"href":"https:\/\/www.metalwireforms.com\/fr\/wp-json\/wp\/v2\/product_brand?post=2484"},{"taxonomy":"product_cat","embeddable":true,"href":"https:\/\/www.metalwireforms.com\/fr\/wp-json\/wp\/v2\/product_cat?post=2484"},{"taxonomy":"product_tag","embeddable":true,"href":"https:\/\/www.metalwireforms.com\/fr\/wp-json\/wp\/v2\/product_tag?post=2484"}],"curies":[{"name":"wp","href":"https:\/\/api.w.org\/{rel}","templated":true}]}}