{"id":2349,"date":"2022-09-07T02:33:42","date_gmt":"2022-09-07T02:33:42","guid":{"rendered":"https:\/\/www.metalwireforms.com\/?post_type=product&#038;p=2349"},"modified":"2022-09-12T07:30:50","modified_gmt":"2022-09-12T07:30:50","slug":"custom-galvanized-r-shaped-pin-stainless-steel-spring-pin","status":"publish","type":"product","link":"https:\/\/www.metalwireforms.com\/fr\/produit\/custom-galvanized-r-shaped-pin-stainless-steel-spring-pin","title":{"rendered":"Goupille en forme de R galvanis\u00e9e sur mesure Goupille \u00e0 ressort en acier inoxydable"},"content":{"rendered":"<figure id=\"attachment_2355\" aria-describedby=\"caption-attachment-2355\" style=\"width: 800px\" class=\"wp-caption alignnone\"><img fetchpriority=\"high\" decoding=\"async\" class=\"size-full wp-image-2355\" src=\"https:\/\/www.metalwireforms.com\/wp-content\/uploads\/2022\/09\/R-shaped-pin-6.jpg\" alt=\"Goupille en forme de R (6)\" width=\"800\" height=\"894\" srcset=\"https:\/\/www.metalwireforms.com\/wp-content\/uploads\/2022\/09\/R-shaped-pin-6.jpg 800w, https:\/\/www.metalwireforms.com\/wp-content\/uploads\/2022\/09\/R-shaped-pin-6-268x300.jpg 268w, https:\/\/www.metalwireforms.com\/wp-content\/uploads\/2022\/09\/R-shaped-pin-6-134x150.jpg 134w, https:\/\/www.metalwireforms.com\/wp-content\/uploads\/2022\/09\/R-shaped-pin-6-768x858.jpg 768w, https:\/\/www.metalwireforms.com\/wp-content\/uploads\/2022\/09\/R-shaped-pin-6-11x12.jpg 11w, https:\/\/www.metalwireforms.com\/wp-content\/uploads\/2022\/09\/R-shaped-pin-6-600x671.jpg 600w\" sizes=\"(max-width: 800px) 100vw, 800px\" \/><figcaption id=\"caption-attachment-2355\" class=\"wp-caption-text\">Goupille en forme de R (6)<\/figcaption><\/figure>\n<h3>Caract\u00e9ristique<\/h3>\n<p>1. Mat\u00e9riau de la goupille R : fil d'acier inoxydable, fil \u00e0 ressort, fil de fer, acier \u00e0 ressort, acier au carbone, etc.<br \/>\n2. Taille des broches de type R : La machine peut produire des broches avec un diam\u00e8tre de fil de 0,5-8mm, et les clients peuvent fournir des dessins ou des \u00e9chantillons pour la personnalisation.<br \/>\n3. Traitement de surface des broches de type R : galvanisation, d\u00e9graissage, etc.<br \/>\n4. Quantit\u00e9 minimale de commande : quantit\u00e9 illimit\u00e9e, la capacit\u00e9 de production annuelle est de 10 millions.<br \/>\n5. Machines de transformation : machines \u00e0 ressorts, tours CNC, machines-outils CNC, poin\u00e7onneuses, soudage \u00e0 l'arc, perceuses, machines \u00e0 rouler les filets, etc.<br \/>\n6. Utilisation des broches de type R : artisanat, jouets, \u00e9lectronique, accessoires de quincaillerie, moules, fixations, attaches, etc.<\/p>\n<h3>Avantage<\/h3>\n<p>1. La s\u00e9lection des mat\u00e9riaux de la goupille est stricte, elle ne s'use pas facilement et sa dur\u00e9e d'utilisation est longue.<br \/>\n2. Le processus de fabrication des goupilles est rigoureux, la structure est stable, il n'y a pas de bavure apr\u00e8s le polissage, la force est uniforme et la surface est lisse.<br \/>\n3. La qualit\u00e9 de la goupille fendue est ferme, le traitement est d\u00e9licat et l'apparence est belle.<br \/>\n4. Les goupilles fendues sont produites conform\u00e9ment aux normes industrielles, avec diverses sp\u00e9cifications conventionnelles, et peuvent \u00e9galement \u00eatre personnalis\u00e9es en fonction des besoins du client.<\/p>","protected":false},"excerpt":{"rendered":"<p>La goupille de type R, \u00e9galement connue sous le nom de goupille fendue en tant que pi\u00e8ce m\u00e9canique, est principalement utilis\u00e9e pour emp\u00eacher le desserrage apr\u00e8s un raccord filet\u00e9. Apr\u00e8s le serrage de l'\u00e9crou, ins\u00e9rez la goupille dans le trou situ\u00e9 \u00e0 l'extr\u00e9mit\u00e9 du boulon, et tirez sur l'extr\u00e9mit\u00e9 de la goupille pour emp\u00eacher la rotation relative de l'\u00e9crou et du boulon. La goupille fendue est un type de mat\u00e9riel m\u00e9tallique, commun\u00e9ment appel\u00e9 goupille \u00e0 ressort.<\/p>","protected":false},"featured_media":2353,"template":"","meta":{"ocean_post_layout":"","ocean_both_sidebars_style":"","ocean_both_sidebars_content_width":0,"ocean_both_sidebars_sidebars_width":0,"ocean_sidebar":"0","ocean_second_sidebar":"0","ocean_disable_margins":"enable","ocean_add_body_class":"","ocean_shortcode_before_top_bar":"","ocean_shortcode_after_top_bar":"","ocean_shortcode_before_header":"","ocean_shortcode_after_header":"","ocean_has_shortcode":"","ocean_shortcode_after_title":"","ocean_shortcode_before_footer_widgets":"","ocean_shortcode_after_footer_widgets":"","ocean_shortcode_before_footer_bottom":"","ocean_shortcode_after_footer_bottom":"","ocean_display_top_bar":"default","ocean_display_header":"default","ocean_header_style":"","ocean_center_header_left_menu":"0","ocean_custom_header_template":"0","ocean_custom_logo":0,"ocean_custom_retina_logo":0,"ocean_custom_logo_max_width":0,"ocean_custom_logo_tablet_max_width":0,"ocean_custom_logo_mobile_max_width":0,"ocean_custom_logo_max_height":0,"ocean_custom_logo_tablet_max_height":0,"ocean_custom_logo_mobile_max_height":0,"ocean_header_custom_menu":"0","ocean_menu_typo_font_family":"0","ocean_menu_typo_font_subset":"","ocean_menu_typo_font_size":0,"ocean_menu_typo_font_size_tablet":0,"ocean_menu_typo_font_size_mobile":0,"ocean_menu_typo_font_size_unit":"px","ocean_menu_typo_font_weight":"","ocean_menu_typo_font_weight_tablet":"","ocean_menu_typo_font_weight_mobile":"","ocean_menu_typo_transform":"","ocean_menu_typo_transform_tablet":"","ocean_menu_typo_transform_mobile":"","ocean_menu_typo_line_height":0,"ocean_menu_typo_line_height_tablet":0,"ocean_menu_typo_line_height_mobile":0,"ocean_menu_typo_line_height_unit":"","ocean_menu_typo_spacing":0,"ocean_menu_typo_spacing_tablet":0,"ocean_menu_typo_spacing_mobile":0,"ocean_menu_typo_spacing_unit":"","ocean_menu_link_color":"","ocean_menu_link_color_hover":"","ocean_menu_link_color_active":"","ocean_menu_link_background":"","ocean_menu_link_hover_background":"","ocean_menu_link_active_background":"","ocean_menu_social_links_bg":"","ocean_menu_social_hover_links_bg":"","ocean_menu_social_links_color":"","ocean_menu_social_hover_links_color":"","ocean_disable_title":"default","ocean_disable_heading":"default","ocean_post_title":"","ocean_post_subheading":"","ocean_post_title_style":"","ocean_post_title_background_color":"","ocean_post_title_background":0,"ocean_post_title_bg_image_position":"","ocean_post_title_bg_image_attachment":"","ocean_post_title_bg_image_repeat":"","ocean_post_title_bg_image_size":"","ocean_post_title_height":0,"ocean_post_title_bg_overlay":0.5,"ocean_post_title_bg_overlay_color":"","ocean_disable_breadcrumbs":"default","ocean_breadcrumbs_color":"","ocean_breadcrumbs_separator_color":"","ocean_breadcrumbs_links_color":"","ocean_breadcrumbs_links_hover_color":"","ocean_display_footer_widgets":"default","ocean_display_footer_bottom":"default","ocean_custom_footer_template":"0","ofc_meta_disable_footer_callout":"","ofc_meta_callout_button_url":"","ofc_meta_callout_button_txt":"","ofc_meta_callout_text":"","osh_disable_topbar_sticky":"default","osh_disable_header_sticky":"default","osh_sticky_header_style":"default","osh_sticky_header_effect":"","osh_custom_sticky_logo":0,"osh_custom_retina_sticky_logo":0,"osh_custom_sticky_logo_height":0,"osh_background_color":"","osh_links_color":"","osh_links_hover_color":"","osh_links_active_color":"","osh_links_bg_color":"","osh_links_hover_bg_color":"","osh_links_active_bg_color":"","osh_menu_social_links_color":"","osh_menu_social_hover_links_color":""},"product_brand":[],"product_cat":[145,155],"product_tag":[192,194,193],"class_list":{"0":"post-2349","1":"product","2":"type-product","3":"status-publish","4":"has-post-thumbnail","6":"product_cat-custom-wire-fasteners","7":"product_cat-custom-cotter-pins","8":"product_tag-custom-binder","9":"product_tag-dovetail-clips","10":"product_tag-long-tail-clips","12":"entry","13":"has-media","15":"first","16":"instock","17":"shipping-taxable","18":"product-type-external","19":"col","20":"span_1_of_3","21":"owp-content-center","22":"owp-thumbs-layout-horizontal","23":"owp-btn-very-big","24":"owp-tabs-layout-horizontal","25":"circle-sale"},"_links":{"self":[{"href":"https:\/\/www.metalwireforms.com\/fr\/wp-json\/wp\/v2\/product\/2349","targetHints":{"allow":["GET"]}}],"collection":[{"href":"https:\/\/www.metalwireforms.com\/fr\/wp-json\/wp\/v2\/product"}],"about":[{"href":"https:\/\/www.metalwireforms.com\/fr\/wp-json\/wp\/v2\/types\/product"}],"version-history":[{"count":1,"href":"https:\/\/www.metalwireforms.com\/fr\/wp-json\/wp\/v2\/product\/2349\/revisions"}],"predecessor-version":[{"id":2356,"href":"https:\/\/www.metalwireforms.com\/fr\/wp-json\/wp\/v2\/product\/2349\/revisions\/2356"}],"wp:featuredmedia":[{"embeddable":true,"href":"https:\/\/www.metalwireforms.com\/fr\/wp-json\/wp\/v2\/media\/2353"}],"wp:attachment":[{"href":"https:\/\/www.metalwireforms.com\/fr\/wp-json\/wp\/v2\/media?parent=2349"}],"wp:term":[{"taxonomy":"product_brand","embeddable":true,"href":"https:\/\/www.metalwireforms.com\/fr\/wp-json\/wp\/v2\/product_brand?post=2349"},{"taxonomy":"product_cat","embeddable":true,"href":"https:\/\/www.metalwireforms.com\/fr\/wp-json\/wp\/v2\/product_cat?post=2349"},{"taxonomy":"product_tag","embeddable":true,"href":"https:\/\/www.metalwireforms.com\/fr\/wp-json\/wp\/v2\/product_tag?post=2349"}],"curies":[{"name":"wp","href":"https:\/\/api.w.org\/{rel}","templated":true}]}}