{"id":2336,"date":"2022-09-05T08:49:28","date_gmt":"2022-09-05T08:49:28","guid":{"rendered":"https:\/\/www.metalwireforms.com\/?post_type=product&#038;p=2336"},"modified":"2022-09-05T09:19:57","modified_gmt":"2022-09-05T09:19:57","slug":"custom-high-strength-32-50mm-black-binder-clips","status":"publish","type":"product","link":"https:\/\/www.metalwireforms.com\/fr\/produit\/custom-high-strength-32-50mm-black-binder-clips","title":{"rendered":"Clips de classeur noirs 32-50 mm personnalis\u00e9s et tr\u00e8s r\u00e9sistants"},"content":{"rendered":"<figure id=\"attachment_2345\" aria-describedby=\"caption-attachment-2345\" style=\"width: 1000px\" class=\"wp-caption alignnone\"><img fetchpriority=\"high\" decoding=\"async\" class=\"size-full wp-image-2345\" src=\"https:\/\/www.metalwireforms.com\/wp-content\/uploads\/2022\/09\/custom-binder-clips-5.jpg\" alt=\"pinces \u00e0 relier personnalis\u00e9es (5)\" width=\"1000\" height=\"562\" srcset=\"https:\/\/www.metalwireforms.com\/wp-content\/uploads\/2022\/09\/custom-binder-clips-5.jpg 1000w, https:\/\/www.metalwireforms.com\/wp-content\/uploads\/2022\/09\/custom-binder-clips-5-300x169.jpg 300w, https:\/\/www.metalwireforms.com\/wp-content\/uploads\/2022\/09\/custom-binder-clips-5-150x84.jpg 150w, https:\/\/www.metalwireforms.com\/wp-content\/uploads\/2022\/09\/custom-binder-clips-5-768x432.jpg 768w, https:\/\/www.metalwireforms.com\/wp-content\/uploads\/2022\/09\/custom-binder-clips-5-18x10.jpg 18w, https:\/\/www.metalwireforms.com\/wp-content\/uploads\/2022\/09\/custom-binder-clips-5-800x450.jpg 800w, https:\/\/www.metalwireforms.com\/wp-content\/uploads\/2022\/09\/custom-binder-clips-5-600x337.jpg 600w\" sizes=\"(max-width: 1000px) 100vw, 1000px\" \/><figcaption id=\"caption-attachment-2345\" class=\"wp-caption-text\">pinces \u00e0 relier personnalis\u00e9es (5)<\/figcaption><\/figure>\n<h3>Caract\u00e9ristique<\/h3>\n<p>1. La poign\u00e9e de la pince de reliure personnalis\u00e9e est allong\u00e9e, ce qui permet d'appuyer facilement sur la pince, de l'ouvrir et de la fermer de mani\u00e8re flexible, de l'ouvrir et de la fermer largement et de l'utiliser facilement.<br \/>\n2. Le clip de reliure a une conception de taille \u00e9largie, qui peut serrer des objets de diff\u00e9rentes \u00e9paisseurs. Il ne se d\u00e9tend pas apr\u00e8s une utilisation prolong\u00e9e et a une longue dur\u00e9e de vie.<br \/>\n3. La poign\u00e9e de la pince \u00e0 cartable est en forme d'arc de cercle, ce qui permet de suspendre facilement des objets. La pince \u00e0 cartable est plus \u00e9paisse et plus large, avec une capacit\u00e9 de charge relativement forte, ce qui est pratique pour plus de sc\u00e9narios d'utilisation.<br \/>\n4. Le clip de reliure est fabriqu\u00e9 \u00e0 partir d'un mat\u00e9riau en acier de haute qualit\u00e9 et d'un processus de traitement de surface de haute qualit\u00e9, qui est r\u00e9sistant \u00e0 la corrosion, pas facile \u00e0 rouiller et durable.<br \/>\n5. Le bord de l'ouverture de la pince \u00e0 cartable est rond et lisse, ce qui permet de serrer des objets et de les rayer sans se blesser les mains. La surface de la pince doit \u00eatre lisse et plate, sans bavure ni rayure.<\/p>\n<h3>Application<\/h3>\n<p>1. Le clip de reliure peut \u00eatre largement utilis\u00e9 au bureau pour collecter des informations d\u00e9sordonn\u00e9es, et il peut \u00e9galement classer les informations, ce qui facilite le travail et am\u00e9liore l'efficacit\u00e9 du travail.<br \/>\n2. Le clip pour classeur peut \u00eatre utilis\u00e9 pour organiser les lourdes copies d'examen et le mat\u00e9riel d'apprentissage d\u00e9sordonn\u00e9 de diverses mati\u00e8res \u00e0 l'\u00e9cole. Avec lui, le classement et le stockage sont plus ordonn\u00e9s, ce qui vous permet de trouver facilement ce que vous voulez dans la pile de mat\u00e9riel.<br \/>\n3. Le clip de reliure peut \u00eatre utilis\u00e9 dans la vie de famille. Lorsque nous trouvons des choses ou des images int\u00e9ressantes dans la vie, nous pouvons les rassembler et les partager avec notre famille pendant notre temps libre.<\/p>","protected":false},"excerpt":{"rendered":"<p>Les pinces de reliure personnalis\u00e9es sont disponibles dans une vari\u00e9t\u00e9 de combinaisons de couleurs et de tailles, qui peuvent r\u00e9pondre \u00e0 diff\u00e9rents besoins et faire face facilement au tri et au classement de divers documents. La pince de reliure est fabriqu\u00e9e en m\u00e9tal tr\u00e8s r\u00e9sistant et sa surface est peinte. Elle a une longue dur\u00e9e de vie et ne rouille pas facilement.<\/p>","protected":false},"featured_media":2342,"template":"","meta":{"ocean_post_layout":"","ocean_both_sidebars_style":"","ocean_both_sidebars_content_width":0,"ocean_both_sidebars_sidebars_width":0,"ocean_sidebar":"0","ocean_second_sidebar":"0","ocean_disable_margins":"enable","ocean_add_body_class":"","ocean_shortcode_before_top_bar":"","ocean_shortcode_after_top_bar":"","ocean_shortcode_before_header":"","ocean_shortcode_after_header":"","ocean_has_shortcode":"","ocean_shortcode_after_title":"","ocean_shortcode_before_footer_widgets":"","ocean_shortcode_after_footer_widgets":"","ocean_shortcode_before_footer_bottom":"","ocean_shortcode_after_footer_bottom":"","ocean_display_top_bar":"default","ocean_display_header":"default","ocean_header_style":"","ocean_center_header_left_menu":"0","ocean_custom_header_template":"0","ocean_custom_logo":0,"ocean_custom_retina_logo":0,"ocean_custom_logo_max_width":0,"ocean_custom_logo_tablet_max_width":0,"ocean_custom_logo_mobile_max_width":0,"ocean_custom_logo_max_height":0,"ocean_custom_logo_tablet_max_height":0,"ocean_custom_logo_mobile_max_height":0,"ocean_header_custom_menu":"0","ocean_menu_typo_font_family":"0","ocean_menu_typo_font_subset":"","ocean_menu_typo_font_size":0,"ocean_menu_typo_font_size_tablet":0,"ocean_menu_typo_font_size_mobile":0,"ocean_menu_typo_font_size_unit":"px","ocean_menu_typo_font_weight":"","ocean_menu_typo_font_weight_tablet":"","ocean_menu_typo_font_weight_mobile":"","ocean_menu_typo_transform":"","ocean_menu_typo_transform_tablet":"","ocean_menu_typo_transform_mobile":"","ocean_menu_typo_line_height":0,"ocean_menu_typo_line_height_tablet":0,"ocean_menu_typo_line_height_mobile":0,"ocean_menu_typo_line_height_unit":"","ocean_menu_typo_spacing":0,"ocean_menu_typo_spacing_tablet":0,"ocean_menu_typo_spacing_mobile":0,"ocean_menu_typo_spacing_unit":"","ocean_menu_link_color":"","ocean_menu_link_color_hover":"","ocean_menu_link_color_active":"","ocean_menu_link_background":"","ocean_menu_link_hover_background":"","ocean_menu_link_active_background":"","ocean_menu_social_links_bg":"","ocean_menu_social_hover_links_bg":"","ocean_menu_social_links_color":"","ocean_menu_social_hover_links_color":"","ocean_disable_title":"default","ocean_disable_heading":"default","ocean_post_title":"","ocean_post_subheading":"","ocean_post_title_style":"","ocean_post_title_background_color":"","ocean_post_title_background":0,"ocean_post_title_bg_image_position":"","ocean_post_title_bg_image_attachment":"","ocean_post_title_bg_image_repeat":"","ocean_post_title_bg_image_size":"","ocean_post_title_height":0,"ocean_post_title_bg_overlay":0.5,"ocean_post_title_bg_overlay_color":"","ocean_disable_breadcrumbs":"default","ocean_breadcrumbs_color":"","ocean_breadcrumbs_separator_color":"","ocean_breadcrumbs_links_color":"","ocean_breadcrumbs_links_hover_color":"","ocean_display_footer_widgets":"default","ocean_display_footer_bottom":"default","ocean_custom_footer_template":"0","ofc_meta_disable_footer_callout":"","ofc_meta_callout_button_url":"","ofc_meta_callout_button_txt":"","ofc_meta_callout_text":"","osh_disable_topbar_sticky":"default","osh_disable_header_sticky":"default","osh_sticky_header_style":"default","osh_sticky_header_effect":"","osh_custom_sticky_logo":0,"osh_custom_retina_sticky_logo":0,"osh_custom_sticky_logo_height":0,"osh_background_color":"","osh_links_color":"","osh_links_hover_color":"","osh_links_active_color":"","osh_links_bg_color":"","osh_links_hover_bg_color":"","osh_links_active_bg_color":"","osh_menu_social_links_color":"","osh_menu_social_hover_links_color":""},"product_brand":[],"product_cat":[145,154],"product_tag":[192,194,193],"class_list":{"0":"post-2336","1":"product","2":"type-product","3":"status-publish","4":"has-post-thumbnail","6":"product_cat-custom-wire-fasteners","7":"product_cat-custom-binder-clips","8":"product_tag-custom-binder","9":"product_tag-dovetail-clips","10":"product_tag-long-tail-clips","12":"entry","13":"has-media","15":"first","16":"instock","17":"shipping-taxable","18":"product-type-external","19":"col","20":"span_1_of_3","21":"owp-content-center","22":"owp-thumbs-layout-horizontal","23":"owp-btn-very-big","24":"owp-tabs-layout-horizontal","25":"circle-sale"},"_links":{"self":[{"href":"https:\/\/www.metalwireforms.com\/fr\/wp-json\/wp\/v2\/product\/2336","targetHints":{"allow":["GET"]}}],"collection":[{"href":"https:\/\/www.metalwireforms.com\/fr\/wp-json\/wp\/v2\/product"}],"about":[{"href":"https:\/\/www.metalwireforms.com\/fr\/wp-json\/wp\/v2\/types\/product"}],"version-history":[{"count":3,"href":"https:\/\/www.metalwireforms.com\/fr\/wp-json\/wp\/v2\/product\/2336\/revisions"}],"predecessor-version":[{"id":2348,"href":"https:\/\/www.metalwireforms.com\/fr\/wp-json\/wp\/v2\/product\/2336\/revisions\/2348"}],"wp:featuredmedia":[{"embeddable":true,"href":"https:\/\/www.metalwireforms.com\/fr\/wp-json\/wp\/v2\/media\/2342"}],"wp:attachment":[{"href":"https:\/\/www.metalwireforms.com\/fr\/wp-json\/wp\/v2\/media?parent=2336"}],"wp:term":[{"taxonomy":"product_brand","embeddable":true,"href":"https:\/\/www.metalwireforms.com\/fr\/wp-json\/wp\/v2\/product_brand?post=2336"},{"taxonomy":"product_cat","embeddable":true,"href":"https:\/\/www.metalwireforms.com\/fr\/wp-json\/wp\/v2\/product_cat?post=2336"},{"taxonomy":"product_tag","embeddable":true,"href":"https:\/\/www.metalwireforms.com\/fr\/wp-json\/wp\/v2\/product_tag?post=2336"}],"curies":[{"name":"wp","href":"https:\/\/api.w.org\/{rel}","templated":true}]}}