{"id":2303,"date":"2022-08-29T02:22:15","date_gmt":"2022-08-29T02:22:15","guid":{"rendered":"https:\/\/www.metalwireforms.com\/?post_type=product&#038;p=2303"},"modified":"2022-08-29T02:28:37","modified_gmt":"2022-08-29T02:28:37","slug":"custom-steel-u-shaped-pipe-clamp-galvanized-saddle-clamp","status":"publish","type":"product","link":"https:\/\/www.metalwireforms.com\/fr\/produit\/custom-steel-u-shaped-pipe-clamp-galvanized-saddle-clamp","title":{"rendered":"Collier de serrage en acier en forme de U sur mesure Collier de serrage \u00e0 selle galvanis\u00e9"},"content":{"rendered":"<figure id=\"attachment_2308\" aria-describedby=\"caption-attachment-2308\" style=\"width: 1000px\" class=\"wp-caption alignnone\"><img fetchpriority=\"high\" decoding=\"async\" class=\"size-full wp-image-2308\" src=\"https:\/\/www.metalwireforms.com\/wp-content\/uploads\/2022\/08\/Custom-Pipe-Clamps-5.jpg\" alt=\"Colliers de serrage sur mesure (5)\" width=\"1000\" height=\"563\" srcset=\"https:\/\/www.metalwireforms.com\/wp-content\/uploads\/2022\/08\/Custom-Pipe-Clamps-5.jpg 1000w, https:\/\/www.metalwireforms.com\/wp-content\/uploads\/2022\/08\/Custom-Pipe-Clamps-5-300x169.jpg 300w, https:\/\/www.metalwireforms.com\/wp-content\/uploads\/2022\/08\/Custom-Pipe-Clamps-5-150x84.jpg 150w, https:\/\/www.metalwireforms.com\/wp-content\/uploads\/2022\/08\/Custom-Pipe-Clamps-5-768x432.jpg 768w, https:\/\/www.metalwireforms.com\/wp-content\/uploads\/2022\/08\/Custom-Pipe-Clamps-5-18x10.jpg 18w, https:\/\/www.metalwireforms.com\/wp-content\/uploads\/2022\/08\/Custom-Pipe-Clamps-5-800x450.jpg 800w, https:\/\/www.metalwireforms.com\/wp-content\/uploads\/2022\/08\/Custom-Pipe-Clamps-5-600x338.jpg 600w\" sizes=\"(max-width: 1000px) 100vw, 1000px\" \/><figcaption id=\"caption-attachment-2308\" class=\"wp-caption-text\">Colliers de serrage sur mesure (5)<\/figcaption><\/figure>\n<h3>Caract\u00e9ristique<\/h3>\n<p>Sp\u00e9cifications communes des colliers de serrage : \u03a68, \u03a610, \u03a612, \u03a614, \u03a616, \u03a618, \u03a620, \u03a622, \u03a625~1000 peuvent \u00eatre personnalis\u00e9s selon les dessins.<br \/>\nMat\u00e9riau du collier de serrage : acier au carbone, acier inoxydable<br \/>\nTechnologie de traitement de surface des colliers de serrage : galvanis\u00e9 blanc, galvanis\u00e9 couleur, nickel\u00e9, chrom\u00e9, noirci, dacromet, galvanis\u00e9 \u00e0 chaud, galvanis\u00e9 \u00e0 chaud, etc.<br \/>\nM\u00e9thode d'installation des colliers de serrage : selon la sp\u00e9cification de la distance r\u00e9elle du trou du produit, d\u00e9terminez la taille, puis fixez-la avec des rivets, des vis, des soudures par points, etc.<br \/>\nAvis :<br \/>\nN'utilisez pas d'acide sulfurique ou de solution acide pour laver la surface du collier de serrage.<br \/>\nN'utilisez pas de polisseuse, polissez les colliers de serrage.<br \/>\nNe modifiez pas arbitrairement l'espacement des trous du collier de serrage pour \u00e9viter tout dommage inutile.<br \/>\nNe changez pas arbitrairement les pi\u00e8ces du collier de serrage pour \u00e9viter d'endommager le collier de serrage.<br \/>\nVeuillez l'utiliser en fonction de la capacit\u00e9 de charge du collier de serrage pour \u00e9viter les pertes inutiles dues \u00e0 une surcharge.<\/p>\n<h3>Application<\/h3>\n<p>Nous fournissons depuis longtemps des produits de soutien pour la m\u00e9tallurgie, la construction navale, le g\u00e9nie maritime, les machines lourdes, les machines de construction, l'industrie des machines-outils, l'\u00e9nergie \u00e9lectrique, la fabrication du papier, les syst\u00e8mes hydrauliques, les pi\u00e8ces automobiles, la p\u00e9trochimie, les techniques de conservation de l'eau et d'autres industries, qui sont bien accueillis par les clients.<\/p>","protected":false},"excerpt":{"rendered":"<p>Nous produisons sur mesure toutes sortes de colliers de serrage, y compris les colliers de serrage en U, les colliers de serrage en acier, les colliers de serrage plats en acier, les colliers de serrage en alliage d'aluminium, les colliers de serrage marins, les colliers de serrage l\u00e9gers, les colliers de serrage lourds, les colliers de serrage l\u00e9gers, les colliers de serrage antichocs, les colliers de serrage hydrauliques, les raccords de tuyaux, etc.<\/p>","protected":false},"featured_media":2305,"template":"","meta":{"ocean_post_layout":"","ocean_both_sidebars_style":"","ocean_both_sidebars_content_width":0,"ocean_both_sidebars_sidebars_width":0,"ocean_sidebar":"0","ocean_second_sidebar":"0","ocean_disable_margins":"enable","ocean_add_body_class":"","ocean_shortcode_before_top_bar":"","ocean_shortcode_after_top_bar":"","ocean_shortcode_before_header":"","ocean_shortcode_after_header":"","ocean_has_shortcode":"","ocean_shortcode_after_title":"","ocean_shortcode_before_footer_widgets":"","ocean_shortcode_after_footer_widgets":"","ocean_shortcode_before_footer_bottom":"","ocean_shortcode_after_footer_bottom":"","ocean_display_top_bar":"default","ocean_display_header":"default","ocean_header_style":"","ocean_center_header_left_menu":"0","ocean_custom_header_template":"0","ocean_custom_logo":0,"ocean_custom_retina_logo":0,"ocean_custom_logo_max_width":0,"ocean_custom_logo_tablet_max_width":0,"ocean_custom_logo_mobile_max_width":0,"ocean_custom_logo_max_height":0,"ocean_custom_logo_tablet_max_height":0,"ocean_custom_logo_mobile_max_height":0,"ocean_header_custom_menu":"0","ocean_menu_typo_font_family":"0","ocean_menu_typo_font_subset":"","ocean_menu_typo_font_size":0,"ocean_menu_typo_font_size_tablet":0,"ocean_menu_typo_font_size_mobile":0,"ocean_menu_typo_font_size_unit":"px","ocean_menu_typo_font_weight":"","ocean_menu_typo_font_weight_tablet":"","ocean_menu_typo_font_weight_mobile":"","ocean_menu_typo_transform":"","ocean_menu_typo_transform_tablet":"","ocean_menu_typo_transform_mobile":"","ocean_menu_typo_line_height":0,"ocean_menu_typo_line_height_tablet":0,"ocean_menu_typo_line_height_mobile":0,"ocean_menu_typo_line_height_unit":"","ocean_menu_typo_spacing":0,"ocean_menu_typo_spacing_tablet":0,"ocean_menu_typo_spacing_mobile":0,"ocean_menu_typo_spacing_unit":"","ocean_menu_link_color":"","ocean_menu_link_color_hover":"","ocean_menu_link_color_active":"","ocean_menu_link_background":"","ocean_menu_link_hover_background":"","ocean_menu_link_active_background":"","ocean_menu_social_links_bg":"","ocean_menu_social_hover_links_bg":"","ocean_menu_social_links_color":"","ocean_menu_social_hover_links_color":"","ocean_disable_title":"default","ocean_disable_heading":"default","ocean_post_title":"","ocean_post_subheading":"","ocean_post_title_style":"","ocean_post_title_background_color":"","ocean_post_title_background":0,"ocean_post_title_bg_image_position":"","ocean_post_title_bg_image_attachment":"","ocean_post_title_bg_image_repeat":"","ocean_post_title_bg_image_size":"","ocean_post_title_height":0,"ocean_post_title_bg_overlay":0.5,"ocean_post_title_bg_overlay_color":"","ocean_disable_breadcrumbs":"default","ocean_breadcrumbs_color":"","ocean_breadcrumbs_separator_color":"","ocean_breadcrumbs_links_color":"","ocean_breadcrumbs_links_hover_color":"","ocean_display_footer_widgets":"default","ocean_display_footer_bottom":"default","ocean_custom_footer_template":"0","ofc_meta_disable_footer_callout":"","ofc_meta_callout_button_url":"","ofc_meta_callout_button_txt":"","ofc_meta_callout_text":"","osh_disable_topbar_sticky":"default","osh_disable_header_sticky":"default","osh_sticky_header_style":"default","osh_sticky_header_effect":"","osh_custom_sticky_logo":0,"osh_custom_retina_sticky_logo":0,"osh_custom_sticky_logo_height":0,"osh_background_color":"","osh_links_color":"","osh_links_hover_color":"","osh_links_active_color":"","osh_links_bg_color":"","osh_links_hover_bg_color":"","osh_links_active_bg_color":"","osh_menu_social_links_color":"","osh_menu_social_hover_links_color":""},"product_brand":[],"product_cat":[145,34],"product_tag":[185,133,186],"class_list":{"0":"post-2303","1":"product","2":"type-product","3":"status-publish","4":"has-post-thumbnail","6":"product_cat-custom-wire-fasteners","7":"product_cat-custom-other-clips","8":"product_tag-custom-pipe-clamps","9":"product_tag-pipe-clamp","10":"product_tag-saddle-clamp","12":"entry","13":"has-media","15":"first","16":"instock","17":"shipping-taxable","18":"product-type-external","19":"col","20":"span_1_of_3","21":"owp-content-center","22":"owp-thumbs-layout-horizontal","23":"owp-btn-very-big","24":"owp-tabs-layout-horizontal","25":"circle-sale"},"_links":{"self":[{"href":"https:\/\/www.metalwireforms.com\/fr\/wp-json\/wp\/v2\/product\/2303","targetHints":{"allow":["GET"]}}],"collection":[{"href":"https:\/\/www.metalwireforms.com\/fr\/wp-json\/wp\/v2\/product"}],"about":[{"href":"https:\/\/www.metalwireforms.com\/fr\/wp-json\/wp\/v2\/types\/product"}],"version-history":[{"count":1,"href":"https:\/\/www.metalwireforms.com\/fr\/wp-json\/wp\/v2\/product\/2303\/revisions"}],"predecessor-version":[{"id":2309,"href":"https:\/\/www.metalwireforms.com\/fr\/wp-json\/wp\/v2\/product\/2303\/revisions\/2309"}],"wp:featuredmedia":[{"embeddable":true,"href":"https:\/\/www.metalwireforms.com\/fr\/wp-json\/wp\/v2\/media\/2305"}],"wp:attachment":[{"href":"https:\/\/www.metalwireforms.com\/fr\/wp-json\/wp\/v2\/media?parent=2303"}],"wp:term":[{"taxonomy":"product_brand","embeddable":true,"href":"https:\/\/www.metalwireforms.com\/fr\/wp-json\/wp\/v2\/product_brand?post=2303"},{"taxonomy":"product_cat","embeddable":true,"href":"https:\/\/www.metalwireforms.com\/fr\/wp-json\/wp\/v2\/product_cat?post=2303"},{"taxonomy":"product_tag","embeddable":true,"href":"https:\/\/www.metalwireforms.com\/fr\/wp-json\/wp\/v2\/product_tag?post=2303"}],"curies":[{"name":"wp","href":"https:\/\/api.w.org\/{rel}","templated":true}]}}