{"id":2206,"date":"2022-08-25T08:59:01","date_gmt":"2022-08-25T08:59:01","guid":{"rendered":"https:\/\/www.metalwireforms.com\/?post_type=product&#038;p=2206"},"modified":"2022-08-25T09:10:12","modified_gmt":"2022-08-25T09:10:12","slug":"custom-creative-metal-paper-clip-christmas-gift-box-set","status":"publish","type":"product","link":"https:\/\/www.metalwireforms.com\/fr\/produit\/custom-creative-metal-paper-clip-christmas-gift-box-set","title":{"rendered":"Coffret cadeau de No\u00ebl avec trombones en m\u00e9tal personnalis\u00e9s et cr\u00e9atifs"},"content":{"rendered":"<p><img fetchpriority=\"high\" decoding=\"async\" class=\"size-full wp-image-2212\" src=\"https:\/\/www.metalwireforms.com\/wp-content\/uploads\/2022\/08\/Christmas-paper-clip-5.jpg\" alt=\"Trombone de No\u00ebl (5)\" width=\"1000\" height=\"563\" srcset=\"https:\/\/www.metalwireforms.com\/wp-content\/uploads\/2022\/08\/Christmas-paper-clip-5.jpg 1000w, https:\/\/www.metalwireforms.com\/wp-content\/uploads\/2022\/08\/Christmas-paper-clip-5-300x169.jpg 300w, https:\/\/www.metalwireforms.com\/wp-content\/uploads\/2022\/08\/Christmas-paper-clip-5-150x84.jpg 150w, https:\/\/www.metalwireforms.com\/wp-content\/uploads\/2022\/08\/Christmas-paper-clip-5-768x432.jpg 768w, https:\/\/www.metalwireforms.com\/wp-content\/uploads\/2022\/08\/Christmas-paper-clip-5-18x10.jpg 18w, https:\/\/www.metalwireforms.com\/wp-content\/uploads\/2022\/08\/Christmas-paper-clip-5-800x450.jpg 800w, https:\/\/www.metalwireforms.com\/wp-content\/uploads\/2022\/08\/Christmas-paper-clip-5-600x338.jpg 600w\" sizes=\"(max-width: 1000px) 100vw, 1000px\" \/><\/p>\n<h3>Personnalis\u00e9<\/h3>\n<p>1. Les clients fournissent des dessins ou des photos de trombones personnalis\u00e9s pour illustrer les besoins, et nous pouvons \u00e9galement fournir des dessins de conception.<br \/>\n2. Lorsque le dessin de conception du trombone personnalis\u00e9 ne pose aucun probl\u00e8me, s'il s'agit d'une commande importante, le client paie les frais d'\u00e9chantillon, nous fabriquons l'\u00e9chantillon et l'envoyons au client.<br \/>\n3. Apr\u00e8s confirmation des \u00e9chantillons de trombones personnalis\u00e9s, nous signons un contrat de production en vrac avec le client, et notre soci\u00e9t\u00e9 organisera la production en vrac apr\u00e8s le paiement du d\u00e9p\u00f4t par le client.<br \/>\n4. Une fois la production en s\u00e9rie de trombones personnalis\u00e9s termin\u00e9e, prenez des photos ou envoyez des \u00e9chantillons de la s\u00e9rie au client pour confirmation, ou le client peut inspecter les marchandises en personne.<br \/>\n5. Apr\u00e8s avoir pay\u00e9 le solde, notre soci\u00e9t\u00e9 organisera la livraison.<\/p>\n<h3>Application<\/h3>\n<p>1. Utilisez les trombones cr\u00e9atifs comme petits cadeaux, et envoyez une bo\u00eete de trombones cr\u00e9atifs entre coll\u00e8gues ou camarades de classe au bon moment, ce qui est tr\u00e8s cr\u00e9atif.<br \/>\n2. Utilisez des trombones cr\u00e9atifs comme signets, et utilisez diff\u00e9rentes formes cr\u00e9atives pour adapter votre humeur de lecture.<br \/>\n3. Utilisez les trombones cr\u00e9atifs comme accessoires de bricolage, et attachez un trombone cr\u00e9atif \u00e0 votre bricolage personnel pour le rendre unique.<br \/>\n4. Utilisez le trombone cr\u00e9atif comme d\u00e9coration de carte de v\u0153ux. Sur votre carte de v\u0153ux, \u00e9pinglez un trombone cr\u00e9atif, et votre carte de v\u0153ux sera unique.<br \/>\n5. Utilisez des trombones cr\u00e9atifs comme fournitures de bureau, utilisez-les dans des situations de bureau, embellissez vos documents et faites rafra\u00eechir les gens.<br \/>\n6. Utilisez les trombones cr\u00e9atifs comme objets publicitaires, publicit\u00e9 d'entreprise, souvenirs touristiques locaux, etc.<\/p>","protected":false},"excerpt":{"rendered":"<p>Le trombone est fabriqu\u00e9 \u00e0 partir d'un fil d'acier galvanis\u00e9, qui est durable, de couleur vive, de forme simple et \u00e9l\u00e9gante, et tr\u00e8s pratique. Les trombones personnalis\u00e9s cr\u00e9atifs peuvent \u00eatre utilis\u00e9s dans divers sc\u00e9narios tels que le classement de donn\u00e9es, la gestion de bureau, le classement de documents, etc., rendant votre bureau ou votre \u00e9tude plus efficace et color\u00e9.<\/p>","protected":false},"featured_media":2208,"template":"","meta":{"ocean_post_layout":"","ocean_both_sidebars_style":"","ocean_both_sidebars_content_width":0,"ocean_both_sidebars_sidebars_width":0,"ocean_sidebar":"0","ocean_second_sidebar":"0","ocean_disable_margins":"enable","ocean_add_body_class":"","ocean_shortcode_before_top_bar":"","ocean_shortcode_after_top_bar":"","ocean_shortcode_before_header":"","ocean_shortcode_after_header":"","ocean_has_shortcode":"","ocean_shortcode_after_title":"","ocean_shortcode_before_footer_widgets":"","ocean_shortcode_after_footer_widgets":"","ocean_shortcode_before_footer_bottom":"","ocean_shortcode_after_footer_bottom":"","ocean_display_top_bar":"default","ocean_display_header":"default","ocean_header_style":"","ocean_center_header_left_menu":"0","ocean_custom_header_template":"0","ocean_custom_logo":0,"ocean_custom_retina_logo":0,"ocean_custom_logo_max_width":0,"ocean_custom_logo_tablet_max_width":0,"ocean_custom_logo_mobile_max_width":0,"ocean_custom_logo_max_height":0,"ocean_custom_logo_tablet_max_height":0,"ocean_custom_logo_mobile_max_height":0,"ocean_header_custom_menu":"0","ocean_menu_typo_font_family":"0","ocean_menu_typo_font_subset":"","ocean_menu_typo_font_size":0,"ocean_menu_typo_font_size_tablet":0,"ocean_menu_typo_font_size_mobile":0,"ocean_menu_typo_font_size_unit":"px","ocean_menu_typo_font_weight":"","ocean_menu_typo_font_weight_tablet":"","ocean_menu_typo_font_weight_mobile":"","ocean_menu_typo_transform":"","ocean_menu_typo_transform_tablet":"","ocean_menu_typo_transform_mobile":"","ocean_menu_typo_line_height":0,"ocean_menu_typo_line_height_tablet":0,"ocean_menu_typo_line_height_mobile":0,"ocean_menu_typo_line_height_unit":"","ocean_menu_typo_spacing":0,"ocean_menu_typo_spacing_tablet":0,"ocean_menu_typo_spacing_mobile":0,"ocean_menu_typo_spacing_unit":"","ocean_menu_link_color":"","ocean_menu_link_color_hover":"","ocean_menu_link_color_active":"","ocean_menu_link_background":"","ocean_menu_link_hover_background":"","ocean_menu_link_active_background":"","ocean_menu_social_links_bg":"","ocean_menu_social_hover_links_bg":"","ocean_menu_social_links_color":"","ocean_menu_social_hover_links_color":"","ocean_disable_title":"default","ocean_disable_heading":"default","ocean_post_title":"","ocean_post_subheading":"","ocean_post_title_style":"","ocean_post_title_background_color":"","ocean_post_title_background":0,"ocean_post_title_bg_image_position":"","ocean_post_title_bg_image_attachment":"","ocean_post_title_bg_image_repeat":"","ocean_post_title_bg_image_size":"","ocean_post_title_height":0,"ocean_post_title_bg_overlay":0.5,"ocean_post_title_bg_overlay_color":"","ocean_disable_breadcrumbs":"default","ocean_breadcrumbs_color":"","ocean_breadcrumbs_separator_color":"","ocean_breadcrumbs_links_color":"","ocean_breadcrumbs_links_hover_color":"","ocean_display_footer_widgets":"default","ocean_display_footer_bottom":"default","ocean_custom_footer_template":"0","ofc_meta_disable_footer_callout":"","ofc_meta_callout_button_url":"","ofc_meta_callout_button_txt":"","ofc_meta_callout_text":"","osh_disable_topbar_sticky":"default","osh_disable_header_sticky":"default","osh_sticky_header_style":"default","osh_sticky_header_effect":"","osh_custom_sticky_logo":0,"osh_custom_retina_sticky_logo":0,"osh_custom_sticky_logo_height":0,"osh_background_color":"","osh_links_color":"","osh_links_hover_color":"","osh_links_active_color":"","osh_links_bg_color":"","osh_links_hover_bg_color":"","osh_links_active_bg_color":"","osh_menu_social_links_color":"","osh_menu_social_hover_links_color":""},"product_brand":[],"product_cat":[145,152],"product_tag":[183,184,177],"class_list":{"0":"post-2206","1":"product","2":"type-product","3":"status-publish","4":"has-post-thumbnail","6":"product_cat-custom-wire-fasteners","7":"product_cat-custom-paper-clips","8":"product_tag-christmas-paper-clip","9":"product_tag-creative-paper-clip","10":"product_tag-custom-paper-clip","12":"entry","13":"has-media","15":"first","16":"instock","17":"shipping-taxable","18":"product-type-external","19":"col","20":"span_1_of_3","21":"owp-content-center","22":"owp-thumbs-layout-horizontal","23":"owp-btn-very-big","24":"owp-tabs-layout-horizontal","25":"circle-sale"},"_links":{"self":[{"href":"https:\/\/www.metalwireforms.com\/fr\/wp-json\/wp\/v2\/product\/2206","targetHints":{"allow":["GET"]}}],"collection":[{"href":"https:\/\/www.metalwireforms.com\/fr\/wp-json\/wp\/v2\/product"}],"about":[{"href":"https:\/\/www.metalwireforms.com\/fr\/wp-json\/wp\/v2\/types\/product"}],"version-history":[{"count":2,"href":"https:\/\/www.metalwireforms.com\/fr\/wp-json\/wp\/v2\/product\/2206\/revisions"}],"predecessor-version":[{"id":2214,"href":"https:\/\/www.metalwireforms.com\/fr\/wp-json\/wp\/v2\/product\/2206\/revisions\/2214"}],"wp:featuredmedia":[{"embeddable":true,"href":"https:\/\/www.metalwireforms.com\/fr\/wp-json\/wp\/v2\/media\/2208"}],"wp:attachment":[{"href":"https:\/\/www.metalwireforms.com\/fr\/wp-json\/wp\/v2\/media?parent=2206"}],"wp:term":[{"taxonomy":"product_brand","embeddable":true,"href":"https:\/\/www.metalwireforms.com\/fr\/wp-json\/wp\/v2\/product_brand?post=2206"},{"taxonomy":"product_cat","embeddable":true,"href":"https:\/\/www.metalwireforms.com\/fr\/wp-json\/wp\/v2\/product_cat?post=2206"},{"taxonomy":"product_tag","embeddable":true,"href":"https:\/\/www.metalwireforms.com\/fr\/wp-json\/wp\/v2\/product_tag?post=2206"}],"curies":[{"name":"wp","href":"https:\/\/api.w.org\/{rel}","templated":true}]}}