{"id":2037,"date":"2022-07-29T09:39:16","date_gmt":"2022-07-29T09:39:16","guid":{"rendered":"https:\/\/www.metalwireforms.com\/?post_type=product&#038;p=2037"},"modified":"2022-12-12T08:49:55","modified_gmt":"2022-12-12T08:49:55","slug":"factory-customized-0-03-10mm-oversized-scroll-spring","status":"publish","type":"product","link":"https:\/\/www.metalwireforms.com\/fr\/produit\/factory-customized-0-03-10mm-oversized-scroll-spring","title":{"rendered":"Ressort de d\u00e9filement de 0,03 \u00e0 10 mm personnalis\u00e9 en usine"},"content":{"rendered":"<figure id=\"attachment_2038\" aria-describedby=\"caption-attachment-2038\" style=\"width: 1000px\" class=\"wp-caption alignnone\"><img fetchpriority=\"high\" decoding=\"async\" class=\"size-full wp-image-2038\" src=\"https:\/\/www.metalwireforms.com\/wp-content\/uploads\/2022\/07\/big-Spiral-spring-6.jpg\" alt=\"Grand ressort spiral (6)\" width=\"1000\" height=\"562\" srcset=\"https:\/\/www.metalwireforms.com\/wp-content\/uploads\/2022\/07\/big-Spiral-spring-6.jpg 1000w, https:\/\/www.metalwireforms.com\/wp-content\/uploads\/2022\/07\/big-Spiral-spring-6-300x169.jpg 300w, https:\/\/www.metalwireforms.com\/wp-content\/uploads\/2022\/07\/big-Spiral-spring-6-150x84.jpg 150w, https:\/\/www.metalwireforms.com\/wp-content\/uploads\/2022\/07\/big-Spiral-spring-6-768x432.jpg 768w, https:\/\/www.metalwireforms.com\/wp-content\/uploads\/2022\/07\/big-Spiral-spring-6-18x10.jpg 18w, https:\/\/www.metalwireforms.com\/wp-content\/uploads\/2022\/07\/big-Spiral-spring-6-800x450.jpg 800w, https:\/\/www.metalwireforms.com\/wp-content\/uploads\/2022\/07\/big-Spiral-spring-6-600x337.jpg 600w\" sizes=\"(max-width: 1000px) 100vw, 1000px\" \/><figcaption id=\"caption-attachment-2038\" class=\"wp-caption-text\">Grand ressort spiral (6)<\/figcaption><\/figure>\n<h3><strong>Caract\u00e9ristique<\/strong><\/h3>\n<p>Processus de traitement de surface du ressort en spirale: zingage blanc, zingage bleu, zingage couleur, zingage noir, oxyde noir, nickel, nickel noir, chromage, placage or, placage argent, noir \u00e9lectrophor\u00e9tique, Dacromet (test au brouillard salin pendant plus de 500 heures).<br \/>\nMat\u00e9riaux du ressort spiral : acier inoxydable, acier \u00e0 ressort, acier au carbone, acier \u00e0 piano, bronze phosphoreux.<br \/>\n\u00c9quipement de production de ressorts en spirale : Machine \u00e0 ressort de formage automatique par ordinateur CNC et \u00e9quipement de test par ordinateur, machine \u00e0 ressort par ordinateur, ressort par ordinateur, machine \u00e0 ressort de compression par ordinateur, machine \u00e0 ressort de torsion par ordinateur, machine \u00e0 ressort de compression ordinaire, machine \u00e0 poin\u00e7onner les boutons, instrument de mesure de la force, four de trempe \u00e0 haute temp\u00e9rature.<\/p>\n<h3>Application<\/h3>\n<p>Le ressort spiral est un ressort en forme de bobine constitu\u00e9 d'un mat\u00e9riau en bande d'acier. Dans diff\u00e9rentes industries, le ressort \u00e0 spirale est \u00e9galement appel\u00e9 diff\u00e9remment. Maintenant, il existe de nombreux ressorts diff\u00e9rents appel\u00e9s ressorts \u00e0 volutes. Par exemple, un ressort de rappel est \u00e9galement appel\u00e9 ressort \u00e0 volutes, qui est bas\u00e9 sur la forme du ressort. Les produits sont principalement utilis\u00e9s dans divers appareils \u00e9lectriques, produits \u00e9lectroniques, ordinateurs, communications, jouets, \u00e9clairage, rideaux, \u00e9tag\u00e8res, \u00e9quipement d'instrumentation, \u00e9quipement m\u00e9canique, accessoires automobiles et moto, construction et installation et autres industries.<\/p>","protected":false},"excerpt":{"rendered":"<p>Nous pouvons produire diff\u00e9rents types de ressorts de haute pr\u00e9cision, ressorts h\u00e9lico\u00efdaux, ressorts de traction, ressorts de torsion, ressorts de compression, roseaux anisotropes, \u00e9clats d'obus, mouvement d'horlogerie, et nous pouvons les concevoir et les fabriquer selon les exigences des clients.<\/p>","protected":false},"featured_media":2040,"template":"","meta":{"ocean_post_layout":"","ocean_both_sidebars_style":"","ocean_both_sidebars_content_width":0,"ocean_both_sidebars_sidebars_width":0,"ocean_sidebar":"0","ocean_second_sidebar":"0","ocean_disable_margins":"enable","ocean_add_body_class":"","ocean_shortcode_before_top_bar":"","ocean_shortcode_after_top_bar":"","ocean_shortcode_before_header":"","ocean_shortcode_after_header":"","ocean_has_shortcode":"","ocean_shortcode_after_title":"","ocean_shortcode_before_footer_widgets":"","ocean_shortcode_after_footer_widgets":"","ocean_shortcode_before_footer_bottom":"","ocean_shortcode_after_footer_bottom":"","ocean_display_top_bar":"default","ocean_display_header":"default","ocean_header_style":"","ocean_center_header_left_menu":"0","ocean_custom_header_template":"0","ocean_custom_logo":0,"ocean_custom_retina_logo":0,"ocean_custom_logo_max_width":0,"ocean_custom_logo_tablet_max_width":0,"ocean_custom_logo_mobile_max_width":0,"ocean_custom_logo_max_height":0,"ocean_custom_logo_tablet_max_height":0,"ocean_custom_logo_mobile_max_height":0,"ocean_header_custom_menu":"0","ocean_menu_typo_font_family":"0","ocean_menu_typo_font_subset":"","ocean_menu_typo_font_size":0,"ocean_menu_typo_font_size_tablet":0,"ocean_menu_typo_font_size_mobile":0,"ocean_menu_typo_font_size_unit":"px","ocean_menu_typo_font_weight":"","ocean_menu_typo_font_weight_tablet":"","ocean_menu_typo_font_weight_mobile":"","ocean_menu_typo_transform":"","ocean_menu_typo_transform_tablet":"","ocean_menu_typo_transform_mobile":"","ocean_menu_typo_line_height":0,"ocean_menu_typo_line_height_tablet":0,"ocean_menu_typo_line_height_mobile":0,"ocean_menu_typo_line_height_unit":"","ocean_menu_typo_spacing":0,"ocean_menu_typo_spacing_tablet":0,"ocean_menu_typo_spacing_mobile":0,"ocean_menu_typo_spacing_unit":"","ocean_menu_link_color":"","ocean_menu_link_color_hover":"","ocean_menu_link_color_active":"","ocean_menu_link_background":"","ocean_menu_link_hover_background":"","ocean_menu_link_active_background":"","ocean_menu_social_links_bg":"","ocean_menu_social_hover_links_bg":"","ocean_menu_social_links_color":"","ocean_menu_social_hover_links_color":"","ocean_disable_title":"default","ocean_disable_heading":"default","ocean_post_title":"","ocean_post_subheading":"","ocean_post_title_style":"","ocean_post_title_background_color":"","ocean_post_title_background":0,"ocean_post_title_bg_image_position":"","ocean_post_title_bg_image_attachment":"","ocean_post_title_bg_image_repeat":"","ocean_post_title_bg_image_size":"","ocean_post_title_height":0,"ocean_post_title_bg_overlay":0.5,"ocean_post_title_bg_overlay_color":"","ocean_disable_breadcrumbs":"default","ocean_breadcrumbs_color":"","ocean_breadcrumbs_separator_color":"","ocean_breadcrumbs_links_color":"","ocean_breadcrumbs_links_hover_color":"","ocean_display_footer_widgets":"default","ocean_display_footer_bottom":"default","ocean_custom_footer_template":"0","ofc_meta_disable_footer_callout":"","ofc_meta_callout_button_url":"","ofc_meta_callout_button_txt":"","ofc_meta_callout_text":"","osh_disable_topbar_sticky":"default","osh_disable_header_sticky":"default","osh_sticky_header_style":"default","osh_sticky_header_effect":"","osh_custom_sticky_logo":0,"osh_custom_retina_sticky_logo":0,"osh_custom_sticky_logo_height":0,"osh_background_color":"","osh_links_color":"","osh_links_hover_color":"","osh_links_active_color":"","osh_links_bg_color":"","osh_links_hover_bg_color":"","osh_links_active_bg_color":"","osh_menu_social_links_color":"","osh_menu_social_hover_links_color":""},"product_brand":[],"product_cat":[144,148],"product_tag":[118,164,163],"class_list":{"0":"post-2037","1":"product","2":"type-product","3":"status-publish","4":"has-post-thumbnail","6":"product_cat-custom-springs","7":"product_cat-custom-spiral-springs","8":"product_tag-coil-spring","9":"product_tag-custom-spring","10":"product_tag-spiral-spring","12":"entry","13":"has-media","15":"first","16":"instock","17":"shipping-taxable","18":"product-type-external","19":"col","20":"span_1_of_3","21":"owp-content-center","22":"owp-thumbs-layout-horizontal","23":"owp-btn-very-big","24":"owp-tabs-layout-horizontal","25":"circle-sale"},"_links":{"self":[{"href":"https:\/\/www.metalwireforms.com\/fr\/wp-json\/wp\/v2\/product\/2037","targetHints":{"allow":["GET"]}}],"collection":[{"href":"https:\/\/www.metalwireforms.com\/fr\/wp-json\/wp\/v2\/product"}],"about":[{"href":"https:\/\/www.metalwireforms.com\/fr\/wp-json\/wp\/v2\/types\/product"}],"version-history":[{"count":1,"href":"https:\/\/www.metalwireforms.com\/fr\/wp-json\/wp\/v2\/product\/2037\/revisions"}],"predecessor-version":[{"id":2042,"href":"https:\/\/www.metalwireforms.com\/fr\/wp-json\/wp\/v2\/product\/2037\/revisions\/2042"}],"wp:featuredmedia":[{"embeddable":true,"href":"https:\/\/www.metalwireforms.com\/fr\/wp-json\/wp\/v2\/media\/2040"}],"wp:attachment":[{"href":"https:\/\/www.metalwireforms.com\/fr\/wp-json\/wp\/v2\/media?parent=2037"}],"wp:term":[{"taxonomy":"product_brand","embeddable":true,"href":"https:\/\/www.metalwireforms.com\/fr\/wp-json\/wp\/v2\/product_brand?post=2037"},{"taxonomy":"product_cat","embeddable":true,"href":"https:\/\/www.metalwireforms.com\/fr\/wp-json\/wp\/v2\/product_cat?post=2037"},{"taxonomy":"product_tag","embeddable":true,"href":"https:\/\/www.metalwireforms.com\/fr\/wp-json\/wp\/v2\/product_tag?post=2037"}],"curies":[{"name":"wp","href":"https:\/\/api.w.org\/{rel}","templated":true}]}}