{"id":1916,"date":"2021-11-03T09:29:24","date_gmt":"2021-11-03T09:29:24","guid":{"rendered":"https:\/\/www.xsmetalforming.com\/?post_type=product&#038;p=1916"},"modified":"2022-07-22T09:34:20","modified_gmt":"2022-07-22T09:34:20","slug":"customized-manganese-steel-coil-compression-mold-die-spring","status":"publish","type":"product","link":"https:\/\/www.metalwireforms.com\/fr\/produit\/customized-manganese-steel-coil-compression-mold-die-spring","title":{"rendered":"Ressort de matrice de compression de bobine d'acier au mangan\u00e8se personnalis\u00e9"},"content":{"rendered":"<p>Les ressorts de moule comprennent\u00a0: les ressorts de moule standard japonais, la norme europ\u00e9enne, la norme allemande, les ressorts de moule standard am\u00e9ricains et les ressorts en polyur\u00e9thane. Les ressorts de moule font g\u00e9n\u00e9ralement r\u00e9f\u00e9rence \u00e0 des ressorts de moule rectangulaires.<\/p>\n<figure id=\"attachment_1921\" aria-describedby=\"caption-attachment-1921\" style=\"width: 960px\" class=\"wp-caption alignnone\"><img fetchpriority=\"high\" decoding=\"async\" class=\"size-full wp-image-1921\" src=\"https:\/\/www.metalwireforms.com\/wp-content\/uploads\/2021\/11\/mold-spring.jpg\" alt=\"ressort de moule\" width=\"960\" height=\"745\" srcset=\"https:\/\/www.metalwireforms.com\/wp-content\/uploads\/2021\/11\/mold-spring.jpg 960w, https:\/\/www.metalwireforms.com\/wp-content\/uploads\/2021\/11\/mold-spring-300x233.jpg 300w, https:\/\/www.metalwireforms.com\/wp-content\/uploads\/2021\/11\/mold-spring-150x116.jpg 150w, https:\/\/www.metalwireforms.com\/wp-content\/uploads\/2021\/11\/mold-spring-768x596.jpg 768w, https:\/\/www.metalwireforms.com\/wp-content\/uploads\/2021\/11\/mold-spring-15x12.jpg 15w, https:\/\/www.metalwireforms.com\/wp-content\/uploads\/2021\/11\/mold-spring-600x466.jpg 600w\" sizes=\"(max-width: 960px) 100vw, 960px\" \/><figcaption id=\"caption-attachment-1921\" class=\"wp-caption-text\">ressort de moule<\/figcaption><\/figure>\n<h3>Caract\u00e9ristique<\/h3>\n<p>Le ressort de moule est fait d'un mat\u00e9riau en acier alli\u00e9 import\u00e9, qui pr\u00e9sente les caract\u00e9ristiques de r\u00e9sistance \u00e0 haute temp\u00e9rature, de r\u00e9sistance \u00e0 la fatigue et de bonne t\u00e9nacit\u00e9. Le ressort est r\u00e9sistant aux hautes temp\u00e9ratures jusqu'\u00e0 280 degr\u00e9s. Con\u00e7u par des ing\u00e9nieurs professionnels, il a une section transversale rectangulaire avec des coins arrondis, ce qui permet une utilisation raisonnable de l'espace. Ce processus peut r\u00e9duire la concentration de contrainte du ressort pendant l'extrusion et le rebond \u00e0 grande vitesse. Apr\u00e8s plus de trois fois de traitement par forte pression, la contrainte interne avant utilisation est \u00e9limin\u00e9e et la d\u00e9formation, le raccourcissement et la rupture du ressort sont \u00e9vit\u00e9s. La surface du ressort a \u00e9t\u00e9 renforc\u00e9e, ce qui peut rendre la structure de surface solide, am\u00e9liorer la r\u00e9sistance du point de concentration des contraintes et prolonger la dur\u00e9e de vie du ressort.<\/p>\n<h3>Application<\/h3>\n<p>Les ressorts de moule sont largement utilis\u00e9s dans les moules d'estampage, les moules de moulage sous pression en m\u00e9tal, les moules en plastique et d'autres \u00e9quipements m\u00e9caniques de pr\u00e9cision \u00e0 mouvement \u00e9lastique, les automobiles et d'autres domaines.<\/p>","protected":false},"excerpt":{"rendered":"<p>Les ressorts de moule sont largement utilis\u00e9s dans les moules d'estampage, les moules de moulage sous pression en m\u00e9tal, les moules en plastique et d'autres \u00e9quipements m\u00e9caniques de pr\u00e9cision \u00e0 mouvement \u00e9lastique, les automobiles et d'autres domaines.<\/p>","protected":false},"featured_media":1917,"template":"","meta":{"ocean_post_layout":"","ocean_both_sidebars_style":"","ocean_both_sidebars_content_width":0,"ocean_both_sidebars_sidebars_width":0,"ocean_sidebar":"","ocean_second_sidebar":"","ocean_disable_margins":"enable","ocean_add_body_class":"","ocean_shortcode_before_top_bar":"","ocean_shortcode_after_top_bar":"","ocean_shortcode_before_header":"","ocean_shortcode_after_header":"","ocean_has_shortcode":"","ocean_shortcode_after_title":"","ocean_shortcode_before_footer_widgets":"","ocean_shortcode_after_footer_widgets":"","ocean_shortcode_before_footer_bottom":"","ocean_shortcode_after_footer_bottom":"","ocean_display_top_bar":"default","ocean_display_header":"default","ocean_header_style":"","ocean_center_header_left_menu":"","ocean_custom_header_template":"","ocean_custom_logo":0,"ocean_custom_retina_logo":0,"ocean_custom_logo_max_width":0,"ocean_custom_logo_tablet_max_width":0,"ocean_custom_logo_mobile_max_width":0,"ocean_custom_logo_max_height":0,"ocean_custom_logo_tablet_max_height":0,"ocean_custom_logo_mobile_max_height":0,"ocean_header_custom_menu":"","ocean_menu_typo_font_family":"","ocean_menu_typo_font_subset":"","ocean_menu_typo_font_size":0,"ocean_menu_typo_font_size_tablet":0,"ocean_menu_typo_font_size_mobile":0,"ocean_menu_typo_font_size_unit":"px","ocean_menu_typo_font_weight":"","ocean_menu_typo_font_weight_tablet":"","ocean_menu_typo_font_weight_mobile":"","ocean_menu_typo_transform":"","ocean_menu_typo_transform_tablet":"","ocean_menu_typo_transform_mobile":"","ocean_menu_typo_line_height":0,"ocean_menu_typo_line_height_tablet":0,"ocean_menu_typo_line_height_mobile":0,"ocean_menu_typo_line_height_unit":"","ocean_menu_typo_spacing":0,"ocean_menu_typo_spacing_tablet":0,"ocean_menu_typo_spacing_mobile":0,"ocean_menu_typo_spacing_unit":"","ocean_menu_link_color":"","ocean_menu_link_color_hover":"","ocean_menu_link_color_active":"","ocean_menu_link_background":"","ocean_menu_link_hover_background":"","ocean_menu_link_active_background":"","ocean_menu_social_links_bg":"","ocean_menu_social_hover_links_bg":"","ocean_menu_social_links_color":"","ocean_menu_social_hover_links_color":"","ocean_disable_title":"default","ocean_disable_heading":"default","ocean_post_title":"","ocean_post_subheading":"","ocean_post_title_style":"","ocean_post_title_background_color":"","ocean_post_title_background":0,"ocean_post_title_bg_image_position":"","ocean_post_title_bg_image_attachment":"","ocean_post_title_bg_image_repeat":"","ocean_post_title_bg_image_size":"","ocean_post_title_height":0,"ocean_post_title_bg_overlay":0.5,"ocean_post_title_bg_overlay_color":"","ocean_disable_breadcrumbs":"default","ocean_breadcrumbs_color":"","ocean_breadcrumbs_separator_color":"","ocean_breadcrumbs_links_color":"","ocean_breadcrumbs_links_hover_color":"","ocean_display_footer_widgets":"default","ocean_display_footer_bottom":"default","ocean_custom_footer_template":"","ofc_meta_disable_footer_callout":"","ofc_meta_callout_button_url":"","ofc_meta_callout_button_txt":"","ofc_meta_callout_text":"","osh_disable_topbar_sticky":"default","osh_disable_header_sticky":"default","osh_sticky_header_style":"default","osh_sticky_header_effect":"","osh_custom_sticky_logo":0,"osh_custom_retina_sticky_logo":0,"osh_custom_sticky_logo_height":0,"osh_background_color":"","osh_links_color":"","osh_links_hover_color":"","osh_links_active_color":"","osh_links_bg_color":"","osh_links_hover_bg_color":"","osh_links_active_bg_color":"","osh_menu_social_links_color":"","osh_menu_social_hover_links_color":""},"product_brand":[],"product_cat":[144,25],"product_tag":[129,128],"class_list":{"0":"post-1916","1":"product","2":"type-product","3":"status-publish","4":"has-post-thumbnail","6":"product_cat-custom-springs","7":"product_cat-custom-compression-springs","8":"product_tag-die-spring","9":"product_tag-mold-spring","11":"entry","12":"has-media","14":"first","15":"instock","16":"shipping-taxable","17":"product-type-external","18":"col","19":"span_1_of_3","20":"owp-content-center","21":"owp-thumbs-layout-horizontal","22":"owp-btn-very-big","23":"owp-tabs-layout-horizontal","24":"circle-sale"},"_links":{"self":[{"href":"https:\/\/www.metalwireforms.com\/fr\/wp-json\/wp\/v2\/product\/1916","targetHints":{"allow":["GET"]}}],"collection":[{"href":"https:\/\/www.metalwireforms.com\/fr\/wp-json\/wp\/v2\/product"}],"about":[{"href":"https:\/\/www.metalwireforms.com\/fr\/wp-json\/wp\/v2\/types\/product"}],"version-history":[{"count":1,"href":"https:\/\/www.metalwireforms.com\/fr\/wp-json\/wp\/v2\/product\/1916\/revisions"}],"predecessor-version":[{"id":1922,"href":"https:\/\/www.metalwireforms.com\/fr\/wp-json\/wp\/v2\/product\/1916\/revisions\/1922"}],"wp:featuredmedia":[{"embeddable":true,"href":"https:\/\/www.metalwireforms.com\/fr\/wp-json\/wp\/v2\/media\/1917"}],"wp:attachment":[{"href":"https:\/\/www.metalwireforms.com\/fr\/wp-json\/wp\/v2\/media?parent=1916"}],"wp:term":[{"taxonomy":"product_brand","embeddable":true,"href":"https:\/\/www.metalwireforms.com\/fr\/wp-json\/wp\/v2\/product_brand?post=1916"},{"taxonomy":"product_cat","embeddable":true,"href":"https:\/\/www.metalwireforms.com\/fr\/wp-json\/wp\/v2\/product_cat?post=1916"},{"taxonomy":"product_tag","embeddable":true,"href":"https:\/\/www.metalwireforms.com\/fr\/wp-json\/wp\/v2\/product_tag?post=1916"}],"curies":[{"name":"wp","href":"https:\/\/api.w.org\/{rel}","templated":true}]}}