{"id":1897,"date":"2021-10-29T09:19:28","date_gmt":"2021-10-29T09:19:28","guid":{"rendered":"https:\/\/www.xsmetalforming.com\/?post_type=product&#038;p=1897"},"modified":"2022-07-25T03:46:00","modified_gmt":"2022-07-25T03:46:00","slug":"custom-stainless-steel-double-hook-trampoline-spring","status":"publish","type":"product","link":"https:\/\/www.metalwireforms.com\/fr\/produit\/custom-stainless-steel-double-hook-trampoline-spring","title":{"rendered":"Ressort de trampoline \u00e0 double crochet en acier inoxydable personnalis\u00e9"},"content":{"rendered":"<p>Le ressort de trampoline est une sorte de ressort de tension avec un crochet \u00e0 chaque extr\u00e9mit\u00e9. Un crochet est accroch\u00e9 au cadre et l'autre crochet est accroch\u00e9 \u00e0 la boucle de connexion sur le cavalier. L'extr\u00e9mit\u00e9 du crochet d'accrochage de la boucle de liaison se trouve le long de la circonf\u00e9rence. La fa\u00e7on dont le diam\u00e8tre devient plus petit pour former un coude peut efficacement \u00e9viter les rayures et le d\u00e9couplage. La liaison entre le cadre du trampoline et la toile de saut utilise g\u00e9n\u00e9ralement un ressort en acier fait de fil d'acier \u00e9lastique.<\/p>\n<figure id=\"attachment_1902\" aria-describedby=\"caption-attachment-1902\" style=\"width: 960px\" class=\"wp-caption alignnone\"><img fetchpriority=\"high\" decoding=\"async\" class=\"size-full wp-image-1902\" src=\"https:\/\/www.metalwireforms.com\/wp-content\/uploads\/2021\/10\/Trampoline-spring.jpg\" alt=\"Ressort de trampoline\" width=\"960\" height=\"800\" srcset=\"https:\/\/www.metalwireforms.com\/wp-content\/uploads\/2021\/10\/Trampoline-spring.jpg 960w, https:\/\/www.metalwireforms.com\/wp-content\/uploads\/2021\/10\/Trampoline-spring-300x250.jpg 300w, https:\/\/www.metalwireforms.com\/wp-content\/uploads\/2021\/10\/Trampoline-spring-150x125.jpg 150w, https:\/\/www.metalwireforms.com\/wp-content\/uploads\/2021\/10\/Trampoline-spring-768x640.jpg 768w, https:\/\/www.metalwireforms.com\/wp-content\/uploads\/2021\/10\/Trampoline-spring-14x12.jpg 14w, https:\/\/www.metalwireforms.com\/wp-content\/uploads\/2021\/10\/Trampoline-spring-600x500.jpg 600w\" sizes=\"(max-width: 960px) 100vw, 960px\" \/><figcaption id=\"caption-attachment-1902\" class=\"wp-caption-text\">Ressort de trampoline<\/figcaption><\/figure>\n<h3>Caract\u00e9ristique<\/h3>\n<p>Le ressort de trampoline utilise des mati\u00e8res premi\u00e8res de haute qualit\u00e9 et a une longue dur\u00e9e de vie. Adoptez des \u00e9quipements de production avanc\u00e9s pour assurer une haute pr\u00e9cision et pr\u00e9cision dans la production. Bonne r\u00e9sistance aux intemp\u00e9ries, bonne r\u00e9sistance \u00e0 la corrosion en cas d'exposition \u00e0 des environnements difficiles. La surface du ressort a \u00e9t\u00e9 trait\u00e9e avec un bon effet antirouille. La surface n'a pas de bavures, de taches et de brillance \u00e9lev\u00e9e. Conception renforc\u00e9e, r\u00e9sistance \u00e0 haute temp\u00e9rature, test de pression forte, longue dur\u00e9e de vie.<\/p>\n<h3>Application<\/h3>\n<p>Les ressorts de trampoline sont largement utilis\u00e9s dans divers trampolines de terrain de jeu, trampolines ext\u00e9rieurs \u00e0 surface nette, lits de saut, chaises suspendues, \u00e9quipements sportifs, \u00e9quipements de fitness, etc.<\/p>","protected":false},"excerpt":{"rendered":"<p>Le ressort de trampoline est une sorte de ressort de tension avec un crochet \u00e0 chaque extr\u00e9mit\u00e9. Un crochet est accroch\u00e9 au cadre et l'autre crochet est accroch\u00e9 \u00e0 la boucle de connexion sur le cavalier.<\/p>","protected":false},"featured_media":1898,"template":"","meta":{"ocean_post_layout":"","ocean_both_sidebars_style":"","ocean_both_sidebars_content_width":0,"ocean_both_sidebars_sidebars_width":0,"ocean_sidebar":"0","ocean_second_sidebar":"0","ocean_disable_margins":"enable","ocean_add_body_class":"","ocean_shortcode_before_top_bar":"","ocean_shortcode_after_top_bar":"","ocean_shortcode_before_header":"","ocean_shortcode_after_header":"","ocean_has_shortcode":"","ocean_shortcode_after_title":"","ocean_shortcode_before_footer_widgets":"","ocean_shortcode_after_footer_widgets":"","ocean_shortcode_before_footer_bottom":"","ocean_shortcode_after_footer_bottom":"","ocean_display_top_bar":"default","ocean_display_header":"default","ocean_header_style":"","ocean_center_header_left_menu":"0","ocean_custom_header_template":"0","ocean_custom_logo":0,"ocean_custom_retina_logo":0,"ocean_custom_logo_max_width":0,"ocean_custom_logo_tablet_max_width":0,"ocean_custom_logo_mobile_max_width":0,"ocean_custom_logo_max_height":0,"ocean_custom_logo_tablet_max_height":0,"ocean_custom_logo_mobile_max_height":0,"ocean_header_custom_menu":"0","ocean_menu_typo_font_family":"0","ocean_menu_typo_font_subset":"","ocean_menu_typo_font_size":0,"ocean_menu_typo_font_size_tablet":0,"ocean_menu_typo_font_size_mobile":0,"ocean_menu_typo_font_size_unit":"px","ocean_menu_typo_font_weight":"","ocean_menu_typo_font_weight_tablet":"","ocean_menu_typo_font_weight_mobile":"","ocean_menu_typo_transform":"","ocean_menu_typo_transform_tablet":"","ocean_menu_typo_transform_mobile":"","ocean_menu_typo_line_height":0,"ocean_menu_typo_line_height_tablet":0,"ocean_menu_typo_line_height_mobile":0,"ocean_menu_typo_line_height_unit":"","ocean_menu_typo_spacing":0,"ocean_menu_typo_spacing_tablet":0,"ocean_menu_typo_spacing_mobile":0,"ocean_menu_typo_spacing_unit":"","ocean_menu_link_color":"","ocean_menu_link_color_hover":"","ocean_menu_link_color_active":"","ocean_menu_link_background":"","ocean_menu_link_hover_background":"","ocean_menu_link_active_background":"","ocean_menu_social_links_bg":"","ocean_menu_social_hover_links_bg":"","ocean_menu_social_links_color":"","ocean_menu_social_hover_links_color":"","ocean_disable_title":"default","ocean_disable_heading":"default","ocean_post_title":"","ocean_post_subheading":"","ocean_post_title_style":"","ocean_post_title_background_color":"","ocean_post_title_background":0,"ocean_post_title_bg_image_position":"","ocean_post_title_bg_image_attachment":"","ocean_post_title_bg_image_repeat":"","ocean_post_title_bg_image_size":"","ocean_post_title_height":0,"ocean_post_title_bg_overlay":0.5,"ocean_post_title_bg_overlay_color":"","ocean_disable_breadcrumbs":"default","ocean_breadcrumbs_color":"","ocean_breadcrumbs_separator_color":"","ocean_breadcrumbs_links_color":"","ocean_breadcrumbs_links_hover_color":"","ocean_display_footer_widgets":"default","ocean_display_footer_bottom":"default","ocean_custom_footer_template":"0","ofc_meta_disable_footer_callout":"","ofc_meta_callout_button_url":"","ofc_meta_callout_button_txt":"","ofc_meta_callout_text":"","osh_disable_topbar_sticky":"default","osh_disable_header_sticky":"default","osh_sticky_header_style":"default","osh_sticky_header_effect":"","osh_custom_sticky_logo":0,"osh_custom_retina_sticky_logo":0,"osh_custom_sticky_logo_height":0,"osh_background_color":"","osh_links_color":"","osh_links_hover_color":"","osh_links_active_color":"","osh_links_bg_color":"","osh_links_hover_bg_color":"","osh_links_active_bg_color":"","osh_menu_social_links_color":"","osh_menu_social_hover_links_color":""},"product_brand":[],"product_cat":[144,27],"product_tag":[124,125,123],"class_list":{"0":"post-1897","1":"product","2":"type-product","3":"status-publish","4":"has-post-thumbnail","6":"product_cat-custom-springs","7":"product_cat-custom-tension-springs","8":"product_tag-double-hook-spring","9":"product_tag-stainless-steel-spring","10":"product_tag-trampoline-spring","12":"entry","13":"has-media","15":"first","16":"instock","17":"shipping-taxable","18":"product-type-external","19":"col","20":"span_1_of_3","21":"owp-content-center","22":"owp-thumbs-layout-horizontal","23":"owp-btn-very-big","24":"owp-tabs-layout-horizontal","25":"circle-sale"},"_links":{"self":[{"href":"https:\/\/www.metalwireforms.com\/fr\/wp-json\/wp\/v2\/product\/1897","targetHints":{"allow":["GET"]}}],"collection":[{"href":"https:\/\/www.metalwireforms.com\/fr\/wp-json\/wp\/v2\/product"}],"about":[{"href":"https:\/\/www.metalwireforms.com\/fr\/wp-json\/wp\/v2\/types\/product"}],"version-history":[{"count":1,"href":"https:\/\/www.metalwireforms.com\/fr\/wp-json\/wp\/v2\/product\/1897\/revisions"}],"predecessor-version":[{"id":1903,"href":"https:\/\/www.metalwireforms.com\/fr\/wp-json\/wp\/v2\/product\/1897\/revisions\/1903"}],"wp:featuredmedia":[{"embeddable":true,"href":"https:\/\/www.metalwireforms.com\/fr\/wp-json\/wp\/v2\/media\/1898"}],"wp:attachment":[{"href":"https:\/\/www.metalwireforms.com\/fr\/wp-json\/wp\/v2\/media?parent=1897"}],"wp:term":[{"taxonomy":"product_brand","embeddable":true,"href":"https:\/\/www.metalwireforms.com\/fr\/wp-json\/wp\/v2\/product_brand?post=1897"},{"taxonomy":"product_cat","embeddable":true,"href":"https:\/\/www.metalwireforms.com\/fr\/wp-json\/wp\/v2\/product_cat?post=1897"},{"taxonomy":"product_tag","embeddable":true,"href":"https:\/\/www.metalwireforms.com\/fr\/wp-json\/wp\/v2\/product_tag?post=1897"}],"curies":[{"name":"wp","href":"https:\/\/api.w.org\/{rel}","templated":true}]}}