{"id":1879,"date":"2021-10-28T08:18:31","date_gmt":"2021-10-28T08:18:31","guid":{"rendered":"https:\/\/www.xsmetalforming.com\/?post_type=product&#038;p=1879"},"modified":"2022-07-25T02:54:00","modified_gmt":"2022-07-25T02:54:00","slug":"1879","status":"publish","type":"product","link":"https:\/\/www.metalwireforms.com\/fr\/produit\/1879","title":{"rendered":"Ressort h\u00e9lico\u00efdal cylindrique de pr\u00e9cision en acier inoxydable personnalis\u00e9"},"content":{"rendered":"<p>Le ressort h\u00e9lico\u00efdal cylindrique a une structure simple, une fabrication pratique et le plus largement utilis\u00e9. Sa ligne caract\u00e9ristique est une ligne droite, qui peut \u00eatre utilis\u00e9e comme ressort de compression, ressort de traction et ressort de torsion. Lorsque la charge est importante et que la taille radiale est limit\u00e9e, deux ressorts de compression de diam\u00e8tres diff\u00e9rents peuvent \u00eatre gain\u00e9s ensemble pour former un ressort combin\u00e9.<\/p>\n<figure id=\"attachment_1884\" aria-describedby=\"caption-attachment-1884\" style=\"width: 960px\" class=\"wp-caption alignnone\"><img fetchpriority=\"high\" decoding=\"async\" class=\"size-full wp-image-1884\" src=\"https:\/\/www.metalwireforms.com\/wp-content\/uploads\/2021\/10\/coil-spring.jpg\" alt=\"ressort h\u00e9lico\u00efdal\" width=\"960\" height=\"800\" srcset=\"https:\/\/www.metalwireforms.com\/wp-content\/uploads\/2021\/10\/coil-spring.jpg 960w, https:\/\/www.metalwireforms.com\/wp-content\/uploads\/2021\/10\/coil-spring-300x250.jpg 300w, https:\/\/www.metalwireforms.com\/wp-content\/uploads\/2021\/10\/coil-spring-150x125.jpg 150w, https:\/\/www.metalwireforms.com\/wp-content\/uploads\/2021\/10\/coil-spring-768x640.jpg 768w, https:\/\/www.metalwireforms.com\/wp-content\/uploads\/2021\/10\/coil-spring-14x12.jpg 14w, https:\/\/www.metalwireforms.com\/wp-content\/uploads\/2021\/10\/coil-spring-600x500.jpg 600w\" sizes=\"(max-width: 960px) 100vw, 960px\" \/><figcaption id=\"caption-attachment-1884\" class=\"wp-caption-text\">ressort h\u00e9lico\u00efdal<\/figcaption><\/figure>\n<h3>Caract\u00e9ristique<\/h3>\n<p>Le ressort h\u00e9lico\u00efdal a des performances de r\u00e9glage pr\u00e9cises. C'est-\u00e0-dire que la relation entre la force et le d\u00e9placement est tr\u00e8s sensible, avec une bonne souplesse, c'est-\u00e0-dire que la plage de d\u00e9formation est relativement large, la fabrication est relativement facile, la structure est relativement compacte et le taux d'\u00e9nergie est \u00e9lev\u00e9.<\/p>\n<h3>Application<\/h3>\n<p>Le ressort h\u00e9lico\u00efdal pr\u00e9sente les avantages de ne pas avoir besoin de lubrification, de ne pas craindre la salet\u00e9, un faible poids et moins d'espace et de position. Il est souvent utilis\u00e9 comme m\u00e9canisme d'\u00e9quilibrage dans les machines et est largement utilis\u00e9 dans la production industrielle telle que les automobiles, les machines-outils et les appareils \u00e9lectriques.<\/p>","protected":false},"excerpt":{"rendered":"<p>Il existe de nombreux types de ressorts h\u00e9lico\u00efdaux, qui peuvent \u00eatre divis\u00e9s en ressorts h\u00e9lico\u00efdaux cylindriques g\u00e9n\u00e9raux et ressorts h\u00e9lico\u00efdaux \u00e0 diam\u00e8tre variable selon leur apparence. Selon le sens de l'h\u00e9lice, il peut \u00eatre divis\u00e9 en : ressort gauche et ressort droit.<\/p>","protected":false},"featured_media":1880,"template":"","meta":{"ocean_post_layout":"","ocean_both_sidebars_style":"","ocean_both_sidebars_content_width":0,"ocean_both_sidebars_sidebars_width":0,"ocean_sidebar":"0","ocean_second_sidebar":"0","ocean_disable_margins":"enable","ocean_add_body_class":"","ocean_shortcode_before_top_bar":"","ocean_shortcode_after_top_bar":"","ocean_shortcode_before_header":"","ocean_shortcode_after_header":"","ocean_has_shortcode":"","ocean_shortcode_after_title":"","ocean_shortcode_before_footer_widgets":"","ocean_shortcode_after_footer_widgets":"","ocean_shortcode_before_footer_bottom":"","ocean_shortcode_after_footer_bottom":"","ocean_display_top_bar":"default","ocean_display_header":"default","ocean_header_style":"","ocean_center_header_left_menu":"0","ocean_custom_header_template":"0","ocean_custom_logo":0,"ocean_custom_retina_logo":0,"ocean_custom_logo_max_width":0,"ocean_custom_logo_tablet_max_width":0,"ocean_custom_logo_mobile_max_width":0,"ocean_custom_logo_max_height":0,"ocean_custom_logo_tablet_max_height":0,"ocean_custom_logo_mobile_max_height":0,"ocean_header_custom_menu":"0","ocean_menu_typo_font_family":"0","ocean_menu_typo_font_subset":"","ocean_menu_typo_font_size":0,"ocean_menu_typo_font_size_tablet":0,"ocean_menu_typo_font_size_mobile":0,"ocean_menu_typo_font_size_unit":"px","ocean_menu_typo_font_weight":"","ocean_menu_typo_font_weight_tablet":"","ocean_menu_typo_font_weight_mobile":"","ocean_menu_typo_transform":"","ocean_menu_typo_transform_tablet":"","ocean_menu_typo_transform_mobile":"","ocean_menu_typo_line_height":0,"ocean_menu_typo_line_height_tablet":0,"ocean_menu_typo_line_height_mobile":0,"ocean_menu_typo_line_height_unit":"","ocean_menu_typo_spacing":0,"ocean_menu_typo_spacing_tablet":0,"ocean_menu_typo_spacing_mobile":0,"ocean_menu_typo_spacing_unit":"","ocean_menu_link_color":"","ocean_menu_link_color_hover":"","ocean_menu_link_color_active":"","ocean_menu_link_background":"","ocean_menu_link_hover_background":"","ocean_menu_link_active_background":"","ocean_menu_social_links_bg":"","ocean_menu_social_hover_links_bg":"","ocean_menu_social_links_color":"","ocean_menu_social_hover_links_color":"","ocean_disable_title":"default","ocean_disable_heading":"default","ocean_post_title":"","ocean_post_subheading":"","ocean_post_title_style":"","ocean_post_title_background_color":"","ocean_post_title_background":0,"ocean_post_title_bg_image_position":"","ocean_post_title_bg_image_attachment":"","ocean_post_title_bg_image_repeat":"","ocean_post_title_bg_image_size":"","ocean_post_title_height":0,"ocean_post_title_bg_overlay":0.5,"ocean_post_title_bg_overlay_color":"","ocean_disable_breadcrumbs":"default","ocean_breadcrumbs_color":"","ocean_breadcrumbs_separator_color":"","ocean_breadcrumbs_links_color":"","ocean_breadcrumbs_links_hover_color":"","ocean_display_footer_widgets":"default","ocean_display_footer_bottom":"default","ocean_custom_footer_template":"0","ofc_meta_disable_footer_callout":"","ofc_meta_callout_button_url":"","ofc_meta_callout_button_txt":"","ofc_meta_callout_text":"","osh_disable_topbar_sticky":"default","osh_disable_header_sticky":"default","osh_sticky_header_style":"default","osh_sticky_header_effect":"","osh_custom_sticky_logo":0,"osh_custom_retina_sticky_logo":0,"osh_custom_sticky_logo_height":0,"osh_background_color":"","osh_links_color":"","osh_links_hover_color":"","osh_links_active_color":"","osh_links_bg_color":"","osh_links_hover_bg_color":"","osh_links_active_bg_color":"","osh_menu_social_links_color":"","osh_menu_social_hover_links_color":""},"product_brand":[],"product_cat":[144,25],"product_tag":[118,119],"class_list":{"0":"post-1879","1":"product","2":"type-product","3":"status-publish","4":"has-post-thumbnail","6":"product_cat-custom-springs","7":"product_cat-custom-compression-springs","8":"product_tag-coil-spring","9":"product_tag-cylindrical-coil-spring","11":"entry","12":"has-media","14":"first","15":"instock","16":"shipping-taxable","17":"product-type-external","18":"col","19":"span_1_of_3","20":"owp-content-center","21":"owp-thumbs-layout-horizontal","22":"owp-btn-very-big","23":"owp-tabs-layout-horizontal","24":"circle-sale"},"_links":{"self":[{"href":"https:\/\/www.metalwireforms.com\/fr\/wp-json\/wp\/v2\/product\/1879","targetHints":{"allow":["GET"]}}],"collection":[{"href":"https:\/\/www.metalwireforms.com\/fr\/wp-json\/wp\/v2\/product"}],"about":[{"href":"https:\/\/www.metalwireforms.com\/fr\/wp-json\/wp\/v2\/types\/product"}],"version-history":[{"count":3,"href":"https:\/\/www.metalwireforms.com\/fr\/wp-json\/wp\/v2\/product\/1879\/revisions"}],"predecessor-version":[{"id":1887,"href":"https:\/\/www.metalwireforms.com\/fr\/wp-json\/wp\/v2\/product\/1879\/revisions\/1887"}],"wp:featuredmedia":[{"embeddable":true,"href":"https:\/\/www.metalwireforms.com\/fr\/wp-json\/wp\/v2\/media\/1880"}],"wp:attachment":[{"href":"https:\/\/www.metalwireforms.com\/fr\/wp-json\/wp\/v2\/media?parent=1879"}],"wp:term":[{"taxonomy":"product_brand","embeddable":true,"href":"https:\/\/www.metalwireforms.com\/fr\/wp-json\/wp\/v2\/product_brand?post=1879"},{"taxonomy":"product_cat","embeddable":true,"href":"https:\/\/www.metalwireforms.com\/fr\/wp-json\/wp\/v2\/product_cat?post=1879"},{"taxonomy":"product_tag","embeddable":true,"href":"https:\/\/www.metalwireforms.com\/fr\/wp-json\/wp\/v2\/product_tag?post=1879"}],"curies":[{"name":"wp","href":"https:\/\/api.w.org\/{rel}","templated":true}]}}