{"id":1831,"date":"2021-10-26T08:26:59","date_gmt":"2021-10-26T08:26:59","guid":{"rendered":"https:\/\/www.xsmetalforming.com\/?post_type=product&#038;p=1831"},"modified":"2022-07-25T02:53:46","modified_gmt":"2022-07-25T02:53:46","slug":"custom-button-switch-induction-touch-spring","status":"publish","type":"product","link":"https:\/\/www.metalwireforms.com\/fr\/produit\/custom-button-switch-induction-touch-spring","title":{"rendered":"Ressort tactile \u00e0 induction pour interrupteur \u00e0 bouton personnalis\u00e9"},"content":{"rendered":"<p>Le ressort tactile fait r\u00e9f\u00e9rence \u00e0 un bouton \u00e0 ressort sp\u00e9cial d\u00e9di\u00e9 aux appareils \u00e9lectriques capacitifs et \u00e0 \u00e9cran tactile \u00e0 puce unique. Les ressorts tactiles sont \u00e9galement appel\u00e9s ressorts tactiles, ressorts de bouton et ressorts de contact. Il s'agit d'une alternative de d\u00e9tection capacitive robuste aux commutateurs m\u00e9caniques traditionnels. Le bouton tactile r\u00e9tractable est utilis\u00e9 et le produit de contr\u00f4le du bouton tactile peut \u00eatre r\u00e9alis\u00e9 sans changer le moule de la coque, et la sensibilit\u00e9 au toucher est tr\u00e8s bonne.<\/p>\n<figure id=\"attachment_1836\" aria-describedby=\"caption-attachment-1836\" style=\"width: 961px\" class=\"wp-caption alignnone\"><img fetchpriority=\"high\" decoding=\"async\" class=\"size-full wp-image-1836\" src=\"https:\/\/www.metalwireforms.com\/wp-content\/uploads\/2021\/10\/touch-spring.jpg\" alt=\"ressort tactile\" width=\"961\" height=\"693\" srcset=\"https:\/\/www.metalwireforms.com\/wp-content\/uploads\/2021\/10\/touch-spring.jpg 961w, https:\/\/www.metalwireforms.com\/wp-content\/uploads\/2021\/10\/touch-spring-300x216.jpg 300w, https:\/\/www.metalwireforms.com\/wp-content\/uploads\/2021\/10\/touch-spring-150x108.jpg 150w, https:\/\/www.metalwireforms.com\/wp-content\/uploads\/2021\/10\/touch-spring-768x554.jpg 768w, https:\/\/www.metalwireforms.com\/wp-content\/uploads\/2021\/10\/touch-spring-18x12.jpg 18w, https:\/\/www.metalwireforms.com\/wp-content\/uploads\/2021\/10\/touch-spring-600x433.jpg 600w\" sizes=\"(max-width: 961px) 100vw, 961px\" \/><figcaption id=\"caption-attachment-1836\" class=\"wp-caption-text\">ressort tactile<\/figcaption><\/figure>\n<h3>Caract\u00e9ristique<\/h3>\n<p>Les mat\u00e9riaux de produit couramment utilis\u00e9s sont les suivants\u00a0: fil d'acier au carbone piano, fil d'acier \u00e0 faible teneur en carbone, acier \u00e0 haute teneur en carbone, fil d'acier au mangan\u00e8se, fil de nickel, 60SizMNA, fil d'acier inoxydable pour ressorts et autres mat\u00e9riaux. Les rev\u00eatements de surface courants sont les suivants\u00a0: nickel respectueux de l'environnement, K blanc sans nickel, or direct, or inf\u00e9rieur, argent, bronze vert, argent ancien, etc.<\/p>\n<h3>Application<\/h3>\n<p>Convient pour cuisini\u00e8re \u00e0 induction, four \u00e0 convection, plaque de cuisson \u00e9lectrique, armoire de d\u00e9sinfection, hotte de cuisini\u00e8re, chauffe-eau, ventilateur de chauffage, machine \u00e0 laver les l\u00e9gumes, compteur de devises, masseur, four \u00e9lectrique, armoire \u00e0 vin \u00e9lectronique, distributeur d'eau et une s\u00e9rie de smart haut de gamme touchez le produit de petits appareils \u00e9lectrom\u00e9nagers.<\/p>","protected":false},"excerpt":{"rendered":"<p>Le ressort tactile fait r\u00e9f\u00e9rence \u00e0 un bouton \u00e0 ressort sp\u00e9cial d\u00e9di\u00e9 aux appareils \u00e9lectriques capacitifs et \u00e0 \u00e9cran tactile \u00e0 puce unique. Les ressorts tactiles sont \u00e9galement appel\u00e9s ressorts tactiles, ressorts de bouton et ressorts de contact.<\/p>","protected":false},"featured_media":1832,"template":"","meta":{"ocean_post_layout":"","ocean_both_sidebars_style":"","ocean_both_sidebars_content_width":0,"ocean_both_sidebars_sidebars_width":0,"ocean_sidebar":"0","ocean_second_sidebar":"0","ocean_disable_margins":"enable","ocean_add_body_class":"","ocean_shortcode_before_top_bar":"","ocean_shortcode_after_top_bar":"","ocean_shortcode_before_header":"","ocean_shortcode_after_header":"","ocean_has_shortcode":"","ocean_shortcode_after_title":"","ocean_shortcode_before_footer_widgets":"","ocean_shortcode_after_footer_widgets":"","ocean_shortcode_before_footer_bottom":"","ocean_shortcode_after_footer_bottom":"","ocean_display_top_bar":"default","ocean_display_header":"default","ocean_header_style":"","ocean_center_header_left_menu":"0","ocean_custom_header_template":"0","ocean_custom_logo":0,"ocean_custom_retina_logo":0,"ocean_custom_logo_max_width":0,"ocean_custom_logo_tablet_max_width":0,"ocean_custom_logo_mobile_max_width":0,"ocean_custom_logo_max_height":0,"ocean_custom_logo_tablet_max_height":0,"ocean_custom_logo_mobile_max_height":0,"ocean_header_custom_menu":"0","ocean_menu_typo_font_family":"0","ocean_menu_typo_font_subset":"","ocean_menu_typo_font_size":0,"ocean_menu_typo_font_size_tablet":0,"ocean_menu_typo_font_size_mobile":0,"ocean_menu_typo_font_size_unit":"px","ocean_menu_typo_font_weight":"","ocean_menu_typo_font_weight_tablet":"","ocean_menu_typo_font_weight_mobile":"","ocean_menu_typo_transform":"","ocean_menu_typo_transform_tablet":"","ocean_menu_typo_transform_mobile":"","ocean_menu_typo_line_height":0,"ocean_menu_typo_line_height_tablet":0,"ocean_menu_typo_line_height_mobile":0,"ocean_menu_typo_line_height_unit":"","ocean_menu_typo_spacing":0,"ocean_menu_typo_spacing_tablet":0,"ocean_menu_typo_spacing_mobile":0,"ocean_menu_typo_spacing_unit":"","ocean_menu_link_color":"","ocean_menu_link_color_hover":"","ocean_menu_link_color_active":"","ocean_menu_link_background":"","ocean_menu_link_hover_background":"","ocean_menu_link_active_background":"","ocean_menu_social_links_bg":"","ocean_menu_social_hover_links_bg":"","ocean_menu_social_links_color":"","ocean_menu_social_hover_links_color":"","ocean_disable_title":"default","ocean_disable_heading":"default","ocean_post_title":"","ocean_post_subheading":"","ocean_post_title_style":"","ocean_post_title_background_color":"","ocean_post_title_background":0,"ocean_post_title_bg_image_position":"","ocean_post_title_bg_image_attachment":"","ocean_post_title_bg_image_repeat":"","ocean_post_title_bg_image_size":"","ocean_post_title_height":0,"ocean_post_title_bg_overlay":0.5,"ocean_post_title_bg_overlay_color":"","ocean_disable_breadcrumbs":"default","ocean_breadcrumbs_color":"","ocean_breadcrumbs_separator_color":"","ocean_breadcrumbs_links_color":"","ocean_breadcrumbs_links_hover_color":"","ocean_display_footer_widgets":"default","ocean_display_footer_bottom":"default","ocean_custom_footer_template":"0","ofc_meta_disable_footer_callout":"","ofc_meta_callout_button_url":"","ofc_meta_callout_button_txt":"","ofc_meta_callout_text":"","osh_disable_topbar_sticky":"default","osh_disable_header_sticky":"default","osh_sticky_header_style":"default","osh_sticky_header_effect":"","osh_custom_sticky_logo":0,"osh_custom_retina_sticky_logo":0,"osh_custom_sticky_logo_height":0,"osh_background_color":"","osh_links_color":"","osh_links_hover_color":"","osh_links_active_color":"","osh_links_bg_color":"","osh_links_hover_bg_color":"","osh_links_active_bg_color":"","osh_menu_social_links_color":"","osh_menu_social_hover_links_color":""},"product_brand":[],"product_cat":[144,25],"product_tag":[112,113,111],"class_list":{"0":"post-1831","1":"product","2":"type-product","3":"status-publish","4":"has-post-thumbnail","6":"product_cat-custom-springs","7":"product_cat-custom-compression-springs","8":"product_tag-button-spring","9":"product_tag-contact-spring","10":"product_tag-touch-spring","12":"entry","13":"has-media","15":"first","16":"instock","17":"shipping-taxable","18":"product-type-external","19":"col","20":"span_1_of_3","21":"owp-content-center","22":"owp-thumbs-layout-horizontal","23":"owp-btn-very-big","24":"owp-tabs-layout-horizontal","25":"circle-sale"},"_links":{"self":[{"href":"https:\/\/www.metalwireforms.com\/fr\/wp-json\/wp\/v2\/product\/1831","targetHints":{"allow":["GET"]}}],"collection":[{"href":"https:\/\/www.metalwireforms.com\/fr\/wp-json\/wp\/v2\/product"}],"about":[{"href":"https:\/\/www.metalwireforms.com\/fr\/wp-json\/wp\/v2\/types\/product"}],"version-history":[{"count":1,"href":"https:\/\/www.metalwireforms.com\/fr\/wp-json\/wp\/v2\/product\/1831\/revisions"}],"predecessor-version":[{"id":1837,"href":"https:\/\/www.metalwireforms.com\/fr\/wp-json\/wp\/v2\/product\/1831\/revisions\/1837"}],"wp:featuredmedia":[{"embeddable":true,"href":"https:\/\/www.metalwireforms.com\/fr\/wp-json\/wp\/v2\/media\/1832"}],"wp:attachment":[{"href":"https:\/\/www.metalwireforms.com\/fr\/wp-json\/wp\/v2\/media?parent=1831"}],"wp:term":[{"taxonomy":"product_brand","embeddable":true,"href":"https:\/\/www.metalwireforms.com\/fr\/wp-json\/wp\/v2\/product_brand?post=1831"},{"taxonomy":"product_cat","embeddable":true,"href":"https:\/\/www.metalwireforms.com\/fr\/wp-json\/wp\/v2\/product_cat?post=1831"},{"taxonomy":"product_tag","embeddable":true,"href":"https:\/\/www.metalwireforms.com\/fr\/wp-json\/wp\/v2\/product_tag?post=1831"}],"curies":[{"name":"wp","href":"https:\/\/api.w.org\/{rel}","templated":true}]}}