{"id":1823,"date":"2021-10-25T08:20:58","date_gmt":"2021-10-25T08:20:58","guid":{"rendered":"https:\/\/www.xsmetalforming.com\/?post_type=product&#038;p=1823"},"modified":"2022-07-25T03:45:58","modified_gmt":"2022-07-25T03:45:58","slug":"custom-double-hook-metal-extension-spring","status":"publish","type":"product","link":"https:\/\/www.metalwireforms.com\/fr\/produit\/custom-double-hook-metal-extension-spring","title":{"rendered":"Ressort d'extension en m\u00e9tal \u00e0 double crochet personnalis\u00e9"},"content":{"rendered":"<p>Le ressort de traction appartient \u00e0 ce type de ressort h\u00e9lico\u00efdal, qui peut \u00e9galement \u00eatre appel\u00e9 \u00abressort de tension, ressort de tension en spirale, etc.\u00bb Chacun l'appelle diff\u00e9remment, et c'est un ressort indispensable dans notre quotidien. Est une sorte de ressort h\u00e9lico\u00efdal qui supporte une tension axiale. La diff\u00e9rence avec le ressort de compression est que le ressort de compression est une sorte de ressort h\u00e9lico\u00efdal qui supporte une pression axiale. Ensuite, le mat\u00e9riau du ressort de tension est g\u00e9n\u00e9ralement constitu\u00e9 d'un mat\u00e9riau de section transversale ronde. La diff\u00e9rence avec la conception du ressort de compression est qu'il y a deux autres \u00ab\u00a0crochets\u00a0\u00bb des deux c\u00f4t\u00e9s. Lorsque la bague n'est pas sous tension axiale, la bague et la bague sont dans un \u00e9tat ferm\u00e9.<\/p>\n<p>&nbsp;<\/p>\n<figure id=\"attachment_1828\" aria-describedby=\"caption-attachment-1828\" style=\"width: 960px\" class=\"wp-caption alignnone\"><img fetchpriority=\"high\" decoding=\"async\" class=\"size-full wp-image-1828\" src=\"https:\/\/www.metalwireforms.com\/wp-content\/uploads\/2021\/10\/extension-spring.jpg\" alt=\"ressort de rallonge\" width=\"960\" height=\"781\" srcset=\"https:\/\/www.metalwireforms.com\/wp-content\/uploads\/2021\/10\/extension-spring.jpg 960w, https:\/\/www.metalwireforms.com\/wp-content\/uploads\/2021\/10\/extension-spring-300x244.jpg 300w, https:\/\/www.metalwireforms.com\/wp-content\/uploads\/2021\/10\/extension-spring-150x122.jpg 150w, https:\/\/www.metalwireforms.com\/wp-content\/uploads\/2021\/10\/extension-spring-768x625.jpg 768w, https:\/\/www.metalwireforms.com\/wp-content\/uploads\/2021\/10\/extension-spring-15x12.jpg 15w, https:\/\/www.metalwireforms.com\/wp-content\/uploads\/2021\/10\/extension-spring-600x488.jpg 600w\" sizes=\"(max-width: 960px) 100vw, 960px\" \/><figcaption id=\"caption-attachment-1828\" class=\"wp-caption-text\">ressort de rallonge<\/figcaption><\/figure>\n<h3>Caract\u00e9ristique<\/h3>\n<p>Lorsque le ressort est soumis \u00e0 une force externe, il produira beaucoup d'\u00e9lasticit\u00e9 pour le d\u00e9former. Par cons\u00e9quent, le principe de fonctionnement d'un ressort de traction est oppos\u00e9 \u00e0 celui d'un ressort de compression. Le ressort de compression agit dans la direction oppos\u00e9e lorsqu'il est fortement comprim\u00e9, tandis que le ressort d'extension agit dans la direction oppos\u00e9e lorsqu'il est \u00e9tir\u00e9 ou tir\u00e9. Lorsque les deux extr\u00e9mit\u00e9s du ressort de tension sont s\u00e9par\u00e9es, le ressort les rapproche. Tout comme un ressort de compression. Les ressorts de traction absorbent et stockent \u00e9galement de l'\u00e9nergie, mais contrairement aux ressorts de compression, \u00e9tant donn\u00e9 que les ressorts sont soumis \u00e0 des forces externes, ils produiront une \u00e9lasticit\u00e9 relativement importante pour les d\u00e9former. Par cons\u00e9quent, les ressorts de traction sont largement utilis\u00e9s comme \u00e9l\u00e9ments \u00e9lastiques dans les avions.<\/p>\n<h3>Application<\/h3>\n<p>1. Contr\u00f4lez le mouvement des machines, telles que les ressorts de soupape dans les moteurs \u00e0 combustion interne, les ressorts de commande dans les embrayages, etc.<br \/>\n2. Absorber les vibrations et l'\u00e9nergie d'impact, telles que les ressorts tampons sous les voitures et les trains, les ressorts absorbant les vibrations dans les accouplements, etc.<br \/>\n3. Stocker et produire de l'\u00e9nergie sous forme de puissance, telle que des ressorts d'horloge, des ressorts d'armes \u00e0 feu, etc.<br \/>\n4. Utilis\u00e9 comme \u00e9l\u00e9ment de mesure de force, tel qu'un dynamom\u00e8tre, un ressort dans une balance \u00e0 ressort, etc. Le rapport entre la charge du ressort et la d\u00e9formation est appel\u00e9 rigidit\u00e9 du ressort. Plus la rigidit\u00e9 est grande, plus le ressort est dur.<\/p>","protected":false},"excerpt":{"rendered":"<p>Le ressort de traction appartient \u00e0 ce type de ressort h\u00e9lico\u00efdal, qui peut \u00e9galement \u00eatre appel\u00e9 \u00abressort de tension, ressort de tension en spirale, etc.\u00bb Chacun l'appelle diff\u00e9remment, et c'est un ressort indispensable dans notre quotidien.<\/p>","protected":false},"featured_media":1824,"template":"","meta":{"ocean_post_layout":"","ocean_both_sidebars_style":"","ocean_both_sidebars_content_width":0,"ocean_both_sidebars_sidebars_width":0,"ocean_sidebar":"0","ocean_second_sidebar":"0","ocean_disable_margins":"enable","ocean_add_body_class":"","ocean_shortcode_before_top_bar":"","ocean_shortcode_after_top_bar":"","ocean_shortcode_before_header":"","ocean_shortcode_after_header":"","ocean_has_shortcode":"","ocean_shortcode_after_title":"","ocean_shortcode_before_footer_widgets":"","ocean_shortcode_after_footer_widgets":"","ocean_shortcode_before_footer_bottom":"","ocean_shortcode_after_footer_bottom":"","ocean_display_top_bar":"default","ocean_display_header":"default","ocean_header_style":"","ocean_center_header_left_menu":"0","ocean_custom_header_template":"0","ocean_custom_logo":0,"ocean_custom_retina_logo":0,"ocean_custom_logo_max_width":0,"ocean_custom_logo_tablet_max_width":0,"ocean_custom_logo_mobile_max_width":0,"ocean_custom_logo_max_height":0,"ocean_custom_logo_tablet_max_height":0,"ocean_custom_logo_mobile_max_height":0,"ocean_header_custom_menu":"0","ocean_menu_typo_font_family":"0","ocean_menu_typo_font_subset":"","ocean_menu_typo_font_size":0,"ocean_menu_typo_font_size_tablet":0,"ocean_menu_typo_font_size_mobile":0,"ocean_menu_typo_font_size_unit":"px","ocean_menu_typo_font_weight":"","ocean_menu_typo_font_weight_tablet":"","ocean_menu_typo_font_weight_mobile":"","ocean_menu_typo_transform":"","ocean_menu_typo_transform_tablet":"","ocean_menu_typo_transform_mobile":"","ocean_menu_typo_line_height":0,"ocean_menu_typo_line_height_tablet":0,"ocean_menu_typo_line_height_mobile":0,"ocean_menu_typo_line_height_unit":"","ocean_menu_typo_spacing":0,"ocean_menu_typo_spacing_tablet":0,"ocean_menu_typo_spacing_mobile":0,"ocean_menu_typo_spacing_unit":"","ocean_menu_link_color":"","ocean_menu_link_color_hover":"","ocean_menu_link_color_active":"","ocean_menu_link_background":"","ocean_menu_link_hover_background":"","ocean_menu_link_active_background":"","ocean_menu_social_links_bg":"","ocean_menu_social_hover_links_bg":"","ocean_menu_social_links_color":"","ocean_menu_social_hover_links_color":"","ocean_disable_title":"default","ocean_disable_heading":"default","ocean_post_title":"","ocean_post_subheading":"","ocean_post_title_style":"","ocean_post_title_background_color":"","ocean_post_title_background":0,"ocean_post_title_bg_image_position":"","ocean_post_title_bg_image_attachment":"","ocean_post_title_bg_image_repeat":"","ocean_post_title_bg_image_size":"","ocean_post_title_height":0,"ocean_post_title_bg_overlay":0.5,"ocean_post_title_bg_overlay_color":"","ocean_disable_breadcrumbs":"default","ocean_breadcrumbs_color":"","ocean_breadcrumbs_separator_color":"","ocean_breadcrumbs_links_color":"","ocean_breadcrumbs_links_hover_color":"","ocean_display_footer_widgets":"default","ocean_display_footer_bottom":"default","ocean_custom_footer_template":"0","ofc_meta_disable_footer_callout":"","ofc_meta_callout_button_url":"","ofc_meta_callout_button_txt":"","ofc_meta_callout_text":"","osh_disable_topbar_sticky":"default","osh_disable_header_sticky":"default","osh_sticky_header_style":"default","osh_sticky_header_effect":"","osh_custom_sticky_logo":0,"osh_custom_retina_sticky_logo":0,"osh_custom_sticky_logo_height":0,"osh_background_color":"","osh_links_color":"","osh_links_hover_color":"","osh_links_active_color":"","osh_links_bg_color":"","osh_links_hover_bg_color":"","osh_links_active_bg_color":"","osh_menu_social_links_color":"","osh_menu_social_hover_links_color":""},"product_brand":[],"product_cat":[144,27],"product_tag":[110],"class_list":{"0":"post-1823","1":"product","2":"type-product","3":"status-publish","4":"has-post-thumbnail","6":"product_cat-custom-springs","7":"product_cat-custom-tension-springs","8":"product_tag-extension-spring","10":"entry","11":"has-media","13":"first","14":"instock","15":"shipping-taxable","16":"product-type-external","17":"col","18":"span_1_of_3","19":"owp-content-center","20":"owp-thumbs-layout-horizontal","21":"owp-btn-very-big","22":"owp-tabs-layout-horizontal","23":"circle-sale"},"_links":{"self":[{"href":"https:\/\/www.metalwireforms.com\/fr\/wp-json\/wp\/v2\/product\/1823","targetHints":{"allow":["GET"]}}],"collection":[{"href":"https:\/\/www.metalwireforms.com\/fr\/wp-json\/wp\/v2\/product"}],"about":[{"href":"https:\/\/www.metalwireforms.com\/fr\/wp-json\/wp\/v2\/types\/product"}],"version-history":[{"count":1,"href":"https:\/\/www.metalwireforms.com\/fr\/wp-json\/wp\/v2\/product\/1823\/revisions"}],"predecessor-version":[{"id":1829,"href":"https:\/\/www.metalwireforms.com\/fr\/wp-json\/wp\/v2\/product\/1823\/revisions\/1829"}],"wp:featuredmedia":[{"embeddable":true,"href":"https:\/\/www.metalwireforms.com\/fr\/wp-json\/wp\/v2\/media\/1824"}],"wp:attachment":[{"href":"https:\/\/www.metalwireforms.com\/fr\/wp-json\/wp\/v2\/media?parent=1823"}],"wp:term":[{"taxonomy":"product_brand","embeddable":true,"href":"https:\/\/www.metalwireforms.com\/fr\/wp-json\/wp\/v2\/product_brand?post=1823"},{"taxonomy":"product_cat","embeddable":true,"href":"https:\/\/www.metalwireforms.com\/fr\/wp-json\/wp\/v2\/product_cat?post=1823"},{"taxonomy":"product_tag","embeddable":true,"href":"https:\/\/www.metalwireforms.com\/fr\/wp-json\/wp\/v2\/product_tag?post=1823"}],"curies":[{"name":"wp","href":"https:\/\/api.w.org\/{rel}","templated":true}]}}