{"id":1124,"date":"2021-09-16T08:57:10","date_gmt":"2021-09-16T08:57:10","guid":{"rendered":"https:\/\/www.xsmetalforming.com\/?post_type=product&#038;p=1124"},"modified":"2022-07-25T02:56:21","modified_gmt":"2022-07-25T02:56:21","slug":"manufacturer-stainless-steel-multi-layer-wave-spring","status":"publish","type":"product","link":"https:\/\/www.metalwireforms.com\/fr\/produit\/fabricant-en-acier-inoxydable-multicouche-ressort-a-vagues","title":{"rendered":"Fabricant ressort ondul\u00e9 multicouche en acier inoxydable"},"content":{"rendered":"<p>Le ressort ondul\u00e9 est abr\u00e9g\u00e9 en ressort ondul\u00e9, qui est un \u00e9l\u00e9ment \u00e9lastique avec plusieurs pics et vall\u00e9es sur un anneau m\u00e9tallique mince. Il est g\u00e9n\u00e9ralement utilis\u00e9 dans les cas o\u00f9 la charge et la d\u00e9formation ne sont pas importantes, la rigidit\u00e9 du ressort doit \u00eatre faible et la pr\u00e9charge axiale requise. Les ressorts ondul\u00e9s sont particuli\u00e8rement adapt\u00e9s aux applications n\u00e9cessitant une r\u00e9duction de poids et aux applications limit\u00e9es par un petit espace d'installation.<\/p>\n<h3>Caract\u00e9ristique<\/h3>\n<p class=\" translation-block\">(1) La plage de rigidit\u00e9 est large, la capacit\u00e9 d'absorption des chocs est forte et le mat\u00e9riau par unit\u00e9 de volume a une grande capacit\u00e9 de d\u00e9formation.<br>\n(2) Il a les caract\u00e9ristiques de rigidit\u00e9 variable. La rigidit\u00e9 peut \u00eatre corrig\u00e9e en modifiant les diff\u00e9rentes combinaisons de hauteur, largeur et \u00e9paisseur de la cr\u00eate de la vague. La rigidit\u00e9 peut \u00e9galement \u00eatre ajust\u00e9e par le nombre de pi\u00e8ces combin\u00e9es.<br>\n(3) Par rapport au ressort \u00e0 disque, il pr\u00e9sente les avantages d'une r\u00e9sistance \u00e9lev\u00e9e, d'une bonne flexibilit\u00e9 et d'une forte r\u00e9sistance aux chocs.<br>\n(4) La taille de la structure est compacte, et sous les m\u00eames param\u00e8tres, l'espace d'installation est petit.<\/p>\n<p><img fetchpriority=\"high\" decoding=\"async\" class=\"wp-image-1130 size-full\" src=\"https:\/\/www.metalwireforms.com\/wp-content\/uploads\/2021\/09\/Wave-spring-6.jpg\" alt=\"Ressort \u00e0 ondes (6)\" width=\"750\" height=\"423\" srcset=\"https:\/\/www.metalwireforms.com\/wp-content\/uploads\/2021\/09\/Wave-spring-6.jpg 750w, https:\/\/www.metalwireforms.com\/wp-content\/uploads\/2021\/09\/Wave-spring-6-300x169.jpg 300w, https:\/\/www.metalwireforms.com\/wp-content\/uploads\/2021\/09\/Wave-spring-6-600x338.jpg 600w\" sizes=\"(max-width: 750px) 100vw, 750px\" \/><\/p>\n<h3>Application<\/h3>\n<p>Les domaines d'application typiques comprennent : l'automobile, les appareils \u00e9lectroniques, les si\u00e8ges de s\u00e9curit\u00e9, l'\u00e9quipement m\u00e9dical, l'a\u00e9rospatiale, les machines de pr\u00e9cision, les joints hydrauliques et les moteurs haut de gamme.<\/p>","protected":false},"excerpt":{"rendered":"<p>Xinsheng traite et produit divers types de ressorts ondul\u00e9s, de ressorts ondul\u00e9s \u00e0 garniture m\u00e9canique et des produits largement utilis\u00e9s dans les machines, les automobiles, les appareils \u00e9lectriques et d'autres industries. Le ressort ondul\u00e9 r\u00e9duit la hauteur du ressort de 50% pour \u00e9conomiser de l'espace et a la m\u00eame valeur de force et la m\u00eame d\u00e9formation que les ressorts h\u00e9lico\u00efdaux ordinaires.<\/p>","protected":false},"featured_media":1127,"template":"","meta":{"ocean_post_layout":"","ocean_both_sidebars_style":"","ocean_both_sidebars_content_width":0,"ocean_both_sidebars_sidebars_width":0,"ocean_sidebar":"0","ocean_second_sidebar":"0","ocean_disable_margins":"enable","ocean_add_body_class":"","ocean_shortcode_before_top_bar":"","ocean_shortcode_after_top_bar":"","ocean_shortcode_before_header":"","ocean_shortcode_after_header":"","ocean_has_shortcode":"","ocean_shortcode_after_title":"","ocean_shortcode_before_footer_widgets":"","ocean_shortcode_after_footer_widgets":"","ocean_shortcode_before_footer_bottom":"","ocean_shortcode_after_footer_bottom":"","ocean_display_top_bar":"default","ocean_display_header":"default","ocean_header_style":"","ocean_center_header_left_menu":"0","ocean_custom_header_template":"0","ocean_custom_logo":0,"ocean_custom_retina_logo":0,"ocean_custom_logo_max_width":0,"ocean_custom_logo_tablet_max_width":0,"ocean_custom_logo_mobile_max_width":0,"ocean_custom_logo_max_height":0,"ocean_custom_logo_tablet_max_height":0,"ocean_custom_logo_mobile_max_height":0,"ocean_header_custom_menu":"0","ocean_menu_typo_font_family":"0","ocean_menu_typo_font_subset":"","ocean_menu_typo_font_size":0,"ocean_menu_typo_font_size_tablet":0,"ocean_menu_typo_font_size_mobile":0,"ocean_menu_typo_font_size_unit":"px","ocean_menu_typo_font_weight":"","ocean_menu_typo_font_weight_tablet":"","ocean_menu_typo_font_weight_mobile":"","ocean_menu_typo_transform":"","ocean_menu_typo_transform_tablet":"","ocean_menu_typo_transform_mobile":"","ocean_menu_typo_line_height":0,"ocean_menu_typo_line_height_tablet":0,"ocean_menu_typo_line_height_mobile":0,"ocean_menu_typo_line_height_unit":"","ocean_menu_typo_spacing":0,"ocean_menu_typo_spacing_tablet":0,"ocean_menu_typo_spacing_mobile":0,"ocean_menu_typo_spacing_unit":"","ocean_menu_link_color":"","ocean_menu_link_color_hover":"","ocean_menu_link_color_active":"","ocean_menu_link_background":"","ocean_menu_link_hover_background":"","ocean_menu_link_active_background":"","ocean_menu_social_links_bg":"","ocean_menu_social_hover_links_bg":"","ocean_menu_social_links_color":"","ocean_menu_social_hover_links_color":"","ocean_disable_title":"default","ocean_disable_heading":"default","ocean_post_title":"","ocean_post_subheading":"","ocean_post_title_style":"","ocean_post_title_background_color":"","ocean_post_title_background":0,"ocean_post_title_bg_image_position":"","ocean_post_title_bg_image_attachment":"","ocean_post_title_bg_image_repeat":"","ocean_post_title_bg_image_size":"","ocean_post_title_height":0,"ocean_post_title_bg_overlay":0.5,"ocean_post_title_bg_overlay_color":"","ocean_disable_breadcrumbs":"default","ocean_breadcrumbs_color":"","ocean_breadcrumbs_separator_color":"","ocean_breadcrumbs_links_color":"","ocean_breadcrumbs_links_hover_color":"","ocean_display_footer_widgets":"default","ocean_display_footer_bottom":"default","ocean_custom_footer_template":"0","ofc_meta_disable_footer_callout":"","ofc_meta_callout_button_url":"","ofc_meta_callout_button_txt":"","ofc_meta_callout_text":"","osh_disable_topbar_sticky":"default","osh_disable_header_sticky":"default","osh_sticky_header_style":"default","osh_sticky_header_effect":"","osh_custom_sticky_logo":0,"osh_custom_retina_sticky_logo":0,"osh_custom_sticky_logo_height":0,"osh_background_color":"","osh_links_color":"","osh_links_hover_color":"","osh_links_active_color":"","osh_links_bg_color":"","osh_links_hover_bg_color":"","osh_links_active_bg_color":"","osh_menu_social_links_color":"","osh_menu_social_hover_links_color":""},"product_brand":[],"product_cat":[144,28],"product_tag":[59,60,58],"class_list":{"0":"post-1124","1":"product","2":"type-product","3":"status-publish","4":"has-post-thumbnail","6":"product_cat-custom-springs","7":"product_cat-custom-wave-springs","8":"product_tag-multilayer-springs","9":"product_tag-spring-wholesale","10":"product_tag-wave-spring","12":"entry","13":"has-media","15":"first","16":"instock","17":"shipping-taxable","18":"product-type-external","19":"col","20":"span_1_of_3","21":"owp-content-center","22":"owp-thumbs-layout-horizontal","23":"owp-btn-very-big","24":"owp-tabs-layout-horizontal","25":"circle-sale"},"_links":{"self":[{"href":"https:\/\/www.metalwireforms.com\/fr\/wp-json\/wp\/v2\/product\/1124","targetHints":{"allow":["GET"]}}],"collection":[{"href":"https:\/\/www.metalwireforms.com\/fr\/wp-json\/wp\/v2\/product"}],"about":[{"href":"https:\/\/www.metalwireforms.com\/fr\/wp-json\/wp\/v2\/types\/product"}],"version-history":[{"count":2,"href":"https:\/\/www.metalwireforms.com\/fr\/wp-json\/wp\/v2\/product\/1124\/revisions"}],"predecessor-version":[{"id":1134,"href":"https:\/\/www.metalwireforms.com\/fr\/wp-json\/wp\/v2\/product\/1124\/revisions\/1134"}],"wp:featuredmedia":[{"embeddable":true,"href":"https:\/\/www.metalwireforms.com\/fr\/wp-json\/wp\/v2\/media\/1127"}],"wp:attachment":[{"href":"https:\/\/www.metalwireforms.com\/fr\/wp-json\/wp\/v2\/media?parent=1124"}],"wp:term":[{"taxonomy":"product_brand","embeddable":true,"href":"https:\/\/www.metalwireforms.com\/fr\/wp-json\/wp\/v2\/product_brand?post=1124"},{"taxonomy":"product_cat","embeddable":true,"href":"https:\/\/www.metalwireforms.com\/fr\/wp-json\/wp\/v2\/product_cat?post=1124"},{"taxonomy":"product_tag","embeddable":true,"href":"https:\/\/www.metalwireforms.com\/fr\/wp-json\/wp\/v2\/product_tag?post=1124"}],"curies":[{"name":"wp","href":"https:\/\/api.w.org\/{rel}","templated":true}]}}