{"id":1101,"date":"2021-09-16T08:23:06","date_gmt":"2021-09-16T08:23:06","guid":{"rendered":"https:\/\/www.xsmetalforming.com\/?post_type=product&#038;p=1101"},"modified":"2022-09-01T06:48:52","modified_gmt":"2022-09-01T06:48:52","slug":"stainless-steel-304-torsion-spring-customized-manufacturer","status":"publish","type":"product","link":"https:\/\/www.metalwireforms.com\/fr\/produit\/acier-inoxydable-304-ressort-de-torsion-personnalise-fabricant","title":{"rendered":"Fabricant sur mesure de ressort de torsion en acier inoxydable 304"},"content":{"rendered":"<p>Le ressort de torsion est une sorte de structure d'accumulation m\u00e9canique, principalement utilis\u00e9e dans les balistes anciennes et autres arbal\u00e8tes. Le ressort de torsion accumule la force en tordant ou en faisant tourner le mat\u00e9riau \u00e9lastique avec un mat\u00e9riau souple et une plus grande t\u00e9nacit\u00e9, et l'utilise pour faire en sorte que le projectile poss\u00e8de une certaine \u00e9nergie m\u00e9canique.<\/p>\n<h3>Caract\u00e9ristique<\/h3>\n<p>Le ressort de torsion est un ressort qui supporte une d\u00e9formation de torsion, et sa partie active est \u00e9galement enroul\u00e9e \u00e9troitement en forme de spirale. La structure d'extr\u00e9mit\u00e9 du ressort de torsion est un bras de torsion usin\u00e9 en diverses formes, et non un anneau \u00e0 crochet. Le ressort de torsion utilise le principe du levier pour tordre ou faire pivoter le mat\u00e9riau \u00e9lastique souple et r\u00e9sistant, de sorte qu'il dispose d'une grande \u00e9nergie m\u00e9canique.<\/p>\n<p><img fetchpriority=\"high\" decoding=\"async\" class=\"alignnone wp-image-1111 size-full\" src=\"https:\/\/www.metalwireforms.com\/wp-content\/uploads\/2021\/09\/torsion-spring-5.jpg\" alt=\"ressort de torsion (5)\" width=\"762\" height=\"708\" srcset=\"https:\/\/www.metalwireforms.com\/wp-content\/uploads\/2021\/09\/torsion-spring-5.jpg 762w, https:\/\/www.metalwireforms.com\/wp-content\/uploads\/2021\/09\/torsion-spring-5-300x279.jpg 300w, https:\/\/www.metalwireforms.com\/wp-content\/uploads\/2021\/09\/torsion-spring-5-600x557.jpg 600w\" sizes=\"(max-width: 762px) 100vw, 762px\" \/><\/p>\n<h3>Application<\/h3>\n<p>Les ressorts \u00e0 ressort de compression sont utilis\u00e9s dans tout, des appareils m\u00e9nagers aux \u00e9quipements motoris\u00e9s, aux moteurs, etc., car il s'agit du type de ressort requis. Par la charge agissant sur eux ou leurs extr\u00e9mit\u00e9s sont comprim\u00e9es, le ressort de compression est comprim\u00e9 par la conception du fil essayant de ramener le ressort \u00e0 sa forme d'origine, de sorte que la charge est repouss\u00e9e. Principales directions d'application\u00a0: \u00e9quipement respiratoire m\u00e9dical, \u00e9quipement m\u00e9dical mobile, outils \u00e0 main, \u00e9quipement de soins \u00e0 domicile, absorption des chocs, ressorts de soupape de moteur.<\/p>","protected":false},"excerpt":{"rendered":"<p>Le ressort de torsion est une sorte de structure d'accumulation m\u00e9canique, principalement utilis\u00e9e dans les balistes anciennes et autres arbal\u00e8tes. Le ressort de torsion accumule la force en tordant ou en faisant tourner le mat\u00e9riau \u00e9lastique avec un mat\u00e9riau souple et une plus grande t\u00e9nacit\u00e9, et l'utilise pour faire en sorte que le projectile poss\u00e8de une certaine \u00e9nergie m\u00e9canique.<\/p>","protected":false},"featured_media":1109,"template":"","meta":{"ocean_post_layout":"","ocean_both_sidebars_style":"","ocean_both_sidebars_content_width":0,"ocean_both_sidebars_sidebars_width":0,"ocean_sidebar":"0","ocean_second_sidebar":"0","ocean_disable_margins":"enable","ocean_add_body_class":"","ocean_shortcode_before_top_bar":"","ocean_shortcode_after_top_bar":"","ocean_shortcode_before_header":"","ocean_shortcode_after_header":"","ocean_has_shortcode":"","ocean_shortcode_after_title":"","ocean_shortcode_before_footer_widgets":"","ocean_shortcode_after_footer_widgets":"","ocean_shortcode_before_footer_bottom":"","ocean_shortcode_after_footer_bottom":"","ocean_display_top_bar":"default","ocean_display_header":"default","ocean_header_style":"","ocean_center_header_left_menu":"0","ocean_custom_header_template":"0","ocean_custom_logo":0,"ocean_custom_retina_logo":0,"ocean_custom_logo_max_width":0,"ocean_custom_logo_tablet_max_width":0,"ocean_custom_logo_mobile_max_width":0,"ocean_custom_logo_max_height":0,"ocean_custom_logo_tablet_max_height":0,"ocean_custom_logo_mobile_max_height":0,"ocean_header_custom_menu":"0","ocean_menu_typo_font_family":"0","ocean_menu_typo_font_subset":"","ocean_menu_typo_font_size":0,"ocean_menu_typo_font_size_tablet":0,"ocean_menu_typo_font_size_mobile":0,"ocean_menu_typo_font_size_unit":"px","ocean_menu_typo_font_weight":"","ocean_menu_typo_font_weight_tablet":"","ocean_menu_typo_font_weight_mobile":"","ocean_menu_typo_transform":"","ocean_menu_typo_transform_tablet":"","ocean_menu_typo_transform_mobile":"","ocean_menu_typo_line_height":0,"ocean_menu_typo_line_height_tablet":0,"ocean_menu_typo_line_height_mobile":0,"ocean_menu_typo_line_height_unit":"","ocean_menu_typo_spacing":0,"ocean_menu_typo_spacing_tablet":0,"ocean_menu_typo_spacing_mobile":0,"ocean_menu_typo_spacing_unit":"","ocean_menu_link_color":"","ocean_menu_link_color_hover":"","ocean_menu_link_color_active":"","ocean_menu_link_background":"","ocean_menu_link_hover_background":"","ocean_menu_link_active_background":"","ocean_menu_social_links_bg":"","ocean_menu_social_hover_links_bg":"","ocean_menu_social_links_color":"","ocean_menu_social_hover_links_color":"","ocean_disable_title":"default","ocean_disable_heading":"default","ocean_post_title":"","ocean_post_subheading":"","ocean_post_title_style":"","ocean_post_title_background_color":"","ocean_post_title_background":0,"ocean_post_title_bg_image_position":"","ocean_post_title_bg_image_attachment":"","ocean_post_title_bg_image_repeat":"","ocean_post_title_bg_image_size":"","ocean_post_title_height":0,"ocean_post_title_bg_overlay":0.5,"ocean_post_title_bg_overlay_color":"","ocean_disable_breadcrumbs":"default","ocean_breadcrumbs_color":"","ocean_breadcrumbs_separator_color":"","ocean_breadcrumbs_links_color":"","ocean_breadcrumbs_links_hover_color":"","ocean_display_footer_widgets":"default","ocean_display_footer_bottom":"default","ocean_custom_footer_template":"0","ofc_meta_disable_footer_callout":"","ofc_meta_callout_button_url":"","ofc_meta_callout_button_txt":"","ofc_meta_callout_text":"","osh_disable_topbar_sticky":"default","osh_disable_header_sticky":"default","osh_sticky_header_style":"default","osh_sticky_header_effect":"","osh_custom_sticky_logo":0,"osh_custom_retina_sticky_logo":0,"osh_custom_sticky_logo_height":0,"osh_background_color":"","osh_links_color":"","osh_links_hover_color":"","osh_links_active_color":"","osh_links_bg_color":"","osh_links_hover_bg_color":"","osh_links_active_bg_color":"","osh_menu_social_links_color":"","osh_menu_social_hover_links_color":""},"product_brand":[],"product_cat":[144,26],"product_tag":[54,51,52],"class_list":{"0":"post-1101","1":"product","2":"type-product","3":"status-publish","4":"has-post-thumbnail","6":"product_cat-custom-springs","7":"product_cat-custom-torsion-springs","8":"product_tag-torsion-spring","9":"product_tag-torsion-spring-customization","10":"product_tag-torsion-spring-production","12":"entry","13":"has-media","15":"first","16":"instock","17":"shipping-taxable","18":"product-type-external","19":"col","20":"span_1_of_3","21":"owp-content-center","22":"owp-thumbs-layout-horizontal","23":"owp-btn-very-big","24":"owp-tabs-layout-horizontal","25":"circle-sale"},"_links":{"self":[{"href":"https:\/\/www.metalwireforms.com\/fr\/wp-json\/wp\/v2\/product\/1101","targetHints":{"allow":["GET"]}}],"collection":[{"href":"https:\/\/www.metalwireforms.com\/fr\/wp-json\/wp\/v2\/product"}],"about":[{"href":"https:\/\/www.metalwireforms.com\/fr\/wp-json\/wp\/v2\/types\/product"}],"version-history":[{"count":3,"href":"https:\/\/www.metalwireforms.com\/fr\/wp-json\/wp\/v2\/product\/1101\/revisions"}],"predecessor-version":[{"id":1113,"href":"https:\/\/www.metalwireforms.com\/fr\/wp-json\/wp\/v2\/product\/1101\/revisions\/1113"}],"wp:featuredmedia":[{"embeddable":true,"href":"https:\/\/www.metalwireforms.com\/fr\/wp-json\/wp\/v2\/media\/1109"}],"wp:attachment":[{"href":"https:\/\/www.metalwireforms.com\/fr\/wp-json\/wp\/v2\/media?parent=1101"}],"wp:term":[{"taxonomy":"product_brand","embeddable":true,"href":"https:\/\/www.metalwireforms.com\/fr\/wp-json\/wp\/v2\/product_brand?post=1101"},{"taxonomy":"product_cat","embeddable":true,"href":"https:\/\/www.metalwireforms.com\/fr\/wp-json\/wp\/v2\/product_cat?post=1101"},{"taxonomy":"product_tag","embeddable":true,"href":"https:\/\/www.metalwireforms.com\/fr\/wp-json\/wp\/v2\/product_tag?post=1101"}],"curies":[{"name":"wp","href":"https:\/\/api.w.org\/{rel}","templated":true}]}}