{"id":1088,"date":"2021-09-16T07:28:33","date_gmt":"2021-09-16T07:28:33","guid":{"rendered":"https:\/\/www.xsmetalforming.com\/?post_type=product&#038;p=1088"},"modified":"2022-09-12T07:32:09","modified_gmt":"2022-09-12T07:32:09","slug":"custom-stainless-steel-compression-spring-manufacturer","status":"publish","type":"product","link":"https:\/\/www.metalwireforms.com\/fr\/produit\/fabricant-de-ressorts-de-compression-en-acier-inoxydable-sur-mesure","title":{"rendered":"Fabricant de ressorts de compression en acier inoxydable sur mesure"},"content":{"rendered":"<p>Les ressorts de compression (ressorts de compression) sont des ressorts h\u00e9lico\u00efdaux sous pression. La plupart des mat\u00e9riaux utilis\u00e9s ont une section transversale circulaire et sont \u00e9galement lamin\u00e9s en bobines d'acier rectangulaires et multibrins. Les ressorts sont g\u00e9n\u00e9ralement de pas \u00e9gal. Les formes des ressorts de compression sont les suivantes\u00a0: formes cylindriques, coniques, convexes et concaves, et une petite quantit\u00e9 de formes non circulaires, etc., il existe un certain espace entre les spires du ressort de compression et le ressort se r\u00e9tracte et se d\u00e9forme lorsque soumis \u00e0 une charge externe pour stocker l'\u00e9nergie de d\u00e9formation.<\/p>\n<h3>Caract\u00e9ristique<\/h3>\n<p>Le ressort de compression offre une r\u00e9sistance \u00e0 la pression de charge externe. Les ressorts de compression sont g\u00e9n\u00e9ralement des fils m\u00e9talliques enroul\u00e9s avec des pas \u00e9gaux et des diam\u00e8tres de fil fixes. Les ressorts de compression utilisent plusieurs spires ouvertes pour fournir une r\u00e9sistance \u00e0 la charge externe (telle que la gravit\u00e9 appuyant sur une roue ou le corps appuyant sur un matelas). C'est-\u00e0-dire qu'ils repoussent pour r\u00e9sister \u00e0 la pression ext\u00e9rieure. Les ressorts de compression sont g\u00e9n\u00e9ralement des fils m\u00e9talliques enroul\u00e9s avec des pas \u00e9gaux et des diam\u00e8tres de fil fixes. De plus, il existe \u00e9galement des ressorts de compression coniques, ou une combinaison de ressorts coniques et lin\u00e9aires. Selon diff\u00e9rents domaines d'application, les ressorts de compression peuvent \u00eatre utilis\u00e9s pour r\u00e9sister \u00e0 la pression et\/ou stocker de l'\u00e9nergie. Le fil m\u00e9tallique rond est le ressort de compression le plus couramment utilis\u00e9, mais il existe \u00e9galement des ressorts de compression constitu\u00e9s de fils m\u00e9talliques carr\u00e9s, rectangulaires et de forme sp\u00e9ciale.<\/p>\n<p><img fetchpriority=\"high\" decoding=\"async\" class=\"alignnone wp-image-1008 size-full\" src=\"https:\/\/www.metalwireforms.com\/wp-content\/uploads\/2021\/09\/why-us-2.jpg\" alt=\"Usine de printemps\" width=\"1000\" height=\"667\" srcset=\"https:\/\/www.metalwireforms.com\/wp-content\/uploads\/2021\/09\/why-us-2.jpg 1000w, https:\/\/www.metalwireforms.com\/wp-content\/uploads\/2021\/09\/why-us-2-600x400.jpg 600w, https:\/\/www.metalwireforms.com\/wp-content\/uploads\/2021\/09\/why-us-2-300x200.jpg 300w, https:\/\/www.metalwireforms.com\/wp-content\/uploads\/2021\/09\/why-us-2-768x512.jpg 768w\" sizes=\"(max-width: 1000px) 100vw, 1000px\" \/><\/p>\n<h3>Application<\/h3>\n<p>Les ressorts \u00e0 ressort de compression sont utilis\u00e9s dans tout, des appareils m\u00e9nagers aux \u00e9quipements motoris\u00e9s, aux moteurs, etc., car il s'agit du type de ressort requis. Par la charge agissant sur eux ou leurs extr\u00e9mit\u00e9s sont comprim\u00e9es, le ressort de compression est comprim\u00e9 par la conception du fil essayant de ramener le ressort \u00e0 sa forme d'origine, de sorte que la charge est repouss\u00e9e. Principales directions d'application\u00a0: \u00e9quipement respiratoire m\u00e9dical, \u00e9quipement m\u00e9dical mobile, outils \u00e0 main, \u00e9quipement de soins \u00e0 domicile, absorption des chocs, ressorts de soupape de moteur.<\/p>","protected":false},"excerpt":{"rendered":"<p>Les ressorts de compression sont principalement circulaires dans la section transversale des mat\u00e9riaux utilis\u00e9s et sont \u00e9galement enroul\u00e9s avec des bobines d'acier rectangulaires et multibrins. Les ressorts sont g\u00e9n\u00e9ralement de m\u00eame pas et ressorts de compression. Il y a un certain \u00e9cart entre les spires du ressort. Lorsque le ressort est soumis \u00e0 une charge externe, le ressort se r\u00e9tracte et se d\u00e9forme pour stocker l'\u00e9nergie de d\u00e9formation.<\/p>","protected":false},"featured_media":1094,"template":"","meta":{"ocean_post_layout":"","ocean_both_sidebars_style":"","ocean_both_sidebars_content_width":0,"ocean_both_sidebars_sidebars_width":0,"ocean_sidebar":"0","ocean_second_sidebar":"0","ocean_disable_margins":"enable","ocean_add_body_class":"","ocean_shortcode_before_top_bar":"","ocean_shortcode_after_top_bar":"","ocean_shortcode_before_header":"","ocean_shortcode_after_header":"","ocean_has_shortcode":"","ocean_shortcode_after_title":"","ocean_shortcode_before_footer_widgets":"","ocean_shortcode_after_footer_widgets":"","ocean_shortcode_before_footer_bottom":"","ocean_shortcode_after_footer_bottom":"","ocean_display_top_bar":"default","ocean_display_header":"default","ocean_header_style":"","ocean_center_header_left_menu":"0","ocean_custom_header_template":"0","ocean_custom_logo":0,"ocean_custom_retina_logo":0,"ocean_custom_logo_max_width":0,"ocean_custom_logo_tablet_max_width":0,"ocean_custom_logo_mobile_max_width":0,"ocean_custom_logo_max_height":0,"ocean_custom_logo_tablet_max_height":0,"ocean_custom_logo_mobile_max_height":0,"ocean_header_custom_menu":"0","ocean_menu_typo_font_family":"0","ocean_menu_typo_font_subset":"","ocean_menu_typo_font_size":0,"ocean_menu_typo_font_size_tablet":0,"ocean_menu_typo_font_size_mobile":0,"ocean_menu_typo_font_size_unit":"px","ocean_menu_typo_font_weight":"","ocean_menu_typo_font_weight_tablet":"","ocean_menu_typo_font_weight_mobile":"","ocean_menu_typo_transform":"","ocean_menu_typo_transform_tablet":"","ocean_menu_typo_transform_mobile":"","ocean_menu_typo_line_height":0,"ocean_menu_typo_line_height_tablet":0,"ocean_menu_typo_line_height_mobile":0,"ocean_menu_typo_line_height_unit":"","ocean_menu_typo_spacing":0,"ocean_menu_typo_spacing_tablet":0,"ocean_menu_typo_spacing_mobile":0,"ocean_menu_typo_spacing_unit":"","ocean_menu_link_color":"","ocean_menu_link_color_hover":"","ocean_menu_link_color_active":"","ocean_menu_link_background":"","ocean_menu_link_hover_background":"","ocean_menu_link_active_background":"","ocean_menu_social_links_bg":"","ocean_menu_social_hover_links_bg":"","ocean_menu_social_links_color":"","ocean_menu_social_hover_links_color":"","ocean_disable_title":"default","ocean_disable_heading":"default","ocean_post_title":"","ocean_post_subheading":"","ocean_post_title_style":"","ocean_post_title_background_color":"","ocean_post_title_background":0,"ocean_post_title_bg_image_position":"","ocean_post_title_bg_image_attachment":"","ocean_post_title_bg_image_repeat":"","ocean_post_title_bg_image_size":"","ocean_post_title_height":0,"ocean_post_title_bg_overlay":0.5,"ocean_post_title_bg_overlay_color":"","ocean_disable_breadcrumbs":"default","ocean_breadcrumbs_color":"","ocean_breadcrumbs_separator_color":"","ocean_breadcrumbs_links_color":"","ocean_breadcrumbs_links_hover_color":"","ocean_display_footer_widgets":"default","ocean_display_footer_bottom":"default","ocean_custom_footer_template":"0","ofc_meta_disable_footer_callout":"","ofc_meta_callout_button_url":"","ofc_meta_callout_button_txt":"","ofc_meta_callout_text":"","osh_disable_topbar_sticky":"default","osh_disable_header_sticky":"default","osh_sticky_header_style":"default","osh_sticky_header_effect":"","osh_custom_sticky_logo":0,"osh_custom_retina_sticky_logo":0,"osh_custom_sticky_logo_height":0,"osh_background_color":"","osh_links_color":"","osh_links_hover_color":"","osh_links_active_color":"","osh_links_bg_color":"","osh_links_hover_bg_color":"","osh_links_active_bg_color":"","osh_menu_social_links_color":"","osh_menu_social_hover_links_color":""},"product_brand":[],"product_cat":[144,25],"product_tag":[47,48,50],"class_list":{"0":"post-1088","1":"product","2":"type-product","3":"status-publish","4":"has-post-thumbnail","6":"product_cat-custom-springs","7":"product_cat-custom-compression-springs","8":"product_tag-compressed-spring","9":"product_tag-spring-customization","10":"product_tag-spring-machine","12":"entry","13":"has-media","15":"first","16":"instock","17":"shipping-taxable","18":"product-type-external","19":"col","20":"span_1_of_3","21":"owp-content-center","22":"owp-thumbs-layout-horizontal","23":"owp-btn-very-big","24":"owp-tabs-layout-horizontal","25":"circle-sale"},"_links":{"self":[{"href":"https:\/\/www.metalwireforms.com\/fr\/wp-json\/wp\/v2\/product\/1088","targetHints":{"allow":["GET"]}}],"collection":[{"href":"https:\/\/www.metalwireforms.com\/fr\/wp-json\/wp\/v2\/product"}],"about":[{"href":"https:\/\/www.metalwireforms.com\/fr\/wp-json\/wp\/v2\/types\/product"}],"version-history":[{"count":2,"href":"https:\/\/www.metalwireforms.com\/fr\/wp-json\/wp\/v2\/product\/1088\/revisions"}],"predecessor-version":[{"id":2027,"href":"https:\/\/www.metalwireforms.com\/fr\/wp-json\/wp\/v2\/product\/1088\/revisions\/2027"}],"wp:featuredmedia":[{"embeddable":true,"href":"https:\/\/www.metalwireforms.com\/fr\/wp-json\/wp\/v2\/media\/1094"}],"wp:attachment":[{"href":"https:\/\/www.metalwireforms.com\/fr\/wp-json\/wp\/v2\/media?parent=1088"}],"wp:term":[{"taxonomy":"product_brand","embeddable":true,"href":"https:\/\/www.metalwireforms.com\/fr\/wp-json\/wp\/v2\/product_brand?post=1088"},{"taxonomy":"product_cat","embeddable":true,"href":"https:\/\/www.metalwireforms.com\/fr\/wp-json\/wp\/v2\/product_cat?post=1088"},{"taxonomy":"product_tag","embeddable":true,"href":"https:\/\/www.metalwireforms.com\/fr\/wp-json\/wp\/v2\/product_tag?post=1088"}],"curies":[{"name":"wp","href":"https:\/\/api.w.org\/{rel}","templated":true}]}}