{"id":904,"date":"2021-09-13T02:09:07","date_gmt":"2021-09-13T02:09:07","guid":{"rendered":"https:\/\/www.xsmetalforming.com\/?page_id=904"},"modified":"2021-09-27T01:44:48","modified_gmt":"2021-09-27T01:44:48","slug":"customized","status":"publish","type":"page","link":"https:\/\/www.metalwireforms.com\/fr\/personnalise","title":{"rendered":"Personnalis\u00e9"},"content":{"rendered":"<div data-elementor-type=\"wp-page\" data-elementor-id=\"904\" class=\"elementor elementor-904\">\n\t\t\t\t\t\t<section class=\"elementor-section elementor-top-section elementor-element elementor-element-704f311 elementor-section-boxed elementor-section-height-default elementor-section-height-default\" data-id=\"704f311\" data-element_type=\"section\">\n\t\t\t\t\t\t<div class=\"elementor-container elementor-column-gap-default\">\n\t\t\t\t\t<div class=\"elementor-column elementor-col-50 elementor-top-column elementor-element elementor-element-862c3e2\" data-id=\"862c3e2\" data-element_type=\"column\">\n\t\t\t<div class=\"elementor-widget-wrap elementor-element-populated\">\n\t\t\t\t\t\t<div class=\"elementor-element elementor-element-d520724 elementor-widget elementor-widget-image\" data-id=\"d520724\" data-element_type=\"widget\" data-widget_type=\"image.default\">\n\t\t\t\t<div class=\"elementor-widget-container\">\n\t\t\t\t\t\t\t\t\t\t\t\t\t\t\t<img fetchpriority=\"high\" decoding=\"async\" width=\"800\" height=\"533\" src=\"https:\/\/www.metalwireforms.com\/wp-content\/uploads\/2021\/09\/custom-compression-spring.jpg\" class=\"attachment-full size-full wp-image-1366\" alt=\"ressort de compression personnalis\u00e9\" srcset=\"https:\/\/www.metalwireforms.com\/wp-content\/uploads\/2021\/09\/custom-compression-spring.jpg 800w, https:\/\/www.metalwireforms.com\/wp-content\/uploads\/2021\/09\/custom-compression-spring-300x200.jpg 300w, https:\/\/www.metalwireforms.com\/wp-content\/uploads\/2021\/09\/custom-compression-spring-150x100.jpg 150w, https:\/\/www.metalwireforms.com\/wp-content\/uploads\/2021\/09\/custom-compression-spring-768x512.jpg 768w, https:\/\/www.metalwireforms.com\/wp-content\/uploads\/2021\/09\/custom-compression-spring-600x400.jpg 600w\" sizes=\"(max-width: 800px) 100vw, 800px\" \/>\t\t\t\t\t\t\t\t\t\t\t\t\t\t\t<\/div>\n\t\t\t\t<\/div>\n\t\t\t\t\t<\/div>\n\t\t<\/div>\n\t\t\t\t<div class=\"elementor-column elementor-col-50 elementor-top-column elementor-element elementor-element-65ced35\" data-id=\"65ced35\" data-element_type=\"column\" data-settings=\"{&quot;background_background&quot;:&quot;classic&quot;}\">\n\t\t\t<div class=\"elementor-widget-wrap elementor-element-populated\">\n\t\t\t\t\t\t<div class=\"elementor-element elementor-element-4300bbb elementor-widget elementor-widget-text-editor\" data-id=\"4300bbb\" data-element_type=\"widget\" data-widget_type=\"text-editor.default\">\n\t\t\t\t<div class=\"elementor-widget-container\">\n\t\t\t\t\t\t\t\t\t<p class=\" translation-block\"><strong> POURQUOI NOUS CHOISIR POUR PERSONNALISER\u00a0?<\/strong><br> Notre \u00e9quipement de test de production auto-d\u00e9velopp\u00e9 dispose d'une \u00e9quipe technique senior avec plus de 10 ans d'exp\u00e9rience.<br> Nous s\u00e9lectionnons soigneusement les mat\u00e9riaux pour assurer une longue dur\u00e9e de vie, solide duret\u00e9, forte flexibilit\u00e9 et r\u00e9sistance \u00e0 la corrosion.<br>Tout d'abord, les mati\u00e8res premi\u00e8res doivent \u00eatre test\u00e9es. Deuxi\u00e8mement, une fois que le test au sel et l'inspection compl\u00e8te du produit ont atteint la norme, cela est confirm\u00e9 par un comptage manuel, une balance de comptage et une balance de plate-forme pour garantir que le produit est garanti en qualit\u00e9 et en quantit\u00e9.<br>Chaque type d'emballage est compos\u00e9 de cartons de boutique sp\u00e9ciaux de haute qualit\u00e9 ou sacs \u00e0 double couche en nylon, qui peuvent \u00eatre personnalis\u00e9s selon les exigences du client.<br>Nous exp\u00e9dions dans les 3 \u00e0 7 jours pour vous d\u00e8s que possible, et nous coop\u00e9rons avec une logistique professionnelle, rapide et assurez-vous que les marchandises vous sont livr\u00e9es dans les plus brefs d\u00e9lais.<br>Nous vous fournissons des services de suivi de haute qualit\u00e9 tout au long du processus, de l'\u00e9preuvage, la confirmation des \u00e9chantillons \u00e0 la production en s\u00e9rie.<\/p>\t\t\t\t\t\t\t\t<\/div>\n\t\t\t\t<\/div>\n\t\t\t\t\t<\/div>\n\t\t<\/div>\n\t\t\t\t\t<\/div>\n\t\t<\/section>\n\t\t\t\t<section class=\"elementor-section elementor-top-section elementor-element elementor-element-14e934a elementor-section-boxed elementor-section-height-default elementor-section-height-default\" data-id=\"14e934a\" data-element_type=\"section\">\n\t\t\t\t\t\t<div class=\"elementor-container elementor-column-gap-default\">\n\t\t\t\t\t<div class=\"elementor-column elementor-col-50 elementor-top-column elementor-element elementor-element-62891bc\" data-id=\"62891bc\" data-element_type=\"column\" data-settings=\"{&quot;background_background&quot;:&quot;classic&quot;}\">\n\t\t\t<div class=\"elementor-widget-wrap elementor-element-populated\">\n\t\t\t\t\t\t<div class=\"elementor-element elementor-element-ba40b6b elementor-widget elementor-widget-text-editor\" data-id=\"ba40b6b\" data-element_type=\"widget\" data-widget_type=\"text-editor.default\">\n\t\t\t\t<div class=\"elementor-widget-container\">\n\t\t\t\t\t\t\t\t\t<p class=\" translation-block\"><strong>PROCESSUS DE PERSONNALISATION<\/strong><br>1) Les clients envoient des demandes de renseignements, consultent des \u00e9chantillons ou des dessins.<br>2) Fournissent des exemples de dessins, y compris les informations de param\u00e8tre n\u00e9cessaires pour le jaune de printemps, telles que le diam\u00e8tre du fil, le diam\u00e8tre ext\u00e9rieur, la longueur , nombre de tours, etc.<br>3) Le personnel du service client \u00e9value et propose des devis en fonction des exigences personnalis\u00e9es du client.<br>4) Le client confirme le projet et le devis personnalis\u00e9s, y compris les mat\u00e9riaux de production et les processus de production.<br> 5) L'\u00e9preuvage est termin\u00e9 et envoy\u00e9 au client pour confirmer qu'il r\u00e9pond aux exigences.<br>6) Confirmez le contrat, livrez le d\u00e9p\u00f4t et nous produirons les articles personnalis\u00e9s.<br>7) Une fois la production termin\u00e9e , nous emballons les produits finis et les pr\u00e9parons pour l'exp\u00e9dition.<br>8) Une fois que le client a re\u00e7u l'avis d'ach\u00e8vement de la production et de l'emballage, et a pay\u00e9 le solde, nous organiserons la livraison.<\/p>\t\t\t\t\t\t\t\t<\/div>\n\t\t\t\t<\/div>\n\t\t\t\t\t<\/div>\n\t\t<\/div>\n\t\t\t\t<div class=\"elementor-column elementor-col-50 elementor-top-column elementor-element elementor-element-06f9a13\" data-id=\"06f9a13\" data-element_type=\"column\">\n\t\t\t<div class=\"elementor-widget-wrap elementor-element-populated\">\n\t\t\t\t\t\t<div class=\"elementor-element elementor-element-857bd92 elementor-widget elementor-widget-image\" data-id=\"857bd92\" data-element_type=\"widget\" data-widget_type=\"image.default\">\n\t\t\t\t<div class=\"elementor-widget-container\">\n\t\t\t\t\t\t\t\t\t\t\t\t\t\t\t<img decoding=\"async\" width=\"800\" height=\"533\" src=\"https:\/\/www.metalwireforms.com\/wp-content\/uploads\/2021\/09\/custom-torsion-spring.jpg\" class=\"attachment-full size-full wp-image-1368\" alt=\"ressort de torsion personnalis\u00e9\" srcset=\"https:\/\/www.metalwireforms.com\/wp-content\/uploads\/2021\/09\/custom-torsion-spring.jpg 800w, https:\/\/www.metalwireforms.com\/wp-content\/uploads\/2021\/09\/custom-torsion-spring-300x200.jpg 300w, https:\/\/www.metalwireforms.com\/wp-content\/uploads\/2021\/09\/custom-torsion-spring-150x100.jpg 150w, https:\/\/www.metalwireforms.com\/wp-content\/uploads\/2021\/09\/custom-torsion-spring-768x512.jpg 768w, https:\/\/www.metalwireforms.com\/wp-content\/uploads\/2021\/09\/custom-torsion-spring-600x400.jpg 600w\" sizes=\"(max-width: 800px) 100vw, 800px\" \/>\t\t\t\t\t\t\t\t\t\t\t\t\t\t\t<\/div>\n\t\t\t\t<\/div>\n\t\t\t\t\t<\/div>\n\t\t<\/div>\n\t\t\t\t\t<\/div>\n\t\t<\/section>\n\t\t\t\t<section class=\"elementor-section elementor-top-section elementor-element elementor-element-f72f75d elementor-section-boxed elementor-section-height-default elementor-section-height-default\" data-id=\"f72f75d\" data-element_type=\"section\">\n\t\t\t\t\t\t<div class=\"elementor-container elementor-column-gap-default\">\n\t\t\t\t\t<div class=\"elementor-column elementor-col-50 elementor-top-column elementor-element elementor-element-e98d616\" data-id=\"e98d616\" data-element_type=\"column\">\n\t\t\t<div class=\"elementor-widget-wrap elementor-element-populated\">\n\t\t\t\t\t\t<div class=\"elementor-element elementor-element-a8d1016 elementor-widget elementor-widget-image\" data-id=\"a8d1016\" data-element_type=\"widget\" data-widget_type=\"image.default\">\n\t\t\t\t<div class=\"elementor-widget-container\">\n\t\t\t\t\t\t\t\t\t\t\t\t\t\t\t<img decoding=\"async\" width=\"800\" height=\"534\" src=\"https:\/\/www.metalwireforms.com\/wp-content\/uploads\/2021\/09\/custom-metal-hook.jpg\" class=\"attachment-full size-full wp-image-1369\" alt=\"crochet m\u00e9tallique personnalis\u00e9\" srcset=\"https:\/\/www.metalwireforms.com\/wp-content\/uploads\/2021\/09\/custom-metal-hook.jpg 800w, https:\/\/www.metalwireforms.com\/wp-content\/uploads\/2021\/09\/custom-metal-hook-300x200.jpg 300w, https:\/\/www.metalwireforms.com\/wp-content\/uploads\/2021\/09\/custom-metal-hook-150x100.jpg 150w, https:\/\/www.metalwireforms.com\/wp-content\/uploads\/2021\/09\/custom-metal-hook-768x513.jpg 768w, https:\/\/www.metalwireforms.com\/wp-content\/uploads\/2021\/09\/custom-metal-hook-600x401.jpg 600w\" sizes=\"(max-width: 800px) 100vw, 800px\" \/>\t\t\t\t\t\t\t\t\t\t\t\t\t\t\t<\/div>\n\t\t\t\t<\/div>\n\t\t\t\t\t<\/div>\n\t\t<\/div>\n\t\t\t\t<div class=\"elementor-column elementor-col-50 elementor-top-column elementor-element elementor-element-1e35dd1\" data-id=\"1e35dd1\" data-element_type=\"column\" data-settings=\"{&quot;background_background&quot;:&quot;classic&quot;}\">\n\t\t\t<div class=\"elementor-widget-wrap elementor-element-populated\">\n\t\t\t\t\t\t<div class=\"elementor-element elementor-element-50f5315 elementor-widget elementor-widget-text-editor\" data-id=\"50f5315\" data-element_type=\"widget\" data-widget_type=\"text-editor.default\">\n\t\t\t\t<div class=\"elementor-widget-container\">\n\t\t\t\t\t\t\t\t\t<p class=\" translation-block\"><strong>MAT\u00c9RIAU DU RESSORT<\/strong><br>Les mat\u00e9riaux du ressort sont tr\u00e8s divers. \u00c0 partir des qualit\u00e9s de mat\u00e9riaux, ils peuvent \u00eatre simplement divis\u00e9s en : s\u00e9rie d'acier \u00e0 haute teneur en carbone, s\u00e9rie d'acier inoxydable, s\u00e9rie d'alliage tremp\u00e9 \u00e0 l'huile, s\u00e9rie d'alliage de cuivre, s\u00e9rie d'alliage nickel-chrome, s\u00e9rie d'alliage nickel-cobalt, molybd\u00e8ne titane et autres s\u00e9ries d'alliages sp\u00e9ciaux. Ils peuvent \u00eatre subdivis\u00e9s en : fil d'acier \u00e0 haute teneur en carbone, fil d'acier \u00e0 piano, fil d'acier inoxydable solidifi\u00e9 par pr\u00e9cipitation, fil d'acier inoxydable bidirectionnel, fil de cuivre au b\u00e9ryllium argent\u00e9, alliage de nickel \u00e0 base de fer, alliage de molybd\u00e8ne complexe cobalt-nickel, alliage de titane fil, fil d'alliage m\u00e9dical.<br>Selon la classification d'utilisation la plus courante, nous pouvons les diviser en deux cat\u00e9gories principales : les mat\u00e9riaux principaux couramment utilis\u00e9s et les mat\u00e9riaux raffin\u00e9s sp\u00e9ciaux. Les mati\u00e8res principales couramment utilis\u00e9es sont les mati\u00e8res les plus couramment utilis\u00e9es pour plus de 80 % de la production quotidienne. Nos exigences pour cela sont une excellente qualit\u00e9, stabilit\u00e9 et fiabilit\u00e9. Lorsque nous utilisons de tels mat\u00e9riaux principaux, nous d\u00e9signons des marques et des num\u00e9ros de marque de renomm\u00e9e internationale pour garantir la qualit\u00e9 des produits. Des mat\u00e9riaux fins sp\u00e9ciaux sont principalement utilis\u00e9s pour r\u00e9pondre aux exigences particuli\u00e8res des clients en mati\u00e8re de performances de ressort.<\/p>\t\t\t\t\t\t\t\t<\/div>\n\t\t\t\t<\/div>\n\t\t\t\t\t<\/div>\n\t\t<\/div>\n\t\t\t\t\t<\/div>\n\t\t<\/section>\n\t\t\t\t<section class=\"elementor-section elementor-top-section elementor-element elementor-element-3327abe elementor-section-boxed elementor-section-height-default elementor-section-height-default\" data-id=\"3327abe\" data-element_type=\"section\">\n\t\t\t\t\t\t<div class=\"elementor-container elementor-column-gap-default\">\n\t\t\t\t\t<div class=\"elementor-column elementor-col-50 elementor-top-column elementor-element elementor-element-a9ea76c\" data-id=\"a9ea76c\" data-element_type=\"column\" data-settings=\"{&quot;background_background&quot;:&quot;classic&quot;}\">\n\t\t\t<div class=\"elementor-widget-wrap elementor-element-populated\">\n\t\t\t\t\t\t<div class=\"elementor-element elementor-element-7823e3c elementor-widget elementor-widget-text-editor\" data-id=\"7823e3c\" data-element_type=\"widget\" data-widget_type=\"text-editor.default\">\n\t\t\t\t<div class=\"elementor-widget-container\">\n\t\t\t\t\t\t\t\t\t<p class=\" translation-block\"><strong>PROCESSUS DE PRODUCTION<\/strong><br>La technologie de traitement comprend\u00a0: la technologie d'enroulement, la technologie d'emboutissage, la technologie de sertissage, la technologie d'assemblage de saule, la technologie composite. La fonction principale est de s'assurer que le ressort est enroul\u00e9 ou d\u00e9coup\u00e9 dans la forme et la taille requises.<br>Le processus de traitement thermique comprend\u00a0: un revenu \u00e0 moyenne et basse temp\u00e9rature, une trempe et un revenu \u00e0 haute temp\u00e9rature, un bain de sel de plomb, un vieillissement en solution solide . La fonction principale est d'am\u00e9liorer consid\u00e9rablement les propri\u00e9t\u00e9s pertinentes du mat\u00e9riau.<br>Le processus de post-traitement comprend\u00a0: le pr\u00e9-pressage, la d\u00e9formation r\u00e9serv\u00e9e, le pressage \u00e0 chaud, le meulage par vibration, le polissage. La fonction principale est d'am\u00e9liorer les performances du ressort et d'am\u00e9liorer l'apparence du ressort.<br>Les processus de traitement de surface comprennent\u00a0: la galvanoplastie du zinc, du nickel, du chrome, de l'or, de l'argent\u00a0; Dacromet et G\u00e9omet ; \u00e9lectrophor\u00e8se et pulv\u00e9risation; Saponification au t\u00e9flon et phosphatation\u00a0; flocage et encapsulation. La fonction principale est d'am\u00e9liorer la r\u00e9sistance \u00e0 la corrosion, la duret\u00e9, la r\u00e9sistance \u00e0 l'usure et la conductivit\u00e9 \u00e9lectrique de sa surface, et cela peut \u00e9galement \u00eatre pour l'esth\u00e9tique de la surface.<\/p>\t\t\t\t\t\t\t\t<\/div>\n\t\t\t\t<\/div>\n\t\t\t\t\t<\/div>\n\t\t<\/div>\n\t\t\t\t<div class=\"elementor-column elementor-col-50 elementor-top-column elementor-element elementor-element-55f0690\" data-id=\"55f0690\" data-element_type=\"column\">\n\t\t\t<div class=\"elementor-widget-wrap elementor-element-populated\">\n\t\t\t\t\t\t<div class=\"elementor-element elementor-element-29f53a0 elementor-widget elementor-widget-image\" data-id=\"29f53a0\" data-element_type=\"widget\" data-widget_type=\"image.default\">\n\t\t\t\t<div class=\"elementor-widget-container\">\n\t\t\t\t\t\t\t\t\t\t\t\t\t\t\t<img loading=\"lazy\" decoding=\"async\" width=\"800\" height=\"533\" src=\"https:\/\/www.metalwireforms.com\/wp-content\/uploads\/2021\/09\/custom-metal-clip-.jpg\" class=\"attachment-full size-full wp-image-1367\" alt=\"clip m\u00e9tallique personnalis\u00e9\" srcset=\"https:\/\/www.metalwireforms.com\/wp-content\/uploads\/2021\/09\/custom-metal-clip-.jpg 800w, https:\/\/www.metalwireforms.com\/wp-content\/uploads\/2021\/09\/custom-metal-clip--300x200.jpg 300w, https:\/\/www.metalwireforms.com\/wp-content\/uploads\/2021\/09\/custom-metal-clip--150x100.jpg 150w, https:\/\/www.metalwireforms.com\/wp-content\/uploads\/2021\/09\/custom-metal-clip--768x512.jpg 768w, https:\/\/www.metalwireforms.com\/wp-content\/uploads\/2021\/09\/custom-metal-clip--600x400.jpg 600w\" sizes=\"(max-width: 800px) 100vw, 800px\" \/>\t\t\t\t\t\t\t\t\t\t\t\t\t\t\t<\/div>\n\t\t\t\t<\/div>\n\t\t\t\t\t<\/div>\n\t\t<\/div>\n\t\t\t\t\t<\/div>\n\t\t<\/section>\n\t\t\t\t<\/div>","protected":false},"excerpt":{"rendered":"<p>POURQUOI NOUS CHOISIR POUR PERSONNALISER ? Notre \u00e9quipement de test de production auto-d\u00e9velopp\u00e9 dispose d'une \u00e9quipe technique senior avec plus de 10 ans d'exp\u00e9rience.Nous s\u00e9lectionnons soigneusement les mat\u00e9riaux pour assurer une longue dur\u00e9e de vie, une forte duret\u00e9, une grande flexibilit\u00e9 et une r\u00e9sistance \u00e0 la corrosion.Tout d'abord, les mati\u00e8res premi\u00e8res doivent \u00eatre test\u00e9es. Ensuite, apr\u00e8s le test au sel et l'inspection compl\u00e8te du produit [...]<\/p>","protected":false},"author":1,"featured_media":0,"parent":0,"menu_order":0,"comment_status":"closed","ping_status":"closed","template":"elementor_header_footer","meta":{"ocean_post_layout":"","ocean_both_sidebars_style":"","ocean_both_sidebars_content_width":0,"ocean_both_sidebars_sidebars_width":0,"ocean_sidebar":"0","ocean_second_sidebar":"0","ocean_disable_margins":"enable","ocean_add_body_class":"","ocean_shortcode_before_top_bar":"","ocean_shortcode_after_top_bar":"","ocean_shortcode_before_header":"","ocean_shortcode_after_header":"","ocean_has_shortcode":"","ocean_shortcode_after_title":"","ocean_shortcode_before_footer_widgets":"","ocean_shortcode_after_footer_widgets":"","ocean_shortcode_before_footer_bottom":"","ocean_shortcode_after_footer_bottom":"","ocean_display_top_bar":"default","ocean_display_header":"default","ocean_header_style":"","ocean_center_header_left_menu":"0","ocean_custom_header_template":"0","ocean_custom_logo":0,"ocean_custom_retina_logo":0,"ocean_custom_logo_max_width":0,"ocean_custom_logo_tablet_max_width":0,"ocean_custom_logo_mobile_max_width":0,"ocean_custom_logo_max_height":0,"ocean_custom_logo_tablet_max_height":0,"ocean_custom_logo_mobile_max_height":0,"ocean_header_custom_menu":"0","ocean_menu_typo_font_family":"0","ocean_menu_typo_font_subset":"","ocean_menu_typo_font_size":0,"ocean_menu_typo_font_size_tablet":0,"ocean_menu_typo_font_size_mobile":0,"ocean_menu_typo_font_size_unit":"px","ocean_menu_typo_font_weight":"","ocean_menu_typo_font_weight_tablet":"","ocean_menu_typo_font_weight_mobile":"","ocean_menu_typo_transform":"","ocean_menu_typo_transform_tablet":"","ocean_menu_typo_transform_mobile":"","ocean_menu_typo_line_height":0,"ocean_menu_typo_line_height_tablet":0,"ocean_menu_typo_line_height_mobile":0,"ocean_menu_typo_line_height_unit":"","ocean_menu_typo_spacing":0,"ocean_menu_typo_spacing_tablet":0,"ocean_menu_typo_spacing_mobile":0,"ocean_menu_typo_spacing_unit":"","ocean_menu_link_color":"","ocean_menu_link_color_hover":"","ocean_menu_link_color_active":"","ocean_menu_link_background":"","ocean_menu_link_hover_background":"","ocean_menu_link_active_background":"","ocean_menu_social_links_bg":"","ocean_menu_social_hover_links_bg":"","ocean_menu_social_links_color":"","ocean_menu_social_hover_links_color":"","ocean_disable_title":"default","ocean_disable_heading":"default","ocean_post_title":"","ocean_post_subheading":"","ocean_post_title_style":"","ocean_post_title_background_color":"","ocean_post_title_background":0,"ocean_post_title_bg_image_position":"","ocean_post_title_bg_image_attachment":"","ocean_post_title_bg_image_repeat":"","ocean_post_title_bg_image_size":"","ocean_post_title_height":0,"ocean_post_title_bg_overlay":0.5,"ocean_post_title_bg_overlay_color":"","ocean_disable_breadcrumbs":"default","ocean_breadcrumbs_color":"","ocean_breadcrumbs_separator_color":"","ocean_breadcrumbs_links_color":"","ocean_breadcrumbs_links_hover_color":"","ocean_display_footer_widgets":"default","ocean_display_footer_bottom":"default","ocean_custom_footer_template":"0","ofc_meta_disable_footer_callout":"","ofc_meta_callout_button_url":"","ofc_meta_callout_button_txt":"","ofc_meta_callout_text":"","osh_disable_topbar_sticky":"default","osh_disable_header_sticky":"default","osh_sticky_header_style":"default","osh_sticky_header_effect":"","osh_custom_sticky_logo":0,"osh_custom_retina_sticky_logo":0,"osh_custom_sticky_logo_height":0,"osh_background_color":"","osh_links_color":"","osh_links_hover_color":"","osh_links_active_color":"","osh_links_bg_color":"","osh_links_hover_bg_color":"","osh_links_active_bg_color":"","osh_menu_social_links_color":"","osh_menu_social_hover_links_color":"","footnotes":""},"class_list":["post-904","page","type-page","status-publish","hentry","entry","owp-thumbs-layout-horizontal","owp-btn-very-big","owp-tabs-layout-horizontal","has-no-thumbnails","circle-sale"],"_links":{"self":[{"href":"https:\/\/www.metalwireforms.com\/fr\/wp-json\/wp\/v2\/pages\/904","targetHints":{"allow":["GET"]}}],"collection":[{"href":"https:\/\/www.metalwireforms.com\/fr\/wp-json\/wp\/v2\/pages"}],"about":[{"href":"https:\/\/www.metalwireforms.com\/fr\/wp-json\/wp\/v2\/types\/page"}],"author":[{"embeddable":true,"href":"https:\/\/www.metalwireforms.com\/fr\/wp-json\/wp\/v2\/users\/1"}],"replies":[{"embeddable":true,"href":"https:\/\/www.metalwireforms.com\/fr\/wp-json\/wp\/v2\/comments?post=904"}],"version-history":[{"count":22,"href":"https:\/\/www.metalwireforms.com\/fr\/wp-json\/wp\/v2\/pages\/904\/revisions"}],"predecessor-version":[{"id":1516,"href":"https:\/\/www.metalwireforms.com\/fr\/wp-json\/wp\/v2\/pages\/904\/revisions\/1516"}],"wp:attachment":[{"href":"https:\/\/www.metalwireforms.com\/fr\/wp-json\/wp\/v2\/media?parent=904"}],"curies":[{"name":"wp","href":"https:\/\/api.w.org\/{rel}","templated":true}]}}