{"id":2526,"date":"2022-12-12T08:32:45","date_gmt":"2022-12-12T08:32:45","guid":{"rendered":"https:\/\/www.metalwireforms.com\/?post_type=product&#038;p=2526"},"modified":"2022-12-12T08:45:21","modified_gmt":"2022-12-12T08:45:21","slug":"customized-stainless-pipe-clamp-with-cost-performance","status":"publish","type":"product","link":"https:\/\/www.metalwireforms.com\/es\/producto\/customized-stainless-pipe-clamp-with-cost-performance","title":{"rendered":"Abrazadera de tubo inoxidable personalizada con rendimiento de costes"},"content":{"rendered":"<figure id=\"attachment_2459\" aria-describedby=\"caption-attachment-2459\" style=\"width: 1000px\" class=\"wp-caption alignnone\"><img fetchpriority=\"high\" decoding=\"async\" class=\"size-full wp-image-2459\" src=\"https:\/\/www.metalwireforms.com\/wp-content\/uploads\/2022\/10\/Customized-pipe-clamp-5.jpg\" alt=\"Abrazadera de tubo a medida (5)\" width=\"1000\" height=\"563\" srcset=\"https:\/\/www.metalwireforms.com\/wp-content\/uploads\/2022\/10\/Customized-pipe-clamp-5.jpg 1000w, https:\/\/www.metalwireforms.com\/wp-content\/uploads\/2022\/10\/Customized-pipe-clamp-5-300x169.jpg 300w, https:\/\/www.metalwireforms.com\/wp-content\/uploads\/2022\/10\/Customized-pipe-clamp-5-150x84.jpg 150w, https:\/\/www.metalwireforms.com\/wp-content\/uploads\/2022\/10\/Customized-pipe-clamp-5-768x432.jpg 768w, https:\/\/www.metalwireforms.com\/wp-content\/uploads\/2022\/10\/Customized-pipe-clamp-5-18x10.jpg 18w, https:\/\/www.metalwireforms.com\/wp-content\/uploads\/2022\/10\/Customized-pipe-clamp-5-800x450.jpg 800w, https:\/\/www.metalwireforms.com\/wp-content\/uploads\/2022\/10\/Customized-pipe-clamp-5-600x338.jpg 600w\" sizes=\"(max-width: 1000px) 100vw, 1000px\" \/><figcaption id=\"caption-attachment-2459\" class=\"wp-caption-text\">Abrazadera de tubo a medida (5)<\/figcaption><\/figure>\n<h3>Caracter\u00edstica<\/h3>\n<p>1. La conductividad t\u00e9rmica del material de las abrazaderas es baja.<br \/>\n2. La abrazadera de tubo puede soportar bajas temperaturas por debajo de - 163 \u2103, y sus propiedades son estables a altas temperaturas.<br \/>\n3. El clip tiene una alta resistencia a la compresi\u00f3n y a la flexi\u00f3n.<br \/>\n4. La superficie de la abrazadera de tubo es lisa y brillante, la fuerza es uniforme y el alambre no resbala.<br \/>\n5. El revestimiento de la superficie del clip est\u00e1 hecho de resina excelente, con buena resistencia y dureza, y sin riesgo potencial para la seguridad.<br \/>\n6. Los productos est\u00e1n formados por alta presi\u00f3n, con diversos espesores y capas, que cumplen los requisitos de diversas temperaturas de aislamiento del fr\u00edo.<br \/>\n7. Cada componente de la abrazadera de tubo es s\u00f3lido y pr\u00e1ctico, con fuerte capacidad de carga, y la estructura de conformaci\u00f3n integral es m\u00e1s estable y segura.<br \/>\n8. La instalaci\u00f3n in situ es r\u00e1pida, sencilla y segura, sin cambiar la tuber\u00eda.<br \/>\n9. Se dise\u00f1an diversas especificaciones para la selecci\u00f3n de necesidades t\u00e9cnicas y econ\u00f3micas a todos los niveles.<\/p>\n<h3>Aplicaci\u00f3n<\/h3>\n<p>La empresa est\u00e1 especializada en el mecanizado y la estampaci\u00f3n de diversos metales. La empresa cuenta con personal de gesti\u00f3n profesional y equipos t\u00e9cnicos para satisfacer las necesidades de los clientes con productos profesionales y diversificados, y se ha convertido en proveedor de muchas grandes empresas gracias a su gran capacidad log\u00edstica en la regi\u00f3n.<br \/>\nS\u00f3lo para fijaciones, producimos principalmente varias fijaciones est\u00e1ndar y no est\u00e1ndar, incluyendo principalmente abrazaderas para tubos, abrazaderas para tubos, abrazaderas para tubos, hebillas para tubos, abrazaderas para tubos en forma de U, abrazadera para montar a caballo, etc. Al mismo tiempo, tambi\u00e9n personalizamos el pasador de chaveta tipo R, pasador de chaveta tipo B, pasador cerrado, pasador ondulado y otros pasadores el\u00e1sticos formados por alambre de acero redondo.<\/p>","protected":false},"excerpt":{"rendered":"<p>En general, los materiales de las abrazaderas de tubo son principalmente de acero inoxidable y acero al carbono galvanizado, pero principalmente aceptamos abrazaderas de tubo personalizadas en grandes cantidades. El tama\u00f1o, el material y el tratamiento superficial de la abrazadera se determinan seg\u00fan las necesidades del cliente. La producci\u00f3n m\u00e1xima puede alcanzar los 10 millones de piezas al a\u00f1o.<\/p>","protected":false},"featured_media":2527,"template":"","meta":{"ocean_post_layout":"","ocean_both_sidebars_style":"","ocean_both_sidebars_content_width":0,"ocean_both_sidebars_sidebars_width":0,"ocean_sidebar":"0","ocean_second_sidebar":"0","ocean_disable_margins":"enable","ocean_add_body_class":"","ocean_shortcode_before_top_bar":"","ocean_shortcode_after_top_bar":"","ocean_shortcode_before_header":"","ocean_shortcode_after_header":"","ocean_has_shortcode":"","ocean_shortcode_after_title":"","ocean_shortcode_before_footer_widgets":"","ocean_shortcode_after_footer_widgets":"","ocean_shortcode_before_footer_bottom":"","ocean_shortcode_after_footer_bottom":"","ocean_display_top_bar":"default","ocean_display_header":"default","ocean_header_style":"","ocean_center_header_left_menu":"0","ocean_custom_header_template":"0","ocean_custom_logo":0,"ocean_custom_retina_logo":0,"ocean_custom_logo_max_width":0,"ocean_custom_logo_tablet_max_width":0,"ocean_custom_logo_mobile_max_width":0,"ocean_custom_logo_max_height":0,"ocean_custom_logo_tablet_max_height":0,"ocean_custom_logo_mobile_max_height":0,"ocean_header_custom_menu":"0","ocean_menu_typo_font_family":"0","ocean_menu_typo_font_subset":"","ocean_menu_typo_font_size":0,"ocean_menu_typo_font_size_tablet":0,"ocean_menu_typo_font_size_mobile":0,"ocean_menu_typo_font_size_unit":"px","ocean_menu_typo_font_weight":"","ocean_menu_typo_font_weight_tablet":"","ocean_menu_typo_font_weight_mobile":"","ocean_menu_typo_transform":"","ocean_menu_typo_transform_tablet":"","ocean_menu_typo_transform_mobile":"","ocean_menu_typo_line_height":0,"ocean_menu_typo_line_height_tablet":0,"ocean_menu_typo_line_height_mobile":0,"ocean_menu_typo_line_height_unit":"","ocean_menu_typo_spacing":0,"ocean_menu_typo_spacing_tablet":0,"ocean_menu_typo_spacing_mobile":0,"ocean_menu_typo_spacing_unit":"","ocean_menu_link_color":"","ocean_menu_link_color_hover":"","ocean_menu_link_color_active":"","ocean_menu_link_background":"","ocean_menu_link_hover_background":"","ocean_menu_link_active_background":"","ocean_menu_social_links_bg":"","ocean_menu_social_hover_links_bg":"","ocean_menu_social_links_color":"","ocean_menu_social_hover_links_color":"","ocean_disable_title":"default","ocean_disable_heading":"default","ocean_post_title":"","ocean_post_subheading":"","ocean_post_title_style":"","ocean_post_title_background_color":"","ocean_post_title_background":0,"ocean_post_title_bg_image_position":"","ocean_post_title_bg_image_attachment":"","ocean_post_title_bg_image_repeat":"","ocean_post_title_bg_image_size":"","ocean_post_title_height":0,"ocean_post_title_bg_overlay":0.5,"ocean_post_title_bg_overlay_color":"","ocean_disable_breadcrumbs":"default","ocean_breadcrumbs_color":"","ocean_breadcrumbs_separator_color":"","ocean_breadcrumbs_links_color":"","ocean_breadcrumbs_links_hover_color":"","ocean_display_footer_widgets":"default","ocean_display_footer_bottom":"default","ocean_custom_footer_template":"0","ofc_meta_disable_footer_callout":"","ofc_meta_callout_button_url":"","ofc_meta_callout_button_txt":"","ofc_meta_callout_text":"","osh_disable_topbar_sticky":"default","osh_disable_header_sticky":"default","osh_sticky_header_style":"default","osh_sticky_header_effect":"","osh_custom_sticky_logo":0,"osh_custom_retina_sticky_logo":0,"osh_custom_sticky_logo_height":0,"osh_background_color":"","osh_links_color":"","osh_links_hover_color":"","osh_links_active_color":"","osh_links_bg_color":"","osh_links_hover_bg_color":"","osh_links_active_bg_color":"","osh_menu_social_links_color":"","osh_menu_social_hover_links_color":""},"product_brand":[],"product_cat":[145,34],"product_tag":[205,204,185],"class_list":{"0":"post-2526","1":"product","2":"type-product","3":"status-publish","4":"has-post-thumbnail","6":"product_cat-custom-wire-fasteners","7":"product_cat-custom-other-clips","8":"product_tag-custom-clamp","9":"product_tag-custom-clip","10":"product_tag-custom-pipe-clamps","12":"entry","13":"has-media","15":"first","16":"instock","17":"shipping-taxable","18":"product-type-external","19":"col","20":"span_1_of_3","21":"owp-content-center","22":"owp-thumbs-layout-horizontal","23":"owp-btn-very-big","24":"owp-tabs-layout-horizontal","25":"circle-sale"},"_links":{"self":[{"href":"https:\/\/www.metalwireforms.com\/es\/wp-json\/wp\/v2\/product\/2526","targetHints":{"allow":["GET"]}}],"collection":[{"href":"https:\/\/www.metalwireforms.com\/es\/wp-json\/wp\/v2\/product"}],"about":[{"href":"https:\/\/www.metalwireforms.com\/es\/wp-json\/wp\/v2\/types\/product"}],"version-history":[{"count":1,"href":"https:\/\/www.metalwireforms.com\/es\/wp-json\/wp\/v2\/product\/2526\/revisions"}],"predecessor-version":[{"id":2532,"href":"https:\/\/www.metalwireforms.com\/es\/wp-json\/wp\/v2\/product\/2526\/revisions\/2532"}],"wp:featuredmedia":[{"embeddable":true,"href":"https:\/\/www.metalwireforms.com\/es\/wp-json\/wp\/v2\/media\/2527"}],"wp:attachment":[{"href":"https:\/\/www.metalwireforms.com\/es\/wp-json\/wp\/v2\/media?parent=2526"}],"wp:term":[{"taxonomy":"product_brand","embeddable":true,"href":"https:\/\/www.metalwireforms.com\/es\/wp-json\/wp\/v2\/product_brand?post=2526"},{"taxonomy":"product_cat","embeddable":true,"href":"https:\/\/www.metalwireforms.com\/es\/wp-json\/wp\/v2\/product_cat?post=2526"},{"taxonomy":"product_tag","embeddable":true,"href":"https:\/\/www.metalwireforms.com\/es\/wp-json\/wp\/v2\/product_tag?post=2526"}],"curies":[{"name":"wp","href":"https:\/\/api.w.org\/{rel}","templated":true}]}}